	{"id":1397,"date":"2019-11-14T15:25:53","date_gmt":"2019-11-14T15:37:02","guid":{"rendered":"https:\/\/www.megastitch.eu\/?post_type=product&#038;p=1397"},"modified":"2024-12-01T00:00:57","modified_gmt":"2024-11-30T23:00:57","slug":"adventni-kalendar-bez-sladkosti-farma","status":"publish","type":"product","link":"https:\/\/www.megastitch.eu\/cs\/obchod\/pro-deti\/adventni-kalendar-bez-sladkosti-farma\/","title":{"rendered":"Adventn\u00ed kalend\u00e1\u0159 bez sladkost\u00ed, farma"},"content":{"rendered":"<div class=\"nolwrap\"><p>Adventn\u00ed kalend\u00e1\u0159 obsahuje n\u00e1st\u011bnn\u00fd kalend\u00e1\u0159 a leporelo na t\u00e9ma farma, d\u00edky kter\u00fdm si u\u017eijete spole\u010dn\u00e9 kouzlo o\u010dek\u00e1v\u00e1n\u00ed V\u00e1noc s \u00fakoly pro d\u011bti na ka\u017ed\u00fd den.<\/p>\n<p>Poznejte \u017eivot na farm\u011b, jej\u00ed obyvatele prase, husu, psa, kr\u00e1vu, kr\u00e1l\u00edky, ko\u010dky a jin\u00e9. Tak\u00e9 pr\u00e1ci na poli. A z\u00e1rove\u0148 si spolu objasn\u00edte hodnoty jako rodina, vd\u011b\u010dnost a dal\u0161\u00ed.<\/p>\n<p>Spln\u011bn\u00ed \u00fakolu na dan\u00fd den zabere asi 20 minut \u010dasu.<\/p>\n<p>Kalend\u00e1\u0159 je v \u010desk\u00e9m jazyce.<\/p>\n<h4>Technick\u00e9 parametry<\/h4>\n<p><strong>Leporelo<\/strong><br \/>\nKniha\u0159sk\u00e1 lepenka, recyklovan\u00e1, hladk\u00e1 1260g\/m2; kniha\u0159sk\u00e9 pl\u00e1tno CLASSICZ- \u010derven\u00e1; 8x tisk &#8211; pap\u00edr Multioffset 100g\/m2, form\u00e1t A4, 4 listy.<\/p>\n<p><strong>Kalend\u00e1\u0159<\/strong><br \/>\nA4, Ob\u00e1lka 135g\/m2 k\u0159\u00edda mat, vnit\u0159n\u00ed listy 100g\/m2 nenat\u00edran\u00fd ofset, vazba twin wire, zadn\u00ed podkladov\u00fd karton, tisk 4\/4, 28 list\u016f.<\/p>\n<p>Na kalend\u00e1\u0159 i leporelo je mo\u017en\u00e9 bez probl\u00e9m\u016f kreslit. Kalend\u00e1\u0159 sa d\u00e1 lepit i st\u0159\u00edhat.<\/p>\n<\/div>","protected":false},"excerpt":{"rendered":"<p>Adventn\u00ed kalend\u00e1\u0159 slo\u017een\u00fd z n\u00e1st\u011bnn\u00e9ho kalend\u00e1\u0159e a leporela, na t\u00e9ma farma. Pro\u017eijte s d\u011btmi o\u010dek\u00e1v\u00e1n\u00ed v\u00e1no\u010dn\u00edch sv\u00e1tk\u016f jinak. Spolu v rodinn\u00e9m kruhu p\u0159i h\u0159e a vypl\u0148ov\u00e1n\u00ed tohoto kalend\u00e1\u0159e. Kalend\u00e1\u0159 je v \u010desk\u00e9m jazyce.<\/p>\n","protected":false},"featured_media":1430,"comment_status":"open","ping_status":"closed","template":"","meta":{"_uag_custom_page_level_css":"","ngg_post_thumbnail":0},"product_cat":[114],"product_tag":[],"aioseo_notices":[],"featured_image_urls":{"full":["https:\/\/www.megastitch.eu\/wp-content\/uploads\/2019\/11\/advetny_kalendar_bez_sladkosti.jpg",975,1300,false],"thumbnail":["https:\/\/www.megastitch.eu\/wp-content\/uploads\/2019\/11\/advetny_kalendar_bez_sladkosti-150x150.jpg",150,150,true],"medium":["https:\/\/www.megastitch.eu\/wp-content\/uploads\/2019\/11\/advetny_kalendar_bez_sladkosti-225x300.jpg",225,300,true],"medium_large":["https:\/\/www.megastitch.eu\/wp-content\/uploads\/2019\/11\/advetny_kalendar_bez_sladkosti-768x1024.jpg",768,1024,true],"large":["https:\/\/www.megastitch.eu\/wp-content\/uploads\/2019\/11\/advetny_kalendar_bez_sladkosti-768x1024.jpg",768,1024,true],"1536x1536":["https:\/\/www.megastitch.eu\/wp-content\/uploads\/2019\/11\/advetny_kalendar_bez_sladkosti.jpg",975,1300,false],"2048x2048":["https:\/\/www.megastitch.eu\/wp-content\/uploads\/2019\/11\/advetny_kalendar_bez_sladkosti.jpg",975,1300,false],"ultp_layout_landscape_large":["https:\/\/www.megastitch.eu\/wp-content\/uploads\/2019\/11\/advetny_kalendar_bez_sladkosti.jpg",600,800,false],"ultp_layout_landscape":["https:\/\/www.megastitch.eu\/wp-content\/uploads\/2019\/11\/advetny_kalendar_bez_sladkosti.jpg",428,570,false],"ultp_layout_portrait":["https:\/\/www.megastitch.eu\/wp-content\/uploads\/2019\/11\/advetny_kalendar_bez_sladkosti.jpg",600,800,false],"ultp_layout_square":["https:\/\/www.megastitch.eu\/wp-content\/uploads\/2019\/11\/advetny_kalendar_bez_sladkosti.jpg",450,600,false],"molla_post-grid":["https:\/\/www.megastitch.eu\/wp-content\/uploads\/2019\/11\/advetny_kalendar_bez_sladkosti.jpg",200,267,false],"woocommerce_thumbnail":["https:\/\/www.megastitch.eu\/wp-content\/uploads\/2019\/11\/advetny_kalendar_bez_sladkosti-300x400.jpg",300,400,true],"woocommerce_single":["https:\/\/www.megastitch.eu\/wp-content\/uploads\/2019\/11\/advetny_kalendar_bez_sladkosti-600x800.jpg",600,800,true],"woocommerce_gallery_thumbnail":["https:\/\/www.megastitch.eu\/wp-content\/uploads\/2019\/11\/advetny_kalendar_bez_sladkosti-100x100.jpg",100,100,true]},"post_excerpt_stackable":"<p>Adventn\u00ed kalend\u00e1\u0159 slo\u017een\u00fd z n\u00e1st\u011bnn\u00e9ho kalend\u00e1\u0159e a leporela, na t\u00e9ma farma. Pro\u017eijte s d\u011btmi o\u010dek\u00e1v\u00e1n\u00ed v\u00e1no\u010dn\u00edch sv\u00e1tk\u016f jinak. Spolu v rodinn\u00e9m kruhu p\u0159i h\u0159e a vypl\u0148ov\u00e1n\u00ed tohoto kalend\u00e1\u0159e. Kalend\u00e1\u0159 je v \u010desk\u00e9m jazyce.<\/p>\n","category_list":"","author_info":{"name":"","url":""},"comments_num":"0 comments","featured_image_urls_v2":{"full":["https:\/\/www.megastitch.eu\/wp-content\/uploads\/2019\/11\/advetny_kalendar_bez_sladkosti.jpg",975,1300,false],"thumbnail":["https:\/\/www.megastitch.eu\/wp-content\/uploads\/2019\/11\/advetny_kalendar_bez_sladkosti-150x150.jpg",150,150,true],"medium":["https:\/\/www.megastitch.eu\/wp-content\/uploads\/2019\/11\/advetny_kalendar_bez_sladkosti-225x300.jpg",225,300,true],"medium_large":["https:\/\/www.megastitch.eu\/wp-content\/uploads\/2019\/11\/advetny_kalendar_bez_sladkosti-768x1024.jpg",768,1024,true],"large":["https:\/\/www.megastitch.eu\/wp-content\/uploads\/2019\/11\/advetny_kalendar_bez_sladkosti-768x1024.jpg",768,1024,true],"1536x1536":["https:\/\/www.megastitch.eu\/wp-content\/uploads\/2019\/11\/advetny_kalendar_bez_sladkosti.jpg",975,1300,false],"2048x2048":["https:\/\/www.megastitch.eu\/wp-content\/uploads\/2019\/11\/advetny_kalendar_bez_sladkosti.jpg",975,1300,false],"ultp_layout_landscape_large":["https:\/\/www.megastitch.eu\/wp-content\/uploads\/2019\/11\/advetny_kalendar_bez_sladkosti.jpg",600,800,false],"ultp_layout_landscape":["https:\/\/www.megastitch.eu\/wp-content\/uploads\/2019\/11\/advetny_kalendar_bez_sladkosti.jpg",428,570,false],"ultp_layout_portrait":["https:\/\/www.megastitch.eu\/wp-content\/uploads\/2019\/11\/advetny_kalendar_bez_sladkosti.jpg",600,800,false],"ultp_layout_square":["https:\/\/www.megastitch.eu\/wp-content\/uploads\/2019\/11\/advetny_kalendar_bez_sladkosti.jpg",450,600,false],"molla_post-grid":["https:\/\/www.megastitch.eu\/wp-content\/uploads\/2019\/11\/advetny_kalendar_bez_sladkosti.jpg",200,267,false],"woocommerce_thumbnail":["https:\/\/www.megastitch.eu\/wp-content\/uploads\/2019\/11\/advetny_kalendar_bez_sladkosti-300x400.jpg",300,400,true],"woocommerce_single":["https:\/\/www.megastitch.eu\/wp-content\/uploads\/2019\/11\/advetny_kalendar_bez_sladkosti-600x800.jpg",600,800,true],"woocommerce_gallery_thumbnail":["https:\/\/www.megastitch.eu\/wp-content\/uploads\/2019\/11\/advetny_kalendar_bez_sladkosti-100x100.jpg",100,100,true]},"post_excerpt_stackable_v2":"<p>Adventn\u00ed kalend\u00e1\u0159 slo\u017een\u00fd z n\u00e1st\u011bnn\u00e9ho kalend\u00e1\u0159e a leporela, na t\u00e9ma farma. Pro\u017eijte s d\u011btmi o\u010dek\u00e1v\u00e1n\u00ed v\u00e1no\u010dn\u00edch sv\u00e1tk\u016f jinak. Spolu v rodinn\u00e9m kruhu p\u0159i h\u0159e a vypl\u0148ov\u00e1n\u00ed tohoto kalend\u00e1\u0159e. Kalend\u00e1\u0159 je v \u010desk\u00e9m jazyce.<\/p>\n","category_list_v2":"","author_info_v2":{"name":"","url":""},"comments_num_v2":"0 comments","uagb_featured_image_src":{"full":["https:\/\/www.megastitch.eu\/wp-content\/uploads\/2019\/11\/advetny_kalendar_bez_sladkosti.jpg",975,1300,false],"thumbnail":["https:\/\/www.megastitch.eu\/wp-content\/uploads\/2019\/11\/advetny_kalendar_bez_sladkosti-150x150.jpg",150,150,true],"medium":["https:\/\/www.megastitch.eu\/wp-content\/uploads\/2019\/11\/advetny_kalendar_bez_sladkosti-225x300.jpg",225,300,true],"medium_large":["https:\/\/www.megastitch.eu\/wp-content\/uploads\/2019\/11\/advetny_kalendar_bez_sladkosti-768x1024.jpg",768,1024,true],"large":["https:\/\/www.megastitch.eu\/wp-content\/uploads\/2019\/11\/advetny_kalendar_bez_sladkosti-768x1024.jpg",768,1024,true],"1536x1536":["https:\/\/www.megastitch.eu\/wp-content\/uploads\/2019\/11\/advetny_kalendar_bez_sladkosti.jpg",975,1300,false],"2048x2048":["https:\/\/www.megastitch.eu\/wp-content\/uploads\/2019\/11\/advetny_kalendar_bez_sladkosti.jpg",975,1300,false],"ultp_layout_landscape_large":["https:\/\/www.megastitch.eu\/wp-content\/uploads\/2019\/11\/advetny_kalendar_bez_sladkosti.jpg",600,800,false],"ultp_layout_landscape":["https:\/\/www.megastitch.eu\/wp-content\/uploads\/2019\/11\/advetny_kalendar_bez_sladkosti.jpg",428,570,false],"ultp_layout_portrait":["https:\/\/www.megastitch.eu\/wp-content\/uploads\/2019\/11\/advetny_kalendar_bez_sladkosti.jpg",600,800,false],"ultp_layout_square":["https:\/\/www.megastitch.eu\/wp-content\/uploads\/2019\/11\/advetny_kalendar_bez_sladkosti.jpg",450,600,false],"molla_post-grid":["https:\/\/www.megastitch.eu\/wp-content\/uploads\/2019\/11\/advetny_kalendar_bez_sladkosti.jpg",200,267,false],"woocommerce_thumbnail":["https:\/\/www.megastitch.eu\/wp-content\/uploads\/2019\/11\/advetny_kalendar_bez_sladkosti-300x400.jpg",300,400,true],"woocommerce_single":["https:\/\/www.megastitch.eu\/wp-content\/uploads\/2019\/11\/advetny_kalendar_bez_sladkosti-600x800.jpg",600,800,true],"woocommerce_gallery_thumbnail":["https:\/\/www.megastitch.eu\/wp-content\/uploads\/2019\/11\/advetny_kalendar_bez_sladkosti-100x100.jpg",100,100,true]},"uagb_author_info":{"display_name":"Ludmila Mikusikova","author_link":"https:\/\/www.megastitch.eu\/cs\/author\/"},"uagb_comment_info":0,"uagb_excerpt":"Adventn\u00ed kalend\u00e1\u0159 slo\u017een\u00fd z n\u00e1st\u011bnn\u00e9ho kalend\u00e1\u0159e a leporela, na t\u00e9ma farma. Pro\u017eijte s d\u011btmi o\u010dek\u00e1v\u00e1n\u00ed v\u00e1no\u010dn\u00edch sv\u00e1tk\u016f jinak. Spolu v rodinn\u00e9m kruhu p\u0159i h\u0159e a vypl\u0148ov\u00e1n\u00ed tohoto kalend\u00e1\u0159e. Kalend\u00e1\u0159 je v \u010desk\u00e9m jazyce.","_links":{"self":[{"href":"https:\/\/www.megastitch.eu\/cs\/wp-json\/wp\/v2\/product\/1397"}],"collection":[{"href":"https:\/\/www.megastitch.eu\/cs\/wp-json\/wp\/v2\/product"}],"about":[{"href":"https:\/\/www.megastitch.eu\/cs\/wp-json\/wp\/v2\/types\/product"}],"replies":[{"embeddable":true,"href":"https:\/\/www.megastitch.eu\/cs\/wp-json\/wp\/v2\/comments?post=1397"}],"wp:featuredmedia":[{"embeddable":true,"href":"https:\/\/www.megastitch.eu\/cs\/wp-json\/wp\/v2\/media\/1430"}],"wp:attachment":[{"href":"https:\/\/www.megastitch.eu\/cs\/wp-json\/wp\/v2\/media?parent=1397"}],"wp:term":[{"taxonomy":"product_cat","embeddable":true,"href":"https:\/\/www.megastitch.eu\/cs\/wp-json\/wp\/v2\/product_cat?post=1397"},{"taxonomy":"product_tag","embeddable":true,"href":"https:\/\/www.megastitch.eu\/cs\/wp-json\/wp\/v2\/product_tag?post=1397"}],"curies":[{"name":"wp","href":"https:\/\/api.w.org\/{rel}","templated":true}]}}