	{"id":1399,"date":"2019-11-05T13:28:49","date_gmt":"2019-11-05T12:28:49","guid":{"rendered":"https:\/\/www.megastitch.eu\/obchod\/nezarazene\/zdobene-vysivaci-nuzticky-stribrne-extra-trida-9-5-cm\/"},"modified":"2019-11-15T20:11:01","modified_gmt":"2019-11-15T19:11:01","slug":"zdobene-vysivaci-nuzticky-stribrne-extra-trida-9-5-cm","status":"publish","type":"product","link":"https:\/\/www.megastitch.eu\/cs\/obchod\/doplnky-k-vysivani\/nuzticky-na-vysivani\/zdobene-vysivaci-nuzticky-stribrne-extra-trida-9-5-cm\/","title":{"rendered":"Zdoben\u00e9 vy\u0161\u00edvac\u00ed n\u016f\u017eti\u010dky st\u0159\u00edbrn\u00e9, extra t\u0159\u00edda, 9.5 cm"},"content":{"rendered":"<div class=\"nolwrap\"><p>Zdoben\u00e9 st\u0159\u00edbrn\u00e9 vy\u0161\u00edvac\u00ed n\u016f\u017eky z extra odoln\u00fdch materi\u00e1l\u016f. D\u00edky sv\u00e9 d\u00e9lce 9.5 cm jsou vhodn\u00e9 k vyst\u0159ihov\u00e1n\u00ed, vy\u0161\u00edv\u00e1n\u00ed i st\u0159\u00edh\u00e1n\u00ed. Modern\u00ed proveden\u00ed je p\u0159edur\u010duje ke ka\u017edodenn\u00edmu pou\u017e\u00edv\u00e1n\u00ed. Od italsk\u00e9 firmy Premax.<\/p>\n<\/div>","protected":false},"excerpt":{"rendered":"<p>Zdoben\u00e9 st\u0159\u00edbrn\u00e9 vy\u0161\u00edvac\u00ed n\u016f\u017eky z extra odoln\u00fdch materi\u00e1l\u016f. D\u00edky sv\u00e9 d\u00e9lce 9.5 cm jsou vhodn\u00e9 k vyst\u0159ihov\u00e1n\u00ed, vy\u0161\u00edv\u00e1n\u00ed i st\u0159\u00edh\u00e1n\u00ed. Modern\u00ed proveden\u00ed je p\u0159edur\u010duje ke ka\u017edodenn\u00edmu pou\u017e\u00edv\u00e1n\u00ed. Od italsk\u00e9 firmy Premax.<\/p>\n","protected":false},"featured_media":1343,"comment_status":"closed","ping_status":"closed","template":"","meta":{"_uag_custom_page_level_css":"","ngg_post_thumbnail":0},"product_cat":[83,84],"product_tag":[],"aioseo_notices":[],"featured_image_urls":{"full":["https:\/\/www.megastitch.eu\/wp-content\/uploads\/2019\/11\/n_v_s.jpg",900,1200,false],"thumbnail":["https:\/\/www.megastitch.eu\/wp-content\/uploads\/2019\/11\/n_v_s-150x150.jpg",150,150,true],"medium":["https:\/\/www.megastitch.eu\/wp-content\/uploads\/2019\/11\/n_v_s-225x300.jpg",225,300,true],"medium_large":["https:\/\/www.megastitch.eu\/wp-content\/uploads\/2019\/11\/n_v_s-768x1024.jpg",768,1024,true],"large":["https:\/\/www.megastitch.eu\/wp-content\/uploads\/2019\/11\/n_v_s-768x1024.jpg",768,1024,true],"1536x1536":["https:\/\/www.megastitch.eu\/wp-content\/uploads\/2019\/11\/n_v_s.jpg",900,1200,false],"2048x2048":["https:\/\/www.megastitch.eu\/wp-content\/uploads\/2019\/11\/n_v_s.jpg",900,1200,false],"ultp_layout_landscape_large":["https:\/\/www.megastitch.eu\/wp-content\/uploads\/2019\/11\/n_v_s.jpg",600,800,false],"ultp_layout_landscape":["https:\/\/www.megastitch.eu\/wp-content\/uploads\/2019\/11\/n_v_s.jpg",428,570,false],"ultp_layout_portrait":["https:\/\/www.megastitch.eu\/wp-content\/uploads\/2019\/11\/n_v_s.jpg",600,800,false],"ultp_layout_square":["https:\/\/www.megastitch.eu\/wp-content\/uploads\/2019\/11\/n_v_s.jpg",450,600,false],"molla_post-grid":["https:\/\/www.megastitch.eu\/wp-content\/uploads\/2019\/11\/n_v_s.jpg",200,267,false],"woocommerce_thumbnail":["https:\/\/www.megastitch.eu\/wp-content\/uploads\/2019\/11\/n_v_s-300x400.jpg",300,400,true],"woocommerce_single":["https:\/\/www.megastitch.eu\/wp-content\/uploads\/2019\/11\/n_v_s-600x800.jpg",600,800,true],"woocommerce_gallery_thumbnail":["https:\/\/www.megastitch.eu\/wp-content\/uploads\/2019\/11\/n_v_s-100x100.jpg",100,100,true]},"post_excerpt_stackable":"<p>Zdoben\u00e9 st\u0159\u00edbrn\u00e9 vy\u0161\u00edvac\u00ed n\u016f\u017eky z extra odoln\u00fdch materi\u00e1l\u016f. D\u00edky sv\u00e9 d\u00e9lce 9.5 cm jsou vhodn\u00e9 k vyst\u0159ihov\u00e1n\u00ed, vy\u0161\u00edv\u00e1n\u00ed i st\u0159\u00edh\u00e1n\u00ed. Modern\u00ed proveden\u00ed je p\u0159edur\u010duje ke ka\u017edodenn\u00edmu pou\u017e\u00edv\u00e1n\u00ed. Od italsk\u00e9 firmy Premax.<\/p>\n","category_list":"","author_info":{"name":"","url":""},"comments_num":"0 comments","featured_image_urls_v2":{"full":["https:\/\/www.megastitch.eu\/wp-content\/uploads\/2019\/11\/n_v_s.jpg",900,1200,false],"thumbnail":["https:\/\/www.megastitch.eu\/wp-content\/uploads\/2019\/11\/n_v_s-150x150.jpg",150,150,true],"medium":["https:\/\/www.megastitch.eu\/wp-content\/uploads\/2019\/11\/n_v_s-225x300.jpg",225,300,true],"medium_large":["https:\/\/www.megastitch.eu\/wp-content\/uploads\/2019\/11\/n_v_s-768x1024.jpg",768,1024,true],"large":["https:\/\/www.megastitch.eu\/wp-content\/uploads\/2019\/11\/n_v_s-768x1024.jpg",768,1024,true],"1536x1536":["https:\/\/www.megastitch.eu\/wp-content\/uploads\/2019\/11\/n_v_s.jpg",900,1200,false],"2048x2048":["https:\/\/www.megastitch.eu\/wp-content\/uploads\/2019\/11\/n_v_s.jpg",900,1200,false],"ultp_layout_landscape_large":["https:\/\/www.megastitch.eu\/wp-content\/uploads\/2019\/11\/n_v_s.jpg",600,800,false],"ultp_layout_landscape":["https:\/\/www.megastitch.eu\/wp-content\/uploads\/2019\/11\/n_v_s.jpg",428,570,false],"ultp_layout_portrait":["https:\/\/www.megastitch.eu\/wp-content\/uploads\/2019\/11\/n_v_s.jpg",600,800,false],"ultp_layout_square":["https:\/\/www.megastitch.eu\/wp-content\/uploads\/2019\/11\/n_v_s.jpg",450,600,false],"molla_post-grid":["https:\/\/www.megastitch.eu\/wp-content\/uploads\/2019\/11\/n_v_s.jpg",200,267,false],"woocommerce_thumbnail":["https:\/\/www.megastitch.eu\/wp-content\/uploads\/2019\/11\/n_v_s-300x400.jpg",300,400,true],"woocommerce_single":["https:\/\/www.megastitch.eu\/wp-content\/uploads\/2019\/11\/n_v_s-600x800.jpg",600,800,true],"woocommerce_gallery_thumbnail":["https:\/\/www.megastitch.eu\/wp-content\/uploads\/2019\/11\/n_v_s-100x100.jpg",100,100,true]},"post_excerpt_stackable_v2":"<p>Zdoben\u00e9 st\u0159\u00edbrn\u00e9 vy\u0161\u00edvac\u00ed n\u016f\u017eky z extra odoln\u00fdch materi\u00e1l\u016f. D\u00edky sv\u00e9 d\u00e9lce 9.5 cm jsou vhodn\u00e9 k vyst\u0159ihov\u00e1n\u00ed, vy\u0161\u00edv\u00e1n\u00ed i st\u0159\u00edh\u00e1n\u00ed. Modern\u00ed proveden\u00ed je p\u0159edur\u010duje ke ka\u017edodenn\u00edmu pou\u017e\u00edv\u00e1n\u00ed. Od italsk\u00e9 firmy Premax.<\/p>\n","category_list_v2":"","author_info_v2":{"name":"","url":""},"comments_num_v2":"0 comments","uagb_featured_image_src":{"full":["https:\/\/www.megastitch.eu\/wp-content\/uploads\/2019\/11\/n_v_s.jpg",900,1200,false],"thumbnail":["https:\/\/www.megastitch.eu\/wp-content\/uploads\/2019\/11\/n_v_s-150x150.jpg",150,150,true],"medium":["https:\/\/www.megastitch.eu\/wp-content\/uploads\/2019\/11\/n_v_s-225x300.jpg",225,300,true],"medium_large":["https:\/\/www.megastitch.eu\/wp-content\/uploads\/2019\/11\/n_v_s-768x1024.jpg",768,1024,true],"large":["https:\/\/www.megastitch.eu\/wp-content\/uploads\/2019\/11\/n_v_s-768x1024.jpg",768,1024,true],"1536x1536":["https:\/\/www.megastitch.eu\/wp-content\/uploads\/2019\/11\/n_v_s.jpg",900,1200,false],"2048x2048":["https:\/\/www.megastitch.eu\/wp-content\/uploads\/2019\/11\/n_v_s.jpg",900,1200,false],"ultp_layout_landscape_large":["https:\/\/www.megastitch.eu\/wp-content\/uploads\/2019\/11\/n_v_s.jpg",600,800,false],"ultp_layout_landscape":["https:\/\/www.megastitch.eu\/wp-content\/uploads\/2019\/11\/n_v_s.jpg",428,570,false],"ultp_layout_portrait":["https:\/\/www.megastitch.eu\/wp-content\/uploads\/2019\/11\/n_v_s.jpg",600,800,false],"ultp_layout_square":["https:\/\/www.megastitch.eu\/wp-content\/uploads\/2019\/11\/n_v_s.jpg",450,600,false],"molla_post-grid":["https:\/\/www.megastitch.eu\/wp-content\/uploads\/2019\/11\/n_v_s.jpg",200,267,false],"woocommerce_thumbnail":["https:\/\/www.megastitch.eu\/wp-content\/uploads\/2019\/11\/n_v_s-300x400.jpg",300,400,true],"woocommerce_single":["https:\/\/www.megastitch.eu\/wp-content\/uploads\/2019\/11\/n_v_s-600x800.jpg",600,800,true],"woocommerce_gallery_thumbnail":["https:\/\/www.megastitch.eu\/wp-content\/uploads\/2019\/11\/n_v_s-100x100.jpg",100,100,true]},"uagb_author_info":{"display_name":"Ludmila Mikusikova","author_link":"https:\/\/www.megastitch.eu\/cs\/author\/"},"uagb_comment_info":0,"uagb_excerpt":"Zdoben\u00e9 st\u0159\u00edbrn\u00e9 vy\u0161\u00edvac\u00ed n\u016f\u017eky z extra odoln\u00fdch materi\u00e1l\u016f. D\u00edky sv\u00e9 d\u00e9lce 9.5 cm jsou vhodn\u00e9 k vyst\u0159ihov\u00e1n\u00ed, vy\u0161\u00edv\u00e1n\u00ed i st\u0159\u00edh\u00e1n\u00ed. Modern\u00ed proveden\u00ed je p\u0159edur\u010duje ke ka\u017edodenn\u00edmu pou\u017e\u00edv\u00e1n\u00ed. Od italsk\u00e9 firmy Premax.","_links":{"self":[{"href":"https:\/\/www.megastitch.eu\/cs\/wp-json\/wp\/v2\/product\/1399"}],"collection":[{"href":"https:\/\/www.megastitch.eu\/cs\/wp-json\/wp\/v2\/product"}],"about":[{"href":"https:\/\/www.megastitch.eu\/cs\/wp-json\/wp\/v2\/types\/product"}],"replies":[{"embeddable":true,"href":"https:\/\/www.megastitch.eu\/cs\/wp-json\/wp\/v2\/comments?post=1399"}],"wp:featuredmedia":[{"embeddable":true,"href":"https:\/\/www.megastitch.eu\/cs\/wp-json\/wp\/v2\/media\/1343"}],"wp:attachment":[{"href":"https:\/\/www.megastitch.eu\/cs\/wp-json\/wp\/v2\/media?parent=1399"}],"wp:term":[{"taxonomy":"product_cat","embeddable":true,"href":"https:\/\/www.megastitch.eu\/cs\/wp-json\/wp\/v2\/product_cat?post=1399"},{"taxonomy":"product_tag","embeddable":true,"href":"https:\/\/www.megastitch.eu\/cs\/wp-json\/wp\/v2\/product_tag?post=1399"}],"curies":[{"name":"wp","href":"https:\/\/api.w.org\/{rel}","templated":true}]}}