	{"id":1408,"date":"2019-11-05T13:28:49","date_gmt":"2019-11-05T12:28:49","guid":{"rendered":"https:\/\/www.megastitch.eu\/obchod\/nezarazene\/panama-11-ct\/"},"modified":"2020-01-13T21:51:35","modified_gmt":"2020-01-13T20:51:35","slug":"panama-11-ct","status":"publish","type":"product","link":"https:\/\/www.megastitch.eu\/cs\/obchod\/latky-na-vysivani\/rucne-barvene-latky\/panama-11-ct\/","title":{"rendered":"Panama 11 ct"},"content":{"rendered":"<div class=\"nolwrap\"><p>Ru\u010dn\u011b barven\u00e1 l\u00e1tka v r\u016fzn\u00fdch odst\u00ednech s dvouvl\u00e1knovou vazbou Panama o hustot\u011b 11 ct, ur\u010den\u00e1 na vy\u0161\u00edv\u00e1n\u00ed k\u0159\u00ed\u017ekov\u00fdm stehem. Ru\u010dn\u00ed barven\u00ed dod\u00e1v\u00e1 l\u00e1tce nezam\u011bniteln\u00fd vzhled. Ka\u017ed\u00fd jeden kus je zvl\u00e1\u0161\u0165 barven\u00fd, tak\u017ee \u017e\u00e1dn\u00e9 dva nejsou p\u0159esn\u011b stejn\u00e9. L\u00e1tka je st\u00e1lobarevn\u00e1, odoln\u00e1 v\u016f\u010di vyblednut\u00ed. Rozm\u011br: modr\u00e1 a sv\u011btlemodr\u00e1 30&#215;31 cm, fialov\u00e1 38&#215;33 cm, oran\u017eov\u00e1 34&#215;37 cm, zelen\u00e1 42&#215;28 cm.<\/p>\n<\/div>","protected":false},"excerpt":{"rendered":"<p>Ru\u010dn\u011b barven\u00e1 l\u00e1tka v r\u016fzn\u00fdch odst\u00ednech s dvouvl\u00e1knovou vazbou Panama o hustot\u011b 11 ct, ur\u010den\u00e1 na vy\u0161\u00edv\u00e1n\u00ed k\u0159\u00ed\u017ekov\u00fdm stehem. Ru\u010dn\u00ed barven\u00ed dod\u00e1v\u00e1 l\u00e1tce nezam\u011bniteln\u00fd vzhled. Ka\u017ed\u00fd jeden kus je zvl\u00e1\u0161\u0165 barven\u00fd, tak\u017ee \u017e\u00e1dn\u00e9 dva nejsou p\u0159esn\u011b stejn\u00e9. L\u00e1tka je st\u00e1lobarevn\u00e1, odoln\u00e1 v\u016f\u010di vyblednut\u00ed. Rozm\u011br: modr\u00e1 a sv\u011btlemodr\u00e1 30&#215;31 cm, fialov\u00e1 38&#215;33 cm, oran\u017eov\u00e1 34&#215;37 cm, [&hellip;]<\/p>\n","protected":false},"featured_media":1298,"comment_status":"closed","ping_status":"closed","template":"","meta":{"_uag_custom_page_level_css":"","ngg_post_thumbnail":0},"product_cat":[86],"product_tag":[],"aioseo_notices":[],"featured_image_urls":{"full":["https:\/\/www.megastitch.eu\/wp-content\/uploads\/2019\/11\/panama.jpg",1200,900,false],"thumbnail":["https:\/\/www.megastitch.eu\/wp-content\/uploads\/2019\/11\/panama-150x150.jpg",150,150,true],"medium":["https:\/\/www.megastitch.eu\/wp-content\/uploads\/2019\/11\/panama-300x225.jpg",300,225,true],"medium_large":["https:\/\/www.megastitch.eu\/wp-content\/uploads\/2019\/11\/panama-768x576.jpg",768,576,true],"large":["https:\/\/www.megastitch.eu\/wp-content\/uploads\/2019\/11\/panama-1024x768.jpg",1024,768,true],"1536x1536":["https:\/\/www.megastitch.eu\/wp-content\/uploads\/2019\/11\/panama.jpg",1200,900,false],"2048x2048":["https:\/\/www.megastitch.eu\/wp-content\/uploads\/2019\/11\/panama.jpg",1200,900,false],"ultp_layout_landscape_large":["https:\/\/www.megastitch.eu\/wp-content\/uploads\/2019\/11\/panama.jpg",1067,800,false],"ultp_layout_landscape":["https:\/\/www.megastitch.eu\/wp-content\/uploads\/2019\/11\/panama.jpg",760,570,false],"ultp_layout_portrait":["https:\/\/www.megastitch.eu\/wp-content\/uploads\/2019\/11\/panama.jpg",600,450,false],"ultp_layout_square":["https:\/\/www.megastitch.eu\/wp-content\/uploads\/2019\/11\/panama.jpg",600,450,false],"molla_post-grid":["https:\/\/www.megastitch.eu\/wp-content\/uploads\/2019\/11\/panama.jpg",356,267,false],"woocommerce_thumbnail":["https:\/\/www.megastitch.eu\/wp-content\/uploads\/2019\/11\/panama-300x225.jpg",300,225,true],"woocommerce_single":["https:\/\/www.megastitch.eu\/wp-content\/uploads\/2019\/11\/panama-600x450.jpg",600,450,true],"woocommerce_gallery_thumbnail":["https:\/\/www.megastitch.eu\/wp-content\/uploads\/2019\/11\/panama-100x100.jpg",100,100,true]},"post_excerpt_stackable":"<p>Ru\u010dn\u011b barven\u00e1 l\u00e1tka v r\u016fzn\u00fdch odst\u00ednech s dvouvl\u00e1knovou vazbou Panama o hustot\u011b 11 ct, ur\u010den\u00e1 na vy\u0161\u00edv\u00e1n\u00ed k\u0159\u00ed\u017ekov\u00fdm stehem. Ru\u010dn\u00ed barven\u00ed dod\u00e1v\u00e1 l\u00e1tce nezam\u011bniteln\u00fd vzhled. Ka\u017ed\u00fd jeden kus je zvl\u00e1\u0161\u0165 barven\u00fd, tak\u017ee \u017e\u00e1dn\u00e9 dva nejsou p\u0159esn\u011b stejn\u00e9. L\u00e1tka je st\u00e1lobarevn\u00e1, odoln\u00e1 v\u016f\u010di vyblednut\u00ed. Rozm\u011br: modr\u00e1 a sv\u011btlemodr\u00e1 30&#215;31 cm, fialov\u00e1 38&#215;33 cm, oran\u017eov\u00e1 34&#215;37 cm, zelen\u00e1 42&#215;28 cm.<\/p>\n","category_list":"","author_info":{"name":"","url":""},"comments_num":"0 comments","featured_image_urls_v2":{"full":["https:\/\/www.megastitch.eu\/wp-content\/uploads\/2019\/11\/panama.jpg",1200,900,false],"thumbnail":["https:\/\/www.megastitch.eu\/wp-content\/uploads\/2019\/11\/panama-150x150.jpg",150,150,true],"medium":["https:\/\/www.megastitch.eu\/wp-content\/uploads\/2019\/11\/panama-300x225.jpg",300,225,true],"medium_large":["https:\/\/www.megastitch.eu\/wp-content\/uploads\/2019\/11\/panama-768x576.jpg",768,576,true],"large":["https:\/\/www.megastitch.eu\/wp-content\/uploads\/2019\/11\/panama-1024x768.jpg",1024,768,true],"1536x1536":["https:\/\/www.megastitch.eu\/wp-content\/uploads\/2019\/11\/panama.jpg",1200,900,false],"2048x2048":["https:\/\/www.megastitch.eu\/wp-content\/uploads\/2019\/11\/panama.jpg",1200,900,false],"ultp_layout_landscape_large":["https:\/\/www.megastitch.eu\/wp-content\/uploads\/2019\/11\/panama.jpg",1067,800,false],"ultp_layout_landscape":["https:\/\/www.megastitch.eu\/wp-content\/uploads\/2019\/11\/panama.jpg",760,570,false],"ultp_layout_portrait":["https:\/\/www.megastitch.eu\/wp-content\/uploads\/2019\/11\/panama.jpg",600,450,false],"ultp_layout_square":["https:\/\/www.megastitch.eu\/wp-content\/uploads\/2019\/11\/panama.jpg",600,450,false],"molla_post-grid":["https:\/\/www.megastitch.eu\/wp-content\/uploads\/2019\/11\/panama.jpg",356,267,false],"woocommerce_thumbnail":["https:\/\/www.megastitch.eu\/wp-content\/uploads\/2019\/11\/panama-300x225.jpg",300,225,true],"woocommerce_single":["https:\/\/www.megastitch.eu\/wp-content\/uploads\/2019\/11\/panama-600x450.jpg",600,450,true],"woocommerce_gallery_thumbnail":["https:\/\/www.megastitch.eu\/wp-content\/uploads\/2019\/11\/panama-100x100.jpg",100,100,true]},"post_excerpt_stackable_v2":"<p>Ru\u010dn\u011b barven\u00e1 l\u00e1tka v r\u016fzn\u00fdch odst\u00ednech s dvouvl\u00e1knovou vazbou Panama o hustot\u011b 11 ct, ur\u010den\u00e1 na vy\u0161\u00edv\u00e1n\u00ed k\u0159\u00ed\u017ekov\u00fdm stehem. Ru\u010dn\u00ed barven\u00ed dod\u00e1v\u00e1 l\u00e1tce nezam\u011bniteln\u00fd vzhled. Ka\u017ed\u00fd jeden kus je zvl\u00e1\u0161\u0165 barven\u00fd, tak\u017ee \u017e\u00e1dn\u00e9 dva nejsou p\u0159esn\u011b stejn\u00e9. L\u00e1tka je st\u00e1lobarevn\u00e1, odoln\u00e1 v\u016f\u010di vyblednut\u00ed. Rozm\u011br: modr\u00e1 a sv\u011btlemodr\u00e1 30&#215;31 cm, fialov\u00e1 38&#215;33 cm, oran\u017eov\u00e1 34&#215;37 cm, zelen\u00e1 42&#215;28 cm.<\/p>\n","category_list_v2":"","author_info_v2":{"name":"","url":""},"comments_num_v2":"0 comments","uagb_featured_image_src":{"full":["https:\/\/www.megastitch.eu\/wp-content\/uploads\/2019\/11\/panama.jpg",1200,900,false],"thumbnail":["https:\/\/www.megastitch.eu\/wp-content\/uploads\/2019\/11\/panama-150x150.jpg",150,150,true],"medium":["https:\/\/www.megastitch.eu\/wp-content\/uploads\/2019\/11\/panama-300x225.jpg",300,225,true],"medium_large":["https:\/\/www.megastitch.eu\/wp-content\/uploads\/2019\/11\/panama-768x576.jpg",768,576,true],"large":["https:\/\/www.megastitch.eu\/wp-content\/uploads\/2019\/11\/panama-1024x768.jpg",1024,768,true],"1536x1536":["https:\/\/www.megastitch.eu\/wp-content\/uploads\/2019\/11\/panama.jpg",1200,900,false],"2048x2048":["https:\/\/www.megastitch.eu\/wp-content\/uploads\/2019\/11\/panama.jpg",1200,900,false],"ultp_layout_landscape_large":["https:\/\/www.megastitch.eu\/wp-content\/uploads\/2019\/11\/panama.jpg",1067,800,false],"ultp_layout_landscape":["https:\/\/www.megastitch.eu\/wp-content\/uploads\/2019\/11\/panama.jpg",760,570,false],"ultp_layout_portrait":["https:\/\/www.megastitch.eu\/wp-content\/uploads\/2019\/11\/panama.jpg",600,450,false],"ultp_layout_square":["https:\/\/www.megastitch.eu\/wp-content\/uploads\/2019\/11\/panama.jpg",600,450,false],"molla_post-grid":["https:\/\/www.megastitch.eu\/wp-content\/uploads\/2019\/11\/panama.jpg",356,267,false],"woocommerce_thumbnail":["https:\/\/www.megastitch.eu\/wp-content\/uploads\/2019\/11\/panama-300x225.jpg",300,225,true],"woocommerce_single":["https:\/\/www.megastitch.eu\/wp-content\/uploads\/2019\/11\/panama-600x450.jpg",600,450,true],"woocommerce_gallery_thumbnail":["https:\/\/www.megastitch.eu\/wp-content\/uploads\/2019\/11\/panama-100x100.jpg",100,100,true]},"uagb_author_info":{"display_name":"Ludmila Mikusikova","author_link":"https:\/\/www.megastitch.eu\/cs\/author\/"},"uagb_comment_info":0,"uagb_excerpt":"Ru\u010dn\u011b barven\u00e1 l\u00e1tka v r\u016fzn\u00fdch odst\u00ednech s dvouvl\u00e1knovou vazbou Panama o hustot\u011b 11 ct, ur\u010den\u00e1 na vy\u0161\u00edv\u00e1n\u00ed k\u0159\u00ed\u017ekov\u00fdm stehem. Ru\u010dn\u00ed barven\u00ed dod\u00e1v\u00e1 l\u00e1tce nezam\u011bniteln\u00fd vzhled. Ka\u017ed\u00fd jeden kus je zvl\u00e1\u0161\u0165 barven\u00fd, tak\u017ee \u017e\u00e1dn\u00e9 dva nejsou p\u0159esn\u011b stejn\u00e9. L\u00e1tka je st\u00e1lobarevn\u00e1, odoln\u00e1 v\u016f\u010di vyblednut\u00ed. Rozm\u011br: modr\u00e1 a sv\u011btlemodr\u00e1 30&#215;31 cm, fialov\u00e1 38&#215;33 cm, oran\u017eov\u00e1 34&#215;37 cm,&hellip;","_links":{"self":[{"href":"https:\/\/www.megastitch.eu\/cs\/wp-json\/wp\/v2\/product\/1408"}],"collection":[{"href":"https:\/\/www.megastitch.eu\/cs\/wp-json\/wp\/v2\/product"}],"about":[{"href":"https:\/\/www.megastitch.eu\/cs\/wp-json\/wp\/v2\/types\/product"}],"replies":[{"embeddable":true,"href":"https:\/\/www.megastitch.eu\/cs\/wp-json\/wp\/v2\/comments?post=1408"}],"wp:featuredmedia":[{"embeddable":true,"href":"https:\/\/www.megastitch.eu\/cs\/wp-json\/wp\/v2\/media\/1298"}],"wp:attachment":[{"href":"https:\/\/www.megastitch.eu\/cs\/wp-json\/wp\/v2\/media?parent=1408"}],"wp:term":[{"taxonomy":"product_cat","embeddable":true,"href":"https:\/\/www.megastitch.eu\/cs\/wp-json\/wp\/v2\/product_cat?post=1408"},{"taxonomy":"product_tag","embeddable":true,"href":"https:\/\/www.megastitch.eu\/cs\/wp-json\/wp\/v2\/product_tag?post=1408"}],"curies":[{"name":"wp","href":"https:\/\/api.w.org\/{rel}","templated":true}]}}