	{"id":1420,"date":"2019-11-05T13:28:49","date_gmt":"2019-11-05T12:28:49","guid":{"rendered":"https:\/\/www.megastitch.eu\/obchod\/nezarazene\/dlouhosrsta-kocicka-v-naruci\/"},"modified":"2022-12-18T15:08:11","modified_gmt":"2022-12-18T14:08:11","slug":"dlouhosrsta-kocicka-v-naruci","status":"publish","type":"product","link":"https:\/\/www.megastitch.eu\/cs\/obchod\/magnetky-cs\/zvirata\/kocky\/dlouhosrsta-kocicka-v-naruci\/","title":{"rendered":"Dlouhosrst\u00e1 ko\u010di\u010dka v n\u00e1ru\u010di"},"content":{"rendered":"<div class=\"nolwrap\"><p>P\u0159i pohledu na tuto ko\u010di\u010dku m\u00e1te chu\u0165 se j\u00ed dotknout a pohladit ji. Pot\u011b\u0161\u00ed nejen milovn\u00edky ko\u010dek, ale ka\u017ed\u00e9ho, kdo m\u00e1 r\u00e1d zv\u00ed\u0159\u00e1tka. Nejen praktick\u00e1 pom\u016fcka p\u0159i vy\u0161\u00edv\u00e1n\u00ed, ale i u srdce h\u0159ej\u00edc\u00ed obr\u00e1zek.<\/p>\n<\/div>","protected":false},"excerpt":{"rendered":"<p>P\u0159i pohledu na tuto ko\u010di\u010dku m\u00e1te chu\u0165 se j\u00ed dotknout a pohladit ji. Pot\u011b\u0161\u00ed nejen milovn\u00edky ko\u010dek, ale ka\u017ed\u00e9ho, kdo m\u00e1 r\u00e1d zv\u00ed\u0159\u00e1tka. Nejen praktick\u00e1 pom\u016fcka p\u0159i vy\u0161\u00edv\u00e1n\u00ed, ale i u srdce h\u0159ej\u00edc\u00ed obr\u00e1zek.<\/p>\n","protected":false},"featured_media":1286,"comment_status":"closed","ping_status":"closed","template":"","meta":{"_uag_custom_page_level_css":"","ngg_post_thumbnail":0},"product_cat":[98,87,96],"product_tag":[],"aioseo_notices":[],"featured_image_urls":{"full":["https:\/\/www.megastitch.eu\/wp-content\/uploads\/2019\/11\/snezenka.jpg",1200,1195,false],"thumbnail":["https:\/\/www.megastitch.eu\/wp-content\/uploads\/2019\/11\/snezenka-150x150.jpg",150,150,true],"medium":["https:\/\/www.megastitch.eu\/wp-content\/uploads\/2019\/11\/snezenka-300x300.jpg",300,300,true],"medium_large":["https:\/\/www.megastitch.eu\/wp-content\/uploads\/2019\/11\/snezenka-768x765.jpg",768,765,true],"large":["https:\/\/www.megastitch.eu\/wp-content\/uploads\/2019\/11\/snezenka-1024x1020.jpg",1024,1020,true],"1536x1536":["https:\/\/www.megastitch.eu\/wp-content\/uploads\/2019\/11\/snezenka.jpg",1200,1195,false],"2048x2048":["https:\/\/www.megastitch.eu\/wp-content\/uploads\/2019\/11\/snezenka.jpg",1200,1195,false],"ultp_layout_landscape_large":["https:\/\/www.megastitch.eu\/wp-content\/uploads\/2019\/11\/snezenka.jpg",803,800,false],"ultp_layout_landscape":["https:\/\/www.megastitch.eu\/wp-content\/uploads\/2019\/11\/snezenka.jpg",572,570,false],"ultp_layout_portrait":["https:\/\/www.megastitch.eu\/wp-content\/uploads\/2019\/11\/snezenka.jpg",600,598,false],"ultp_layout_square":["https:\/\/www.megastitch.eu\/wp-content\/uploads\/2019\/11\/snezenka.jpg",600,598,false],"molla_post-grid":["https:\/\/www.megastitch.eu\/wp-content\/uploads\/2019\/11\/snezenka.jpg",268,267,false],"woocommerce_thumbnail":["https:\/\/www.megastitch.eu\/wp-content\/uploads\/2019\/11\/snezenka-300x299.jpg",300,299,true],"woocommerce_single":["https:\/\/www.megastitch.eu\/wp-content\/uploads\/2019\/11\/snezenka-600x598.jpg",600,598,true],"woocommerce_gallery_thumbnail":["https:\/\/www.megastitch.eu\/wp-content\/uploads\/2019\/11\/snezenka-100x100.jpg",100,100,true]},"post_excerpt_stackable":"<p>P\u0159i pohledu na tuto ko\u010di\u010dku m\u00e1te chu\u0165 se j\u00ed dotknout a pohladit ji. Pot\u011b\u0161\u00ed nejen milovn\u00edky ko\u010dek, ale ka\u017ed\u00e9ho, kdo m\u00e1 r\u00e1d zv\u00ed\u0159\u00e1tka. Nejen praktick\u00e1 pom\u016fcka p\u0159i vy\u0161\u00edv\u00e1n\u00ed, ale i u srdce h\u0159ej\u00edc\u00ed obr\u00e1zek.<\/p>\n","category_list":"","author_info":{"name":"","url":""},"comments_num":"0 comments","featured_image_urls_v2":{"full":["https:\/\/www.megastitch.eu\/wp-content\/uploads\/2019\/11\/snezenka.jpg",1200,1195,false],"thumbnail":["https:\/\/www.megastitch.eu\/wp-content\/uploads\/2019\/11\/snezenka-150x150.jpg",150,150,true],"medium":["https:\/\/www.megastitch.eu\/wp-content\/uploads\/2019\/11\/snezenka-300x300.jpg",300,300,true],"medium_large":["https:\/\/www.megastitch.eu\/wp-content\/uploads\/2019\/11\/snezenka-768x765.jpg",768,765,true],"large":["https:\/\/www.megastitch.eu\/wp-content\/uploads\/2019\/11\/snezenka-1024x1020.jpg",1024,1020,true],"1536x1536":["https:\/\/www.megastitch.eu\/wp-content\/uploads\/2019\/11\/snezenka.jpg",1200,1195,false],"2048x2048":["https:\/\/www.megastitch.eu\/wp-content\/uploads\/2019\/11\/snezenka.jpg",1200,1195,false],"ultp_layout_landscape_large":["https:\/\/www.megastitch.eu\/wp-content\/uploads\/2019\/11\/snezenka.jpg",803,800,false],"ultp_layout_landscape":["https:\/\/www.megastitch.eu\/wp-content\/uploads\/2019\/11\/snezenka.jpg",572,570,false],"ultp_layout_portrait":["https:\/\/www.megastitch.eu\/wp-content\/uploads\/2019\/11\/snezenka.jpg",600,598,false],"ultp_layout_square":["https:\/\/www.megastitch.eu\/wp-content\/uploads\/2019\/11\/snezenka.jpg",600,598,false],"molla_post-grid":["https:\/\/www.megastitch.eu\/wp-content\/uploads\/2019\/11\/snezenka.jpg",268,267,false],"woocommerce_thumbnail":["https:\/\/www.megastitch.eu\/wp-content\/uploads\/2019\/11\/snezenka-300x299.jpg",300,299,true],"woocommerce_single":["https:\/\/www.megastitch.eu\/wp-content\/uploads\/2019\/11\/snezenka-600x598.jpg",600,598,true],"woocommerce_gallery_thumbnail":["https:\/\/www.megastitch.eu\/wp-content\/uploads\/2019\/11\/snezenka-100x100.jpg",100,100,true]},"post_excerpt_stackable_v2":"<p>P\u0159i pohledu na tuto ko\u010di\u010dku m\u00e1te chu\u0165 se j\u00ed dotknout a pohladit ji. Pot\u011b\u0161\u00ed nejen milovn\u00edky ko\u010dek, ale ka\u017ed\u00e9ho, kdo m\u00e1 r\u00e1d zv\u00ed\u0159\u00e1tka. Nejen praktick\u00e1 pom\u016fcka p\u0159i vy\u0161\u00edv\u00e1n\u00ed, ale i u srdce h\u0159ej\u00edc\u00ed obr\u00e1zek.<\/p>\n","category_list_v2":"","author_info_v2":{"name":"","url":""},"comments_num_v2":"0 comments","uagb_featured_image_src":{"full":["https:\/\/www.megastitch.eu\/wp-content\/uploads\/2019\/11\/snezenka.jpg",1200,1195,false],"thumbnail":["https:\/\/www.megastitch.eu\/wp-content\/uploads\/2019\/11\/snezenka-150x150.jpg",150,150,true],"medium":["https:\/\/www.megastitch.eu\/wp-content\/uploads\/2019\/11\/snezenka-300x300.jpg",300,300,true],"medium_large":["https:\/\/www.megastitch.eu\/wp-content\/uploads\/2019\/11\/snezenka-768x765.jpg",768,765,true],"large":["https:\/\/www.megastitch.eu\/wp-content\/uploads\/2019\/11\/snezenka-1024x1020.jpg",1024,1020,true],"1536x1536":["https:\/\/www.megastitch.eu\/wp-content\/uploads\/2019\/11\/snezenka.jpg",1200,1195,false],"2048x2048":["https:\/\/www.megastitch.eu\/wp-content\/uploads\/2019\/11\/snezenka.jpg",1200,1195,false],"ultp_layout_landscape_large":["https:\/\/www.megastitch.eu\/wp-content\/uploads\/2019\/11\/snezenka.jpg",803,800,false],"ultp_layout_landscape":["https:\/\/www.megastitch.eu\/wp-content\/uploads\/2019\/11\/snezenka.jpg",572,570,false],"ultp_layout_portrait":["https:\/\/www.megastitch.eu\/wp-content\/uploads\/2019\/11\/snezenka.jpg",600,598,false],"ultp_layout_square":["https:\/\/www.megastitch.eu\/wp-content\/uploads\/2019\/11\/snezenka.jpg",600,598,false],"molla_post-grid":["https:\/\/www.megastitch.eu\/wp-content\/uploads\/2019\/11\/snezenka.jpg",268,267,false],"woocommerce_thumbnail":["https:\/\/www.megastitch.eu\/wp-content\/uploads\/2019\/11\/snezenka-300x299.jpg",300,299,true],"woocommerce_single":["https:\/\/www.megastitch.eu\/wp-content\/uploads\/2019\/11\/snezenka-600x598.jpg",600,598,true],"woocommerce_gallery_thumbnail":["https:\/\/www.megastitch.eu\/wp-content\/uploads\/2019\/11\/snezenka-100x100.jpg",100,100,true]},"uagb_author_info":{"display_name":"Ludmila Mikusikova","author_link":"https:\/\/www.megastitch.eu\/cs\/author\/"},"uagb_comment_info":0,"uagb_excerpt":"P\u0159i pohledu na tuto ko\u010di\u010dku m\u00e1te chu\u0165 se j\u00ed dotknout a pohladit ji. Pot\u011b\u0161\u00ed nejen milovn\u00edky ko\u010dek, ale ka\u017ed\u00e9ho, kdo m\u00e1 r\u00e1d zv\u00ed\u0159\u00e1tka. Nejen praktick\u00e1 pom\u016fcka p\u0159i vy\u0161\u00edv\u00e1n\u00ed, ale i u srdce h\u0159ej\u00edc\u00ed obr\u00e1zek.","_links":{"self":[{"href":"https:\/\/www.megastitch.eu\/cs\/wp-json\/wp\/v2\/product\/1420"}],"collection":[{"href":"https:\/\/www.megastitch.eu\/cs\/wp-json\/wp\/v2\/product"}],"about":[{"href":"https:\/\/www.megastitch.eu\/cs\/wp-json\/wp\/v2\/types\/product"}],"replies":[{"embeddable":true,"href":"https:\/\/www.megastitch.eu\/cs\/wp-json\/wp\/v2\/comments?post=1420"}],"wp:featuredmedia":[{"embeddable":true,"href":"https:\/\/www.megastitch.eu\/cs\/wp-json\/wp\/v2\/media\/1286"}],"wp:attachment":[{"href":"https:\/\/www.megastitch.eu\/cs\/wp-json\/wp\/v2\/media?parent=1420"}],"wp:term":[{"taxonomy":"product_cat","embeddable":true,"href":"https:\/\/www.megastitch.eu\/cs\/wp-json\/wp\/v2\/product_cat?post=1420"},{"taxonomy":"product_tag","embeddable":true,"href":"https:\/\/www.megastitch.eu\/cs\/wp-json\/wp\/v2\/product_tag?post=1420"}],"curies":[{"name":"wp","href":"https:\/\/api.w.org\/{rel}","templated":true}]}}