	{"id":1422,"date":"2019-11-05T13:28:49","date_gmt":"2019-11-05T12:28:49","guid":{"rendered":"https:\/\/www.megastitch.eu\/obchod\/nezarazene\/hroch-plavajici-ve-vode\/"},"modified":"2019-11-14T20:38:07","modified_gmt":"2019-11-14T19:38:07","slug":"hroch-plavajici-ve-vode","status":"publish","type":"product","link":"https:\/\/www.megastitch.eu\/cs\/obchod\/magnetky-cs\/zvirata\/ostatni-cs\/hroch-plavajici-ve-vode\/","title":{"rendered":"Hroch plavaj\u00edc\u00ed ve vod\u011b"},"content":{"rendered":"<div class=\"nolwrap\"><p>Hroch plavaj\u00edc\u00ed ve vod\u011b zobrazen\u00fd na tomto magnetick\u00e9m jeheln\u00ed\u010dku je jako stvo\u0159en\u00fd pro v\u0161echny milovn\u00edky africk\u00e9 divo\u010diny. Siln\u00fd neodymov\u00fd magnet v magnetce bude skv\u011bl\u00fdm pomocn\u00edkem p\u0159i vy\u0161\u00edv\u00e1n\u00ed, proto\u017ee dok\u00e1\u017ee pevn\u011b udr\u017eet nejen vy\u0161\u00edvac\u00ed jehly, ale i va\u0161e n\u016f\u017eti\u010dky na sv\u00e9m m\u00edst\u011b.<\/p>\n<\/div>","protected":false},"excerpt":{"rendered":"<p>Hroch plavaj\u00edc\u00ed ve vod\u011b zobrazen\u00fd na tomto magnetick\u00e9m jeheln\u00ed\u010dku je jako stvo\u0159en\u00fd pro v\u0161echny milovn\u00edky africk\u00e9 divo\u010diny. Siln\u00fd neodymov\u00fd magnet v magnetce bude skv\u011bl\u00fdm pomocn\u00edkem p\u0159i vy\u0161\u00edv\u00e1n\u00ed, proto\u017ee dok\u00e1\u017ee pevn\u011b udr\u017eet nejen vy\u0161\u00edvac\u00ed jehly, ale i va\u0161e n\u016f\u017eti\u010dky na sv\u00e9m m\u00edst\u011b.<\/p>\n","protected":false},"featured_media":1367,"comment_status":"closed","ping_status":"closed","template":"","meta":{"_uag_custom_page_level_css":"","ngg_post_thumbnail":0},"product_cat":[87,100,96],"product_tag":[],"aioseo_notices":[],"featured_image_urls":{"full":["https:\/\/www.megastitch.eu\/wp-content\/uploads\/2019\/11\/hroch2.png",420,420,false],"thumbnail":["https:\/\/www.megastitch.eu\/wp-content\/uploads\/2019\/11\/hroch2-150x150.png",150,150,true],"medium":["https:\/\/www.megastitch.eu\/wp-content\/uploads\/2019\/11\/hroch2-300x300.png",300,300,true],"medium_large":["https:\/\/www.megastitch.eu\/wp-content\/uploads\/2019\/11\/hroch2.png",420,420,false],"large":["https:\/\/www.megastitch.eu\/wp-content\/uploads\/2019\/11\/hroch2.png",420,420,false],"1536x1536":["https:\/\/www.megastitch.eu\/wp-content\/uploads\/2019\/11\/hroch2.png",420,420,false],"2048x2048":["https:\/\/www.megastitch.eu\/wp-content\/uploads\/2019\/11\/hroch2.png",420,420,false],"ultp_layout_landscape_large":["https:\/\/www.megastitch.eu\/wp-content\/uploads\/2019\/11\/hroch2.png",420,420,false],"ultp_layout_landscape":["https:\/\/www.megastitch.eu\/wp-content\/uploads\/2019\/11\/hroch2.png",420,420,false],"ultp_layout_portrait":["https:\/\/www.megastitch.eu\/wp-content\/uploads\/2019\/11\/hroch2.png",420,420,false],"ultp_layout_square":["https:\/\/www.megastitch.eu\/wp-content\/uploads\/2019\/11\/hroch2.png",420,420,false],"molla_post-grid":["https:\/\/www.megastitch.eu\/wp-content\/uploads\/2019\/11\/hroch2.png",267,267,false],"woocommerce_thumbnail":["https:\/\/www.megastitch.eu\/wp-content\/uploads\/2019\/11\/hroch2-300x300.png",300,300,true],"woocommerce_single":["https:\/\/www.megastitch.eu\/wp-content\/uploads\/2019\/11\/hroch2.png",420,420,false],"woocommerce_gallery_thumbnail":["https:\/\/www.megastitch.eu\/wp-content\/uploads\/2019\/11\/hroch2-100x100.png",100,100,true]},"post_excerpt_stackable":"<p>Hroch plavaj\u00edc\u00ed ve vod\u011b zobrazen\u00fd na tomto magnetick\u00e9m jeheln\u00ed\u010dku je jako stvo\u0159en\u00fd pro v\u0161echny milovn\u00edky africk\u00e9 divo\u010diny. Siln\u00fd neodymov\u00fd magnet v magnetce bude skv\u011bl\u00fdm pomocn\u00edkem p\u0159i vy\u0161\u00edv\u00e1n\u00ed, proto\u017ee dok\u00e1\u017ee pevn\u011b udr\u017eet nejen vy\u0161\u00edvac\u00ed jehly, ale i va\u0161e n\u016f\u017eti\u010dky na sv\u00e9m m\u00edst\u011b.<\/p>\n","category_list":"","author_info":{"name":"","url":""},"comments_num":"0 comments","featured_image_urls_v2":{"full":["https:\/\/www.megastitch.eu\/wp-content\/uploads\/2019\/11\/hroch2.png",420,420,false],"thumbnail":["https:\/\/www.megastitch.eu\/wp-content\/uploads\/2019\/11\/hroch2-150x150.png",150,150,true],"medium":["https:\/\/www.megastitch.eu\/wp-content\/uploads\/2019\/11\/hroch2-300x300.png",300,300,true],"medium_large":["https:\/\/www.megastitch.eu\/wp-content\/uploads\/2019\/11\/hroch2.png",420,420,false],"large":["https:\/\/www.megastitch.eu\/wp-content\/uploads\/2019\/11\/hroch2.png",420,420,false],"1536x1536":["https:\/\/www.megastitch.eu\/wp-content\/uploads\/2019\/11\/hroch2.png",420,420,false],"2048x2048":["https:\/\/www.megastitch.eu\/wp-content\/uploads\/2019\/11\/hroch2.png",420,420,false],"ultp_layout_landscape_large":["https:\/\/www.megastitch.eu\/wp-content\/uploads\/2019\/11\/hroch2.png",420,420,false],"ultp_layout_landscape":["https:\/\/www.megastitch.eu\/wp-content\/uploads\/2019\/11\/hroch2.png",420,420,false],"ultp_layout_portrait":["https:\/\/www.megastitch.eu\/wp-content\/uploads\/2019\/11\/hroch2.png",420,420,false],"ultp_layout_square":["https:\/\/www.megastitch.eu\/wp-content\/uploads\/2019\/11\/hroch2.png",420,420,false],"molla_post-grid":["https:\/\/www.megastitch.eu\/wp-content\/uploads\/2019\/11\/hroch2.png",267,267,false],"woocommerce_thumbnail":["https:\/\/www.megastitch.eu\/wp-content\/uploads\/2019\/11\/hroch2-300x300.png",300,300,true],"woocommerce_single":["https:\/\/www.megastitch.eu\/wp-content\/uploads\/2019\/11\/hroch2.png",420,420,false],"woocommerce_gallery_thumbnail":["https:\/\/www.megastitch.eu\/wp-content\/uploads\/2019\/11\/hroch2-100x100.png",100,100,true]},"post_excerpt_stackable_v2":"<p>Hroch plavaj\u00edc\u00ed ve vod\u011b zobrazen\u00fd na tomto magnetick\u00e9m jeheln\u00ed\u010dku je jako stvo\u0159en\u00fd pro v\u0161echny milovn\u00edky africk\u00e9 divo\u010diny. Siln\u00fd neodymov\u00fd magnet v magnetce bude skv\u011bl\u00fdm pomocn\u00edkem p\u0159i vy\u0161\u00edv\u00e1n\u00ed, proto\u017ee dok\u00e1\u017ee pevn\u011b udr\u017eet nejen vy\u0161\u00edvac\u00ed jehly, ale i va\u0161e n\u016f\u017eti\u010dky na sv\u00e9m m\u00edst\u011b.<\/p>\n","category_list_v2":"","author_info_v2":{"name":"","url":""},"comments_num_v2":"0 comments","uagb_featured_image_src":{"full":["https:\/\/www.megastitch.eu\/wp-content\/uploads\/2019\/11\/hroch2.png",420,420,false],"thumbnail":["https:\/\/www.megastitch.eu\/wp-content\/uploads\/2019\/11\/hroch2-150x150.png",150,150,true],"medium":["https:\/\/www.megastitch.eu\/wp-content\/uploads\/2019\/11\/hroch2-300x300.png",300,300,true],"medium_large":["https:\/\/www.megastitch.eu\/wp-content\/uploads\/2019\/11\/hroch2.png",420,420,false],"large":["https:\/\/www.megastitch.eu\/wp-content\/uploads\/2019\/11\/hroch2.png",420,420,false],"1536x1536":["https:\/\/www.megastitch.eu\/wp-content\/uploads\/2019\/11\/hroch2.png",420,420,false],"2048x2048":["https:\/\/www.megastitch.eu\/wp-content\/uploads\/2019\/11\/hroch2.png",420,420,false],"ultp_layout_landscape_large":["https:\/\/www.megastitch.eu\/wp-content\/uploads\/2019\/11\/hroch2.png",420,420,false],"ultp_layout_landscape":["https:\/\/www.megastitch.eu\/wp-content\/uploads\/2019\/11\/hroch2.png",420,420,false],"ultp_layout_portrait":["https:\/\/www.megastitch.eu\/wp-content\/uploads\/2019\/11\/hroch2.png",420,420,false],"ultp_layout_square":["https:\/\/www.megastitch.eu\/wp-content\/uploads\/2019\/11\/hroch2.png",420,420,false],"molla_post-grid":["https:\/\/www.megastitch.eu\/wp-content\/uploads\/2019\/11\/hroch2.png",267,267,false],"woocommerce_thumbnail":["https:\/\/www.megastitch.eu\/wp-content\/uploads\/2019\/11\/hroch2-300x300.png",300,300,true],"woocommerce_single":["https:\/\/www.megastitch.eu\/wp-content\/uploads\/2019\/11\/hroch2.png",420,420,false],"woocommerce_gallery_thumbnail":["https:\/\/www.megastitch.eu\/wp-content\/uploads\/2019\/11\/hroch2-100x100.png",100,100,true]},"uagb_author_info":{"display_name":"Ludmila Mikusikova","author_link":"https:\/\/www.megastitch.eu\/cs\/author\/"},"uagb_comment_info":0,"uagb_excerpt":"Hroch plavaj\u00edc\u00ed ve vod\u011b zobrazen\u00fd na tomto magnetick\u00e9m jeheln\u00ed\u010dku je jako stvo\u0159en\u00fd pro v\u0161echny milovn\u00edky africk\u00e9 divo\u010diny. Siln\u00fd neodymov\u00fd magnet v magnetce bude skv\u011bl\u00fdm pomocn\u00edkem p\u0159i vy\u0161\u00edv\u00e1n\u00ed, proto\u017ee dok\u00e1\u017ee pevn\u011b udr\u017eet nejen vy\u0161\u00edvac\u00ed jehly, ale i va\u0161e n\u016f\u017eti\u010dky na sv\u00e9m m\u00edst\u011b.","_links":{"self":[{"href":"https:\/\/www.megastitch.eu\/cs\/wp-json\/wp\/v2\/product\/1422"}],"collection":[{"href":"https:\/\/www.megastitch.eu\/cs\/wp-json\/wp\/v2\/product"}],"about":[{"href":"https:\/\/www.megastitch.eu\/cs\/wp-json\/wp\/v2\/types\/product"}],"replies":[{"embeddable":true,"href":"https:\/\/www.megastitch.eu\/cs\/wp-json\/wp\/v2\/comments?post=1422"}],"wp:featuredmedia":[{"embeddable":true,"href":"https:\/\/www.megastitch.eu\/cs\/wp-json\/wp\/v2\/media\/1367"}],"wp:attachment":[{"href":"https:\/\/www.megastitch.eu\/cs\/wp-json\/wp\/v2\/media?parent=1422"}],"wp:term":[{"taxonomy":"product_cat","embeddable":true,"href":"https:\/\/www.megastitch.eu\/cs\/wp-json\/wp\/v2\/product_cat?post=1422"},{"taxonomy":"product_tag","embeddable":true,"href":"https:\/\/www.megastitch.eu\/cs\/wp-json\/wp\/v2\/product_tag?post=1422"}],"curies":[{"name":"wp","href":"https:\/\/api.w.org\/{rel}","templated":true}]}}