	{"id":1424,"date":"2019-08-18T12:24:34","date_gmt":"2019-08-18T10:24:34","guid":{"rendered":"https:\/\/www.megastitch.eu\/obchod\/nezarazene\/nahradni-magnet\/"},"modified":"2019-11-10T16:26:17","modified_gmt":"2019-11-10T15:26:17","slug":"nahradni-magnet","status":"publish","type":"product","link":"https:\/\/www.megastitch.eu\/cs\/obchod\/doplnky-k-vysivani\/nahradni-magnety\/nahradni-magnet\/","title":{"rendered":"N\u00e1hradn\u00ed magnet"},"content":{"rendered":"<div class=\"nolwrap\"><p>N\u00e1hradn\u00ed magnet pro p\u0159\u00edpad ztr\u00e1ty nebo do\u010dasn\u00e9ho zatoul\u00e1n\u00ed se protimagnetu. Velikost protimagnetu: pr\u016fm\u011br 1 cm, tlou\u0161\u0165ka 1.5 mm.<\/p>\n<p>Na fotce uprost\u0159ed.<\/p>\n<\/div>","protected":false},"excerpt":{"rendered":"<p>N\u00e1hradn\u00ed magnet pro p\u0159\u00edpad ztr\u00e1ty nebo do\u010dasn\u00e9ho zatoul\u00e1n\u00ed se protimagnetu. Velikost protimagnetu: pr\u016fm\u011br 1 cm, tlou\u0161\u0165ka 1.5 mm. Na fotce uprost\u0159ed.<\/p>\n","protected":false},"featured_media":816,"comment_status":"open","ping_status":"closed","template":"","meta":{"_uag_custom_page_level_css":"","ngg_post_thumbnail":0},"product_cat":[107],"product_tag":[],"aioseo_notices":[],"featured_image_urls":{"full":["https:\/\/www.megastitch.eu\/wp-content\/uploads\/2019\/08\/magnetky-3.jpg",1000,750,false],"thumbnail":["https:\/\/www.megastitch.eu\/wp-content\/uploads\/2019\/08\/magnetky-3-150x150.jpg",150,150,true],"medium":["https:\/\/www.megastitch.eu\/wp-content\/uploads\/2019\/08\/magnetky-3-300x225.jpg",300,225,true],"medium_large":["https:\/\/www.megastitch.eu\/wp-content\/uploads\/2019\/08\/magnetky-3-768x576.jpg",768,576,true],"large":["https:\/\/www.megastitch.eu\/wp-content\/uploads\/2019\/08\/magnetky-3.jpg",1000,750,false],"1536x1536":["https:\/\/www.megastitch.eu\/wp-content\/uploads\/2019\/08\/magnetky-3.jpg",1000,750,false],"2048x2048":["https:\/\/www.megastitch.eu\/wp-content\/uploads\/2019\/08\/magnetky-3.jpg",1000,750,false],"ultp_layout_landscape_large":["https:\/\/www.megastitch.eu\/wp-content\/uploads\/2019\/08\/magnetky-3.jpg",1000,750,false],"ultp_layout_landscape":["https:\/\/www.megastitch.eu\/wp-content\/uploads\/2019\/08\/magnetky-3.jpg",760,570,false],"ultp_layout_portrait":["https:\/\/www.megastitch.eu\/wp-content\/uploads\/2019\/08\/magnetky-3.jpg",600,450,false],"ultp_layout_square":["https:\/\/www.megastitch.eu\/wp-content\/uploads\/2019\/08\/magnetky-3.jpg",600,450,false],"molla_post-grid":["https:\/\/www.megastitch.eu\/wp-content\/uploads\/2019\/08\/magnetky-3.jpg",356,267,false],"woocommerce_thumbnail":["https:\/\/www.megastitch.eu\/wp-content\/uploads\/2019\/08\/magnetky-3-300x225.jpg",300,225,true],"woocommerce_single":["https:\/\/www.megastitch.eu\/wp-content\/uploads\/2019\/08\/magnetky-3-600x450.jpg",600,450,true],"woocommerce_gallery_thumbnail":["https:\/\/www.megastitch.eu\/wp-content\/uploads\/2019\/08\/magnetky-3-100x100.jpg",100,100,true]},"post_excerpt_stackable":"<p>N\u00e1hradn\u00ed magnet pro p\u0159\u00edpad ztr\u00e1ty nebo do\u010dasn\u00e9ho zatoul\u00e1n\u00ed se protimagnetu. Velikost protimagnetu: pr\u016fm\u011br 1 cm, tlou\u0161\u0165ka 1.5 mm. Na fotce uprost\u0159ed.<\/p>\n","category_list":"","author_info":{"name":"","url":""},"comments_num":"0 comments","featured_image_urls_v2":{"full":["https:\/\/www.megastitch.eu\/wp-content\/uploads\/2019\/08\/magnetky-3.jpg",1000,750,false],"thumbnail":["https:\/\/www.megastitch.eu\/wp-content\/uploads\/2019\/08\/magnetky-3-150x150.jpg",150,150,true],"medium":["https:\/\/www.megastitch.eu\/wp-content\/uploads\/2019\/08\/magnetky-3-300x225.jpg",300,225,true],"medium_large":["https:\/\/www.megastitch.eu\/wp-content\/uploads\/2019\/08\/magnetky-3-768x576.jpg",768,576,true],"large":["https:\/\/www.megastitch.eu\/wp-content\/uploads\/2019\/08\/magnetky-3.jpg",1000,750,false],"1536x1536":["https:\/\/www.megastitch.eu\/wp-content\/uploads\/2019\/08\/magnetky-3.jpg",1000,750,false],"2048x2048":["https:\/\/www.megastitch.eu\/wp-content\/uploads\/2019\/08\/magnetky-3.jpg",1000,750,false],"ultp_layout_landscape_large":["https:\/\/www.megastitch.eu\/wp-content\/uploads\/2019\/08\/magnetky-3.jpg",1000,750,false],"ultp_layout_landscape":["https:\/\/www.megastitch.eu\/wp-content\/uploads\/2019\/08\/magnetky-3.jpg",760,570,false],"ultp_layout_portrait":["https:\/\/www.megastitch.eu\/wp-content\/uploads\/2019\/08\/magnetky-3.jpg",600,450,false],"ultp_layout_square":["https:\/\/www.megastitch.eu\/wp-content\/uploads\/2019\/08\/magnetky-3.jpg",600,450,false],"molla_post-grid":["https:\/\/www.megastitch.eu\/wp-content\/uploads\/2019\/08\/magnetky-3.jpg",356,267,false],"woocommerce_thumbnail":["https:\/\/www.megastitch.eu\/wp-content\/uploads\/2019\/08\/magnetky-3-300x225.jpg",300,225,true],"woocommerce_single":["https:\/\/www.megastitch.eu\/wp-content\/uploads\/2019\/08\/magnetky-3-600x450.jpg",600,450,true],"woocommerce_gallery_thumbnail":["https:\/\/www.megastitch.eu\/wp-content\/uploads\/2019\/08\/magnetky-3-100x100.jpg",100,100,true]},"post_excerpt_stackable_v2":"<p>N\u00e1hradn\u00ed magnet pro p\u0159\u00edpad ztr\u00e1ty nebo do\u010dasn\u00e9ho zatoul\u00e1n\u00ed se protimagnetu. Velikost protimagnetu: pr\u016fm\u011br 1 cm, tlou\u0161\u0165ka 1.5 mm. Na fotce uprost\u0159ed.<\/p>\n","category_list_v2":"","author_info_v2":{"name":"","url":""},"comments_num_v2":"0 comments","uagb_featured_image_src":{"full":["https:\/\/www.megastitch.eu\/wp-content\/uploads\/2019\/08\/magnetky-3.jpg",1000,750,false],"thumbnail":["https:\/\/www.megastitch.eu\/wp-content\/uploads\/2019\/08\/magnetky-3-150x150.jpg",150,150,true],"medium":["https:\/\/www.megastitch.eu\/wp-content\/uploads\/2019\/08\/magnetky-3-300x225.jpg",300,225,true],"medium_large":["https:\/\/www.megastitch.eu\/wp-content\/uploads\/2019\/08\/magnetky-3-768x576.jpg",768,576,true],"large":["https:\/\/www.megastitch.eu\/wp-content\/uploads\/2019\/08\/magnetky-3.jpg",1000,750,false],"1536x1536":["https:\/\/www.megastitch.eu\/wp-content\/uploads\/2019\/08\/magnetky-3.jpg",1000,750,false],"2048x2048":["https:\/\/www.megastitch.eu\/wp-content\/uploads\/2019\/08\/magnetky-3.jpg",1000,750,false],"ultp_layout_landscape_large":["https:\/\/www.megastitch.eu\/wp-content\/uploads\/2019\/08\/magnetky-3.jpg",1000,750,false],"ultp_layout_landscape":["https:\/\/www.megastitch.eu\/wp-content\/uploads\/2019\/08\/magnetky-3.jpg",760,570,false],"ultp_layout_portrait":["https:\/\/www.megastitch.eu\/wp-content\/uploads\/2019\/08\/magnetky-3.jpg",600,450,false],"ultp_layout_square":["https:\/\/www.megastitch.eu\/wp-content\/uploads\/2019\/08\/magnetky-3.jpg",600,450,false],"molla_post-grid":["https:\/\/www.megastitch.eu\/wp-content\/uploads\/2019\/08\/magnetky-3.jpg",356,267,false],"woocommerce_thumbnail":["https:\/\/www.megastitch.eu\/wp-content\/uploads\/2019\/08\/magnetky-3-300x225.jpg",300,225,true],"woocommerce_single":["https:\/\/www.megastitch.eu\/wp-content\/uploads\/2019\/08\/magnetky-3-600x450.jpg",600,450,true],"woocommerce_gallery_thumbnail":["https:\/\/www.megastitch.eu\/wp-content\/uploads\/2019\/08\/magnetky-3-100x100.jpg",100,100,true]},"uagb_author_info":{"display_name":"Ludmila Mikusikova","author_link":"https:\/\/www.megastitch.eu\/cs\/author\/"},"uagb_comment_info":0,"uagb_excerpt":"N\u00e1hradn\u00ed magnet pro p\u0159\u00edpad ztr\u00e1ty nebo do\u010dasn\u00e9ho zatoul\u00e1n\u00ed se protimagnetu. Velikost protimagnetu: pr\u016fm\u011br 1 cm, tlou\u0161\u0165ka 1.5 mm. Na fotce uprost\u0159ed.","_links":{"self":[{"href":"https:\/\/www.megastitch.eu\/cs\/wp-json\/wp\/v2\/product\/1424"}],"collection":[{"href":"https:\/\/www.megastitch.eu\/cs\/wp-json\/wp\/v2\/product"}],"about":[{"href":"https:\/\/www.megastitch.eu\/cs\/wp-json\/wp\/v2\/types\/product"}],"replies":[{"embeddable":true,"href":"https:\/\/www.megastitch.eu\/cs\/wp-json\/wp\/v2\/comments?post=1424"}],"wp:featuredmedia":[{"embeddable":true,"href":"https:\/\/www.megastitch.eu\/cs\/wp-json\/wp\/v2\/media\/816"}],"wp:attachment":[{"href":"https:\/\/www.megastitch.eu\/cs\/wp-json\/wp\/v2\/media?parent=1424"}],"wp:term":[{"taxonomy":"product_cat","embeddable":true,"href":"https:\/\/www.megastitch.eu\/cs\/wp-json\/wp\/v2\/product_cat?post=1424"},{"taxonomy":"product_tag","embeddable":true,"href":"https:\/\/www.megastitch.eu\/cs\/wp-json\/wp\/v2\/product_tag?post=1424"}],"curies":[{"name":"wp","href":"https:\/\/api.w.org\/{rel}","templated":true}]}}