	{"id":1473,"date":"2019-02-01T19:42:55","date_gmt":"2019-02-01T18:42:55","guid":{"rendered":"https:\/\/www.megastitch.eu\/obchod\/nezarazene\/rev-tygra\/"},"modified":"2022-12-18T15:08:09","modified_gmt":"2022-12-18T14:08:09","slug":"rev-tygra","status":"publish","type":"product","link":"https:\/\/www.megastitch.eu\/cs\/obchod\/magnetky-cs\/zvirata\/selmy-cs\/rev-tygra\/","title":{"rendered":"\u0158ev tygra"},"content":{"rendered":"<div class=\"nolwrap\"><p>Malovan\u00fd obr\u00e1zek tohoto magnetick\u00e9ho jeheln\u00ed\u010dku s tygrem cen\u00edc\u00edm sv\u00e9 ostr\u00e9 zuby pot\u011b\u0161\u00ed v\u0161echny milovn\u00edky divok\u00fdch \u0161elem. Stejn\u011b siln\u00fd jako tento tygr je i kvalitn\u00ed neodymov\u00fd magnet, kter\u00fd va\u0161e jehly a n\u016f\u017eti\u010dky p\u0159i vy\u0161\u00edv\u00e1n\u00ed udr\u017e\u00ed pevn\u011b na sv\u00e9m m\u00edst\u011b.<\/p>\n<\/div>","protected":false},"excerpt":{"rendered":"<p>Malovan\u00fd obr\u00e1zek tohoto magnetick\u00e9ho jeheln\u00ed\u010dku s tygrem cen\u00edc\u00edm sv\u00e9 ostr\u00e9 zuby pot\u011b\u0161\u00ed v\u0161echny milovn\u00edky divok\u00fdch \u0161elem. Stejn\u011b siln\u00fd jako tento tygr je i kvalitn\u00ed neodymov\u00fd magnet, kter\u00fd va\u0161e jehly a n\u016f\u017eti\u010dky p\u0159i vy\u0161\u00edv\u00e1n\u00ed udr\u017e\u00ed pevn\u011b na sv\u00e9m m\u00edst\u011b.<\/p>\n","protected":false},"featured_media":1197,"comment_status":"closed","ping_status":"closed","template":"","meta":{"_uag_custom_page_level_css":"","ngg_post_thumbnail":0},"product_cat":[87,92,105,96],"product_tag":[80],"aioseo_notices":[],"featured_image_urls":{"full":["https:\/\/www.megastitch.eu\/wp-content\/uploads\/2019\/02\/mal4-17.png",298,298,false],"thumbnail":["https:\/\/www.megastitch.eu\/wp-content\/uploads\/2019\/02\/mal4-17-150x150.png",150,150,true],"medium":["https:\/\/www.megastitch.eu\/wp-content\/uploads\/2019\/02\/mal4-17.png",298,298,false],"medium_large":["https:\/\/www.megastitch.eu\/wp-content\/uploads\/2019\/02\/mal4-17.png",298,298,false],"large":["https:\/\/www.megastitch.eu\/wp-content\/uploads\/2019\/02\/mal4-17.png",298,298,false],"1536x1536":["https:\/\/www.megastitch.eu\/wp-content\/uploads\/2019\/02\/mal4-17.png",298,298,false],"2048x2048":["https:\/\/www.megastitch.eu\/wp-content\/uploads\/2019\/02\/mal4-17.png",298,298,false],"ultp_layout_landscape_large":["https:\/\/www.megastitch.eu\/wp-content\/uploads\/2019\/02\/mal4-17.png",298,298,false],"ultp_layout_landscape":["https:\/\/www.megastitch.eu\/wp-content\/uploads\/2019\/02\/mal4-17.png",298,298,false],"ultp_layout_portrait":["https:\/\/www.megastitch.eu\/wp-content\/uploads\/2019\/02\/mal4-17.png",298,298,false],"ultp_layout_square":["https:\/\/www.megastitch.eu\/wp-content\/uploads\/2019\/02\/mal4-17.png",298,298,false],"molla_post-grid":["https:\/\/www.megastitch.eu\/wp-content\/uploads\/2019\/02\/mal4-17.png",267,267,false],"woocommerce_thumbnail":["https:\/\/www.megastitch.eu\/wp-content\/uploads\/2019\/02\/mal4-17.png",298,298,false],"woocommerce_single":["https:\/\/www.megastitch.eu\/wp-content\/uploads\/2019\/02\/mal4-17.png",298,298,false],"woocommerce_gallery_thumbnail":["https:\/\/www.megastitch.eu\/wp-content\/uploads\/2019\/02\/mal4-17-100x100.png",100,100,true]},"post_excerpt_stackable":"<p>Malovan\u00fd obr\u00e1zek tohoto magnetick\u00e9ho jeheln\u00ed\u010dku s tygrem cen\u00edc\u00edm sv\u00e9 ostr\u00e9 zuby pot\u011b\u0161\u00ed v\u0161echny milovn\u00edky divok\u00fdch \u0161elem. Stejn\u011b siln\u00fd jako tento tygr je i kvalitn\u00ed neodymov\u00fd magnet, kter\u00fd va\u0161e jehly a n\u016f\u017eti\u010dky p\u0159i vy\u0161\u00edv\u00e1n\u00ed udr\u017e\u00ed pevn\u011b na sv\u00e9m m\u00edst\u011b.<\/p>\n","category_list":"","author_info":{"name":"","url":""},"comments_num":"0 comments","featured_image_urls_v2":{"full":["https:\/\/www.megastitch.eu\/wp-content\/uploads\/2019\/02\/mal4-17.png",298,298,false],"thumbnail":["https:\/\/www.megastitch.eu\/wp-content\/uploads\/2019\/02\/mal4-17-150x150.png",150,150,true],"medium":["https:\/\/www.megastitch.eu\/wp-content\/uploads\/2019\/02\/mal4-17.png",298,298,false],"medium_large":["https:\/\/www.megastitch.eu\/wp-content\/uploads\/2019\/02\/mal4-17.png",298,298,false],"large":["https:\/\/www.megastitch.eu\/wp-content\/uploads\/2019\/02\/mal4-17.png",298,298,false],"1536x1536":["https:\/\/www.megastitch.eu\/wp-content\/uploads\/2019\/02\/mal4-17.png",298,298,false],"2048x2048":["https:\/\/www.megastitch.eu\/wp-content\/uploads\/2019\/02\/mal4-17.png",298,298,false],"ultp_layout_landscape_large":["https:\/\/www.megastitch.eu\/wp-content\/uploads\/2019\/02\/mal4-17.png",298,298,false],"ultp_layout_landscape":["https:\/\/www.megastitch.eu\/wp-content\/uploads\/2019\/02\/mal4-17.png",298,298,false],"ultp_layout_portrait":["https:\/\/www.megastitch.eu\/wp-content\/uploads\/2019\/02\/mal4-17.png",298,298,false],"ultp_layout_square":["https:\/\/www.megastitch.eu\/wp-content\/uploads\/2019\/02\/mal4-17.png",298,298,false],"molla_post-grid":["https:\/\/www.megastitch.eu\/wp-content\/uploads\/2019\/02\/mal4-17.png",267,267,false],"woocommerce_thumbnail":["https:\/\/www.megastitch.eu\/wp-content\/uploads\/2019\/02\/mal4-17.png",298,298,false],"woocommerce_single":["https:\/\/www.megastitch.eu\/wp-content\/uploads\/2019\/02\/mal4-17.png",298,298,false],"woocommerce_gallery_thumbnail":["https:\/\/www.megastitch.eu\/wp-content\/uploads\/2019\/02\/mal4-17-100x100.png",100,100,true]},"post_excerpt_stackable_v2":"<p>Malovan\u00fd obr\u00e1zek tohoto magnetick\u00e9ho jeheln\u00ed\u010dku s tygrem cen\u00edc\u00edm sv\u00e9 ostr\u00e9 zuby pot\u011b\u0161\u00ed v\u0161echny milovn\u00edky divok\u00fdch \u0161elem. Stejn\u011b siln\u00fd jako tento tygr je i kvalitn\u00ed neodymov\u00fd magnet, kter\u00fd va\u0161e jehly a n\u016f\u017eti\u010dky p\u0159i vy\u0161\u00edv\u00e1n\u00ed udr\u017e\u00ed pevn\u011b na sv\u00e9m m\u00edst\u011b.<\/p>\n","category_list_v2":"","author_info_v2":{"name":"","url":""},"comments_num_v2":"0 comments","uagb_featured_image_src":{"full":["https:\/\/www.megastitch.eu\/wp-content\/uploads\/2019\/02\/mal4-17.png",298,298,false],"thumbnail":["https:\/\/www.megastitch.eu\/wp-content\/uploads\/2019\/02\/mal4-17-150x150.png",150,150,true],"medium":["https:\/\/www.megastitch.eu\/wp-content\/uploads\/2019\/02\/mal4-17.png",298,298,false],"medium_large":["https:\/\/www.megastitch.eu\/wp-content\/uploads\/2019\/02\/mal4-17.png",298,298,false],"large":["https:\/\/www.megastitch.eu\/wp-content\/uploads\/2019\/02\/mal4-17.png",298,298,false],"1536x1536":["https:\/\/www.megastitch.eu\/wp-content\/uploads\/2019\/02\/mal4-17.png",298,298,false],"2048x2048":["https:\/\/www.megastitch.eu\/wp-content\/uploads\/2019\/02\/mal4-17.png",298,298,false],"ultp_layout_landscape_large":["https:\/\/www.megastitch.eu\/wp-content\/uploads\/2019\/02\/mal4-17.png",298,298,false],"ultp_layout_landscape":["https:\/\/www.megastitch.eu\/wp-content\/uploads\/2019\/02\/mal4-17.png",298,298,false],"ultp_layout_portrait":["https:\/\/www.megastitch.eu\/wp-content\/uploads\/2019\/02\/mal4-17.png",298,298,false],"ultp_layout_square":["https:\/\/www.megastitch.eu\/wp-content\/uploads\/2019\/02\/mal4-17.png",298,298,false],"molla_post-grid":["https:\/\/www.megastitch.eu\/wp-content\/uploads\/2019\/02\/mal4-17.png",267,267,false],"woocommerce_thumbnail":["https:\/\/www.megastitch.eu\/wp-content\/uploads\/2019\/02\/mal4-17.png",298,298,false],"woocommerce_single":["https:\/\/www.megastitch.eu\/wp-content\/uploads\/2019\/02\/mal4-17.png",298,298,false],"woocommerce_gallery_thumbnail":["https:\/\/www.megastitch.eu\/wp-content\/uploads\/2019\/02\/mal4-17-100x100.png",100,100,true]},"uagb_author_info":{"display_name":"Ludmila Mikusikova","author_link":"https:\/\/www.megastitch.eu\/cs\/author\/"},"uagb_comment_info":0,"uagb_excerpt":"Malovan\u00fd obr\u00e1zek tohoto magnetick\u00e9ho jeheln\u00ed\u010dku s tygrem cen\u00edc\u00edm sv\u00e9 ostr\u00e9 zuby pot\u011b\u0161\u00ed v\u0161echny milovn\u00edky divok\u00fdch \u0161elem. Stejn\u011b siln\u00fd jako tento tygr je i kvalitn\u00ed neodymov\u00fd magnet, kter\u00fd va\u0161e jehly a n\u016f\u017eti\u010dky p\u0159i vy\u0161\u00edv\u00e1n\u00ed udr\u017e\u00ed pevn\u011b na sv\u00e9m m\u00edst\u011b.","_links":{"self":[{"href":"https:\/\/www.megastitch.eu\/cs\/wp-json\/wp\/v2\/product\/1473"}],"collection":[{"href":"https:\/\/www.megastitch.eu\/cs\/wp-json\/wp\/v2\/product"}],"about":[{"href":"https:\/\/www.megastitch.eu\/cs\/wp-json\/wp\/v2\/types\/product"}],"replies":[{"embeddable":true,"href":"https:\/\/www.megastitch.eu\/cs\/wp-json\/wp\/v2\/comments?post=1473"}],"wp:featuredmedia":[{"embeddable":true,"href":"https:\/\/www.megastitch.eu\/cs\/wp-json\/wp\/v2\/media\/1197"}],"wp:attachment":[{"href":"https:\/\/www.megastitch.eu\/cs\/wp-json\/wp\/v2\/media?parent=1473"}],"wp:term":[{"taxonomy":"product_cat","embeddable":true,"href":"https:\/\/www.megastitch.eu\/cs\/wp-json\/wp\/v2\/product_cat?post=1473"},{"taxonomy":"product_tag","embeddable":true,"href":"https:\/\/www.megastitch.eu\/cs\/wp-json\/wp\/v2\/product_tag?post=1473"}],"curies":[{"name":"wp","href":"https:\/\/api.w.org\/{rel}","templated":true}]}}