	{"id":1482,"date":"2019-02-01T19:42:55","date_gmt":"2019-02-01T18:42:55","guid":{"rendered":"https:\/\/www.megastitch.eu\/obchod\/nezarazene\/bily-ptacek-na-vetvi\/"},"modified":"2019-11-14T21:38:22","modified_gmt":"2019-11-14T20:38:22","slug":"bily-ptacek-na-vetvi","status":"publish","type":"product","link":"https:\/\/www.megastitch.eu\/cs\/obchod\/magnetky-cs\/zvirata\/ptaci\/bily-ptacek-na-vetvi\/","title":{"rendered":"B\u00edl\u00fd pt\u00e1\u010dek na v\u011btvi"},"content":{"rendered":"<div class=\"nolwrap\"><p>Tato kouzeln\u00e1 magnetka v\u00e1s pot\u011b\u0161\u00ed sv\u00fdmi jemn\u00fdmi sv\u011btl\u00fdmi barvami a celou svou vizu\u00e1ln\u00ed harmoni\u00ed. P\u0159esn\u011b takov\u00fd m\u016f\u017ee b\u00fdt i v\u00fdsledek pr\u00e1ce na va\u0161\u00ed nejnov\u011bj\u0161\u00ed v\u00fd\u0161ivce s pou\u017eit\u00edm tohoto magnetick\u00e9ho jeheln\u00ed\u010dku. Pevn\u00fd neodymov\u00fd magnet spolehliv\u011b udr\u017e\u00ed va\u0161e jehly i n\u016f\u017eti\u010dky.<\/p>\n<\/div>","protected":false},"excerpt":{"rendered":"<p>Tato kouzeln\u00e1 magnetka v\u00e1s pot\u011b\u0161\u00ed sv\u00fdmi jemn\u00fdmi sv\u011btl\u00fdmi barvami a celou svou vizu\u00e1ln\u00ed harmoni\u00ed. P\u0159esn\u011b takov\u00fd m\u016f\u017ee b\u00fdt i v\u00fdsledek pr\u00e1ce na va\u0161\u00ed nejnov\u011bj\u0161\u00ed v\u00fd\u0161ivce s pou\u017eit\u00edm tohoto magnetick\u00e9ho jeheln\u00ed\u010dku. Pevn\u00fd neodymov\u00fd magnet spolehliv\u011b udr\u017e\u00ed va\u0161e jehly i n\u016f\u017eti\u010dky.<\/p>\n","protected":false},"featured_media":1179,"comment_status":"closed","ping_status":"closed","template":"","meta":{"_uag_custom_page_level_css":"","ngg_post_thumbnail":0},"product_cat":[87,92,104,96],"product_tag":[],"aioseo_notices":[],"featured_image_urls":{"full":["https:\/\/www.megastitch.eu\/wp-content\/uploads\/2019\/02\/mal4-8.png",299,298,false],"thumbnail":["https:\/\/www.megastitch.eu\/wp-content\/uploads\/2019\/02\/mal4-8-150x150.png",150,150,true],"medium":["https:\/\/www.megastitch.eu\/wp-content\/uploads\/2019\/02\/mal4-8.png",299,298,false],"medium_large":["https:\/\/www.megastitch.eu\/wp-content\/uploads\/2019\/02\/mal4-8.png",299,298,false],"large":["https:\/\/www.megastitch.eu\/wp-content\/uploads\/2019\/02\/mal4-8.png",299,298,false],"1536x1536":["https:\/\/www.megastitch.eu\/wp-content\/uploads\/2019\/02\/mal4-8.png",299,298,false],"2048x2048":["https:\/\/www.megastitch.eu\/wp-content\/uploads\/2019\/02\/mal4-8.png",299,298,false],"ultp_layout_landscape_large":["https:\/\/www.megastitch.eu\/wp-content\/uploads\/2019\/02\/mal4-8.png",299,298,false],"ultp_layout_landscape":["https:\/\/www.megastitch.eu\/wp-content\/uploads\/2019\/02\/mal4-8.png",299,298,false],"ultp_layout_portrait":["https:\/\/www.megastitch.eu\/wp-content\/uploads\/2019\/02\/mal4-8.png",299,298,false],"ultp_layout_square":["https:\/\/www.megastitch.eu\/wp-content\/uploads\/2019\/02\/mal4-8.png",299,298,false],"molla_post-grid":["https:\/\/www.megastitch.eu\/wp-content\/uploads\/2019\/02\/mal4-8.png",268,267,false],"woocommerce_thumbnail":["https:\/\/www.megastitch.eu\/wp-content\/uploads\/2019\/02\/mal4-8.png",299,298,false],"woocommerce_single":["https:\/\/www.megastitch.eu\/wp-content\/uploads\/2019\/02\/mal4-8.png",299,298,false],"woocommerce_gallery_thumbnail":["https:\/\/www.megastitch.eu\/wp-content\/uploads\/2019\/02\/mal4-8-100x100.png",100,100,true]},"post_excerpt_stackable":"<p>Tato kouzeln\u00e1 magnetka v\u00e1s pot\u011b\u0161\u00ed sv\u00fdmi jemn\u00fdmi sv\u011btl\u00fdmi barvami a celou svou vizu\u00e1ln\u00ed harmoni\u00ed. P\u0159esn\u011b takov\u00fd m\u016f\u017ee b\u00fdt i v\u00fdsledek pr\u00e1ce na va\u0161\u00ed nejnov\u011bj\u0161\u00ed v\u00fd\u0161ivce s pou\u017eit\u00edm tohoto magnetick\u00e9ho jeheln\u00ed\u010dku. Pevn\u00fd neodymov\u00fd magnet spolehliv\u011b udr\u017e\u00ed va\u0161e jehly i n\u016f\u017eti\u010dky.<\/p>\n","category_list":"","author_info":{"name":"","url":""},"comments_num":"0 comments","featured_image_urls_v2":{"full":["https:\/\/www.megastitch.eu\/wp-content\/uploads\/2019\/02\/mal4-8.png",299,298,false],"thumbnail":["https:\/\/www.megastitch.eu\/wp-content\/uploads\/2019\/02\/mal4-8-150x150.png",150,150,true],"medium":["https:\/\/www.megastitch.eu\/wp-content\/uploads\/2019\/02\/mal4-8.png",299,298,false],"medium_large":["https:\/\/www.megastitch.eu\/wp-content\/uploads\/2019\/02\/mal4-8.png",299,298,false],"large":["https:\/\/www.megastitch.eu\/wp-content\/uploads\/2019\/02\/mal4-8.png",299,298,false],"1536x1536":["https:\/\/www.megastitch.eu\/wp-content\/uploads\/2019\/02\/mal4-8.png",299,298,false],"2048x2048":["https:\/\/www.megastitch.eu\/wp-content\/uploads\/2019\/02\/mal4-8.png",299,298,false],"ultp_layout_landscape_large":["https:\/\/www.megastitch.eu\/wp-content\/uploads\/2019\/02\/mal4-8.png",299,298,false],"ultp_layout_landscape":["https:\/\/www.megastitch.eu\/wp-content\/uploads\/2019\/02\/mal4-8.png",299,298,false],"ultp_layout_portrait":["https:\/\/www.megastitch.eu\/wp-content\/uploads\/2019\/02\/mal4-8.png",299,298,false],"ultp_layout_square":["https:\/\/www.megastitch.eu\/wp-content\/uploads\/2019\/02\/mal4-8.png",299,298,false],"molla_post-grid":["https:\/\/www.megastitch.eu\/wp-content\/uploads\/2019\/02\/mal4-8.png",268,267,false],"woocommerce_thumbnail":["https:\/\/www.megastitch.eu\/wp-content\/uploads\/2019\/02\/mal4-8.png",299,298,false],"woocommerce_single":["https:\/\/www.megastitch.eu\/wp-content\/uploads\/2019\/02\/mal4-8.png",299,298,false],"woocommerce_gallery_thumbnail":["https:\/\/www.megastitch.eu\/wp-content\/uploads\/2019\/02\/mal4-8-100x100.png",100,100,true]},"post_excerpt_stackable_v2":"<p>Tato kouzeln\u00e1 magnetka v\u00e1s pot\u011b\u0161\u00ed sv\u00fdmi jemn\u00fdmi sv\u011btl\u00fdmi barvami a celou svou vizu\u00e1ln\u00ed harmoni\u00ed. P\u0159esn\u011b takov\u00fd m\u016f\u017ee b\u00fdt i v\u00fdsledek pr\u00e1ce na va\u0161\u00ed nejnov\u011bj\u0161\u00ed v\u00fd\u0161ivce s pou\u017eit\u00edm tohoto magnetick\u00e9ho jeheln\u00ed\u010dku. Pevn\u00fd neodymov\u00fd magnet spolehliv\u011b udr\u017e\u00ed va\u0161e jehly i n\u016f\u017eti\u010dky.<\/p>\n","category_list_v2":"","author_info_v2":{"name":"","url":""},"comments_num_v2":"0 comments","uagb_featured_image_src":{"full":["https:\/\/www.megastitch.eu\/wp-content\/uploads\/2019\/02\/mal4-8.png",299,298,false],"thumbnail":["https:\/\/www.megastitch.eu\/wp-content\/uploads\/2019\/02\/mal4-8-150x150.png",150,150,true],"medium":["https:\/\/www.megastitch.eu\/wp-content\/uploads\/2019\/02\/mal4-8.png",299,298,false],"medium_large":["https:\/\/www.megastitch.eu\/wp-content\/uploads\/2019\/02\/mal4-8.png",299,298,false],"large":["https:\/\/www.megastitch.eu\/wp-content\/uploads\/2019\/02\/mal4-8.png",299,298,false],"1536x1536":["https:\/\/www.megastitch.eu\/wp-content\/uploads\/2019\/02\/mal4-8.png",299,298,false],"2048x2048":["https:\/\/www.megastitch.eu\/wp-content\/uploads\/2019\/02\/mal4-8.png",299,298,false],"ultp_layout_landscape_large":["https:\/\/www.megastitch.eu\/wp-content\/uploads\/2019\/02\/mal4-8.png",299,298,false],"ultp_layout_landscape":["https:\/\/www.megastitch.eu\/wp-content\/uploads\/2019\/02\/mal4-8.png",299,298,false],"ultp_layout_portrait":["https:\/\/www.megastitch.eu\/wp-content\/uploads\/2019\/02\/mal4-8.png",299,298,false],"ultp_layout_square":["https:\/\/www.megastitch.eu\/wp-content\/uploads\/2019\/02\/mal4-8.png",299,298,false],"molla_post-grid":["https:\/\/www.megastitch.eu\/wp-content\/uploads\/2019\/02\/mal4-8.png",268,267,false],"woocommerce_thumbnail":["https:\/\/www.megastitch.eu\/wp-content\/uploads\/2019\/02\/mal4-8.png",299,298,false],"woocommerce_single":["https:\/\/www.megastitch.eu\/wp-content\/uploads\/2019\/02\/mal4-8.png",299,298,false],"woocommerce_gallery_thumbnail":["https:\/\/www.megastitch.eu\/wp-content\/uploads\/2019\/02\/mal4-8-100x100.png",100,100,true]},"uagb_author_info":{"display_name":"Ludmila Mikusikova","author_link":"https:\/\/www.megastitch.eu\/cs\/author\/"},"uagb_comment_info":0,"uagb_excerpt":"Tato kouzeln\u00e1 magnetka v\u00e1s pot\u011b\u0161\u00ed sv\u00fdmi jemn\u00fdmi sv\u011btl\u00fdmi barvami a celou svou vizu\u00e1ln\u00ed harmoni\u00ed. P\u0159esn\u011b takov\u00fd m\u016f\u017ee b\u00fdt i v\u00fdsledek pr\u00e1ce na va\u0161\u00ed nejnov\u011bj\u0161\u00ed v\u00fd\u0161ivce s pou\u017eit\u00edm tohoto magnetick\u00e9ho jeheln\u00ed\u010dku. Pevn\u00fd neodymov\u00fd magnet spolehliv\u011b udr\u017e\u00ed va\u0161e jehly i n\u016f\u017eti\u010dky.","_links":{"self":[{"href":"https:\/\/www.megastitch.eu\/cs\/wp-json\/wp\/v2\/product\/1482"}],"collection":[{"href":"https:\/\/www.megastitch.eu\/cs\/wp-json\/wp\/v2\/product"}],"about":[{"href":"https:\/\/www.megastitch.eu\/cs\/wp-json\/wp\/v2\/types\/product"}],"replies":[{"embeddable":true,"href":"https:\/\/www.megastitch.eu\/cs\/wp-json\/wp\/v2\/comments?post=1482"}],"wp:featuredmedia":[{"embeddable":true,"href":"https:\/\/www.megastitch.eu\/cs\/wp-json\/wp\/v2\/media\/1179"}],"wp:attachment":[{"href":"https:\/\/www.megastitch.eu\/cs\/wp-json\/wp\/v2\/media?parent=1482"}],"wp:term":[{"taxonomy":"product_cat","embeddable":true,"href":"https:\/\/www.megastitch.eu\/cs\/wp-json\/wp\/v2\/product_cat?post=1482"},{"taxonomy":"product_tag","embeddable":true,"href":"https:\/\/www.megastitch.eu\/cs\/wp-json\/wp\/v2\/product_tag?post=1482"}],"curies":[{"name":"wp","href":"https:\/\/api.w.org\/{rel}","templated":true}]}}