	{"id":1483,"date":"2019-02-01T19:42:55","date_gmt":"2019-02-01T18:42:55","guid":{"rendered":"https:\/\/www.megastitch.eu\/obchod\/nezarazene\/podzimni-listi\/"},"modified":"2019-11-14T21:43:42","modified_gmt":"2019-11-14T20:43:42","slug":"podzimni-listi","status":"publish","type":"product","link":"https:\/\/www.megastitch.eu\/cs\/obchod\/magnetky-cs\/malovane-cs\/podzimni-listi\/","title":{"rendered":"Podzimn\u00ed list\u00ed"},"content":{"rendered":"<div class=\"nolwrap\"><p>Podzim barv\u00ed listy do r\u016fzn\u00fdch \u010darokr\u00e1sn\u00fdch barev. Takto barevnou scen\u00e9rii si m\u016f\u017eete vychutnat na magnetick\u00e9m jeheln\u00ed\u010dku s malovan\u00fdm obr\u00e1zkem podzimn\u00edho list\u00ed.Pevn\u00fd neodymov\u00fd magnet spln\u00ed svoji \u00falohu dokonale a vy u\u017e nebudete m\u00edt starost o svoje jehly a n\u016f\u017eti\u010dky.<\/p>\n<\/div>","protected":false},"excerpt":{"rendered":"<p>Podzim barv\u00ed listy do r\u016fzn\u00fdch \u010darokr\u00e1sn\u00fdch barev. Takto barevnou scen\u00e9rii si m\u016f\u017eete vychutnat na magnetick\u00e9m jeheln\u00ed\u010dku s malovan\u00fdm obr\u00e1zkem podzimn\u00edho list\u00ed.Pevn\u00fd neodymov\u00fd magnet spln\u00ed svoji \u00falohu dokonale a vy u\u017e nebudete m\u00edt starost o svoje jehly a n\u016f\u017eti\u010dky.<\/p>\n","protected":false},"featured_media":498,"comment_status":"closed","ping_status":"closed","template":"","meta":{"_uag_custom_page_level_css":"","ngg_post_thumbnail":0},"product_cat":[87,92,93,95],"product_tag":[81,82],"aioseo_notices":[],"featured_image_urls":{"full":["https:\/\/www.megastitch.eu\/wp-content\/uploads\/2019\/02\/mal4-7.png",299,298,false],"thumbnail":["https:\/\/www.megastitch.eu\/wp-content\/uploads\/2019\/02\/mal4-7-150x150.png",150,150,true],"medium":["https:\/\/www.megastitch.eu\/wp-content\/uploads\/2019\/02\/mal4-7.png",299,298,false],"medium_large":["https:\/\/www.megastitch.eu\/wp-content\/uploads\/2019\/02\/mal4-7.png",299,298,false],"large":["https:\/\/www.megastitch.eu\/wp-content\/uploads\/2019\/02\/mal4-7.png",299,298,false],"1536x1536":["https:\/\/www.megastitch.eu\/wp-content\/uploads\/2019\/02\/mal4-7.png",299,298,false],"2048x2048":["https:\/\/www.megastitch.eu\/wp-content\/uploads\/2019\/02\/mal4-7.png",299,298,false],"ultp_layout_landscape_large":["https:\/\/www.megastitch.eu\/wp-content\/uploads\/2019\/02\/mal4-7.png",299,298,false],"ultp_layout_landscape":["https:\/\/www.megastitch.eu\/wp-content\/uploads\/2019\/02\/mal4-7.png",299,298,false],"ultp_layout_portrait":["https:\/\/www.megastitch.eu\/wp-content\/uploads\/2019\/02\/mal4-7.png",299,298,false],"ultp_layout_square":["https:\/\/www.megastitch.eu\/wp-content\/uploads\/2019\/02\/mal4-7.png",299,298,false],"molla_post-grid":["https:\/\/www.megastitch.eu\/wp-content\/uploads\/2019\/02\/mal4-7.png",268,267,false],"woocommerce_thumbnail":["https:\/\/www.megastitch.eu\/wp-content\/uploads\/2019\/02\/mal4-7.png",299,298,false],"woocommerce_single":["https:\/\/www.megastitch.eu\/wp-content\/uploads\/2019\/02\/mal4-7.png",299,298,false],"woocommerce_gallery_thumbnail":["https:\/\/www.megastitch.eu\/wp-content\/uploads\/2019\/02\/mal4-7-100x100.png",100,100,true]},"post_excerpt_stackable":"<p>Podzim barv\u00ed listy do r\u016fzn\u00fdch \u010darokr\u00e1sn\u00fdch barev. Takto barevnou scen\u00e9rii si m\u016f\u017eete vychutnat na magnetick\u00e9m jeheln\u00ed\u010dku s malovan\u00fdm obr\u00e1zkem podzimn\u00edho list\u00ed.Pevn\u00fd neodymov\u00fd magnet spln\u00ed svoji \u00falohu dokonale a vy u\u017e nebudete m\u00edt starost o svoje jehly a n\u016f\u017eti\u010dky.<\/p>\n","category_list":"","author_info":{"name":"","url":""},"comments_num":"0 comments","featured_image_urls_v2":{"full":["https:\/\/www.megastitch.eu\/wp-content\/uploads\/2019\/02\/mal4-7.png",299,298,false],"thumbnail":["https:\/\/www.megastitch.eu\/wp-content\/uploads\/2019\/02\/mal4-7-150x150.png",150,150,true],"medium":["https:\/\/www.megastitch.eu\/wp-content\/uploads\/2019\/02\/mal4-7.png",299,298,false],"medium_large":["https:\/\/www.megastitch.eu\/wp-content\/uploads\/2019\/02\/mal4-7.png",299,298,false],"large":["https:\/\/www.megastitch.eu\/wp-content\/uploads\/2019\/02\/mal4-7.png",299,298,false],"1536x1536":["https:\/\/www.megastitch.eu\/wp-content\/uploads\/2019\/02\/mal4-7.png",299,298,false],"2048x2048":["https:\/\/www.megastitch.eu\/wp-content\/uploads\/2019\/02\/mal4-7.png",299,298,false],"ultp_layout_landscape_large":["https:\/\/www.megastitch.eu\/wp-content\/uploads\/2019\/02\/mal4-7.png",299,298,false],"ultp_layout_landscape":["https:\/\/www.megastitch.eu\/wp-content\/uploads\/2019\/02\/mal4-7.png",299,298,false],"ultp_layout_portrait":["https:\/\/www.megastitch.eu\/wp-content\/uploads\/2019\/02\/mal4-7.png",299,298,false],"ultp_layout_square":["https:\/\/www.megastitch.eu\/wp-content\/uploads\/2019\/02\/mal4-7.png",299,298,false],"molla_post-grid":["https:\/\/www.megastitch.eu\/wp-content\/uploads\/2019\/02\/mal4-7.png",268,267,false],"woocommerce_thumbnail":["https:\/\/www.megastitch.eu\/wp-content\/uploads\/2019\/02\/mal4-7.png",299,298,false],"woocommerce_single":["https:\/\/www.megastitch.eu\/wp-content\/uploads\/2019\/02\/mal4-7.png",299,298,false],"woocommerce_gallery_thumbnail":["https:\/\/www.megastitch.eu\/wp-content\/uploads\/2019\/02\/mal4-7-100x100.png",100,100,true]},"post_excerpt_stackable_v2":"<p>Podzim barv\u00ed listy do r\u016fzn\u00fdch \u010darokr\u00e1sn\u00fdch barev. Takto barevnou scen\u00e9rii si m\u016f\u017eete vychutnat na magnetick\u00e9m jeheln\u00ed\u010dku s malovan\u00fdm obr\u00e1zkem podzimn\u00edho list\u00ed.Pevn\u00fd neodymov\u00fd magnet spln\u00ed svoji \u00falohu dokonale a vy u\u017e nebudete m\u00edt starost o svoje jehly a n\u016f\u017eti\u010dky.<\/p>\n","category_list_v2":"","author_info_v2":{"name":"","url":""},"comments_num_v2":"0 comments","uagb_featured_image_src":{"full":["https:\/\/www.megastitch.eu\/wp-content\/uploads\/2019\/02\/mal4-7.png",299,298,false],"thumbnail":["https:\/\/www.megastitch.eu\/wp-content\/uploads\/2019\/02\/mal4-7-150x150.png",150,150,true],"medium":["https:\/\/www.megastitch.eu\/wp-content\/uploads\/2019\/02\/mal4-7.png",299,298,false],"medium_large":["https:\/\/www.megastitch.eu\/wp-content\/uploads\/2019\/02\/mal4-7.png",299,298,false],"large":["https:\/\/www.megastitch.eu\/wp-content\/uploads\/2019\/02\/mal4-7.png",299,298,false],"1536x1536":["https:\/\/www.megastitch.eu\/wp-content\/uploads\/2019\/02\/mal4-7.png",299,298,false],"2048x2048":["https:\/\/www.megastitch.eu\/wp-content\/uploads\/2019\/02\/mal4-7.png",299,298,false],"ultp_layout_landscape_large":["https:\/\/www.megastitch.eu\/wp-content\/uploads\/2019\/02\/mal4-7.png",299,298,false],"ultp_layout_landscape":["https:\/\/www.megastitch.eu\/wp-content\/uploads\/2019\/02\/mal4-7.png",299,298,false],"ultp_layout_portrait":["https:\/\/www.megastitch.eu\/wp-content\/uploads\/2019\/02\/mal4-7.png",299,298,false],"ultp_layout_square":["https:\/\/www.megastitch.eu\/wp-content\/uploads\/2019\/02\/mal4-7.png",299,298,false],"molla_post-grid":["https:\/\/www.megastitch.eu\/wp-content\/uploads\/2019\/02\/mal4-7.png",268,267,false],"woocommerce_thumbnail":["https:\/\/www.megastitch.eu\/wp-content\/uploads\/2019\/02\/mal4-7.png",299,298,false],"woocommerce_single":["https:\/\/www.megastitch.eu\/wp-content\/uploads\/2019\/02\/mal4-7.png",299,298,false],"woocommerce_gallery_thumbnail":["https:\/\/www.megastitch.eu\/wp-content\/uploads\/2019\/02\/mal4-7-100x100.png",100,100,true]},"uagb_author_info":{"display_name":"Ludmila Mikusikova","author_link":"https:\/\/www.megastitch.eu\/cs\/author\/"},"uagb_comment_info":0,"uagb_excerpt":"Podzim barv\u00ed listy do r\u016fzn\u00fdch \u010darokr\u00e1sn\u00fdch barev. Takto barevnou scen\u00e9rii si m\u016f\u017eete vychutnat na magnetick\u00e9m jeheln\u00ed\u010dku s malovan\u00fdm obr\u00e1zkem podzimn\u00edho list\u00ed.Pevn\u00fd neodymov\u00fd magnet spln\u00ed svoji \u00falohu dokonale a vy u\u017e nebudete m\u00edt starost o svoje jehly a n\u016f\u017eti\u010dky.","_links":{"self":[{"href":"https:\/\/www.megastitch.eu\/cs\/wp-json\/wp\/v2\/product\/1483"}],"collection":[{"href":"https:\/\/www.megastitch.eu\/cs\/wp-json\/wp\/v2\/product"}],"about":[{"href":"https:\/\/www.megastitch.eu\/cs\/wp-json\/wp\/v2\/types\/product"}],"replies":[{"embeddable":true,"href":"https:\/\/www.megastitch.eu\/cs\/wp-json\/wp\/v2\/comments?post=1483"}],"wp:featuredmedia":[{"embeddable":true,"href":"https:\/\/www.megastitch.eu\/cs\/wp-json\/wp\/v2\/media\/498"}],"wp:attachment":[{"href":"https:\/\/www.megastitch.eu\/cs\/wp-json\/wp\/v2\/media?parent=1483"}],"wp:term":[{"taxonomy":"product_cat","embeddable":true,"href":"https:\/\/www.megastitch.eu\/cs\/wp-json\/wp\/v2\/product_cat?post=1483"},{"taxonomy":"product_tag","embeddable":true,"href":"https:\/\/www.megastitch.eu\/cs\/wp-json\/wp\/v2\/product_tag?post=1483"}],"curies":[{"name":"wp","href":"https:\/\/api.w.org\/{rel}","templated":true}]}}