	{"id":1504,"date":"2019-02-01T19:42:55","date_gmt":"2019-02-01T18:42:55","guid":{"rendered":"https:\/\/www.megastitch.eu\/obchod\/nezarazene\/pramen-ve-skalach\/"},"modified":"2019-11-15T20:54:36","modified_gmt":"2019-11-15T19:54:36","slug":"pramen-ve-skalach","status":"publish","type":"product","link":"https:\/\/www.megastitch.eu\/cs\/obchod\/magnetky-cs\/malovane-cs\/pramen-ve-skalach\/","title":{"rendered":"Pramen ve skal\u00e1ch"},"content":{"rendered":"<div class=\"nolwrap\"><p>Magnetka na vy\u0161\u00edv\u00e1n\u00ed s obr\u00e1zkem vody pramen\u00edc\u00ed mezi skalami pot\u011b\u0161\u00ed milovn\u00edky p\u0159\u00edrody. Jej\u00ed jemn\u00e9 barvy pohlad\u00ed du\u0161i. Pevn\u00fd neodymov\u00fd magent spln\u00ed svoji \u00falohu dokonale a vy u\u017e nebudete m\u00edt starost o sv\u00e9 jehly a n\u016f\u017eti\u010dky. M\u016f\u017eete se soust\u0159edit na svou pr\u00e1ci a t\u011b\u0161it se na v\u00fdsledek nov\u00e9 v\u00fd\u0161ivky.<\/p>\n<\/div>","protected":false},"excerpt":{"rendered":"<p>Magnetka na vy\u0161\u00edv\u00e1n\u00ed s obr\u00e1zkem vody pramen\u00edc\u00ed mezi skalami pot\u011b\u0161\u00ed milovn\u00edky p\u0159\u00edrody. Jej\u00ed jemn\u00e9 barvy pohlad\u00ed du\u0161i. Pevn\u00fd neodymov\u00fd magent spln\u00ed svoji \u00falohu dokonale a vy u\u017e nebudete m\u00edt starost o sv\u00e9 jehly a n\u016f\u017eti\u010dky. M\u016f\u017eete se soust\u0159edit na svou pr\u00e1ci a t\u011b\u0161it se na v\u00fdsledek nov\u00e9 v\u00fd\u0161ivky.<\/p>\n","protected":false},"featured_media":496,"comment_status":"closed","ping_status":"closed","template":"","meta":{"_uag_custom_page_level_css":"","ngg_post_thumbnail":0},"product_cat":[87,92,93],"product_tag":[81],"aioseo_notices":[],"featured_image_urls":{"full":["https:\/\/www.megastitch.eu\/wp-content\/uploads\/2019\/02\/mal4-6.png",298,298,false],"thumbnail":["https:\/\/www.megastitch.eu\/wp-content\/uploads\/2019\/02\/mal4-6-150x150.png",150,150,true],"medium":["https:\/\/www.megastitch.eu\/wp-content\/uploads\/2019\/02\/mal4-6.png",298,298,false],"medium_large":["https:\/\/www.megastitch.eu\/wp-content\/uploads\/2019\/02\/mal4-6.png",298,298,false],"large":["https:\/\/www.megastitch.eu\/wp-content\/uploads\/2019\/02\/mal4-6.png",298,298,false],"1536x1536":["https:\/\/www.megastitch.eu\/wp-content\/uploads\/2019\/02\/mal4-6.png",298,298,false],"2048x2048":["https:\/\/www.megastitch.eu\/wp-content\/uploads\/2019\/02\/mal4-6.png",298,298,false],"ultp_layout_landscape_large":["https:\/\/www.megastitch.eu\/wp-content\/uploads\/2019\/02\/mal4-6.png",298,298,false],"ultp_layout_landscape":["https:\/\/www.megastitch.eu\/wp-content\/uploads\/2019\/02\/mal4-6.png",298,298,false],"ultp_layout_portrait":["https:\/\/www.megastitch.eu\/wp-content\/uploads\/2019\/02\/mal4-6.png",298,298,false],"ultp_layout_square":["https:\/\/www.megastitch.eu\/wp-content\/uploads\/2019\/02\/mal4-6.png",298,298,false],"molla_post-grid":["https:\/\/www.megastitch.eu\/wp-content\/uploads\/2019\/02\/mal4-6.png",267,267,false],"woocommerce_thumbnail":["https:\/\/www.megastitch.eu\/wp-content\/uploads\/2019\/02\/mal4-6.png",298,298,false],"woocommerce_single":["https:\/\/www.megastitch.eu\/wp-content\/uploads\/2019\/02\/mal4-6.png",298,298,false],"woocommerce_gallery_thumbnail":["https:\/\/www.megastitch.eu\/wp-content\/uploads\/2019\/02\/mal4-6-100x100.png",100,100,true]},"post_excerpt_stackable":"<p>Magnetka na vy\u0161\u00edv\u00e1n\u00ed s obr\u00e1zkem vody pramen\u00edc\u00ed mezi skalami pot\u011b\u0161\u00ed milovn\u00edky p\u0159\u00edrody. Jej\u00ed jemn\u00e9 barvy pohlad\u00ed du\u0161i. Pevn\u00fd neodymov\u00fd magent spln\u00ed svoji \u00falohu dokonale a vy u\u017e nebudete m\u00edt starost o sv\u00e9 jehly a n\u016f\u017eti\u010dky. M\u016f\u017eete se soust\u0159edit na svou pr\u00e1ci a t\u011b\u0161it se na v\u00fdsledek nov\u00e9 v\u00fd\u0161ivky.<\/p>\n","category_list":"","author_info":{"name":"","url":""},"comments_num":"0 comments","featured_image_urls_v2":{"full":["https:\/\/www.megastitch.eu\/wp-content\/uploads\/2019\/02\/mal4-6.png",298,298,false],"thumbnail":["https:\/\/www.megastitch.eu\/wp-content\/uploads\/2019\/02\/mal4-6-150x150.png",150,150,true],"medium":["https:\/\/www.megastitch.eu\/wp-content\/uploads\/2019\/02\/mal4-6.png",298,298,false],"medium_large":["https:\/\/www.megastitch.eu\/wp-content\/uploads\/2019\/02\/mal4-6.png",298,298,false],"large":["https:\/\/www.megastitch.eu\/wp-content\/uploads\/2019\/02\/mal4-6.png",298,298,false],"1536x1536":["https:\/\/www.megastitch.eu\/wp-content\/uploads\/2019\/02\/mal4-6.png",298,298,false],"2048x2048":["https:\/\/www.megastitch.eu\/wp-content\/uploads\/2019\/02\/mal4-6.png",298,298,false],"ultp_layout_landscape_large":["https:\/\/www.megastitch.eu\/wp-content\/uploads\/2019\/02\/mal4-6.png",298,298,false],"ultp_layout_landscape":["https:\/\/www.megastitch.eu\/wp-content\/uploads\/2019\/02\/mal4-6.png",298,298,false],"ultp_layout_portrait":["https:\/\/www.megastitch.eu\/wp-content\/uploads\/2019\/02\/mal4-6.png",298,298,false],"ultp_layout_square":["https:\/\/www.megastitch.eu\/wp-content\/uploads\/2019\/02\/mal4-6.png",298,298,false],"molla_post-grid":["https:\/\/www.megastitch.eu\/wp-content\/uploads\/2019\/02\/mal4-6.png",267,267,false],"woocommerce_thumbnail":["https:\/\/www.megastitch.eu\/wp-content\/uploads\/2019\/02\/mal4-6.png",298,298,false],"woocommerce_single":["https:\/\/www.megastitch.eu\/wp-content\/uploads\/2019\/02\/mal4-6.png",298,298,false],"woocommerce_gallery_thumbnail":["https:\/\/www.megastitch.eu\/wp-content\/uploads\/2019\/02\/mal4-6-100x100.png",100,100,true]},"post_excerpt_stackable_v2":"<p>Magnetka na vy\u0161\u00edv\u00e1n\u00ed s obr\u00e1zkem vody pramen\u00edc\u00ed mezi skalami pot\u011b\u0161\u00ed milovn\u00edky p\u0159\u00edrody. Jej\u00ed jemn\u00e9 barvy pohlad\u00ed du\u0161i. Pevn\u00fd neodymov\u00fd magent spln\u00ed svoji \u00falohu dokonale a vy u\u017e nebudete m\u00edt starost o sv\u00e9 jehly a n\u016f\u017eti\u010dky. M\u016f\u017eete se soust\u0159edit na svou pr\u00e1ci a t\u011b\u0161it se na v\u00fdsledek nov\u00e9 v\u00fd\u0161ivky.<\/p>\n","category_list_v2":"","author_info_v2":{"name":"","url":""},"comments_num_v2":"0 comments","uagb_featured_image_src":{"full":["https:\/\/www.megastitch.eu\/wp-content\/uploads\/2019\/02\/mal4-6.png",298,298,false],"thumbnail":["https:\/\/www.megastitch.eu\/wp-content\/uploads\/2019\/02\/mal4-6-150x150.png",150,150,true],"medium":["https:\/\/www.megastitch.eu\/wp-content\/uploads\/2019\/02\/mal4-6.png",298,298,false],"medium_large":["https:\/\/www.megastitch.eu\/wp-content\/uploads\/2019\/02\/mal4-6.png",298,298,false],"large":["https:\/\/www.megastitch.eu\/wp-content\/uploads\/2019\/02\/mal4-6.png",298,298,false],"1536x1536":["https:\/\/www.megastitch.eu\/wp-content\/uploads\/2019\/02\/mal4-6.png",298,298,false],"2048x2048":["https:\/\/www.megastitch.eu\/wp-content\/uploads\/2019\/02\/mal4-6.png",298,298,false],"ultp_layout_landscape_large":["https:\/\/www.megastitch.eu\/wp-content\/uploads\/2019\/02\/mal4-6.png",298,298,false],"ultp_layout_landscape":["https:\/\/www.megastitch.eu\/wp-content\/uploads\/2019\/02\/mal4-6.png",298,298,false],"ultp_layout_portrait":["https:\/\/www.megastitch.eu\/wp-content\/uploads\/2019\/02\/mal4-6.png",298,298,false],"ultp_layout_square":["https:\/\/www.megastitch.eu\/wp-content\/uploads\/2019\/02\/mal4-6.png",298,298,false],"molla_post-grid":["https:\/\/www.megastitch.eu\/wp-content\/uploads\/2019\/02\/mal4-6.png",267,267,false],"woocommerce_thumbnail":["https:\/\/www.megastitch.eu\/wp-content\/uploads\/2019\/02\/mal4-6.png",298,298,false],"woocommerce_single":["https:\/\/www.megastitch.eu\/wp-content\/uploads\/2019\/02\/mal4-6.png",298,298,false],"woocommerce_gallery_thumbnail":["https:\/\/www.megastitch.eu\/wp-content\/uploads\/2019\/02\/mal4-6-100x100.png",100,100,true]},"uagb_author_info":{"display_name":"Ludmila Mikusikova","author_link":"https:\/\/www.megastitch.eu\/cs\/author\/"},"uagb_comment_info":0,"uagb_excerpt":"Magnetka na vy\u0161\u00edv\u00e1n\u00ed s obr\u00e1zkem vody pramen\u00edc\u00ed mezi skalami pot\u011b\u0161\u00ed milovn\u00edky p\u0159\u00edrody. Jej\u00ed jemn\u00e9 barvy pohlad\u00ed du\u0161i. Pevn\u00fd neodymov\u00fd magent spln\u00ed svoji \u00falohu dokonale a vy u\u017e nebudete m\u00edt starost o sv\u00e9 jehly a n\u016f\u017eti\u010dky. M\u016f\u017eete se soust\u0159edit na svou pr\u00e1ci a t\u011b\u0161it se na v\u00fdsledek nov\u00e9 v\u00fd\u0161ivky.","_links":{"self":[{"href":"https:\/\/www.megastitch.eu\/cs\/wp-json\/wp\/v2\/product\/1504"}],"collection":[{"href":"https:\/\/www.megastitch.eu\/cs\/wp-json\/wp\/v2\/product"}],"about":[{"href":"https:\/\/www.megastitch.eu\/cs\/wp-json\/wp\/v2\/types\/product"}],"replies":[{"embeddable":true,"href":"https:\/\/www.megastitch.eu\/cs\/wp-json\/wp\/v2\/comments?post=1504"}],"wp:featuredmedia":[{"embeddable":true,"href":"https:\/\/www.megastitch.eu\/cs\/wp-json\/wp\/v2\/media\/496"}],"wp:attachment":[{"href":"https:\/\/www.megastitch.eu\/cs\/wp-json\/wp\/v2\/media?parent=1504"}],"wp:term":[{"taxonomy":"product_cat","embeddable":true,"href":"https:\/\/www.megastitch.eu\/cs\/wp-json\/wp\/v2\/product_cat?post=1504"},{"taxonomy":"product_tag","embeddable":true,"href":"https:\/\/www.megastitch.eu\/cs\/wp-json\/wp\/v2\/product_tag?post=1504"}],"curies":[{"name":"wp","href":"https:\/\/api.w.org\/{rel}","templated":true}]}}