	{"id":1510,"date":"2019-02-01T19:42:51","date_gmt":"2019-02-01T18:42:51","guid":{"rendered":"https:\/\/www.megastitch.eu\/obchod\/nezarazene\/malovana-strakata-kocka\/"},"modified":"2022-12-18T15:08:10","modified_gmt":"2022-12-18T14:08:10","slug":"malovana-strakata-kocka","status":"publish","type":"product","link":"https:\/\/www.megastitch.eu\/cs\/obchod\/magnetky-cs\/zvirata\/kocky\/malovana-strakata-kocka\/","title":{"rendered":"Malovan\u00e1 strakat\u00e1 ko\u010dka"},"content":{"rendered":"<div class=\"nolwrap\"><p>Magnetka na vy\u0161\u00edv\u00e1n\u00ed s malovan\u00fdm obr\u00e1zkem le\u017e\u00edc\u00ed strakat\u00e9 ko\u010dky pot\u011b\u0161\u00ed sv\u00fdm vzhledem i funkc\u00ed. Pevn\u00fd neodymov\u00fd magnet spln\u00ed svou \u00falohu dokonalea vy u\u017e nebudete m\u00edt starost o sv\u00e9 jehly a n\u016f\u017eti\u010dky. M\u016f\u017eete se pln\u011b soust\u0159edit na svou pr\u00e1ci a t\u011b\u0161it se na v\u00fdsledek nov\u00e9 v\u00fd\u0161ivky.<\/p>\n<\/div>","protected":false},"excerpt":{"rendered":"<p>Magnetka na vy\u0161\u00edv\u00e1n\u00ed s malovan\u00fdm obr\u00e1zkem le\u017e\u00edc\u00ed strakat\u00e9 ko\u010dky pot\u011b\u0161\u00ed sv\u00fdm vzhledem i funkc\u00ed. Pevn\u00fd neodymov\u00fd magnet spln\u00ed svou \u00falohu dokonalea vy u\u017e nebudete m\u00edt starost o sv\u00e9 jehly a n\u016f\u017eti\u010dky. M\u016f\u017eete se pln\u011b soust\u0159edit na svou pr\u00e1ci a t\u011b\u0161it se na v\u00fdsledek nov\u00e9 v\u00fd\u0161ivky.<\/p>\n","protected":false},"featured_media":484,"comment_status":"closed","ping_status":"closed","template":"","meta":{"_uag_custom_page_level_css":"","ngg_post_thumbnail":0},"product_cat":[98,87,92,96],"product_tag":[79],"aioseo_notices":[],"featured_image_urls":{"full":["https:\/\/www.megastitch.eu\/wp-content\/uploads\/2019\/02\/mal3-24.png",298,298,false],"thumbnail":["https:\/\/www.megastitch.eu\/wp-content\/uploads\/2019\/02\/mal3-24-150x150.png",150,150,true],"medium":["https:\/\/www.megastitch.eu\/wp-content\/uploads\/2019\/02\/mal3-24.png",298,298,false],"medium_large":["https:\/\/www.megastitch.eu\/wp-content\/uploads\/2019\/02\/mal3-24.png",298,298,false],"large":["https:\/\/www.megastitch.eu\/wp-content\/uploads\/2019\/02\/mal3-24.png",298,298,false],"1536x1536":["https:\/\/www.megastitch.eu\/wp-content\/uploads\/2019\/02\/mal3-24.png",298,298,false],"2048x2048":["https:\/\/www.megastitch.eu\/wp-content\/uploads\/2019\/02\/mal3-24.png",298,298,false],"ultp_layout_landscape_large":["https:\/\/www.megastitch.eu\/wp-content\/uploads\/2019\/02\/mal3-24.png",298,298,false],"ultp_layout_landscape":["https:\/\/www.megastitch.eu\/wp-content\/uploads\/2019\/02\/mal3-24.png",298,298,false],"ultp_layout_portrait":["https:\/\/www.megastitch.eu\/wp-content\/uploads\/2019\/02\/mal3-24.png",298,298,false],"ultp_layout_square":["https:\/\/www.megastitch.eu\/wp-content\/uploads\/2019\/02\/mal3-24.png",298,298,false],"molla_post-grid":["https:\/\/www.megastitch.eu\/wp-content\/uploads\/2019\/02\/mal3-24.png",267,267,false],"woocommerce_thumbnail":["https:\/\/www.megastitch.eu\/wp-content\/uploads\/2019\/02\/mal3-24.png",298,298,false],"woocommerce_single":["https:\/\/www.megastitch.eu\/wp-content\/uploads\/2019\/02\/mal3-24.png",298,298,false],"woocommerce_gallery_thumbnail":["https:\/\/www.megastitch.eu\/wp-content\/uploads\/2019\/02\/mal3-24-100x100.png",100,100,true]},"post_excerpt_stackable":"<p>Magnetka na vy\u0161\u00edv\u00e1n\u00ed s malovan\u00fdm obr\u00e1zkem le\u017e\u00edc\u00ed strakat\u00e9 ko\u010dky pot\u011b\u0161\u00ed sv\u00fdm vzhledem i funkc\u00ed. Pevn\u00fd neodymov\u00fd magnet spln\u00ed svou \u00falohu dokonalea vy u\u017e nebudete m\u00edt starost o sv\u00e9 jehly a n\u016f\u017eti\u010dky. M\u016f\u017eete se pln\u011b soust\u0159edit na svou pr\u00e1ci a t\u011b\u0161it se na v\u00fdsledek nov\u00e9 v\u00fd\u0161ivky.<\/p>\n","category_list":"","author_info":{"name":"","url":""},"comments_num":"0 comments","featured_image_urls_v2":{"full":["https:\/\/www.megastitch.eu\/wp-content\/uploads\/2019\/02\/mal3-24.png",298,298,false],"thumbnail":["https:\/\/www.megastitch.eu\/wp-content\/uploads\/2019\/02\/mal3-24-150x150.png",150,150,true],"medium":["https:\/\/www.megastitch.eu\/wp-content\/uploads\/2019\/02\/mal3-24.png",298,298,false],"medium_large":["https:\/\/www.megastitch.eu\/wp-content\/uploads\/2019\/02\/mal3-24.png",298,298,false],"large":["https:\/\/www.megastitch.eu\/wp-content\/uploads\/2019\/02\/mal3-24.png",298,298,false],"1536x1536":["https:\/\/www.megastitch.eu\/wp-content\/uploads\/2019\/02\/mal3-24.png",298,298,false],"2048x2048":["https:\/\/www.megastitch.eu\/wp-content\/uploads\/2019\/02\/mal3-24.png",298,298,false],"ultp_layout_landscape_large":["https:\/\/www.megastitch.eu\/wp-content\/uploads\/2019\/02\/mal3-24.png",298,298,false],"ultp_layout_landscape":["https:\/\/www.megastitch.eu\/wp-content\/uploads\/2019\/02\/mal3-24.png",298,298,false],"ultp_layout_portrait":["https:\/\/www.megastitch.eu\/wp-content\/uploads\/2019\/02\/mal3-24.png",298,298,false],"ultp_layout_square":["https:\/\/www.megastitch.eu\/wp-content\/uploads\/2019\/02\/mal3-24.png",298,298,false],"molla_post-grid":["https:\/\/www.megastitch.eu\/wp-content\/uploads\/2019\/02\/mal3-24.png",267,267,false],"woocommerce_thumbnail":["https:\/\/www.megastitch.eu\/wp-content\/uploads\/2019\/02\/mal3-24.png",298,298,false],"woocommerce_single":["https:\/\/www.megastitch.eu\/wp-content\/uploads\/2019\/02\/mal3-24.png",298,298,false],"woocommerce_gallery_thumbnail":["https:\/\/www.megastitch.eu\/wp-content\/uploads\/2019\/02\/mal3-24-100x100.png",100,100,true]},"post_excerpt_stackable_v2":"<p>Magnetka na vy\u0161\u00edv\u00e1n\u00ed s malovan\u00fdm obr\u00e1zkem le\u017e\u00edc\u00ed strakat\u00e9 ko\u010dky pot\u011b\u0161\u00ed sv\u00fdm vzhledem i funkc\u00ed. Pevn\u00fd neodymov\u00fd magnet spln\u00ed svou \u00falohu dokonalea vy u\u017e nebudete m\u00edt starost o sv\u00e9 jehly a n\u016f\u017eti\u010dky. M\u016f\u017eete se pln\u011b soust\u0159edit na svou pr\u00e1ci a t\u011b\u0161it se na v\u00fdsledek nov\u00e9 v\u00fd\u0161ivky.<\/p>\n","category_list_v2":"","author_info_v2":{"name":"","url":""},"comments_num_v2":"0 comments","uagb_featured_image_src":{"full":["https:\/\/www.megastitch.eu\/wp-content\/uploads\/2019\/02\/mal3-24.png",298,298,false],"thumbnail":["https:\/\/www.megastitch.eu\/wp-content\/uploads\/2019\/02\/mal3-24-150x150.png",150,150,true],"medium":["https:\/\/www.megastitch.eu\/wp-content\/uploads\/2019\/02\/mal3-24.png",298,298,false],"medium_large":["https:\/\/www.megastitch.eu\/wp-content\/uploads\/2019\/02\/mal3-24.png",298,298,false],"large":["https:\/\/www.megastitch.eu\/wp-content\/uploads\/2019\/02\/mal3-24.png",298,298,false],"1536x1536":["https:\/\/www.megastitch.eu\/wp-content\/uploads\/2019\/02\/mal3-24.png",298,298,false],"2048x2048":["https:\/\/www.megastitch.eu\/wp-content\/uploads\/2019\/02\/mal3-24.png",298,298,false],"ultp_layout_landscape_large":["https:\/\/www.megastitch.eu\/wp-content\/uploads\/2019\/02\/mal3-24.png",298,298,false],"ultp_layout_landscape":["https:\/\/www.megastitch.eu\/wp-content\/uploads\/2019\/02\/mal3-24.png",298,298,false],"ultp_layout_portrait":["https:\/\/www.megastitch.eu\/wp-content\/uploads\/2019\/02\/mal3-24.png",298,298,false],"ultp_layout_square":["https:\/\/www.megastitch.eu\/wp-content\/uploads\/2019\/02\/mal3-24.png",298,298,false],"molla_post-grid":["https:\/\/www.megastitch.eu\/wp-content\/uploads\/2019\/02\/mal3-24.png",267,267,false],"woocommerce_thumbnail":["https:\/\/www.megastitch.eu\/wp-content\/uploads\/2019\/02\/mal3-24.png",298,298,false],"woocommerce_single":["https:\/\/www.megastitch.eu\/wp-content\/uploads\/2019\/02\/mal3-24.png",298,298,false],"woocommerce_gallery_thumbnail":["https:\/\/www.megastitch.eu\/wp-content\/uploads\/2019\/02\/mal3-24-100x100.png",100,100,true]},"uagb_author_info":{"display_name":"Ludmila Mikusikova","author_link":"https:\/\/www.megastitch.eu\/cs\/author\/"},"uagb_comment_info":0,"uagb_excerpt":"Magnetka na vy\u0161\u00edv\u00e1n\u00ed s malovan\u00fdm obr\u00e1zkem le\u017e\u00edc\u00ed strakat\u00e9 ko\u010dky pot\u011b\u0161\u00ed sv\u00fdm vzhledem i funkc\u00ed. Pevn\u00fd neodymov\u00fd magnet spln\u00ed svou \u00falohu dokonalea vy u\u017e nebudete m\u00edt starost o sv\u00e9 jehly a n\u016f\u017eti\u010dky. M\u016f\u017eete se pln\u011b soust\u0159edit na svou pr\u00e1ci a t\u011b\u0161it se na v\u00fdsledek nov\u00e9 v\u00fd\u0161ivky.","_links":{"self":[{"href":"https:\/\/www.megastitch.eu\/cs\/wp-json\/wp\/v2\/product\/1510"}],"collection":[{"href":"https:\/\/www.megastitch.eu\/cs\/wp-json\/wp\/v2\/product"}],"about":[{"href":"https:\/\/www.megastitch.eu\/cs\/wp-json\/wp\/v2\/types\/product"}],"replies":[{"embeddable":true,"href":"https:\/\/www.megastitch.eu\/cs\/wp-json\/wp\/v2\/comments?post=1510"}],"wp:featuredmedia":[{"embeddable":true,"href":"https:\/\/www.megastitch.eu\/cs\/wp-json\/wp\/v2\/media\/484"}],"wp:attachment":[{"href":"https:\/\/www.megastitch.eu\/cs\/wp-json\/wp\/v2\/media?parent=1510"}],"wp:term":[{"taxonomy":"product_cat","embeddable":true,"href":"https:\/\/www.megastitch.eu\/cs\/wp-json\/wp\/v2\/product_cat?post=1510"},{"taxonomy":"product_tag","embeddable":true,"href":"https:\/\/www.megastitch.eu\/cs\/wp-json\/wp\/v2\/product_tag?post=1510"}],"curies":[{"name":"wp","href":"https:\/\/api.w.org\/{rel}","templated":true}]}}