	{"id":1514,"date":"2019-02-01T19:42:51","date_gmt":"2019-02-01T18:42:51","guid":{"rendered":"https:\/\/www.megastitch.eu\/obchod\/nezarazene\/strakate-kote\/"},"modified":"2022-12-18T15:08:09","modified_gmt":"2022-12-18T14:08:09","slug":"strakate-kote","status":"publish","type":"product","link":"https:\/\/www.megastitch.eu\/cs\/obchod\/magnetky-cs\/zvirata\/kocky\/strakate-kote\/","title":{"rendered":"Strakat\u00e9 kot\u011b"},"content":{"rendered":"<div class=\"nolwrap\"><p>Malovan\u00fd obr\u00e1zek strakat\u00e9ho kot\u011bte zobrazen\u00fd na t\u00e9to magnetce na dr\u017een\u00ed jehel p\u0159i vy\u0161\u00edv\u00e1n\u00ed je jako stvo\u0159en\u00fd pro v\u0161echny milovn\u00edky ko\u010dek. Siln\u00fd neodymov\u00fd magnet v magnetce bude skv\u011bl\u00fdm pomocn\u00edkem p\u0159i vy\u0161\u00edv\u00e1n\u00ed, proto\u017ee dok\u00e1\u017ee pevn\u011b udr\u017eet na sv\u00e9m m\u00edst\u011b nejen vy\u0161\u00edvac\u00ed jehly, ale i va\u0161e n\u016f\u017eti\u010dky.<\/p>\n<\/div>","protected":false},"excerpt":{"rendered":"<p>Malovan\u00fd obr\u00e1zek strakat\u00e9ho kot\u011bte zobrazen\u00fd na t\u00e9to magnetce na dr\u017een\u00ed jehel p\u0159i vy\u0161\u00edv\u00e1n\u00ed je jako stvo\u0159en\u00fd pro v\u0161echny milovn\u00edky ko\u010dek. Siln\u00fd neodymov\u00fd magnet v magnetce bude skv\u011bl\u00fdm pomocn\u00edkem p\u0159i vy\u0161\u00edv\u00e1n\u00ed, proto\u017ee dok\u00e1\u017ee pevn\u011b udr\u017eet na sv\u00e9m m\u00edst\u011b nejen vy\u0161\u00edvac\u00ed jehly, ale i va\u0161e n\u016f\u017eti\u010dky.<\/p>\n","protected":false},"featured_media":1157,"comment_status":"closed","ping_status":"closed","template":"","meta":{"_uag_custom_page_level_css":"","ngg_post_thumbnail":0},"product_cat":[98,87,92,96],"product_tag":[79],"aioseo_notices":[],"featured_image_urls":{"full":["https:\/\/www.megastitch.eu\/wp-content\/uploads\/2019\/02\/mal3-21.png",298,298,false],"thumbnail":["https:\/\/www.megastitch.eu\/wp-content\/uploads\/2019\/02\/mal3-21-150x150.png",150,150,true],"medium":["https:\/\/www.megastitch.eu\/wp-content\/uploads\/2019\/02\/mal3-21.png",298,298,false],"medium_large":["https:\/\/www.megastitch.eu\/wp-content\/uploads\/2019\/02\/mal3-21.png",298,298,false],"large":["https:\/\/www.megastitch.eu\/wp-content\/uploads\/2019\/02\/mal3-21.png",298,298,false],"1536x1536":["https:\/\/www.megastitch.eu\/wp-content\/uploads\/2019\/02\/mal3-21.png",298,298,false],"2048x2048":["https:\/\/www.megastitch.eu\/wp-content\/uploads\/2019\/02\/mal3-21.png",298,298,false],"ultp_layout_landscape_large":["https:\/\/www.megastitch.eu\/wp-content\/uploads\/2019\/02\/mal3-21.png",298,298,false],"ultp_layout_landscape":["https:\/\/www.megastitch.eu\/wp-content\/uploads\/2019\/02\/mal3-21.png",298,298,false],"ultp_layout_portrait":["https:\/\/www.megastitch.eu\/wp-content\/uploads\/2019\/02\/mal3-21.png",298,298,false],"ultp_layout_square":["https:\/\/www.megastitch.eu\/wp-content\/uploads\/2019\/02\/mal3-21.png",298,298,false],"molla_post-grid":["https:\/\/www.megastitch.eu\/wp-content\/uploads\/2019\/02\/mal3-21.png",267,267,false],"woocommerce_thumbnail":["https:\/\/www.megastitch.eu\/wp-content\/uploads\/2019\/02\/mal3-21.png",298,298,false],"woocommerce_single":["https:\/\/www.megastitch.eu\/wp-content\/uploads\/2019\/02\/mal3-21.png",298,298,false],"woocommerce_gallery_thumbnail":["https:\/\/www.megastitch.eu\/wp-content\/uploads\/2019\/02\/mal3-21-100x100.png",100,100,true]},"post_excerpt_stackable":"<p>Malovan\u00fd obr\u00e1zek strakat\u00e9ho kot\u011bte zobrazen\u00fd na t\u00e9to magnetce na dr\u017een\u00ed jehel p\u0159i vy\u0161\u00edv\u00e1n\u00ed je jako stvo\u0159en\u00fd pro v\u0161echny milovn\u00edky ko\u010dek. Siln\u00fd neodymov\u00fd magnet v magnetce bude skv\u011bl\u00fdm pomocn\u00edkem p\u0159i vy\u0161\u00edv\u00e1n\u00ed, proto\u017ee dok\u00e1\u017ee pevn\u011b udr\u017eet na sv\u00e9m m\u00edst\u011b nejen vy\u0161\u00edvac\u00ed jehly, ale i va\u0161e n\u016f\u017eti\u010dky.<\/p>\n","category_list":"","author_info":{"name":"","url":""},"comments_num":"0 comments","featured_image_urls_v2":{"full":["https:\/\/www.megastitch.eu\/wp-content\/uploads\/2019\/02\/mal3-21.png",298,298,false],"thumbnail":["https:\/\/www.megastitch.eu\/wp-content\/uploads\/2019\/02\/mal3-21-150x150.png",150,150,true],"medium":["https:\/\/www.megastitch.eu\/wp-content\/uploads\/2019\/02\/mal3-21.png",298,298,false],"medium_large":["https:\/\/www.megastitch.eu\/wp-content\/uploads\/2019\/02\/mal3-21.png",298,298,false],"large":["https:\/\/www.megastitch.eu\/wp-content\/uploads\/2019\/02\/mal3-21.png",298,298,false],"1536x1536":["https:\/\/www.megastitch.eu\/wp-content\/uploads\/2019\/02\/mal3-21.png",298,298,false],"2048x2048":["https:\/\/www.megastitch.eu\/wp-content\/uploads\/2019\/02\/mal3-21.png",298,298,false],"ultp_layout_landscape_large":["https:\/\/www.megastitch.eu\/wp-content\/uploads\/2019\/02\/mal3-21.png",298,298,false],"ultp_layout_landscape":["https:\/\/www.megastitch.eu\/wp-content\/uploads\/2019\/02\/mal3-21.png",298,298,false],"ultp_layout_portrait":["https:\/\/www.megastitch.eu\/wp-content\/uploads\/2019\/02\/mal3-21.png",298,298,false],"ultp_layout_square":["https:\/\/www.megastitch.eu\/wp-content\/uploads\/2019\/02\/mal3-21.png",298,298,false],"molla_post-grid":["https:\/\/www.megastitch.eu\/wp-content\/uploads\/2019\/02\/mal3-21.png",267,267,false],"woocommerce_thumbnail":["https:\/\/www.megastitch.eu\/wp-content\/uploads\/2019\/02\/mal3-21.png",298,298,false],"woocommerce_single":["https:\/\/www.megastitch.eu\/wp-content\/uploads\/2019\/02\/mal3-21.png",298,298,false],"woocommerce_gallery_thumbnail":["https:\/\/www.megastitch.eu\/wp-content\/uploads\/2019\/02\/mal3-21-100x100.png",100,100,true]},"post_excerpt_stackable_v2":"<p>Malovan\u00fd obr\u00e1zek strakat\u00e9ho kot\u011bte zobrazen\u00fd na t\u00e9to magnetce na dr\u017een\u00ed jehel p\u0159i vy\u0161\u00edv\u00e1n\u00ed je jako stvo\u0159en\u00fd pro v\u0161echny milovn\u00edky ko\u010dek. Siln\u00fd neodymov\u00fd magnet v magnetce bude skv\u011bl\u00fdm pomocn\u00edkem p\u0159i vy\u0161\u00edv\u00e1n\u00ed, proto\u017ee dok\u00e1\u017ee pevn\u011b udr\u017eet na sv\u00e9m m\u00edst\u011b nejen vy\u0161\u00edvac\u00ed jehly, ale i va\u0161e n\u016f\u017eti\u010dky.<\/p>\n","category_list_v2":"","author_info_v2":{"name":"","url":""},"comments_num_v2":"0 comments","uagb_featured_image_src":{"full":["https:\/\/www.megastitch.eu\/wp-content\/uploads\/2019\/02\/mal3-21.png",298,298,false],"thumbnail":["https:\/\/www.megastitch.eu\/wp-content\/uploads\/2019\/02\/mal3-21-150x150.png",150,150,true],"medium":["https:\/\/www.megastitch.eu\/wp-content\/uploads\/2019\/02\/mal3-21.png",298,298,false],"medium_large":["https:\/\/www.megastitch.eu\/wp-content\/uploads\/2019\/02\/mal3-21.png",298,298,false],"large":["https:\/\/www.megastitch.eu\/wp-content\/uploads\/2019\/02\/mal3-21.png",298,298,false],"1536x1536":["https:\/\/www.megastitch.eu\/wp-content\/uploads\/2019\/02\/mal3-21.png",298,298,false],"2048x2048":["https:\/\/www.megastitch.eu\/wp-content\/uploads\/2019\/02\/mal3-21.png",298,298,false],"ultp_layout_landscape_large":["https:\/\/www.megastitch.eu\/wp-content\/uploads\/2019\/02\/mal3-21.png",298,298,false],"ultp_layout_landscape":["https:\/\/www.megastitch.eu\/wp-content\/uploads\/2019\/02\/mal3-21.png",298,298,false],"ultp_layout_portrait":["https:\/\/www.megastitch.eu\/wp-content\/uploads\/2019\/02\/mal3-21.png",298,298,false],"ultp_layout_square":["https:\/\/www.megastitch.eu\/wp-content\/uploads\/2019\/02\/mal3-21.png",298,298,false],"molla_post-grid":["https:\/\/www.megastitch.eu\/wp-content\/uploads\/2019\/02\/mal3-21.png",267,267,false],"woocommerce_thumbnail":["https:\/\/www.megastitch.eu\/wp-content\/uploads\/2019\/02\/mal3-21.png",298,298,false],"woocommerce_single":["https:\/\/www.megastitch.eu\/wp-content\/uploads\/2019\/02\/mal3-21.png",298,298,false],"woocommerce_gallery_thumbnail":["https:\/\/www.megastitch.eu\/wp-content\/uploads\/2019\/02\/mal3-21-100x100.png",100,100,true]},"uagb_author_info":{"display_name":"Ludmila Mikusikova","author_link":"https:\/\/www.megastitch.eu\/cs\/author\/"},"uagb_comment_info":0,"uagb_excerpt":"Malovan\u00fd obr\u00e1zek strakat\u00e9ho kot\u011bte zobrazen\u00fd na t\u00e9to magnetce na dr\u017een\u00ed jehel p\u0159i vy\u0161\u00edv\u00e1n\u00ed je jako stvo\u0159en\u00fd pro v\u0161echny milovn\u00edky ko\u010dek. Siln\u00fd neodymov\u00fd magnet v magnetce bude skv\u011bl\u00fdm pomocn\u00edkem p\u0159i vy\u0161\u00edv\u00e1n\u00ed, proto\u017ee dok\u00e1\u017ee pevn\u011b udr\u017eet na sv\u00e9m m\u00edst\u011b nejen vy\u0161\u00edvac\u00ed jehly, ale i va\u0161e n\u016f\u017eti\u010dky.","_links":{"self":[{"href":"https:\/\/www.megastitch.eu\/cs\/wp-json\/wp\/v2\/product\/1514"}],"collection":[{"href":"https:\/\/www.megastitch.eu\/cs\/wp-json\/wp\/v2\/product"}],"about":[{"href":"https:\/\/www.megastitch.eu\/cs\/wp-json\/wp\/v2\/types\/product"}],"replies":[{"embeddable":true,"href":"https:\/\/www.megastitch.eu\/cs\/wp-json\/wp\/v2\/comments?post=1514"}],"wp:featuredmedia":[{"embeddable":true,"href":"https:\/\/www.megastitch.eu\/cs\/wp-json\/wp\/v2\/media\/1157"}],"wp:attachment":[{"href":"https:\/\/www.megastitch.eu\/cs\/wp-json\/wp\/v2\/media?parent=1514"}],"wp:term":[{"taxonomy":"product_cat","embeddable":true,"href":"https:\/\/www.megastitch.eu\/cs\/wp-json\/wp\/v2\/product_cat?post=1514"},{"taxonomy":"product_tag","embeddable":true,"href":"https:\/\/www.megastitch.eu\/cs\/wp-json\/wp\/v2\/product_tag?post=1514"}],"curies":[{"name":"wp","href":"https:\/\/api.w.org\/{rel}","templated":true}]}}