	{"id":1516,"date":"2019-02-01T19:42:51","date_gmt":"2019-02-01T18:42:51","guid":{"rendered":"https:\/\/www.megastitch.eu\/obchod\/nezarazene\/bila-kocka\/"},"modified":"2019-11-16T18:21:54","modified_gmt":"2019-11-16T17:21:54","slug":"bila-kocka","status":"publish","type":"product","link":"https:\/\/www.megastitch.eu\/cs\/obchod\/magnetky-cs\/zvirata\/kocky\/bila-kocka\/","title":{"rendered":"B\u00edl\u00e1 ko\u010dka"},"content":{"rendered":"<div class=\"nolwrap\"><p>Tento jemn\u00fd malovan\u00fd obr\u00e1zek b\u00edl\u00e9 modrook\u00e9 ko\u010dky na magnetick\u00e9m jeheln\u00ed\u010dku je jako stvo\u0159en\u00fd pro milovn\u00edky zv\u00ed\u0159at. Kvalitn\u00fd neodymov\u00fd magnet pevn\u011b udr\u017e\u00ed va\u0161e jehly a n\u016f\u017eti\u010dky na sv\u00e9m m\u00edst\u011b. Pot\u011b\u0161te se kr\u00e1sou a z\u00e1rove\u0148 silou t\u00e9to magnetky na vy\u0161\u00edv\u00e1n\u00ed.<\/p>\n<\/div>","protected":false},"excerpt":{"rendered":"<p>Tento jemn\u00fd malovan\u00fd obr\u00e1zek b\u00edl\u00e9 modrook\u00e9 ko\u010dky na magnetick\u00e9m jeheln\u00ed\u010dku je jako stvo\u0159en\u00fd pro milovn\u00edky zv\u00ed\u0159at. Kvalitn\u00fd neodymov\u00fd magnet pevn\u011b udr\u017e\u00ed va\u0161e jehly a n\u016f\u017eti\u010dky na sv\u00e9m m\u00edst\u011b. Pot\u011b\u0161te se kr\u00e1sou a z\u00e1rove\u0148 silou t\u00e9to magnetky na vy\u0161\u00edv\u00e1n\u00ed.<\/p>\n","protected":false},"featured_media":474,"comment_status":"closed","ping_status":"closed","template":"","meta":{"_uag_custom_page_level_css":"","ngg_post_thumbnail":0},"product_cat":[98,87,92,96],"product_tag":[79],"aioseo_notices":[],"featured_image_urls":{"full":["https:\/\/www.megastitch.eu\/wp-content\/uploads\/2019\/02\/mal3-19.png",299,298,false],"thumbnail":["https:\/\/www.megastitch.eu\/wp-content\/uploads\/2019\/02\/mal3-19-150x150.png",150,150,true],"medium":["https:\/\/www.megastitch.eu\/wp-content\/uploads\/2019\/02\/mal3-19.png",299,298,false],"medium_large":["https:\/\/www.megastitch.eu\/wp-content\/uploads\/2019\/02\/mal3-19.png",299,298,false],"large":["https:\/\/www.megastitch.eu\/wp-content\/uploads\/2019\/02\/mal3-19.png",299,298,false],"1536x1536":["https:\/\/www.megastitch.eu\/wp-content\/uploads\/2019\/02\/mal3-19.png",299,298,false],"2048x2048":["https:\/\/www.megastitch.eu\/wp-content\/uploads\/2019\/02\/mal3-19.png",299,298,false],"ultp_layout_landscape_large":["https:\/\/www.megastitch.eu\/wp-content\/uploads\/2019\/02\/mal3-19.png",299,298,false],"ultp_layout_landscape":["https:\/\/www.megastitch.eu\/wp-content\/uploads\/2019\/02\/mal3-19.png",299,298,false],"ultp_layout_portrait":["https:\/\/www.megastitch.eu\/wp-content\/uploads\/2019\/02\/mal3-19.png",299,298,false],"ultp_layout_square":["https:\/\/www.megastitch.eu\/wp-content\/uploads\/2019\/02\/mal3-19.png",299,298,false],"molla_post-grid":["https:\/\/www.megastitch.eu\/wp-content\/uploads\/2019\/02\/mal3-19.png",268,267,false],"woocommerce_thumbnail":["https:\/\/www.megastitch.eu\/wp-content\/uploads\/2019\/02\/mal3-19.png",299,298,false],"woocommerce_single":["https:\/\/www.megastitch.eu\/wp-content\/uploads\/2019\/02\/mal3-19.png",299,298,false],"woocommerce_gallery_thumbnail":["https:\/\/www.megastitch.eu\/wp-content\/uploads\/2019\/02\/mal3-19-100x100.png",100,100,true]},"post_excerpt_stackable":"<p>Tento jemn\u00fd malovan\u00fd obr\u00e1zek b\u00edl\u00e9 modrook\u00e9 ko\u010dky na magnetick\u00e9m jeheln\u00ed\u010dku je jako stvo\u0159en\u00fd pro milovn\u00edky zv\u00ed\u0159at. Kvalitn\u00fd neodymov\u00fd magnet pevn\u011b udr\u017e\u00ed va\u0161e jehly a n\u016f\u017eti\u010dky na sv\u00e9m m\u00edst\u011b. Pot\u011b\u0161te se kr\u00e1sou a z\u00e1rove\u0148 silou t\u00e9to magnetky na vy\u0161\u00edv\u00e1n\u00ed.<\/p>\n","category_list":"","author_info":{"name":"","url":""},"comments_num":"0 comments","featured_image_urls_v2":{"full":["https:\/\/www.megastitch.eu\/wp-content\/uploads\/2019\/02\/mal3-19.png",299,298,false],"thumbnail":["https:\/\/www.megastitch.eu\/wp-content\/uploads\/2019\/02\/mal3-19-150x150.png",150,150,true],"medium":["https:\/\/www.megastitch.eu\/wp-content\/uploads\/2019\/02\/mal3-19.png",299,298,false],"medium_large":["https:\/\/www.megastitch.eu\/wp-content\/uploads\/2019\/02\/mal3-19.png",299,298,false],"large":["https:\/\/www.megastitch.eu\/wp-content\/uploads\/2019\/02\/mal3-19.png",299,298,false],"1536x1536":["https:\/\/www.megastitch.eu\/wp-content\/uploads\/2019\/02\/mal3-19.png",299,298,false],"2048x2048":["https:\/\/www.megastitch.eu\/wp-content\/uploads\/2019\/02\/mal3-19.png",299,298,false],"ultp_layout_landscape_large":["https:\/\/www.megastitch.eu\/wp-content\/uploads\/2019\/02\/mal3-19.png",299,298,false],"ultp_layout_landscape":["https:\/\/www.megastitch.eu\/wp-content\/uploads\/2019\/02\/mal3-19.png",299,298,false],"ultp_layout_portrait":["https:\/\/www.megastitch.eu\/wp-content\/uploads\/2019\/02\/mal3-19.png",299,298,false],"ultp_layout_square":["https:\/\/www.megastitch.eu\/wp-content\/uploads\/2019\/02\/mal3-19.png",299,298,false],"molla_post-grid":["https:\/\/www.megastitch.eu\/wp-content\/uploads\/2019\/02\/mal3-19.png",268,267,false],"woocommerce_thumbnail":["https:\/\/www.megastitch.eu\/wp-content\/uploads\/2019\/02\/mal3-19.png",299,298,false],"woocommerce_single":["https:\/\/www.megastitch.eu\/wp-content\/uploads\/2019\/02\/mal3-19.png",299,298,false],"woocommerce_gallery_thumbnail":["https:\/\/www.megastitch.eu\/wp-content\/uploads\/2019\/02\/mal3-19-100x100.png",100,100,true]},"post_excerpt_stackable_v2":"<p>Tento jemn\u00fd malovan\u00fd obr\u00e1zek b\u00edl\u00e9 modrook\u00e9 ko\u010dky na magnetick\u00e9m jeheln\u00ed\u010dku je jako stvo\u0159en\u00fd pro milovn\u00edky zv\u00ed\u0159at. Kvalitn\u00fd neodymov\u00fd magnet pevn\u011b udr\u017e\u00ed va\u0161e jehly a n\u016f\u017eti\u010dky na sv\u00e9m m\u00edst\u011b. Pot\u011b\u0161te se kr\u00e1sou a z\u00e1rove\u0148 silou t\u00e9to magnetky na vy\u0161\u00edv\u00e1n\u00ed.<\/p>\n","category_list_v2":"","author_info_v2":{"name":"","url":""},"comments_num_v2":"0 comments","uagb_featured_image_src":{"full":["https:\/\/www.megastitch.eu\/wp-content\/uploads\/2019\/02\/mal3-19.png",299,298,false],"thumbnail":["https:\/\/www.megastitch.eu\/wp-content\/uploads\/2019\/02\/mal3-19-150x150.png",150,150,true],"medium":["https:\/\/www.megastitch.eu\/wp-content\/uploads\/2019\/02\/mal3-19.png",299,298,false],"medium_large":["https:\/\/www.megastitch.eu\/wp-content\/uploads\/2019\/02\/mal3-19.png",299,298,false],"large":["https:\/\/www.megastitch.eu\/wp-content\/uploads\/2019\/02\/mal3-19.png",299,298,false],"1536x1536":["https:\/\/www.megastitch.eu\/wp-content\/uploads\/2019\/02\/mal3-19.png",299,298,false],"2048x2048":["https:\/\/www.megastitch.eu\/wp-content\/uploads\/2019\/02\/mal3-19.png",299,298,false],"ultp_layout_landscape_large":["https:\/\/www.megastitch.eu\/wp-content\/uploads\/2019\/02\/mal3-19.png",299,298,false],"ultp_layout_landscape":["https:\/\/www.megastitch.eu\/wp-content\/uploads\/2019\/02\/mal3-19.png",299,298,false],"ultp_layout_portrait":["https:\/\/www.megastitch.eu\/wp-content\/uploads\/2019\/02\/mal3-19.png",299,298,false],"ultp_layout_square":["https:\/\/www.megastitch.eu\/wp-content\/uploads\/2019\/02\/mal3-19.png",299,298,false],"molla_post-grid":["https:\/\/www.megastitch.eu\/wp-content\/uploads\/2019\/02\/mal3-19.png",268,267,false],"woocommerce_thumbnail":["https:\/\/www.megastitch.eu\/wp-content\/uploads\/2019\/02\/mal3-19.png",299,298,false],"woocommerce_single":["https:\/\/www.megastitch.eu\/wp-content\/uploads\/2019\/02\/mal3-19.png",299,298,false],"woocommerce_gallery_thumbnail":["https:\/\/www.megastitch.eu\/wp-content\/uploads\/2019\/02\/mal3-19-100x100.png",100,100,true]},"uagb_author_info":{"display_name":"Ludmila Mikusikova","author_link":"https:\/\/www.megastitch.eu\/cs\/author\/"},"uagb_comment_info":0,"uagb_excerpt":"Tento jemn\u00fd malovan\u00fd obr\u00e1zek b\u00edl\u00e9 modrook\u00e9 ko\u010dky na magnetick\u00e9m jeheln\u00ed\u010dku je jako stvo\u0159en\u00fd pro milovn\u00edky zv\u00ed\u0159at. Kvalitn\u00fd neodymov\u00fd magnet pevn\u011b udr\u017e\u00ed va\u0161e jehly a n\u016f\u017eti\u010dky na sv\u00e9m m\u00edst\u011b. Pot\u011b\u0161te se kr\u00e1sou a z\u00e1rove\u0148 silou t\u00e9to magnetky na vy\u0161\u00edv\u00e1n\u00ed.","_links":{"self":[{"href":"https:\/\/www.megastitch.eu\/cs\/wp-json\/wp\/v2\/product\/1516"}],"collection":[{"href":"https:\/\/www.megastitch.eu\/cs\/wp-json\/wp\/v2\/product"}],"about":[{"href":"https:\/\/www.megastitch.eu\/cs\/wp-json\/wp\/v2\/types\/product"}],"replies":[{"embeddable":true,"href":"https:\/\/www.megastitch.eu\/cs\/wp-json\/wp\/v2\/comments?post=1516"}],"wp:featuredmedia":[{"embeddable":true,"href":"https:\/\/www.megastitch.eu\/cs\/wp-json\/wp\/v2\/media\/474"}],"wp:attachment":[{"href":"https:\/\/www.megastitch.eu\/cs\/wp-json\/wp\/v2\/media?parent=1516"}],"wp:term":[{"taxonomy":"product_cat","embeddable":true,"href":"https:\/\/www.megastitch.eu\/cs\/wp-json\/wp\/v2\/product_cat?post=1516"},{"taxonomy":"product_tag","embeddable":true,"href":"https:\/\/www.megastitch.eu\/cs\/wp-json\/wp\/v2\/product_tag?post=1516"}],"curies":[{"name":"wp","href":"https:\/\/api.w.org\/{rel}","templated":true}]}}