	{"id":1532,"date":"2019-02-01T19:42:48","date_gmt":"2019-02-01T18:42:48","guid":{"rendered":"https:\/\/www.megastitch.eu\/obchod\/nezarazene\/cernobile-stenatko\/"},"modified":"2019-11-16T19:41:45","modified_gmt":"2019-11-16T18:41:45","slug":"cernobile-stenatko","status":"publish","type":"product","link":"https:\/\/www.megastitch.eu\/cs\/obchod\/magnetky-cs\/zvirata\/psi\/cernobile-stenatko\/","title":{"rendered":"\u010cernob\u00edl\u00e9 \u0161t\u011b\u0148\u00e1tko"},"content":{"rendered":"<div class=\"nolwrap\"><p>Toto chutn\u00e9 \u010diernobiele \u0161teniatko a jeho poh\u013ead v\u00e1s dostane. Magnetick\u00e1 ihelni\u010dka s tak\u00fdmto dizajnom pote\u0161\u00ed v\u0161etky milovn\u00ed\u010dky ps\u00edkov. Neodymov\u00fd magnet pod povrchom bude pevne dr\u017ea\u0165 va\u0161e ihly na tom spr\u00e1vnom mieste a vy sa tak m\u00f4\u017eete neru\u0161ene venova\u0165 svojej v\u00fd\u0161ivke.<\/p>\n<\/div>","protected":false},"excerpt":{"rendered":"<p>Toto chutn\u00e9 \u010diernobiele \u0161teniatko a jeho poh\u013ead v\u00e1s dostane. Magnetick\u00e1 ihelni\u010dka s tak\u00fdmto dizajnom pote\u0161\u00ed v\u0161etky milovn\u00ed\u010dky ps\u00edkov. Neodymov\u00fd magnet pod povrchom bude pevne dr\u017ea\u0165 va\u0161e ihly na tom spr\u00e1vnom mieste a vy sa tak m\u00f4\u017eete neru\u0161ene venova\u0165 svojej v\u00fd\u0161ivke.<\/p>\n","protected":false},"featured_media":442,"comment_status":"closed","ping_status":"closed","template":"","meta":{"_uag_custom_page_level_css":"","ngg_post_thumbnail":0},"product_cat":[87,92,102,96],"product_tag":[79],"aioseo_notices":[],"featured_image_urls":{"full":["https:\/\/www.megastitch.eu\/wp-content\/uploads\/2019\/02\/mal3-3.png",299,298,false],"thumbnail":["https:\/\/www.megastitch.eu\/wp-content\/uploads\/2019\/02\/mal3-3-150x150.png",150,150,true],"medium":["https:\/\/www.megastitch.eu\/wp-content\/uploads\/2019\/02\/mal3-3.png",299,298,false],"medium_large":["https:\/\/www.megastitch.eu\/wp-content\/uploads\/2019\/02\/mal3-3.png",299,298,false],"large":["https:\/\/www.megastitch.eu\/wp-content\/uploads\/2019\/02\/mal3-3.png",299,298,false],"1536x1536":["https:\/\/www.megastitch.eu\/wp-content\/uploads\/2019\/02\/mal3-3.png",299,298,false],"2048x2048":["https:\/\/www.megastitch.eu\/wp-content\/uploads\/2019\/02\/mal3-3.png",299,298,false],"ultp_layout_landscape_large":["https:\/\/www.megastitch.eu\/wp-content\/uploads\/2019\/02\/mal3-3.png",299,298,false],"ultp_layout_landscape":["https:\/\/www.megastitch.eu\/wp-content\/uploads\/2019\/02\/mal3-3.png",299,298,false],"ultp_layout_portrait":["https:\/\/www.megastitch.eu\/wp-content\/uploads\/2019\/02\/mal3-3.png",299,298,false],"ultp_layout_square":["https:\/\/www.megastitch.eu\/wp-content\/uploads\/2019\/02\/mal3-3.png",299,298,false],"molla_post-grid":["https:\/\/www.megastitch.eu\/wp-content\/uploads\/2019\/02\/mal3-3.png",268,267,false],"woocommerce_thumbnail":["https:\/\/www.megastitch.eu\/wp-content\/uploads\/2019\/02\/mal3-3.png",299,298,false],"woocommerce_single":["https:\/\/www.megastitch.eu\/wp-content\/uploads\/2019\/02\/mal3-3.png",299,298,false],"woocommerce_gallery_thumbnail":["https:\/\/www.megastitch.eu\/wp-content\/uploads\/2019\/02\/mal3-3-100x100.png",100,100,true]},"post_excerpt_stackable":"<p>Toto chutn\u00e9 \u010diernobiele \u0161teniatko a jeho poh\u013ead v\u00e1s dostane. Magnetick\u00e1 ihelni\u010dka s tak\u00fdmto dizajnom pote\u0161\u00ed v\u0161etky milovn\u00ed\u010dky ps\u00edkov. Neodymov\u00fd magnet pod povrchom bude pevne dr\u017ea\u0165 va\u0161e ihly na tom spr\u00e1vnom mieste a vy sa tak m\u00f4\u017eete neru\u0161ene venova\u0165 svojej v\u00fd\u0161ivke.<\/p>\n","category_list":"","author_info":{"name":"","url":""},"comments_num":"0 comments","featured_image_urls_v2":{"full":["https:\/\/www.megastitch.eu\/wp-content\/uploads\/2019\/02\/mal3-3.png",299,298,false],"thumbnail":["https:\/\/www.megastitch.eu\/wp-content\/uploads\/2019\/02\/mal3-3-150x150.png",150,150,true],"medium":["https:\/\/www.megastitch.eu\/wp-content\/uploads\/2019\/02\/mal3-3.png",299,298,false],"medium_large":["https:\/\/www.megastitch.eu\/wp-content\/uploads\/2019\/02\/mal3-3.png",299,298,false],"large":["https:\/\/www.megastitch.eu\/wp-content\/uploads\/2019\/02\/mal3-3.png",299,298,false],"1536x1536":["https:\/\/www.megastitch.eu\/wp-content\/uploads\/2019\/02\/mal3-3.png",299,298,false],"2048x2048":["https:\/\/www.megastitch.eu\/wp-content\/uploads\/2019\/02\/mal3-3.png",299,298,false],"ultp_layout_landscape_large":["https:\/\/www.megastitch.eu\/wp-content\/uploads\/2019\/02\/mal3-3.png",299,298,false],"ultp_layout_landscape":["https:\/\/www.megastitch.eu\/wp-content\/uploads\/2019\/02\/mal3-3.png",299,298,false],"ultp_layout_portrait":["https:\/\/www.megastitch.eu\/wp-content\/uploads\/2019\/02\/mal3-3.png",299,298,false],"ultp_layout_square":["https:\/\/www.megastitch.eu\/wp-content\/uploads\/2019\/02\/mal3-3.png",299,298,false],"molla_post-grid":["https:\/\/www.megastitch.eu\/wp-content\/uploads\/2019\/02\/mal3-3.png",268,267,false],"woocommerce_thumbnail":["https:\/\/www.megastitch.eu\/wp-content\/uploads\/2019\/02\/mal3-3.png",299,298,false],"woocommerce_single":["https:\/\/www.megastitch.eu\/wp-content\/uploads\/2019\/02\/mal3-3.png",299,298,false],"woocommerce_gallery_thumbnail":["https:\/\/www.megastitch.eu\/wp-content\/uploads\/2019\/02\/mal3-3-100x100.png",100,100,true]},"post_excerpt_stackable_v2":"<p>Toto chutn\u00e9 \u010diernobiele \u0161teniatko a jeho poh\u013ead v\u00e1s dostane. Magnetick\u00e1 ihelni\u010dka s tak\u00fdmto dizajnom pote\u0161\u00ed v\u0161etky milovn\u00ed\u010dky ps\u00edkov. Neodymov\u00fd magnet pod povrchom bude pevne dr\u017ea\u0165 va\u0161e ihly na tom spr\u00e1vnom mieste a vy sa tak m\u00f4\u017eete neru\u0161ene venova\u0165 svojej v\u00fd\u0161ivke.<\/p>\n","category_list_v2":"","author_info_v2":{"name":"","url":""},"comments_num_v2":"0 comments","uagb_featured_image_src":{"full":["https:\/\/www.megastitch.eu\/wp-content\/uploads\/2019\/02\/mal3-3.png",299,298,false],"thumbnail":["https:\/\/www.megastitch.eu\/wp-content\/uploads\/2019\/02\/mal3-3-150x150.png",150,150,true],"medium":["https:\/\/www.megastitch.eu\/wp-content\/uploads\/2019\/02\/mal3-3.png",299,298,false],"medium_large":["https:\/\/www.megastitch.eu\/wp-content\/uploads\/2019\/02\/mal3-3.png",299,298,false],"large":["https:\/\/www.megastitch.eu\/wp-content\/uploads\/2019\/02\/mal3-3.png",299,298,false],"1536x1536":["https:\/\/www.megastitch.eu\/wp-content\/uploads\/2019\/02\/mal3-3.png",299,298,false],"2048x2048":["https:\/\/www.megastitch.eu\/wp-content\/uploads\/2019\/02\/mal3-3.png",299,298,false],"ultp_layout_landscape_large":["https:\/\/www.megastitch.eu\/wp-content\/uploads\/2019\/02\/mal3-3.png",299,298,false],"ultp_layout_landscape":["https:\/\/www.megastitch.eu\/wp-content\/uploads\/2019\/02\/mal3-3.png",299,298,false],"ultp_layout_portrait":["https:\/\/www.megastitch.eu\/wp-content\/uploads\/2019\/02\/mal3-3.png",299,298,false],"ultp_layout_square":["https:\/\/www.megastitch.eu\/wp-content\/uploads\/2019\/02\/mal3-3.png",299,298,false],"molla_post-grid":["https:\/\/www.megastitch.eu\/wp-content\/uploads\/2019\/02\/mal3-3.png",268,267,false],"woocommerce_thumbnail":["https:\/\/www.megastitch.eu\/wp-content\/uploads\/2019\/02\/mal3-3.png",299,298,false],"woocommerce_single":["https:\/\/www.megastitch.eu\/wp-content\/uploads\/2019\/02\/mal3-3.png",299,298,false],"woocommerce_gallery_thumbnail":["https:\/\/www.megastitch.eu\/wp-content\/uploads\/2019\/02\/mal3-3-100x100.png",100,100,true]},"uagb_author_info":{"display_name":"Ludmila Mikusikova","author_link":"https:\/\/www.megastitch.eu\/cs\/author\/"},"uagb_comment_info":0,"uagb_excerpt":"Toto chutn\u00e9 \u010diernobiele \u0161teniatko a jeho poh\u013ead v\u00e1s dostane. Magnetick\u00e1 ihelni\u010dka s tak\u00fdmto dizajnom pote\u0161\u00ed v\u0161etky milovn\u00ed\u010dky ps\u00edkov. Neodymov\u00fd magnet pod povrchom bude pevne dr\u017ea\u0165 va\u0161e ihly na tom spr\u00e1vnom mieste a vy sa tak m\u00f4\u017eete neru\u0161ene venova\u0165 svojej v\u00fd\u0161ivke.","_links":{"self":[{"href":"https:\/\/www.megastitch.eu\/cs\/wp-json\/wp\/v2\/product\/1532"}],"collection":[{"href":"https:\/\/www.megastitch.eu\/cs\/wp-json\/wp\/v2\/product"}],"about":[{"href":"https:\/\/www.megastitch.eu\/cs\/wp-json\/wp\/v2\/types\/product"}],"replies":[{"embeddable":true,"href":"https:\/\/www.megastitch.eu\/cs\/wp-json\/wp\/v2\/comments?post=1532"}],"wp:featuredmedia":[{"embeddable":true,"href":"https:\/\/www.megastitch.eu\/cs\/wp-json\/wp\/v2\/media\/442"}],"wp:attachment":[{"href":"https:\/\/www.megastitch.eu\/cs\/wp-json\/wp\/v2\/media?parent=1532"}],"wp:term":[{"taxonomy":"product_cat","embeddable":true,"href":"https:\/\/www.megastitch.eu\/cs\/wp-json\/wp\/v2\/product_cat?post=1532"},{"taxonomy":"product_tag","embeddable":true,"href":"https:\/\/www.megastitch.eu\/cs\/wp-json\/wp\/v2\/product_tag?post=1532"}],"curies":[{"name":"wp","href":"https:\/\/api.w.org\/{rel}","templated":true}]}}