	{"id":1535,"date":"2019-02-01T19:42:48","date_gmt":"2019-02-01T18:42:48","guid":{"rendered":"https:\/\/www.megastitch.eu\/obchod\/nezarazene\/oranzove-retro-kolo\/"},"modified":"2022-12-18T15:08:05","modified_gmt":"2022-12-18T14:08:05","slug":"oranzove-retro-kolo","status":"publish","type":"product","link":"https:\/\/www.megastitch.eu\/cs\/obchod\/magnetky-cs\/dopravni-prostredky\/oranzove-retro-kolo\/","title":{"rendered":"Oran\u017eov\u00e9 retro kolo"},"content":{"rendered":"<div class=\"nolwrap\"><p>Ma\u013eovana magnetka na dr\u017eanie ihly pri vy\u0161\u00edvan\u00ed s obr\u00e1zkom bicykla s n\u00e1kladom kvetov a bal\u00edkov. Jej \u017eiv\u00e9 farby p\u00f4sobia naozaj veselo, \u010d\u00edm v\u00e1s povzbudia do \u010fal\u0161ej pr\u00e1ce na v\u00fd\u0161ivke. Kvalitn\u00fd neodymov\u00fd magnet pevne udr\u017e\u00ed va\u0161e ihly a no\u017eni\u010dky na svojom mieste. Pote\u0161te sa kr\u00e1sou a silou tejto magnetky.<\/p>\n<\/div>","protected":false},"excerpt":{"rendered":"<p>Ma\u013eovana magnetka na dr\u017eanie ihly pri vy\u0161\u00edvan\u00ed s obr\u00e1zkom bicykla s n\u00e1kladom kvetov a bal\u00edkov. Jej \u017eiv\u00e9 farby p\u00f4sobia naozaj veselo, \u010d\u00edm v\u00e1s povzbudia do \u010fal\u0161ej pr\u00e1ce na v\u00fd\u0161ivke. Kvalitn\u00fd neodymov\u00fd magnet pevne udr\u017e\u00ed va\u0161e ihly a no\u017eni\u010dky na svojom mieste. Pote\u0161te sa kr\u00e1sou a silou tejto magnetky.<\/p>\n","protected":false},"featured_media":1115,"comment_status":"closed","ping_status":"closed","template":"","meta":{"_uag_custom_page_level_css":"","ngg_post_thumbnail":0},"product_cat":[67,89,94,87,92],"product_tag":[],"aioseo_notices":[],"featured_image_urls":{"full":["https:\/\/www.megastitch.eu\/wp-content\/uploads\/2019\/02\/mal2-12.png",298,298,false],"thumbnail":["https:\/\/www.megastitch.eu\/wp-content\/uploads\/2019\/02\/mal2-12-150x150.png",150,150,true],"medium":["https:\/\/www.megastitch.eu\/wp-content\/uploads\/2019\/02\/mal2-12.png",298,298,false],"medium_large":["https:\/\/www.megastitch.eu\/wp-content\/uploads\/2019\/02\/mal2-12.png",298,298,false],"large":["https:\/\/www.megastitch.eu\/wp-content\/uploads\/2019\/02\/mal2-12.png",298,298,false],"1536x1536":["https:\/\/www.megastitch.eu\/wp-content\/uploads\/2019\/02\/mal2-12.png",298,298,false],"2048x2048":["https:\/\/www.megastitch.eu\/wp-content\/uploads\/2019\/02\/mal2-12.png",298,298,false],"ultp_layout_landscape_large":["https:\/\/www.megastitch.eu\/wp-content\/uploads\/2019\/02\/mal2-12.png",298,298,false],"ultp_layout_landscape":["https:\/\/www.megastitch.eu\/wp-content\/uploads\/2019\/02\/mal2-12.png",298,298,false],"ultp_layout_portrait":["https:\/\/www.megastitch.eu\/wp-content\/uploads\/2019\/02\/mal2-12.png",298,298,false],"ultp_layout_square":["https:\/\/www.megastitch.eu\/wp-content\/uploads\/2019\/02\/mal2-12.png",298,298,false],"molla_post-grid":["https:\/\/www.megastitch.eu\/wp-content\/uploads\/2019\/02\/mal2-12.png",267,267,false],"woocommerce_thumbnail":["https:\/\/www.megastitch.eu\/wp-content\/uploads\/2019\/02\/mal2-12.png",298,298,false],"woocommerce_single":["https:\/\/www.megastitch.eu\/wp-content\/uploads\/2019\/02\/mal2-12.png",298,298,false],"woocommerce_gallery_thumbnail":["https:\/\/www.megastitch.eu\/wp-content\/uploads\/2019\/02\/mal2-12-100x100.png",100,100,true]},"post_excerpt_stackable":"<p>Ma\u013eovana magnetka na dr\u017eanie ihly pri vy\u0161\u00edvan\u00ed s obr\u00e1zkom bicykla s n\u00e1kladom kvetov a bal\u00edkov. Jej \u017eiv\u00e9 farby p\u00f4sobia naozaj veselo, \u010d\u00edm v\u00e1s povzbudia do \u010fal\u0161ej pr\u00e1ce na v\u00fd\u0161ivke. Kvalitn\u00fd neodymov\u00fd magnet pevne udr\u017e\u00ed va\u0161e ihly a no\u017eni\u010dky na svojom mieste. Pote\u0161te sa kr\u00e1sou a silou tejto magnetky.<\/p>\n","category_list":"","author_info":{"name":"","url":""},"comments_num":"0 comments","featured_image_urls_v2":{"full":["https:\/\/www.megastitch.eu\/wp-content\/uploads\/2019\/02\/mal2-12.png",298,298,false],"thumbnail":["https:\/\/www.megastitch.eu\/wp-content\/uploads\/2019\/02\/mal2-12-150x150.png",150,150,true],"medium":["https:\/\/www.megastitch.eu\/wp-content\/uploads\/2019\/02\/mal2-12.png",298,298,false],"medium_large":["https:\/\/www.megastitch.eu\/wp-content\/uploads\/2019\/02\/mal2-12.png",298,298,false],"large":["https:\/\/www.megastitch.eu\/wp-content\/uploads\/2019\/02\/mal2-12.png",298,298,false],"1536x1536":["https:\/\/www.megastitch.eu\/wp-content\/uploads\/2019\/02\/mal2-12.png",298,298,false],"2048x2048":["https:\/\/www.megastitch.eu\/wp-content\/uploads\/2019\/02\/mal2-12.png",298,298,false],"ultp_layout_landscape_large":["https:\/\/www.megastitch.eu\/wp-content\/uploads\/2019\/02\/mal2-12.png",298,298,false],"ultp_layout_landscape":["https:\/\/www.megastitch.eu\/wp-content\/uploads\/2019\/02\/mal2-12.png",298,298,false],"ultp_layout_portrait":["https:\/\/www.megastitch.eu\/wp-content\/uploads\/2019\/02\/mal2-12.png",298,298,false],"ultp_layout_square":["https:\/\/www.megastitch.eu\/wp-content\/uploads\/2019\/02\/mal2-12.png",298,298,false],"molla_post-grid":["https:\/\/www.megastitch.eu\/wp-content\/uploads\/2019\/02\/mal2-12.png",267,267,false],"woocommerce_thumbnail":["https:\/\/www.megastitch.eu\/wp-content\/uploads\/2019\/02\/mal2-12.png",298,298,false],"woocommerce_single":["https:\/\/www.megastitch.eu\/wp-content\/uploads\/2019\/02\/mal2-12.png",298,298,false],"woocommerce_gallery_thumbnail":["https:\/\/www.megastitch.eu\/wp-content\/uploads\/2019\/02\/mal2-12-100x100.png",100,100,true]},"post_excerpt_stackable_v2":"<p>Ma\u013eovana magnetka na dr\u017eanie ihly pri vy\u0161\u00edvan\u00ed s obr\u00e1zkom bicykla s n\u00e1kladom kvetov a bal\u00edkov. Jej \u017eiv\u00e9 farby p\u00f4sobia naozaj veselo, \u010d\u00edm v\u00e1s povzbudia do \u010fal\u0161ej pr\u00e1ce na v\u00fd\u0161ivke. Kvalitn\u00fd neodymov\u00fd magnet pevne udr\u017e\u00ed va\u0161e ihly a no\u017eni\u010dky na svojom mieste. Pote\u0161te sa kr\u00e1sou a silou tejto magnetky.<\/p>\n","category_list_v2":"","author_info_v2":{"name":"","url":""},"comments_num_v2":"0 comments","uagb_featured_image_src":{"full":["https:\/\/www.megastitch.eu\/wp-content\/uploads\/2019\/02\/mal2-12.png",298,298,false],"thumbnail":["https:\/\/www.megastitch.eu\/wp-content\/uploads\/2019\/02\/mal2-12-150x150.png",150,150,true],"medium":["https:\/\/www.megastitch.eu\/wp-content\/uploads\/2019\/02\/mal2-12.png",298,298,false],"medium_large":["https:\/\/www.megastitch.eu\/wp-content\/uploads\/2019\/02\/mal2-12.png",298,298,false],"large":["https:\/\/www.megastitch.eu\/wp-content\/uploads\/2019\/02\/mal2-12.png",298,298,false],"1536x1536":["https:\/\/www.megastitch.eu\/wp-content\/uploads\/2019\/02\/mal2-12.png",298,298,false],"2048x2048":["https:\/\/www.megastitch.eu\/wp-content\/uploads\/2019\/02\/mal2-12.png",298,298,false],"ultp_layout_landscape_large":["https:\/\/www.megastitch.eu\/wp-content\/uploads\/2019\/02\/mal2-12.png",298,298,false],"ultp_layout_landscape":["https:\/\/www.megastitch.eu\/wp-content\/uploads\/2019\/02\/mal2-12.png",298,298,false],"ultp_layout_portrait":["https:\/\/www.megastitch.eu\/wp-content\/uploads\/2019\/02\/mal2-12.png",298,298,false],"ultp_layout_square":["https:\/\/www.megastitch.eu\/wp-content\/uploads\/2019\/02\/mal2-12.png",298,298,false],"molla_post-grid":["https:\/\/www.megastitch.eu\/wp-content\/uploads\/2019\/02\/mal2-12.png",267,267,false],"woocommerce_thumbnail":["https:\/\/www.megastitch.eu\/wp-content\/uploads\/2019\/02\/mal2-12.png",298,298,false],"woocommerce_single":["https:\/\/www.megastitch.eu\/wp-content\/uploads\/2019\/02\/mal2-12.png",298,298,false],"woocommerce_gallery_thumbnail":["https:\/\/www.megastitch.eu\/wp-content\/uploads\/2019\/02\/mal2-12-100x100.png",100,100,true]},"uagb_author_info":{"display_name":"Ludmila Mikusikova","author_link":"https:\/\/www.megastitch.eu\/cs\/author\/"},"uagb_comment_info":0,"uagb_excerpt":"Ma\u013eovana magnetka na dr\u017eanie ihly pri vy\u0161\u00edvan\u00ed s obr\u00e1zkom bicykla s n\u00e1kladom kvetov a bal\u00edkov. Jej \u017eiv\u00e9 farby p\u00f4sobia naozaj veselo, \u010d\u00edm v\u00e1s povzbudia do \u010fal\u0161ej pr\u00e1ce na v\u00fd\u0161ivke. Kvalitn\u00fd neodymov\u00fd magnet pevne udr\u017e\u00ed va\u0161e ihly a no\u017eni\u010dky na svojom mieste. Pote\u0161te sa kr\u00e1sou a silou tejto magnetky.","_links":{"self":[{"href":"https:\/\/www.megastitch.eu\/cs\/wp-json\/wp\/v2\/product\/1535"}],"collection":[{"href":"https:\/\/www.megastitch.eu\/cs\/wp-json\/wp\/v2\/product"}],"about":[{"href":"https:\/\/www.megastitch.eu\/cs\/wp-json\/wp\/v2\/types\/product"}],"replies":[{"embeddable":true,"href":"https:\/\/www.megastitch.eu\/cs\/wp-json\/wp\/v2\/comments?post=1535"}],"wp:featuredmedia":[{"embeddable":true,"href":"https:\/\/www.megastitch.eu\/cs\/wp-json\/wp\/v2\/media\/1115"}],"wp:attachment":[{"href":"https:\/\/www.megastitch.eu\/cs\/wp-json\/wp\/v2\/media?parent=1535"}],"wp:term":[{"taxonomy":"product_cat","embeddable":true,"href":"https:\/\/www.megastitch.eu\/cs\/wp-json\/wp\/v2\/product_cat?post=1535"},{"taxonomy":"product_tag","embeddable":true,"href":"https:\/\/www.megastitch.eu\/cs\/wp-json\/wp\/v2\/product_tag?post=1535"}],"curies":[{"name":"wp","href":"https:\/\/api.w.org\/{rel}","templated":true}]}}