	{"id":1537,"date":"2019-02-01T19:42:48","date_gmt":"2019-02-01T18:42:48","guid":{"rendered":"https:\/\/www.megastitch.eu\/obchod\/nezarazene\/party-balony\/"},"modified":"2019-11-16T19:56:45","modified_gmt":"2019-11-16T18:56:45","slug":"party-balony","status":"publish","type":"product","link":"https:\/\/www.megastitch.eu\/cs\/obchod\/magnetky-cs\/malovane-cs\/party-balony\/","title":{"rendered":"P\u00e1rty bal\u00f3ny"},"content":{"rendered":"<div class=\"nolwrap\"><p>Farebn\u00e9 p\u00e1rty bal\u00f3ny na tejto ma\u013eovanej magnetke na vy\u0161\u00edvanie pote\u0161ia svojou \u017eivou, veselou farebnosou. M\u00f4\u017eete t\u00fato magnetku niekomu darova\u0165 namiesto skuto\u010dn\u00fdch bal\u00f3nov, ur\u010dite pote\u0161\u00ed rovnako. Pevn\u00fd magnet sa postar\u00e1 o va\u0161e ihly a vy si m\u00f4\u017eete vychutn\u00e1va\u0165 farby magnetky aj vy\u0161\u00edvan\u00e9ho obr\u00e1zka.<\/p>\n<\/div>","protected":false},"excerpt":{"rendered":"<p>Farebn\u00e9 p\u00e1rty bal\u00f3ny na tejto ma\u013eovanej magnetke na vy\u0161\u00edvanie pote\u0161ia svojou \u017eivou, veselou farebnosou. M\u00f4\u017eete t\u00fato magnetku niekomu darova\u0165 namiesto skuto\u010dn\u00fdch bal\u00f3nov, ur\u010dite pote\u0161\u00ed rovnako. Pevn\u00fd magnet sa postar\u00e1 o va\u0161e ihly a vy si m\u00f4\u017eete vychutn\u00e1va\u0165 farby magnetky aj vy\u0161\u00edvan\u00e9ho obr\u00e1zka.<\/p>\n","protected":false},"featured_media":1111,"comment_status":"closed","ping_status":"closed","template":"","meta":{"_uag_custom_page_level_css":"","ngg_post_thumbnail":0},"product_cat":[87,92,93],"product_tag":[82],"aioseo_notices":[],"featured_image_urls":{"full":["https:\/\/www.megastitch.eu\/wp-content\/uploads\/2019\/02\/mal2-10.png",299,298,false],"thumbnail":["https:\/\/www.megastitch.eu\/wp-content\/uploads\/2019\/02\/mal2-10-150x150.png",150,150,true],"medium":["https:\/\/www.megastitch.eu\/wp-content\/uploads\/2019\/02\/mal2-10.png",299,298,false],"medium_large":["https:\/\/www.megastitch.eu\/wp-content\/uploads\/2019\/02\/mal2-10.png",299,298,false],"large":["https:\/\/www.megastitch.eu\/wp-content\/uploads\/2019\/02\/mal2-10.png",299,298,false],"1536x1536":["https:\/\/www.megastitch.eu\/wp-content\/uploads\/2019\/02\/mal2-10.png",299,298,false],"2048x2048":["https:\/\/www.megastitch.eu\/wp-content\/uploads\/2019\/02\/mal2-10.png",299,298,false],"ultp_layout_landscape_large":["https:\/\/www.megastitch.eu\/wp-content\/uploads\/2019\/02\/mal2-10.png",299,298,false],"ultp_layout_landscape":["https:\/\/www.megastitch.eu\/wp-content\/uploads\/2019\/02\/mal2-10.png",299,298,false],"ultp_layout_portrait":["https:\/\/www.megastitch.eu\/wp-content\/uploads\/2019\/02\/mal2-10.png",299,298,false],"ultp_layout_square":["https:\/\/www.megastitch.eu\/wp-content\/uploads\/2019\/02\/mal2-10.png",299,298,false],"molla_post-grid":["https:\/\/www.megastitch.eu\/wp-content\/uploads\/2019\/02\/mal2-10.png",268,267,false],"woocommerce_thumbnail":["https:\/\/www.megastitch.eu\/wp-content\/uploads\/2019\/02\/mal2-10.png",299,298,false],"woocommerce_single":["https:\/\/www.megastitch.eu\/wp-content\/uploads\/2019\/02\/mal2-10.png",299,298,false],"woocommerce_gallery_thumbnail":["https:\/\/www.megastitch.eu\/wp-content\/uploads\/2019\/02\/mal2-10-100x100.png",100,100,true]},"post_excerpt_stackable":"<p>Farebn\u00e9 p\u00e1rty bal\u00f3ny na tejto ma\u013eovanej magnetke na vy\u0161\u00edvanie pote\u0161ia svojou \u017eivou, veselou farebnosou. M\u00f4\u017eete t\u00fato magnetku niekomu darova\u0165 namiesto skuto\u010dn\u00fdch bal\u00f3nov, ur\u010dite pote\u0161\u00ed rovnako. Pevn\u00fd magnet sa postar\u00e1 o va\u0161e ihly a vy si m\u00f4\u017eete vychutn\u00e1va\u0165 farby magnetky aj vy\u0161\u00edvan\u00e9ho obr\u00e1zka.<\/p>\n","category_list":"","author_info":{"name":"","url":""},"comments_num":"0 comments","featured_image_urls_v2":{"full":["https:\/\/www.megastitch.eu\/wp-content\/uploads\/2019\/02\/mal2-10.png",299,298,false],"thumbnail":["https:\/\/www.megastitch.eu\/wp-content\/uploads\/2019\/02\/mal2-10-150x150.png",150,150,true],"medium":["https:\/\/www.megastitch.eu\/wp-content\/uploads\/2019\/02\/mal2-10.png",299,298,false],"medium_large":["https:\/\/www.megastitch.eu\/wp-content\/uploads\/2019\/02\/mal2-10.png",299,298,false],"large":["https:\/\/www.megastitch.eu\/wp-content\/uploads\/2019\/02\/mal2-10.png",299,298,false],"1536x1536":["https:\/\/www.megastitch.eu\/wp-content\/uploads\/2019\/02\/mal2-10.png",299,298,false],"2048x2048":["https:\/\/www.megastitch.eu\/wp-content\/uploads\/2019\/02\/mal2-10.png",299,298,false],"ultp_layout_landscape_large":["https:\/\/www.megastitch.eu\/wp-content\/uploads\/2019\/02\/mal2-10.png",299,298,false],"ultp_layout_landscape":["https:\/\/www.megastitch.eu\/wp-content\/uploads\/2019\/02\/mal2-10.png",299,298,false],"ultp_layout_portrait":["https:\/\/www.megastitch.eu\/wp-content\/uploads\/2019\/02\/mal2-10.png",299,298,false],"ultp_layout_square":["https:\/\/www.megastitch.eu\/wp-content\/uploads\/2019\/02\/mal2-10.png",299,298,false],"molla_post-grid":["https:\/\/www.megastitch.eu\/wp-content\/uploads\/2019\/02\/mal2-10.png",268,267,false],"woocommerce_thumbnail":["https:\/\/www.megastitch.eu\/wp-content\/uploads\/2019\/02\/mal2-10.png",299,298,false],"woocommerce_single":["https:\/\/www.megastitch.eu\/wp-content\/uploads\/2019\/02\/mal2-10.png",299,298,false],"woocommerce_gallery_thumbnail":["https:\/\/www.megastitch.eu\/wp-content\/uploads\/2019\/02\/mal2-10-100x100.png",100,100,true]},"post_excerpt_stackable_v2":"<p>Farebn\u00e9 p\u00e1rty bal\u00f3ny na tejto ma\u013eovanej magnetke na vy\u0161\u00edvanie pote\u0161ia svojou \u017eivou, veselou farebnosou. M\u00f4\u017eete t\u00fato magnetku niekomu darova\u0165 namiesto skuto\u010dn\u00fdch bal\u00f3nov, ur\u010dite pote\u0161\u00ed rovnako. Pevn\u00fd magnet sa postar\u00e1 o va\u0161e ihly a vy si m\u00f4\u017eete vychutn\u00e1va\u0165 farby magnetky aj vy\u0161\u00edvan\u00e9ho obr\u00e1zka.<\/p>\n","category_list_v2":"","author_info_v2":{"name":"","url":""},"comments_num_v2":"0 comments","uagb_featured_image_src":{"full":["https:\/\/www.megastitch.eu\/wp-content\/uploads\/2019\/02\/mal2-10.png",299,298,false],"thumbnail":["https:\/\/www.megastitch.eu\/wp-content\/uploads\/2019\/02\/mal2-10-150x150.png",150,150,true],"medium":["https:\/\/www.megastitch.eu\/wp-content\/uploads\/2019\/02\/mal2-10.png",299,298,false],"medium_large":["https:\/\/www.megastitch.eu\/wp-content\/uploads\/2019\/02\/mal2-10.png",299,298,false],"large":["https:\/\/www.megastitch.eu\/wp-content\/uploads\/2019\/02\/mal2-10.png",299,298,false],"1536x1536":["https:\/\/www.megastitch.eu\/wp-content\/uploads\/2019\/02\/mal2-10.png",299,298,false],"2048x2048":["https:\/\/www.megastitch.eu\/wp-content\/uploads\/2019\/02\/mal2-10.png",299,298,false],"ultp_layout_landscape_large":["https:\/\/www.megastitch.eu\/wp-content\/uploads\/2019\/02\/mal2-10.png",299,298,false],"ultp_layout_landscape":["https:\/\/www.megastitch.eu\/wp-content\/uploads\/2019\/02\/mal2-10.png",299,298,false],"ultp_layout_portrait":["https:\/\/www.megastitch.eu\/wp-content\/uploads\/2019\/02\/mal2-10.png",299,298,false],"ultp_layout_square":["https:\/\/www.megastitch.eu\/wp-content\/uploads\/2019\/02\/mal2-10.png",299,298,false],"molla_post-grid":["https:\/\/www.megastitch.eu\/wp-content\/uploads\/2019\/02\/mal2-10.png",268,267,false],"woocommerce_thumbnail":["https:\/\/www.megastitch.eu\/wp-content\/uploads\/2019\/02\/mal2-10.png",299,298,false],"woocommerce_single":["https:\/\/www.megastitch.eu\/wp-content\/uploads\/2019\/02\/mal2-10.png",299,298,false],"woocommerce_gallery_thumbnail":["https:\/\/www.megastitch.eu\/wp-content\/uploads\/2019\/02\/mal2-10-100x100.png",100,100,true]},"uagb_author_info":{"display_name":"Ludmila Mikusikova","author_link":"https:\/\/www.megastitch.eu\/cs\/author\/"},"uagb_comment_info":0,"uagb_excerpt":"Farebn\u00e9 p\u00e1rty bal\u00f3ny na tejto ma\u013eovanej magnetke na vy\u0161\u00edvanie pote\u0161ia svojou \u017eivou, veselou farebnosou. M\u00f4\u017eete t\u00fato magnetku niekomu darova\u0165 namiesto skuto\u010dn\u00fdch bal\u00f3nov, ur\u010dite pote\u0161\u00ed rovnako. Pevn\u00fd magnet sa postar\u00e1 o va\u0161e ihly a vy si m\u00f4\u017eete vychutn\u00e1va\u0165 farby magnetky aj vy\u0161\u00edvan\u00e9ho obr\u00e1zka.","_links":{"self":[{"href":"https:\/\/www.megastitch.eu\/cs\/wp-json\/wp\/v2\/product\/1537"}],"collection":[{"href":"https:\/\/www.megastitch.eu\/cs\/wp-json\/wp\/v2\/product"}],"about":[{"href":"https:\/\/www.megastitch.eu\/cs\/wp-json\/wp\/v2\/types\/product"}],"replies":[{"embeddable":true,"href":"https:\/\/www.megastitch.eu\/cs\/wp-json\/wp\/v2\/comments?post=1537"}],"wp:featuredmedia":[{"embeddable":true,"href":"https:\/\/www.megastitch.eu\/cs\/wp-json\/wp\/v2\/media\/1111"}],"wp:attachment":[{"href":"https:\/\/www.megastitch.eu\/cs\/wp-json\/wp\/v2\/media?parent=1537"}],"wp:term":[{"taxonomy":"product_cat","embeddable":true,"href":"https:\/\/www.megastitch.eu\/cs\/wp-json\/wp\/v2\/product_cat?post=1537"},{"taxonomy":"product_tag","embeddable":true,"href":"https:\/\/www.megastitch.eu\/cs\/wp-json\/wp\/v2\/product_tag?post=1537"}],"curies":[{"name":"wp","href":"https:\/\/api.w.org\/{rel}","templated":true}]}}