	{"id":1538,"date":"2019-02-01T19:42:48","date_gmt":"2019-02-01T18:42:48","guid":{"rendered":"https:\/\/www.megastitch.eu\/obchod\/nezarazene\/letici-balon\/"},"modified":"2022-12-18T15:08:05","modified_gmt":"2022-12-18T14:08:05","slug":"letici-balon","status":"publish","type":"product","link":"https:\/\/www.megastitch.eu\/cs\/obchod\/magnetky-cs\/dopravni-prostredky\/letici-balon\/","title":{"rendered":"L\u00e9taj\u00edc\u00ed bal\u00f3n"},"content":{"rendered":"<div class=\"nolwrap\"><p>Farebn\u00fd lietaj\u00faci bal\u00f3n nama\u013eovan\u00fd na magnetickej ihelni\u010dke svojimi \u017eiv\u00fdmi a jasn\u00fdmi farbami roz\u0161iari v\u00e1\u0161 de\u0148. Preneste sa do cestovate\u013esk\u00fdch snov zatia\u013e \u010do pevn\u00fd neodymov\u00fd magnet prichyt\u00ed va\u0161e vy\u0161\u00edvacie ihly a no\u017eni\u010dky na mieste, kde ste ich pre &#8220;cestou&#8221; nechali.<\/p>\n<\/div>","protected":false},"excerpt":{"rendered":"<p>Farebn\u00fd lietaj\u00faci bal\u00f3n nama\u013eovan\u00fd na magnetickej ihelni\u010dke svojimi \u017eiv\u00fdmi a jasn\u00fdmi farbami roz\u0161iari v\u00e1\u0161 de\u0148. Preneste sa do cestovate\u013esk\u00fdch snov zatia\u013e \u010do pevn\u00fd neodymov\u00fd magnet prichyt\u00ed va\u0161e vy\u0161\u00edvacie ihly a no\u017eni\u010dky na mieste, kde ste ich pre &#8220;cestou&#8221; nechali.<\/p>\n","protected":false},"featured_media":1109,"comment_status":"closed","ping_status":"closed","template":"","meta":{"_uag_custom_page_level_css":"","ngg_post_thumbnail":0},"product_cat":[67,87,92,93],"product_tag":[82],"aioseo_notices":[],"featured_image_urls":{"full":["https:\/\/www.megastitch.eu\/wp-content\/uploads\/2019\/02\/mal2-9.png",298,298,false],"thumbnail":["https:\/\/www.megastitch.eu\/wp-content\/uploads\/2019\/02\/mal2-9-150x150.png",150,150,true],"medium":["https:\/\/www.megastitch.eu\/wp-content\/uploads\/2019\/02\/mal2-9.png",298,298,false],"medium_large":["https:\/\/www.megastitch.eu\/wp-content\/uploads\/2019\/02\/mal2-9.png",298,298,false],"large":["https:\/\/www.megastitch.eu\/wp-content\/uploads\/2019\/02\/mal2-9.png",298,298,false],"1536x1536":["https:\/\/www.megastitch.eu\/wp-content\/uploads\/2019\/02\/mal2-9.png",298,298,false],"2048x2048":["https:\/\/www.megastitch.eu\/wp-content\/uploads\/2019\/02\/mal2-9.png",298,298,false],"ultp_layout_landscape_large":["https:\/\/www.megastitch.eu\/wp-content\/uploads\/2019\/02\/mal2-9.png",298,298,false],"ultp_layout_landscape":["https:\/\/www.megastitch.eu\/wp-content\/uploads\/2019\/02\/mal2-9.png",298,298,false],"ultp_layout_portrait":["https:\/\/www.megastitch.eu\/wp-content\/uploads\/2019\/02\/mal2-9.png",298,298,false],"ultp_layout_square":["https:\/\/www.megastitch.eu\/wp-content\/uploads\/2019\/02\/mal2-9.png",298,298,false],"molla_post-grid":["https:\/\/www.megastitch.eu\/wp-content\/uploads\/2019\/02\/mal2-9.png",267,267,false],"woocommerce_thumbnail":["https:\/\/www.megastitch.eu\/wp-content\/uploads\/2019\/02\/mal2-9.png",298,298,false],"woocommerce_single":["https:\/\/www.megastitch.eu\/wp-content\/uploads\/2019\/02\/mal2-9.png",298,298,false],"woocommerce_gallery_thumbnail":["https:\/\/www.megastitch.eu\/wp-content\/uploads\/2019\/02\/mal2-9-100x100.png",100,100,true]},"post_excerpt_stackable":"<p>Farebn\u00fd lietaj\u00faci bal\u00f3n nama\u013eovan\u00fd na magnetickej ihelni\u010dke svojimi \u017eiv\u00fdmi a jasn\u00fdmi farbami roz\u0161iari v\u00e1\u0161 de\u0148. Preneste sa do cestovate\u013esk\u00fdch snov zatia\u013e \u010do pevn\u00fd neodymov\u00fd magnet prichyt\u00ed va\u0161e vy\u0161\u00edvacie ihly a no\u017eni\u010dky na mieste, kde ste ich pre &#8220;cestou&#8221; nechali.<\/p>\n","category_list":"","author_info":{"name":"","url":""},"comments_num":"0 comments","featured_image_urls_v2":{"full":["https:\/\/www.megastitch.eu\/wp-content\/uploads\/2019\/02\/mal2-9.png",298,298,false],"thumbnail":["https:\/\/www.megastitch.eu\/wp-content\/uploads\/2019\/02\/mal2-9-150x150.png",150,150,true],"medium":["https:\/\/www.megastitch.eu\/wp-content\/uploads\/2019\/02\/mal2-9.png",298,298,false],"medium_large":["https:\/\/www.megastitch.eu\/wp-content\/uploads\/2019\/02\/mal2-9.png",298,298,false],"large":["https:\/\/www.megastitch.eu\/wp-content\/uploads\/2019\/02\/mal2-9.png",298,298,false],"1536x1536":["https:\/\/www.megastitch.eu\/wp-content\/uploads\/2019\/02\/mal2-9.png",298,298,false],"2048x2048":["https:\/\/www.megastitch.eu\/wp-content\/uploads\/2019\/02\/mal2-9.png",298,298,false],"ultp_layout_landscape_large":["https:\/\/www.megastitch.eu\/wp-content\/uploads\/2019\/02\/mal2-9.png",298,298,false],"ultp_layout_landscape":["https:\/\/www.megastitch.eu\/wp-content\/uploads\/2019\/02\/mal2-9.png",298,298,false],"ultp_layout_portrait":["https:\/\/www.megastitch.eu\/wp-content\/uploads\/2019\/02\/mal2-9.png",298,298,false],"ultp_layout_square":["https:\/\/www.megastitch.eu\/wp-content\/uploads\/2019\/02\/mal2-9.png",298,298,false],"molla_post-grid":["https:\/\/www.megastitch.eu\/wp-content\/uploads\/2019\/02\/mal2-9.png",267,267,false],"woocommerce_thumbnail":["https:\/\/www.megastitch.eu\/wp-content\/uploads\/2019\/02\/mal2-9.png",298,298,false],"woocommerce_single":["https:\/\/www.megastitch.eu\/wp-content\/uploads\/2019\/02\/mal2-9.png",298,298,false],"woocommerce_gallery_thumbnail":["https:\/\/www.megastitch.eu\/wp-content\/uploads\/2019\/02\/mal2-9-100x100.png",100,100,true]},"post_excerpt_stackable_v2":"<p>Farebn\u00fd lietaj\u00faci bal\u00f3n nama\u013eovan\u00fd na magnetickej ihelni\u010dke svojimi \u017eiv\u00fdmi a jasn\u00fdmi farbami roz\u0161iari v\u00e1\u0161 de\u0148. Preneste sa do cestovate\u013esk\u00fdch snov zatia\u013e \u010do pevn\u00fd neodymov\u00fd magnet prichyt\u00ed va\u0161e vy\u0161\u00edvacie ihly a no\u017eni\u010dky na mieste, kde ste ich pre &#8220;cestou&#8221; nechali.<\/p>\n","category_list_v2":"","author_info_v2":{"name":"","url":""},"comments_num_v2":"0 comments","uagb_featured_image_src":{"full":["https:\/\/www.megastitch.eu\/wp-content\/uploads\/2019\/02\/mal2-9.png",298,298,false],"thumbnail":["https:\/\/www.megastitch.eu\/wp-content\/uploads\/2019\/02\/mal2-9-150x150.png",150,150,true],"medium":["https:\/\/www.megastitch.eu\/wp-content\/uploads\/2019\/02\/mal2-9.png",298,298,false],"medium_large":["https:\/\/www.megastitch.eu\/wp-content\/uploads\/2019\/02\/mal2-9.png",298,298,false],"large":["https:\/\/www.megastitch.eu\/wp-content\/uploads\/2019\/02\/mal2-9.png",298,298,false],"1536x1536":["https:\/\/www.megastitch.eu\/wp-content\/uploads\/2019\/02\/mal2-9.png",298,298,false],"2048x2048":["https:\/\/www.megastitch.eu\/wp-content\/uploads\/2019\/02\/mal2-9.png",298,298,false],"ultp_layout_landscape_large":["https:\/\/www.megastitch.eu\/wp-content\/uploads\/2019\/02\/mal2-9.png",298,298,false],"ultp_layout_landscape":["https:\/\/www.megastitch.eu\/wp-content\/uploads\/2019\/02\/mal2-9.png",298,298,false],"ultp_layout_portrait":["https:\/\/www.megastitch.eu\/wp-content\/uploads\/2019\/02\/mal2-9.png",298,298,false],"ultp_layout_square":["https:\/\/www.megastitch.eu\/wp-content\/uploads\/2019\/02\/mal2-9.png",298,298,false],"molla_post-grid":["https:\/\/www.megastitch.eu\/wp-content\/uploads\/2019\/02\/mal2-9.png",267,267,false],"woocommerce_thumbnail":["https:\/\/www.megastitch.eu\/wp-content\/uploads\/2019\/02\/mal2-9.png",298,298,false],"woocommerce_single":["https:\/\/www.megastitch.eu\/wp-content\/uploads\/2019\/02\/mal2-9.png",298,298,false],"woocommerce_gallery_thumbnail":["https:\/\/www.megastitch.eu\/wp-content\/uploads\/2019\/02\/mal2-9-100x100.png",100,100,true]},"uagb_author_info":{"display_name":"Ludmila Mikusikova","author_link":"https:\/\/www.megastitch.eu\/cs\/author\/"},"uagb_comment_info":0,"uagb_excerpt":"Farebn\u00fd lietaj\u00faci bal\u00f3n nama\u013eovan\u00fd na magnetickej ihelni\u010dke svojimi \u017eiv\u00fdmi a jasn\u00fdmi farbami roz\u0161iari v\u00e1\u0161 de\u0148. Preneste sa do cestovate\u013esk\u00fdch snov zatia\u013e \u010do pevn\u00fd neodymov\u00fd magnet prichyt\u00ed va\u0161e vy\u0161\u00edvacie ihly a no\u017eni\u010dky na mieste, kde ste ich pre &#8220;cestou&#8221; nechali.","_links":{"self":[{"href":"https:\/\/www.megastitch.eu\/cs\/wp-json\/wp\/v2\/product\/1538"}],"collection":[{"href":"https:\/\/www.megastitch.eu\/cs\/wp-json\/wp\/v2\/product"}],"about":[{"href":"https:\/\/www.megastitch.eu\/cs\/wp-json\/wp\/v2\/types\/product"}],"replies":[{"embeddable":true,"href":"https:\/\/www.megastitch.eu\/cs\/wp-json\/wp\/v2\/comments?post=1538"}],"wp:featuredmedia":[{"embeddable":true,"href":"https:\/\/www.megastitch.eu\/cs\/wp-json\/wp\/v2\/media\/1109"}],"wp:attachment":[{"href":"https:\/\/www.megastitch.eu\/cs\/wp-json\/wp\/v2\/media?parent=1538"}],"wp:term":[{"taxonomy":"product_cat","embeddable":true,"href":"https:\/\/www.megastitch.eu\/cs\/wp-json\/wp\/v2\/product_cat?post=1538"},{"taxonomy":"product_tag","embeddable":true,"href":"https:\/\/www.megastitch.eu\/cs\/wp-json\/wp\/v2\/product_tag?post=1538"}],"curies":[{"name":"wp","href":"https:\/\/api.w.org\/{rel}","templated":true}]}}