	{"id":1541,"date":"2019-02-01T19:42:48","date_gmt":"2019-02-01T18:42:48","guid":{"rendered":"https:\/\/www.megastitch.eu\/obchod\/nezarazene\/jachty-v-pristavu\/"},"modified":"2019-11-16T20:11:38","modified_gmt":"2019-11-16T19:11:38","slug":"jachty-v-pristavu","status":"publish","type":"product","link":"https:\/\/www.megastitch.eu\/cs\/obchod\/magnetky-cs\/dopravni-prostredky\/jachty-v-pristavu\/","title":{"rendered":"Jachty v p\u0159\u00edstavu"},"content":{"rendered":"<div class=\"nolwrap\"><p>Ma\u013eovan\u00fd obr\u00e1zok tejto magnetickej ihelni\u010dky v\u00e1s prenesie do chv\u00ed\u013e oddychu na pr\u00edmorskej dovolenke. Jachty pozd\u013a\u017e pr\u00edmorskej promen\u00e1dy, farebn\u00e1 zele\u0148. Vo chv\u00ed\u013each oddychu pri svojej v\u00fd\u0161ivke bude va\u0161im vern\u00fdm pomocn\u00edkom dr\u017eiacim va\u0161e ihly na spr\u00e1vnom mieste v\u010faka pevn\u00famu neodymov\u00e9mu magnetu.<\/p>\n<\/div>","protected":false},"excerpt":{"rendered":"<p>Ma\u013eovan\u00fd obr\u00e1zok tejto magnetickej ihelni\u010dky v\u00e1s prenesie do chv\u00ed\u013e oddychu na pr\u00edmorskej dovolenke. Jachty pozd\u013a\u017e pr\u00edmorskej promen\u00e1dy, farebn\u00e1 zele\u0148. Vo chv\u00ed\u013each oddychu pri svojej v\u00fd\u0161ivke bude va\u0161im vern\u00fdm pomocn\u00edkom dr\u017eiacim va\u0161e ihly na spr\u00e1vnom mieste v\u010faka pevn\u00famu neodymov\u00e9mu magnetu.<\/p>\n","protected":false},"featured_media":424,"comment_status":"closed","ping_status":"closed","template":"","meta":{"_uag_custom_page_level_css":"","ngg_post_thumbnail":0},"product_cat":[67,90,87,92],"product_tag":[82],"aioseo_notices":[],"featured_image_urls":{"full":["https:\/\/www.megastitch.eu\/wp-content\/uploads\/2019\/02\/mal2-6.png",299,298,false],"thumbnail":["https:\/\/www.megastitch.eu\/wp-content\/uploads\/2019\/02\/mal2-6-150x150.png",150,150,true],"medium":["https:\/\/www.megastitch.eu\/wp-content\/uploads\/2019\/02\/mal2-6.png",299,298,false],"medium_large":["https:\/\/www.megastitch.eu\/wp-content\/uploads\/2019\/02\/mal2-6.png",299,298,false],"large":["https:\/\/www.megastitch.eu\/wp-content\/uploads\/2019\/02\/mal2-6.png",299,298,false],"1536x1536":["https:\/\/www.megastitch.eu\/wp-content\/uploads\/2019\/02\/mal2-6.png",299,298,false],"2048x2048":["https:\/\/www.megastitch.eu\/wp-content\/uploads\/2019\/02\/mal2-6.png",299,298,false],"ultp_layout_landscape_large":["https:\/\/www.megastitch.eu\/wp-content\/uploads\/2019\/02\/mal2-6.png",299,298,false],"ultp_layout_landscape":["https:\/\/www.megastitch.eu\/wp-content\/uploads\/2019\/02\/mal2-6.png",299,298,false],"ultp_layout_portrait":["https:\/\/www.megastitch.eu\/wp-content\/uploads\/2019\/02\/mal2-6.png",299,298,false],"ultp_layout_square":["https:\/\/www.megastitch.eu\/wp-content\/uploads\/2019\/02\/mal2-6.png",299,298,false],"molla_post-grid":["https:\/\/www.megastitch.eu\/wp-content\/uploads\/2019\/02\/mal2-6.png",268,267,false],"woocommerce_thumbnail":["https:\/\/www.megastitch.eu\/wp-content\/uploads\/2019\/02\/mal2-6.png",299,298,false],"woocommerce_single":["https:\/\/www.megastitch.eu\/wp-content\/uploads\/2019\/02\/mal2-6.png",299,298,false],"woocommerce_gallery_thumbnail":["https:\/\/www.megastitch.eu\/wp-content\/uploads\/2019\/02\/mal2-6-100x100.png",100,100,true]},"post_excerpt_stackable":"<p>Ma\u013eovan\u00fd obr\u00e1zok tejto magnetickej ihelni\u010dky v\u00e1s prenesie do chv\u00ed\u013e oddychu na pr\u00edmorskej dovolenke. Jachty pozd\u013a\u017e pr\u00edmorskej promen\u00e1dy, farebn\u00e1 zele\u0148. Vo chv\u00ed\u013each oddychu pri svojej v\u00fd\u0161ivke bude va\u0161im vern\u00fdm pomocn\u00edkom dr\u017eiacim va\u0161e ihly na spr\u00e1vnom mieste v\u010faka pevn\u00famu neodymov\u00e9mu magnetu.<\/p>\n","category_list":"","author_info":{"name":"","url":""},"comments_num":"0 comments","featured_image_urls_v2":{"full":["https:\/\/www.megastitch.eu\/wp-content\/uploads\/2019\/02\/mal2-6.png",299,298,false],"thumbnail":["https:\/\/www.megastitch.eu\/wp-content\/uploads\/2019\/02\/mal2-6-150x150.png",150,150,true],"medium":["https:\/\/www.megastitch.eu\/wp-content\/uploads\/2019\/02\/mal2-6.png",299,298,false],"medium_large":["https:\/\/www.megastitch.eu\/wp-content\/uploads\/2019\/02\/mal2-6.png",299,298,false],"large":["https:\/\/www.megastitch.eu\/wp-content\/uploads\/2019\/02\/mal2-6.png",299,298,false],"1536x1536":["https:\/\/www.megastitch.eu\/wp-content\/uploads\/2019\/02\/mal2-6.png",299,298,false],"2048x2048":["https:\/\/www.megastitch.eu\/wp-content\/uploads\/2019\/02\/mal2-6.png",299,298,false],"ultp_layout_landscape_large":["https:\/\/www.megastitch.eu\/wp-content\/uploads\/2019\/02\/mal2-6.png",299,298,false],"ultp_layout_landscape":["https:\/\/www.megastitch.eu\/wp-content\/uploads\/2019\/02\/mal2-6.png",299,298,false],"ultp_layout_portrait":["https:\/\/www.megastitch.eu\/wp-content\/uploads\/2019\/02\/mal2-6.png",299,298,false],"ultp_layout_square":["https:\/\/www.megastitch.eu\/wp-content\/uploads\/2019\/02\/mal2-6.png",299,298,false],"molla_post-grid":["https:\/\/www.megastitch.eu\/wp-content\/uploads\/2019\/02\/mal2-6.png",268,267,false],"woocommerce_thumbnail":["https:\/\/www.megastitch.eu\/wp-content\/uploads\/2019\/02\/mal2-6.png",299,298,false],"woocommerce_single":["https:\/\/www.megastitch.eu\/wp-content\/uploads\/2019\/02\/mal2-6.png",299,298,false],"woocommerce_gallery_thumbnail":["https:\/\/www.megastitch.eu\/wp-content\/uploads\/2019\/02\/mal2-6-100x100.png",100,100,true]},"post_excerpt_stackable_v2":"<p>Ma\u013eovan\u00fd obr\u00e1zok tejto magnetickej ihelni\u010dky v\u00e1s prenesie do chv\u00ed\u013e oddychu na pr\u00edmorskej dovolenke. Jachty pozd\u013a\u017e pr\u00edmorskej promen\u00e1dy, farebn\u00e1 zele\u0148. Vo chv\u00ed\u013each oddychu pri svojej v\u00fd\u0161ivke bude va\u0161im vern\u00fdm pomocn\u00edkom dr\u017eiacim va\u0161e ihly na spr\u00e1vnom mieste v\u010faka pevn\u00famu neodymov\u00e9mu magnetu.<\/p>\n","category_list_v2":"","author_info_v2":{"name":"","url":""},"comments_num_v2":"0 comments","uagb_featured_image_src":{"full":["https:\/\/www.megastitch.eu\/wp-content\/uploads\/2019\/02\/mal2-6.png",299,298,false],"thumbnail":["https:\/\/www.megastitch.eu\/wp-content\/uploads\/2019\/02\/mal2-6-150x150.png",150,150,true],"medium":["https:\/\/www.megastitch.eu\/wp-content\/uploads\/2019\/02\/mal2-6.png",299,298,false],"medium_large":["https:\/\/www.megastitch.eu\/wp-content\/uploads\/2019\/02\/mal2-6.png",299,298,false],"large":["https:\/\/www.megastitch.eu\/wp-content\/uploads\/2019\/02\/mal2-6.png",299,298,false],"1536x1536":["https:\/\/www.megastitch.eu\/wp-content\/uploads\/2019\/02\/mal2-6.png",299,298,false],"2048x2048":["https:\/\/www.megastitch.eu\/wp-content\/uploads\/2019\/02\/mal2-6.png",299,298,false],"ultp_layout_landscape_large":["https:\/\/www.megastitch.eu\/wp-content\/uploads\/2019\/02\/mal2-6.png",299,298,false],"ultp_layout_landscape":["https:\/\/www.megastitch.eu\/wp-content\/uploads\/2019\/02\/mal2-6.png",299,298,false],"ultp_layout_portrait":["https:\/\/www.megastitch.eu\/wp-content\/uploads\/2019\/02\/mal2-6.png",299,298,false],"ultp_layout_square":["https:\/\/www.megastitch.eu\/wp-content\/uploads\/2019\/02\/mal2-6.png",299,298,false],"molla_post-grid":["https:\/\/www.megastitch.eu\/wp-content\/uploads\/2019\/02\/mal2-6.png",268,267,false],"woocommerce_thumbnail":["https:\/\/www.megastitch.eu\/wp-content\/uploads\/2019\/02\/mal2-6.png",299,298,false],"woocommerce_single":["https:\/\/www.megastitch.eu\/wp-content\/uploads\/2019\/02\/mal2-6.png",299,298,false],"woocommerce_gallery_thumbnail":["https:\/\/www.megastitch.eu\/wp-content\/uploads\/2019\/02\/mal2-6-100x100.png",100,100,true]},"uagb_author_info":{"display_name":"Ludmila Mikusikova","author_link":"https:\/\/www.megastitch.eu\/cs\/author\/"},"uagb_comment_info":0,"uagb_excerpt":"Ma\u013eovan\u00fd obr\u00e1zok tejto magnetickej ihelni\u010dky v\u00e1s prenesie do chv\u00ed\u013e oddychu na pr\u00edmorskej dovolenke. Jachty pozd\u013a\u017e pr\u00edmorskej promen\u00e1dy, farebn\u00e1 zele\u0148. Vo chv\u00ed\u013each oddychu pri svojej v\u00fd\u0161ivke bude va\u0161im vern\u00fdm pomocn\u00edkom dr\u017eiacim va\u0161e ihly na spr\u00e1vnom mieste v\u010faka pevn\u00famu neodymov\u00e9mu magnetu.","_links":{"self":[{"href":"https:\/\/www.megastitch.eu\/cs\/wp-json\/wp\/v2\/product\/1541"}],"collection":[{"href":"https:\/\/www.megastitch.eu\/cs\/wp-json\/wp\/v2\/product"}],"about":[{"href":"https:\/\/www.megastitch.eu\/cs\/wp-json\/wp\/v2\/types\/product"}],"replies":[{"embeddable":true,"href":"https:\/\/www.megastitch.eu\/cs\/wp-json\/wp\/v2\/comments?post=1541"}],"wp:featuredmedia":[{"embeddable":true,"href":"https:\/\/www.megastitch.eu\/cs\/wp-json\/wp\/v2\/media\/424"}],"wp:attachment":[{"href":"https:\/\/www.megastitch.eu\/cs\/wp-json\/wp\/v2\/media?parent=1541"}],"wp:term":[{"taxonomy":"product_cat","embeddable":true,"href":"https:\/\/www.megastitch.eu\/cs\/wp-json\/wp\/v2\/product_cat?post=1541"},{"taxonomy":"product_tag","embeddable":true,"href":"https:\/\/www.megastitch.eu\/cs\/wp-json\/wp\/v2\/product_tag?post=1541"}],"curies":[{"name":"wp","href":"https:\/\/api.w.org\/{rel}","templated":true}]}}