	{"id":1545,"date":"2019-02-01T19:42:48","date_gmt":"2019-02-01T18:42:48","guid":{"rendered":"https:\/\/www.megastitch.eu\/obchod\/nezarazene\/cerveny-veteran\/"},"modified":"2022-12-18T15:08:05","modified_gmt":"2022-12-18T14:08:05","slug":"cerveny-veteran","status":"publish","type":"product","link":"https:\/\/www.megastitch.eu\/cs\/obchod\/magnetky-cs\/dopravni-prostredky\/cerveny-veteran\/","title":{"rendered":"\u010cerven\u00fd veter\u00e1n"},"content":{"rendered":"<div class=\"nolwrap\"><p>Ma\u013eovan\u00fd obr\u00e1zok \u010derven\u00e9ho veter\u00e1na na tejto magnetickej ihelni\u010dke pote\u0161\u00ed v\u0161etky milovn\u00ed\u010dky star\u00fdch \u00e1ut. Pevn\u00fd neodymov\u00fd magnet spln\u00ed svoju \u00falohu dokonale a vy u\u017e nebudete ma\u0165 staros\u0165 o svoje ihly a no\u017eni\u010dky. M\u00f4\u017eete sa plne s\u00fastredi\u0165 na svoju pr\u00e1cu a te\u0161i\u0165 sa na jej v\u00fdsledok.<\/p>\n<\/div>","protected":false},"excerpt":{"rendered":"<p>Ma\u013eovan\u00fd obr\u00e1zok \u010derven\u00e9ho veter\u00e1na na tejto magnetickej ihelni\u010dke pote\u0161\u00ed v\u0161etky milovn\u00ed\u010dky star\u00fdch \u00e1ut. Pevn\u00fd neodymov\u00fd magnet spln\u00ed svoju \u00falohu dokonale a vy u\u017e nebudete ma\u0165 staros\u0165 o svoje ihly a no\u017eni\u010dky. M\u00f4\u017eete sa plne s\u00fastredi\u0165 na svoju pr\u00e1cu a te\u0161i\u0165 sa na jej v\u00fdsledok.<\/p>\n","protected":false},"featured_media":1095,"comment_status":"closed","ping_status":"closed","template":"","meta":{"_uag_custom_page_level_css":"","ngg_post_thumbnail":0},"product_cat":[88,67,87,92],"product_tag":[],"aioseo_notices":[],"featured_image_urls":{"full":["https:\/\/www.megastitch.eu\/wp-content\/uploads\/2019\/02\/mal2-2.png",299,298,false],"thumbnail":["https:\/\/www.megastitch.eu\/wp-content\/uploads\/2019\/02\/mal2-2-150x150.png",150,150,true],"medium":["https:\/\/www.megastitch.eu\/wp-content\/uploads\/2019\/02\/mal2-2.png",299,298,false],"medium_large":["https:\/\/www.megastitch.eu\/wp-content\/uploads\/2019\/02\/mal2-2.png",299,298,false],"large":["https:\/\/www.megastitch.eu\/wp-content\/uploads\/2019\/02\/mal2-2.png",299,298,false],"1536x1536":["https:\/\/www.megastitch.eu\/wp-content\/uploads\/2019\/02\/mal2-2.png",299,298,false],"2048x2048":["https:\/\/www.megastitch.eu\/wp-content\/uploads\/2019\/02\/mal2-2.png",299,298,false],"ultp_layout_landscape_large":["https:\/\/www.megastitch.eu\/wp-content\/uploads\/2019\/02\/mal2-2.png",299,298,false],"ultp_layout_landscape":["https:\/\/www.megastitch.eu\/wp-content\/uploads\/2019\/02\/mal2-2.png",299,298,false],"ultp_layout_portrait":["https:\/\/www.megastitch.eu\/wp-content\/uploads\/2019\/02\/mal2-2.png",299,298,false],"ultp_layout_square":["https:\/\/www.megastitch.eu\/wp-content\/uploads\/2019\/02\/mal2-2.png",299,298,false],"molla_post-grid":["https:\/\/www.megastitch.eu\/wp-content\/uploads\/2019\/02\/mal2-2.png",268,267,false],"woocommerce_thumbnail":["https:\/\/www.megastitch.eu\/wp-content\/uploads\/2019\/02\/mal2-2.png",299,298,false],"woocommerce_single":["https:\/\/www.megastitch.eu\/wp-content\/uploads\/2019\/02\/mal2-2.png",299,298,false],"woocommerce_gallery_thumbnail":["https:\/\/www.megastitch.eu\/wp-content\/uploads\/2019\/02\/mal2-2-100x100.png",100,100,true]},"post_excerpt_stackable":"<p>Ma\u013eovan\u00fd obr\u00e1zok \u010derven\u00e9ho veter\u00e1na na tejto magnetickej ihelni\u010dke pote\u0161\u00ed v\u0161etky milovn\u00ed\u010dky star\u00fdch \u00e1ut. Pevn\u00fd neodymov\u00fd magnet spln\u00ed svoju \u00falohu dokonale a vy u\u017e nebudete ma\u0165 staros\u0165 o svoje ihly a no\u017eni\u010dky. M\u00f4\u017eete sa plne s\u00fastredi\u0165 na svoju pr\u00e1cu a te\u0161i\u0165 sa na jej v\u00fdsledok.<\/p>\n","category_list":"","author_info":{"name":"","url":""},"comments_num":"0 comments","featured_image_urls_v2":{"full":["https:\/\/www.megastitch.eu\/wp-content\/uploads\/2019\/02\/mal2-2.png",299,298,false],"thumbnail":["https:\/\/www.megastitch.eu\/wp-content\/uploads\/2019\/02\/mal2-2-150x150.png",150,150,true],"medium":["https:\/\/www.megastitch.eu\/wp-content\/uploads\/2019\/02\/mal2-2.png",299,298,false],"medium_large":["https:\/\/www.megastitch.eu\/wp-content\/uploads\/2019\/02\/mal2-2.png",299,298,false],"large":["https:\/\/www.megastitch.eu\/wp-content\/uploads\/2019\/02\/mal2-2.png",299,298,false],"1536x1536":["https:\/\/www.megastitch.eu\/wp-content\/uploads\/2019\/02\/mal2-2.png",299,298,false],"2048x2048":["https:\/\/www.megastitch.eu\/wp-content\/uploads\/2019\/02\/mal2-2.png",299,298,false],"ultp_layout_landscape_large":["https:\/\/www.megastitch.eu\/wp-content\/uploads\/2019\/02\/mal2-2.png",299,298,false],"ultp_layout_landscape":["https:\/\/www.megastitch.eu\/wp-content\/uploads\/2019\/02\/mal2-2.png",299,298,false],"ultp_layout_portrait":["https:\/\/www.megastitch.eu\/wp-content\/uploads\/2019\/02\/mal2-2.png",299,298,false],"ultp_layout_square":["https:\/\/www.megastitch.eu\/wp-content\/uploads\/2019\/02\/mal2-2.png",299,298,false],"molla_post-grid":["https:\/\/www.megastitch.eu\/wp-content\/uploads\/2019\/02\/mal2-2.png",268,267,false],"woocommerce_thumbnail":["https:\/\/www.megastitch.eu\/wp-content\/uploads\/2019\/02\/mal2-2.png",299,298,false],"woocommerce_single":["https:\/\/www.megastitch.eu\/wp-content\/uploads\/2019\/02\/mal2-2.png",299,298,false],"woocommerce_gallery_thumbnail":["https:\/\/www.megastitch.eu\/wp-content\/uploads\/2019\/02\/mal2-2-100x100.png",100,100,true]},"post_excerpt_stackable_v2":"<p>Ma\u013eovan\u00fd obr\u00e1zok \u010derven\u00e9ho veter\u00e1na na tejto magnetickej ihelni\u010dke pote\u0161\u00ed v\u0161etky milovn\u00ed\u010dky star\u00fdch \u00e1ut. Pevn\u00fd neodymov\u00fd magnet spln\u00ed svoju \u00falohu dokonale a vy u\u017e nebudete ma\u0165 staros\u0165 o svoje ihly a no\u017eni\u010dky. M\u00f4\u017eete sa plne s\u00fastredi\u0165 na svoju pr\u00e1cu a te\u0161i\u0165 sa na jej v\u00fdsledok.<\/p>\n","category_list_v2":"","author_info_v2":{"name":"","url":""},"comments_num_v2":"0 comments","uagb_featured_image_src":{"full":["https:\/\/www.megastitch.eu\/wp-content\/uploads\/2019\/02\/mal2-2.png",299,298,false],"thumbnail":["https:\/\/www.megastitch.eu\/wp-content\/uploads\/2019\/02\/mal2-2-150x150.png",150,150,true],"medium":["https:\/\/www.megastitch.eu\/wp-content\/uploads\/2019\/02\/mal2-2.png",299,298,false],"medium_large":["https:\/\/www.megastitch.eu\/wp-content\/uploads\/2019\/02\/mal2-2.png",299,298,false],"large":["https:\/\/www.megastitch.eu\/wp-content\/uploads\/2019\/02\/mal2-2.png",299,298,false],"1536x1536":["https:\/\/www.megastitch.eu\/wp-content\/uploads\/2019\/02\/mal2-2.png",299,298,false],"2048x2048":["https:\/\/www.megastitch.eu\/wp-content\/uploads\/2019\/02\/mal2-2.png",299,298,false],"ultp_layout_landscape_large":["https:\/\/www.megastitch.eu\/wp-content\/uploads\/2019\/02\/mal2-2.png",299,298,false],"ultp_layout_landscape":["https:\/\/www.megastitch.eu\/wp-content\/uploads\/2019\/02\/mal2-2.png",299,298,false],"ultp_layout_portrait":["https:\/\/www.megastitch.eu\/wp-content\/uploads\/2019\/02\/mal2-2.png",299,298,false],"ultp_layout_square":["https:\/\/www.megastitch.eu\/wp-content\/uploads\/2019\/02\/mal2-2.png",299,298,false],"molla_post-grid":["https:\/\/www.megastitch.eu\/wp-content\/uploads\/2019\/02\/mal2-2.png",268,267,false],"woocommerce_thumbnail":["https:\/\/www.megastitch.eu\/wp-content\/uploads\/2019\/02\/mal2-2.png",299,298,false],"woocommerce_single":["https:\/\/www.megastitch.eu\/wp-content\/uploads\/2019\/02\/mal2-2.png",299,298,false],"woocommerce_gallery_thumbnail":["https:\/\/www.megastitch.eu\/wp-content\/uploads\/2019\/02\/mal2-2-100x100.png",100,100,true]},"uagb_author_info":{"display_name":"Ludmila Mikusikova","author_link":"https:\/\/www.megastitch.eu\/cs\/author\/"},"uagb_comment_info":0,"uagb_excerpt":"Ma\u013eovan\u00fd obr\u00e1zok \u010derven\u00e9ho veter\u00e1na na tejto magnetickej ihelni\u010dke pote\u0161\u00ed v\u0161etky milovn\u00ed\u010dky star\u00fdch \u00e1ut. Pevn\u00fd neodymov\u00fd magnet spln\u00ed svoju \u00falohu dokonale a vy u\u017e nebudete ma\u0165 staros\u0165 o svoje ihly a no\u017eni\u010dky. M\u00f4\u017eete sa plne s\u00fastredi\u0165 na svoju pr\u00e1cu a te\u0161i\u0165 sa na jej v\u00fdsledok.","_links":{"self":[{"href":"https:\/\/www.megastitch.eu\/cs\/wp-json\/wp\/v2\/product\/1545"}],"collection":[{"href":"https:\/\/www.megastitch.eu\/cs\/wp-json\/wp\/v2\/product"}],"about":[{"href":"https:\/\/www.megastitch.eu\/cs\/wp-json\/wp\/v2\/types\/product"}],"replies":[{"embeddable":true,"href":"https:\/\/www.megastitch.eu\/cs\/wp-json\/wp\/v2\/comments?post=1545"}],"wp:featuredmedia":[{"embeddable":true,"href":"https:\/\/www.megastitch.eu\/cs\/wp-json\/wp\/v2\/media\/1095"}],"wp:attachment":[{"href":"https:\/\/www.megastitch.eu\/cs\/wp-json\/wp\/v2\/media?parent=1545"}],"wp:term":[{"taxonomy":"product_cat","embeddable":true,"href":"https:\/\/www.megastitch.eu\/cs\/wp-json\/wp\/v2\/product_cat?post=1545"},{"taxonomy":"product_tag","embeddable":true,"href":"https:\/\/www.megastitch.eu\/cs\/wp-json\/wp\/v2\/product_tag?post=1545"}],"curies":[{"name":"wp","href":"https:\/\/api.w.org\/{rel}","templated":true}]}}