	{"id":1546,"date":"2019-02-01T19:42:48","date_gmt":"2019-02-01T18:42:48","guid":{"rendered":"https:\/\/www.megastitch.eu\/obchod\/nezarazene\/nakladak-veteran\/"},"modified":"2019-11-16T20:25:11","modified_gmt":"2019-11-16T19:25:11","slug":"nakladak-veteran","status":"publish","type":"product","link":"https:\/\/www.megastitch.eu\/cs\/obchod\/magnetky-cs\/dopravni-prostredky\/nakladak-veteran\/","title":{"rendered":"N\u00e1kla\u010f\u00e1k veter\u00e1n"},"content":{"rendered":"<div class=\"nolwrap\"><p>Ma\u013eovan\u00fd obr\u00e1zok veter\u00e1nskeho n\u00e1kladn\u00e9ho auta na tejto magnetickej ihelni\u010dke svojim zauj\u00edmav\u00fdm dizajnom pote\u0161\u00ed ka\u017ed\u00fa milovn\u00ed\u010dku \u00e1ut. Svoju \u00falohu spln\u00ed dokonale v\u010faka kvalitn\u00e9mu neodymov\u00e9mu nagnetu, ktor\u00fd udr\u017e\u00ed va\u0161e ihly, ako aj no\u017eni\u010dky pevne na svojom mieste.<\/p>\n<\/div>","protected":false},"excerpt":{"rendered":"<p>Ma\u013eovan\u00fd obr\u00e1zok veter\u00e1nskeho n\u00e1kladn\u00e9ho auta na tejto magnetickej ihelni\u010dke svojim zauj\u00edmav\u00fdm dizajnom pote\u0161\u00ed ka\u017ed\u00fa milovn\u00ed\u010dku \u00e1ut. Svoju \u00falohu spln\u00ed dokonale v\u010faka kvalitn\u00e9mu neodymov\u00e9mu nagnetu, ktor\u00fd udr\u017e\u00ed va\u0161e ihly, ako aj no\u017eni\u010dky pevne na svojom mieste.<\/p>\n","protected":false},"featured_media":1093,"comment_status":"closed","ping_status":"closed","template":"","meta":{"_uag_custom_page_level_css":"","ngg_post_thumbnail":0},"product_cat":[88,67,87,92],"product_tag":[],"aioseo_notices":[],"featured_image_urls":{"full":["https:\/\/www.megastitch.eu\/wp-content\/uploads\/2019\/02\/mal2-1.png",298,298,false],"thumbnail":["https:\/\/www.megastitch.eu\/wp-content\/uploads\/2019\/02\/mal2-1-150x150.png",150,150,true],"medium":["https:\/\/www.megastitch.eu\/wp-content\/uploads\/2019\/02\/mal2-1.png",298,298,false],"medium_large":["https:\/\/www.megastitch.eu\/wp-content\/uploads\/2019\/02\/mal2-1.png",298,298,false],"large":["https:\/\/www.megastitch.eu\/wp-content\/uploads\/2019\/02\/mal2-1.png",298,298,false],"1536x1536":["https:\/\/www.megastitch.eu\/wp-content\/uploads\/2019\/02\/mal2-1.png",298,298,false],"2048x2048":["https:\/\/www.megastitch.eu\/wp-content\/uploads\/2019\/02\/mal2-1.png",298,298,false],"ultp_layout_landscape_large":["https:\/\/www.megastitch.eu\/wp-content\/uploads\/2019\/02\/mal2-1.png",298,298,false],"ultp_layout_landscape":["https:\/\/www.megastitch.eu\/wp-content\/uploads\/2019\/02\/mal2-1.png",298,298,false],"ultp_layout_portrait":["https:\/\/www.megastitch.eu\/wp-content\/uploads\/2019\/02\/mal2-1.png",298,298,false],"ultp_layout_square":["https:\/\/www.megastitch.eu\/wp-content\/uploads\/2019\/02\/mal2-1.png",298,298,false],"molla_post-grid":["https:\/\/www.megastitch.eu\/wp-content\/uploads\/2019\/02\/mal2-1.png",267,267,false],"woocommerce_thumbnail":["https:\/\/www.megastitch.eu\/wp-content\/uploads\/2019\/02\/mal2-1.png",298,298,false],"woocommerce_single":["https:\/\/www.megastitch.eu\/wp-content\/uploads\/2019\/02\/mal2-1.png",298,298,false],"woocommerce_gallery_thumbnail":["https:\/\/www.megastitch.eu\/wp-content\/uploads\/2019\/02\/mal2-1-100x100.png",100,100,true]},"post_excerpt_stackable":"<p>Ma\u013eovan\u00fd obr\u00e1zok veter\u00e1nskeho n\u00e1kladn\u00e9ho auta na tejto magnetickej ihelni\u010dke svojim zauj\u00edmav\u00fdm dizajnom pote\u0161\u00ed ka\u017ed\u00fa milovn\u00ed\u010dku \u00e1ut. Svoju \u00falohu spln\u00ed dokonale v\u010faka kvalitn\u00e9mu neodymov\u00e9mu nagnetu, ktor\u00fd udr\u017e\u00ed va\u0161e ihly, ako aj no\u017eni\u010dky pevne na svojom mieste.<\/p>\n","category_list":"","author_info":{"name":"","url":""},"comments_num":"0 comments","featured_image_urls_v2":{"full":["https:\/\/www.megastitch.eu\/wp-content\/uploads\/2019\/02\/mal2-1.png",298,298,false],"thumbnail":["https:\/\/www.megastitch.eu\/wp-content\/uploads\/2019\/02\/mal2-1-150x150.png",150,150,true],"medium":["https:\/\/www.megastitch.eu\/wp-content\/uploads\/2019\/02\/mal2-1.png",298,298,false],"medium_large":["https:\/\/www.megastitch.eu\/wp-content\/uploads\/2019\/02\/mal2-1.png",298,298,false],"large":["https:\/\/www.megastitch.eu\/wp-content\/uploads\/2019\/02\/mal2-1.png",298,298,false],"1536x1536":["https:\/\/www.megastitch.eu\/wp-content\/uploads\/2019\/02\/mal2-1.png",298,298,false],"2048x2048":["https:\/\/www.megastitch.eu\/wp-content\/uploads\/2019\/02\/mal2-1.png",298,298,false],"ultp_layout_landscape_large":["https:\/\/www.megastitch.eu\/wp-content\/uploads\/2019\/02\/mal2-1.png",298,298,false],"ultp_layout_landscape":["https:\/\/www.megastitch.eu\/wp-content\/uploads\/2019\/02\/mal2-1.png",298,298,false],"ultp_layout_portrait":["https:\/\/www.megastitch.eu\/wp-content\/uploads\/2019\/02\/mal2-1.png",298,298,false],"ultp_layout_square":["https:\/\/www.megastitch.eu\/wp-content\/uploads\/2019\/02\/mal2-1.png",298,298,false],"molla_post-grid":["https:\/\/www.megastitch.eu\/wp-content\/uploads\/2019\/02\/mal2-1.png",267,267,false],"woocommerce_thumbnail":["https:\/\/www.megastitch.eu\/wp-content\/uploads\/2019\/02\/mal2-1.png",298,298,false],"woocommerce_single":["https:\/\/www.megastitch.eu\/wp-content\/uploads\/2019\/02\/mal2-1.png",298,298,false],"woocommerce_gallery_thumbnail":["https:\/\/www.megastitch.eu\/wp-content\/uploads\/2019\/02\/mal2-1-100x100.png",100,100,true]},"post_excerpt_stackable_v2":"<p>Ma\u013eovan\u00fd obr\u00e1zok veter\u00e1nskeho n\u00e1kladn\u00e9ho auta na tejto magnetickej ihelni\u010dke svojim zauj\u00edmav\u00fdm dizajnom pote\u0161\u00ed ka\u017ed\u00fa milovn\u00ed\u010dku \u00e1ut. Svoju \u00falohu spln\u00ed dokonale v\u010faka kvalitn\u00e9mu neodymov\u00e9mu nagnetu, ktor\u00fd udr\u017e\u00ed va\u0161e ihly, ako aj no\u017eni\u010dky pevne na svojom mieste.<\/p>\n","category_list_v2":"","author_info_v2":{"name":"","url":""},"comments_num_v2":"0 comments","uagb_featured_image_src":{"full":["https:\/\/www.megastitch.eu\/wp-content\/uploads\/2019\/02\/mal2-1.png",298,298,false],"thumbnail":["https:\/\/www.megastitch.eu\/wp-content\/uploads\/2019\/02\/mal2-1-150x150.png",150,150,true],"medium":["https:\/\/www.megastitch.eu\/wp-content\/uploads\/2019\/02\/mal2-1.png",298,298,false],"medium_large":["https:\/\/www.megastitch.eu\/wp-content\/uploads\/2019\/02\/mal2-1.png",298,298,false],"large":["https:\/\/www.megastitch.eu\/wp-content\/uploads\/2019\/02\/mal2-1.png",298,298,false],"1536x1536":["https:\/\/www.megastitch.eu\/wp-content\/uploads\/2019\/02\/mal2-1.png",298,298,false],"2048x2048":["https:\/\/www.megastitch.eu\/wp-content\/uploads\/2019\/02\/mal2-1.png",298,298,false],"ultp_layout_landscape_large":["https:\/\/www.megastitch.eu\/wp-content\/uploads\/2019\/02\/mal2-1.png",298,298,false],"ultp_layout_landscape":["https:\/\/www.megastitch.eu\/wp-content\/uploads\/2019\/02\/mal2-1.png",298,298,false],"ultp_layout_portrait":["https:\/\/www.megastitch.eu\/wp-content\/uploads\/2019\/02\/mal2-1.png",298,298,false],"ultp_layout_square":["https:\/\/www.megastitch.eu\/wp-content\/uploads\/2019\/02\/mal2-1.png",298,298,false],"molla_post-grid":["https:\/\/www.megastitch.eu\/wp-content\/uploads\/2019\/02\/mal2-1.png",267,267,false],"woocommerce_thumbnail":["https:\/\/www.megastitch.eu\/wp-content\/uploads\/2019\/02\/mal2-1.png",298,298,false],"woocommerce_single":["https:\/\/www.megastitch.eu\/wp-content\/uploads\/2019\/02\/mal2-1.png",298,298,false],"woocommerce_gallery_thumbnail":["https:\/\/www.megastitch.eu\/wp-content\/uploads\/2019\/02\/mal2-1-100x100.png",100,100,true]},"uagb_author_info":{"display_name":"Ludmila Mikusikova","author_link":"https:\/\/www.megastitch.eu\/cs\/author\/"},"uagb_comment_info":0,"uagb_excerpt":"Ma\u013eovan\u00fd obr\u00e1zok veter\u00e1nskeho n\u00e1kladn\u00e9ho auta na tejto magnetickej ihelni\u010dke svojim zauj\u00edmav\u00fdm dizajnom pote\u0161\u00ed ka\u017ed\u00fa milovn\u00ed\u010dku \u00e1ut. Svoju \u00falohu spln\u00ed dokonale v\u010faka kvalitn\u00e9mu neodymov\u00e9mu nagnetu, ktor\u00fd udr\u017e\u00ed va\u0161e ihly, ako aj no\u017eni\u010dky pevne na svojom mieste.","_links":{"self":[{"href":"https:\/\/www.megastitch.eu\/cs\/wp-json\/wp\/v2\/product\/1546"}],"collection":[{"href":"https:\/\/www.megastitch.eu\/cs\/wp-json\/wp\/v2\/product"}],"about":[{"href":"https:\/\/www.megastitch.eu\/cs\/wp-json\/wp\/v2\/types\/product"}],"replies":[{"embeddable":true,"href":"https:\/\/www.megastitch.eu\/cs\/wp-json\/wp\/v2\/comments?post=1546"}],"wp:featuredmedia":[{"embeddable":true,"href":"https:\/\/www.megastitch.eu\/cs\/wp-json\/wp\/v2\/media\/1093"}],"wp:attachment":[{"href":"https:\/\/www.megastitch.eu\/cs\/wp-json\/wp\/v2\/media?parent=1546"}],"wp:term":[{"taxonomy":"product_cat","embeddable":true,"href":"https:\/\/www.megastitch.eu\/cs\/wp-json\/wp\/v2\/product_cat?post=1546"},{"taxonomy":"product_tag","embeddable":true,"href":"https:\/\/www.megastitch.eu\/cs\/wp-json\/wp\/v2\/product_tag?post=1546"}],"curies":[{"name":"wp","href":"https:\/\/api.w.org\/{rel}","templated":true}]}}