	{"id":1547,"date":"2019-02-01T19:42:48","date_gmt":"2019-02-01T18:42:48","guid":{"rendered":"https:\/\/www.megastitch.eu\/obchod\/nezarazene\/okno-s-barevnymi-kvetinaci\/"},"modified":"2019-11-16T20:28:02","modified_gmt":"2019-11-16T19:28:02","slug":"okno-s-barevnymi-kvetinaci","status":"publish","type":"product","link":"https:\/\/www.megastitch.eu\/cs\/obchod\/magnetky-cs\/rostliny\/okno-s-barevnymi-kvetinaci\/","title":{"rendered":"Okno s barevn\u00fdmi kv\u011btin\u00e1\u010di"},"content":{"rendered":"<div class=\"nolwrap\"><p>Dreven\u00e9 okenice, farebn\u00e9 kvetin\u00e1\u010de plne kvitn\u00facich kvetov, to je atmosf\u00e9ra vidieka. Mo\u017eno m\u00e1te pr\u00e1ve pred sebou aj v\u00fd\u0161ivku s pr\u00edrodnou scen\u00e9riou a t\u00e1to magnetka bude k nej dokonale ladi\u0165. Pevn\u00fd magnet sa postar\u00e1 o va\u0161e ihly a vy si m\u00f4\u017eete vychutn\u00e1va\u0165 farby magnetky aj vy\u0161\u00edvan\u00e9ho obr\u00e1zka.<\/p>\n<\/div>","protected":false},"excerpt":{"rendered":"<p>Dreven\u00e9 okenice, farebn\u00e9 kvetin\u00e1\u010de plne kvitn\u00facich kvetov, to je atmosf\u00e9ra vidieka. Mo\u017eno m\u00e1te pr\u00e1ve pred sebou aj v\u00fd\u0161ivku s pr\u00edrodnou scen\u00e9riou a t\u00e1to magnetka bude k nej dokonale ladi\u0165. Pevn\u00fd magnet sa postar\u00e1 o va\u0161e ihly a vy si m\u00f4\u017eete vychutn\u00e1va\u0165 farby magnetky aj vy\u0161\u00edvan\u00e9ho obr\u00e1zka.<\/p>\n","protected":false},"featured_media":412,"comment_status":"closed","ping_status":"closed","template":"","meta":{"_uag_custom_page_level_css":"","ngg_post_thumbnail":0},"product_cat":[94,87,92,93,69],"product_tag":[],"aioseo_notices":[],"featured_image_urls":{"full":["https:\/\/www.megastitch.eu\/wp-content\/uploads\/2019\/02\/mal1-25.png",298,298,false],"thumbnail":["https:\/\/www.megastitch.eu\/wp-content\/uploads\/2019\/02\/mal1-25-150x150.png",150,150,true],"medium":["https:\/\/www.megastitch.eu\/wp-content\/uploads\/2019\/02\/mal1-25.png",298,298,false],"medium_large":["https:\/\/www.megastitch.eu\/wp-content\/uploads\/2019\/02\/mal1-25.png",298,298,false],"large":["https:\/\/www.megastitch.eu\/wp-content\/uploads\/2019\/02\/mal1-25.png",298,298,false],"1536x1536":["https:\/\/www.megastitch.eu\/wp-content\/uploads\/2019\/02\/mal1-25.png",298,298,false],"2048x2048":["https:\/\/www.megastitch.eu\/wp-content\/uploads\/2019\/02\/mal1-25.png",298,298,false],"ultp_layout_landscape_large":["https:\/\/www.megastitch.eu\/wp-content\/uploads\/2019\/02\/mal1-25.png",298,298,false],"ultp_layout_landscape":["https:\/\/www.megastitch.eu\/wp-content\/uploads\/2019\/02\/mal1-25.png",298,298,false],"ultp_layout_portrait":["https:\/\/www.megastitch.eu\/wp-content\/uploads\/2019\/02\/mal1-25.png",298,298,false],"ultp_layout_square":["https:\/\/www.megastitch.eu\/wp-content\/uploads\/2019\/02\/mal1-25.png",298,298,false],"molla_post-grid":["https:\/\/www.megastitch.eu\/wp-content\/uploads\/2019\/02\/mal1-25.png",267,267,false],"woocommerce_thumbnail":["https:\/\/www.megastitch.eu\/wp-content\/uploads\/2019\/02\/mal1-25.png",298,298,false],"woocommerce_single":["https:\/\/www.megastitch.eu\/wp-content\/uploads\/2019\/02\/mal1-25.png",298,298,false],"woocommerce_gallery_thumbnail":["https:\/\/www.megastitch.eu\/wp-content\/uploads\/2019\/02\/mal1-25-100x100.png",100,100,true]},"post_excerpt_stackable":"<p>Dreven\u00e9 okenice, farebn\u00e9 kvetin\u00e1\u010de plne kvitn\u00facich kvetov, to je atmosf\u00e9ra vidieka. Mo\u017eno m\u00e1te pr\u00e1ve pred sebou aj v\u00fd\u0161ivku s pr\u00edrodnou scen\u00e9riou a t\u00e1to magnetka bude k nej dokonale ladi\u0165. Pevn\u00fd magnet sa postar\u00e1 o va\u0161e ihly a vy si m\u00f4\u017eete vychutn\u00e1va\u0165 farby magnetky aj vy\u0161\u00edvan\u00e9ho obr\u00e1zka.<\/p>\n","category_list":"","author_info":{"name":"","url":""},"comments_num":"0 comments","featured_image_urls_v2":{"full":["https:\/\/www.megastitch.eu\/wp-content\/uploads\/2019\/02\/mal1-25.png",298,298,false],"thumbnail":["https:\/\/www.megastitch.eu\/wp-content\/uploads\/2019\/02\/mal1-25-150x150.png",150,150,true],"medium":["https:\/\/www.megastitch.eu\/wp-content\/uploads\/2019\/02\/mal1-25.png",298,298,false],"medium_large":["https:\/\/www.megastitch.eu\/wp-content\/uploads\/2019\/02\/mal1-25.png",298,298,false],"large":["https:\/\/www.megastitch.eu\/wp-content\/uploads\/2019\/02\/mal1-25.png",298,298,false],"1536x1536":["https:\/\/www.megastitch.eu\/wp-content\/uploads\/2019\/02\/mal1-25.png",298,298,false],"2048x2048":["https:\/\/www.megastitch.eu\/wp-content\/uploads\/2019\/02\/mal1-25.png",298,298,false],"ultp_layout_landscape_large":["https:\/\/www.megastitch.eu\/wp-content\/uploads\/2019\/02\/mal1-25.png",298,298,false],"ultp_layout_landscape":["https:\/\/www.megastitch.eu\/wp-content\/uploads\/2019\/02\/mal1-25.png",298,298,false],"ultp_layout_portrait":["https:\/\/www.megastitch.eu\/wp-content\/uploads\/2019\/02\/mal1-25.png",298,298,false],"ultp_layout_square":["https:\/\/www.megastitch.eu\/wp-content\/uploads\/2019\/02\/mal1-25.png",298,298,false],"molla_post-grid":["https:\/\/www.megastitch.eu\/wp-content\/uploads\/2019\/02\/mal1-25.png",267,267,false],"woocommerce_thumbnail":["https:\/\/www.megastitch.eu\/wp-content\/uploads\/2019\/02\/mal1-25.png",298,298,false],"woocommerce_single":["https:\/\/www.megastitch.eu\/wp-content\/uploads\/2019\/02\/mal1-25.png",298,298,false],"woocommerce_gallery_thumbnail":["https:\/\/www.megastitch.eu\/wp-content\/uploads\/2019\/02\/mal1-25-100x100.png",100,100,true]},"post_excerpt_stackable_v2":"<p>Dreven\u00e9 okenice, farebn\u00e9 kvetin\u00e1\u010de plne kvitn\u00facich kvetov, to je atmosf\u00e9ra vidieka. Mo\u017eno m\u00e1te pr\u00e1ve pred sebou aj v\u00fd\u0161ivku s pr\u00edrodnou scen\u00e9riou a t\u00e1to magnetka bude k nej dokonale ladi\u0165. Pevn\u00fd magnet sa postar\u00e1 o va\u0161e ihly a vy si m\u00f4\u017eete vychutn\u00e1va\u0165 farby magnetky aj vy\u0161\u00edvan\u00e9ho obr\u00e1zka.<\/p>\n","category_list_v2":"","author_info_v2":{"name":"","url":""},"comments_num_v2":"0 comments","uagb_featured_image_src":{"full":["https:\/\/www.megastitch.eu\/wp-content\/uploads\/2019\/02\/mal1-25.png",298,298,false],"thumbnail":["https:\/\/www.megastitch.eu\/wp-content\/uploads\/2019\/02\/mal1-25-150x150.png",150,150,true],"medium":["https:\/\/www.megastitch.eu\/wp-content\/uploads\/2019\/02\/mal1-25.png",298,298,false],"medium_large":["https:\/\/www.megastitch.eu\/wp-content\/uploads\/2019\/02\/mal1-25.png",298,298,false],"large":["https:\/\/www.megastitch.eu\/wp-content\/uploads\/2019\/02\/mal1-25.png",298,298,false],"1536x1536":["https:\/\/www.megastitch.eu\/wp-content\/uploads\/2019\/02\/mal1-25.png",298,298,false],"2048x2048":["https:\/\/www.megastitch.eu\/wp-content\/uploads\/2019\/02\/mal1-25.png",298,298,false],"ultp_layout_landscape_large":["https:\/\/www.megastitch.eu\/wp-content\/uploads\/2019\/02\/mal1-25.png",298,298,false],"ultp_layout_landscape":["https:\/\/www.megastitch.eu\/wp-content\/uploads\/2019\/02\/mal1-25.png",298,298,false],"ultp_layout_portrait":["https:\/\/www.megastitch.eu\/wp-content\/uploads\/2019\/02\/mal1-25.png",298,298,false],"ultp_layout_square":["https:\/\/www.megastitch.eu\/wp-content\/uploads\/2019\/02\/mal1-25.png",298,298,false],"molla_post-grid":["https:\/\/www.megastitch.eu\/wp-content\/uploads\/2019\/02\/mal1-25.png",267,267,false],"woocommerce_thumbnail":["https:\/\/www.megastitch.eu\/wp-content\/uploads\/2019\/02\/mal1-25.png",298,298,false],"woocommerce_single":["https:\/\/www.megastitch.eu\/wp-content\/uploads\/2019\/02\/mal1-25.png",298,298,false],"woocommerce_gallery_thumbnail":["https:\/\/www.megastitch.eu\/wp-content\/uploads\/2019\/02\/mal1-25-100x100.png",100,100,true]},"uagb_author_info":{"display_name":"Ludmila Mikusikova","author_link":"https:\/\/www.megastitch.eu\/cs\/author\/"},"uagb_comment_info":0,"uagb_excerpt":"Dreven\u00e9 okenice, farebn\u00e9 kvetin\u00e1\u010de plne kvitn\u00facich kvetov, to je atmosf\u00e9ra vidieka. Mo\u017eno m\u00e1te pr\u00e1ve pred sebou aj v\u00fd\u0161ivku s pr\u00edrodnou scen\u00e9riou a t\u00e1to magnetka bude k nej dokonale ladi\u0165. Pevn\u00fd magnet sa postar\u00e1 o va\u0161e ihly a vy si m\u00f4\u017eete vychutn\u00e1va\u0165 farby magnetky aj vy\u0161\u00edvan\u00e9ho obr\u00e1zka.","_links":{"self":[{"href":"https:\/\/www.megastitch.eu\/cs\/wp-json\/wp\/v2\/product\/1547"}],"collection":[{"href":"https:\/\/www.megastitch.eu\/cs\/wp-json\/wp\/v2\/product"}],"about":[{"href":"https:\/\/www.megastitch.eu\/cs\/wp-json\/wp\/v2\/types\/product"}],"replies":[{"embeddable":true,"href":"https:\/\/www.megastitch.eu\/cs\/wp-json\/wp\/v2\/comments?post=1547"}],"wp:featuredmedia":[{"embeddable":true,"href":"https:\/\/www.megastitch.eu\/cs\/wp-json\/wp\/v2\/media\/412"}],"wp:attachment":[{"href":"https:\/\/www.megastitch.eu\/cs\/wp-json\/wp\/v2\/media?parent=1547"}],"wp:term":[{"taxonomy":"product_cat","embeddable":true,"href":"https:\/\/www.megastitch.eu\/cs\/wp-json\/wp\/v2\/product_cat?post=1547"},{"taxonomy":"product_tag","embeddable":true,"href":"https:\/\/www.megastitch.eu\/cs\/wp-json\/wp\/v2\/product_tag?post=1547"}],"curies":[{"name":"wp","href":"https:\/\/api.w.org\/{rel}","templated":true}]}}