	{"id":1548,"date":"2019-02-01T19:42:48","date_gmt":"2019-02-01T18:42:48","guid":{"rendered":"https:\/\/www.megastitch.eu\/obchod\/nezarazene\/okno-s-kytici-na-parapetu\/"},"modified":"2019-11-16T20:31:01","modified_gmt":"2019-11-16T19:31:01","slug":"okno-s-kytici-na-parapetu","status":"publish","type":"product","link":"https:\/\/www.megastitch.eu\/cs\/obchod\/magnetky-cs\/rostliny\/okno-s-kytici-na-parapetu\/","title":{"rendered":"Okno s kytic\u00ed na parapetu"},"content":{"rendered":"<div class=\"nolwrap\"><p>Ma\u013eovan\u00fd obr\u00e1zok okna s parapetom pln\u00fdm kvet\u00edn na tejto magnetickej ihelni\u010dke svojim jemn\u00fdm nevtierav\u00fdm dizajnom nebude odv\u00e1dza\u0165 va\u0161u pozornos\u0165 od pr\u00e1ce na v\u00fd\u0161ivke. Svoju \u00falohu spln\u00ed dokonale v\u010faka pevn\u00e9mu neodymov\u00e9mu nagnetu, ktor\u00fd udr\u017e\u00ed ihly aj no\u017eni\u010dky na mieste.<\/p>\n<\/div>","protected":false},"excerpt":{"rendered":"<p>Ma\u013eovan\u00fd obr\u00e1zok okna s parapetom pln\u00fdm kvet\u00edn na tejto magnetickej ihelni\u010dke svojim jemn\u00fdm nevtierav\u00fdm dizajnom nebude odv\u00e1dza\u0165 va\u0161u pozornos\u0165 od pr\u00e1ce na v\u00fd\u0161ivke. Svoju \u00falohu spln\u00ed dokonale v\u010faka pevn\u00e9mu neodymov\u00e9mu nagnetu, ktor\u00fd udr\u017e\u00ed ihly aj no\u017eni\u010dky na mieste.<\/p>\n","protected":false},"featured_media":410,"comment_status":"closed","ping_status":"closed","template":"","meta":{"_uag_custom_page_level_css":"","ngg_post_thumbnail":0},"product_cat":[94,87,92,69],"product_tag":[],"aioseo_notices":[],"featured_image_urls":{"full":["https:\/\/www.megastitch.eu\/wp-content\/uploads\/2019\/02\/mal1-24.png",299,298,false],"thumbnail":["https:\/\/www.megastitch.eu\/wp-content\/uploads\/2019\/02\/mal1-24-150x150.png",150,150,true],"medium":["https:\/\/www.megastitch.eu\/wp-content\/uploads\/2019\/02\/mal1-24.png",299,298,false],"medium_large":["https:\/\/www.megastitch.eu\/wp-content\/uploads\/2019\/02\/mal1-24.png",299,298,false],"large":["https:\/\/www.megastitch.eu\/wp-content\/uploads\/2019\/02\/mal1-24.png",299,298,false],"1536x1536":["https:\/\/www.megastitch.eu\/wp-content\/uploads\/2019\/02\/mal1-24.png",299,298,false],"2048x2048":["https:\/\/www.megastitch.eu\/wp-content\/uploads\/2019\/02\/mal1-24.png",299,298,false],"ultp_layout_landscape_large":["https:\/\/www.megastitch.eu\/wp-content\/uploads\/2019\/02\/mal1-24.png",299,298,false],"ultp_layout_landscape":["https:\/\/www.megastitch.eu\/wp-content\/uploads\/2019\/02\/mal1-24.png",299,298,false],"ultp_layout_portrait":["https:\/\/www.megastitch.eu\/wp-content\/uploads\/2019\/02\/mal1-24.png",299,298,false],"ultp_layout_square":["https:\/\/www.megastitch.eu\/wp-content\/uploads\/2019\/02\/mal1-24.png",299,298,false],"molla_post-grid":["https:\/\/www.megastitch.eu\/wp-content\/uploads\/2019\/02\/mal1-24.png",268,267,false],"woocommerce_thumbnail":["https:\/\/www.megastitch.eu\/wp-content\/uploads\/2019\/02\/mal1-24.png",299,298,false],"woocommerce_single":["https:\/\/www.megastitch.eu\/wp-content\/uploads\/2019\/02\/mal1-24.png",299,298,false],"woocommerce_gallery_thumbnail":["https:\/\/www.megastitch.eu\/wp-content\/uploads\/2019\/02\/mal1-24-100x100.png",100,100,true]},"post_excerpt_stackable":"<p>Ma\u013eovan\u00fd obr\u00e1zok okna s parapetom pln\u00fdm kvet\u00edn na tejto magnetickej ihelni\u010dke svojim jemn\u00fdm nevtierav\u00fdm dizajnom nebude odv\u00e1dza\u0165 va\u0161u pozornos\u0165 od pr\u00e1ce na v\u00fd\u0161ivke. Svoju \u00falohu spln\u00ed dokonale v\u010faka pevn\u00e9mu neodymov\u00e9mu nagnetu, ktor\u00fd udr\u017e\u00ed ihly aj no\u017eni\u010dky na mieste.<\/p>\n","category_list":"","author_info":{"name":"","url":""},"comments_num":"0 comments","featured_image_urls_v2":{"full":["https:\/\/www.megastitch.eu\/wp-content\/uploads\/2019\/02\/mal1-24.png",299,298,false],"thumbnail":["https:\/\/www.megastitch.eu\/wp-content\/uploads\/2019\/02\/mal1-24-150x150.png",150,150,true],"medium":["https:\/\/www.megastitch.eu\/wp-content\/uploads\/2019\/02\/mal1-24.png",299,298,false],"medium_large":["https:\/\/www.megastitch.eu\/wp-content\/uploads\/2019\/02\/mal1-24.png",299,298,false],"large":["https:\/\/www.megastitch.eu\/wp-content\/uploads\/2019\/02\/mal1-24.png",299,298,false],"1536x1536":["https:\/\/www.megastitch.eu\/wp-content\/uploads\/2019\/02\/mal1-24.png",299,298,false],"2048x2048":["https:\/\/www.megastitch.eu\/wp-content\/uploads\/2019\/02\/mal1-24.png",299,298,false],"ultp_layout_landscape_large":["https:\/\/www.megastitch.eu\/wp-content\/uploads\/2019\/02\/mal1-24.png",299,298,false],"ultp_layout_landscape":["https:\/\/www.megastitch.eu\/wp-content\/uploads\/2019\/02\/mal1-24.png",299,298,false],"ultp_layout_portrait":["https:\/\/www.megastitch.eu\/wp-content\/uploads\/2019\/02\/mal1-24.png",299,298,false],"ultp_layout_square":["https:\/\/www.megastitch.eu\/wp-content\/uploads\/2019\/02\/mal1-24.png",299,298,false],"molla_post-grid":["https:\/\/www.megastitch.eu\/wp-content\/uploads\/2019\/02\/mal1-24.png",268,267,false],"woocommerce_thumbnail":["https:\/\/www.megastitch.eu\/wp-content\/uploads\/2019\/02\/mal1-24.png",299,298,false],"woocommerce_single":["https:\/\/www.megastitch.eu\/wp-content\/uploads\/2019\/02\/mal1-24.png",299,298,false],"woocommerce_gallery_thumbnail":["https:\/\/www.megastitch.eu\/wp-content\/uploads\/2019\/02\/mal1-24-100x100.png",100,100,true]},"post_excerpt_stackable_v2":"<p>Ma\u013eovan\u00fd obr\u00e1zok okna s parapetom pln\u00fdm kvet\u00edn na tejto magnetickej ihelni\u010dke svojim jemn\u00fdm nevtierav\u00fdm dizajnom nebude odv\u00e1dza\u0165 va\u0161u pozornos\u0165 od pr\u00e1ce na v\u00fd\u0161ivke. Svoju \u00falohu spln\u00ed dokonale v\u010faka pevn\u00e9mu neodymov\u00e9mu nagnetu, ktor\u00fd udr\u017e\u00ed ihly aj no\u017eni\u010dky na mieste.<\/p>\n","category_list_v2":"","author_info_v2":{"name":"","url":""},"comments_num_v2":"0 comments","uagb_featured_image_src":{"full":["https:\/\/www.megastitch.eu\/wp-content\/uploads\/2019\/02\/mal1-24.png",299,298,false],"thumbnail":["https:\/\/www.megastitch.eu\/wp-content\/uploads\/2019\/02\/mal1-24-150x150.png",150,150,true],"medium":["https:\/\/www.megastitch.eu\/wp-content\/uploads\/2019\/02\/mal1-24.png",299,298,false],"medium_large":["https:\/\/www.megastitch.eu\/wp-content\/uploads\/2019\/02\/mal1-24.png",299,298,false],"large":["https:\/\/www.megastitch.eu\/wp-content\/uploads\/2019\/02\/mal1-24.png",299,298,false],"1536x1536":["https:\/\/www.megastitch.eu\/wp-content\/uploads\/2019\/02\/mal1-24.png",299,298,false],"2048x2048":["https:\/\/www.megastitch.eu\/wp-content\/uploads\/2019\/02\/mal1-24.png",299,298,false],"ultp_layout_landscape_large":["https:\/\/www.megastitch.eu\/wp-content\/uploads\/2019\/02\/mal1-24.png",299,298,false],"ultp_layout_landscape":["https:\/\/www.megastitch.eu\/wp-content\/uploads\/2019\/02\/mal1-24.png",299,298,false],"ultp_layout_portrait":["https:\/\/www.megastitch.eu\/wp-content\/uploads\/2019\/02\/mal1-24.png",299,298,false],"ultp_layout_square":["https:\/\/www.megastitch.eu\/wp-content\/uploads\/2019\/02\/mal1-24.png",299,298,false],"molla_post-grid":["https:\/\/www.megastitch.eu\/wp-content\/uploads\/2019\/02\/mal1-24.png",268,267,false],"woocommerce_thumbnail":["https:\/\/www.megastitch.eu\/wp-content\/uploads\/2019\/02\/mal1-24.png",299,298,false],"woocommerce_single":["https:\/\/www.megastitch.eu\/wp-content\/uploads\/2019\/02\/mal1-24.png",299,298,false],"woocommerce_gallery_thumbnail":["https:\/\/www.megastitch.eu\/wp-content\/uploads\/2019\/02\/mal1-24-100x100.png",100,100,true]},"uagb_author_info":{"display_name":"Ludmila Mikusikova","author_link":"https:\/\/www.megastitch.eu\/cs\/author\/"},"uagb_comment_info":0,"uagb_excerpt":"Ma\u013eovan\u00fd obr\u00e1zok okna s parapetom pln\u00fdm kvet\u00edn na tejto magnetickej ihelni\u010dke svojim jemn\u00fdm nevtierav\u00fdm dizajnom nebude odv\u00e1dza\u0165 va\u0161u pozornos\u0165 od pr\u00e1ce na v\u00fd\u0161ivke. Svoju \u00falohu spln\u00ed dokonale v\u010faka pevn\u00e9mu neodymov\u00e9mu nagnetu, ktor\u00fd udr\u017e\u00ed ihly aj no\u017eni\u010dky na mieste.","_links":{"self":[{"href":"https:\/\/www.megastitch.eu\/cs\/wp-json\/wp\/v2\/product\/1548"}],"collection":[{"href":"https:\/\/www.megastitch.eu\/cs\/wp-json\/wp\/v2\/product"}],"about":[{"href":"https:\/\/www.megastitch.eu\/cs\/wp-json\/wp\/v2\/types\/product"}],"replies":[{"embeddable":true,"href":"https:\/\/www.megastitch.eu\/cs\/wp-json\/wp\/v2\/comments?post=1548"}],"wp:featuredmedia":[{"embeddable":true,"href":"https:\/\/www.megastitch.eu\/cs\/wp-json\/wp\/v2\/media\/410"}],"wp:attachment":[{"href":"https:\/\/www.megastitch.eu\/cs\/wp-json\/wp\/v2\/media?parent=1548"}],"wp:term":[{"taxonomy":"product_cat","embeddable":true,"href":"https:\/\/www.megastitch.eu\/cs\/wp-json\/wp\/v2\/product_cat?post=1548"},{"taxonomy":"product_tag","embeddable":true,"href":"https:\/\/www.megastitch.eu\/cs\/wp-json\/wp\/v2\/product_tag?post=1548"}],"curies":[{"name":"wp","href":"https:\/\/api.w.org\/{rel}","templated":true}]}}