	{"id":1550,"date":"2019-02-01T19:42:44","date_gmt":"2019-02-01T18:42:44","guid":{"rendered":"https:\/\/www.megastitch.eu\/obchod\/nezarazene\/modra-okna-s-okenicemi\/"},"modified":"2019-11-16T20:37:56","modified_gmt":"2019-11-16T19:37:56","slug":"modra-okna-s-okenicemi","status":"publish","type":"product","link":"https:\/\/www.megastitch.eu\/cs\/obchod\/magnetky-cs\/malovane-cs\/modra-okna-s-okenicemi\/","title":{"rendered":"Modr\u00e1 okna s okenicemi"},"content":{"rendered":"<div class=\"nolwrap\"><p>Magnetick\u00e1 ihelni\u010dka s ma\u013eovan\u00fdm obr\u00e1zkom okien s modr\u00fdmi okenicami lemovan\u00fdmi rozkvitnut\u00fdmi kvetmi v\u00e1s prenesie do pr\u00edmorsk\u00e9ho meste\u010dka d\u00fdchaj\u00faceho dovolenkovou atmosf\u00e9rou. Ako na dovolenke sa budete c\u00edti\u0165 aj v\u010faka jej pomoci s ihlami a no\u017eni\u010dkami. Pevn\u00fd neodymov\u00fd magnet ich udr\u017e\u00ed na svojom mieste.<\/p>\n<\/div>","protected":false},"excerpt":{"rendered":"<p>Magnetick\u00e1 ihelni\u010dka s ma\u013eovan\u00fdm obr\u00e1zkom okien s modr\u00fdmi okenicami lemovan\u00fdmi rozkvitnut\u00fdmi kvetmi v\u00e1s prenesie do pr\u00edmorsk\u00e9ho meste\u010dka d\u00fdchaj\u00faceho dovolenkovou atmosf\u00e9rou. Ako na dovolenke sa budete c\u00edti\u0165 aj v\u010faka jej pomoci s ihlami a no\u017eni\u010dkami. Pevn\u00fd neodymov\u00fd magnet ich udr\u017e\u00ed na svojom mieste.<\/p>\n","protected":false},"featured_media":1085,"comment_status":"closed","ping_status":"closed","template":"","meta":{"_uag_custom_page_level_css":"","ngg_post_thumbnail":0},"product_cat":[94,87,92,93],"product_tag":[],"aioseo_notices":[],"featured_image_urls":{"full":["https:\/\/www.megastitch.eu\/wp-content\/uploads\/2019\/02\/mal1-22.png",298,298,false],"thumbnail":["https:\/\/www.megastitch.eu\/wp-content\/uploads\/2019\/02\/mal1-22-150x150.png",150,150,true],"medium":["https:\/\/www.megastitch.eu\/wp-content\/uploads\/2019\/02\/mal1-22.png",298,298,false],"medium_large":["https:\/\/www.megastitch.eu\/wp-content\/uploads\/2019\/02\/mal1-22.png",298,298,false],"large":["https:\/\/www.megastitch.eu\/wp-content\/uploads\/2019\/02\/mal1-22.png",298,298,false],"1536x1536":["https:\/\/www.megastitch.eu\/wp-content\/uploads\/2019\/02\/mal1-22.png",298,298,false],"2048x2048":["https:\/\/www.megastitch.eu\/wp-content\/uploads\/2019\/02\/mal1-22.png",298,298,false],"ultp_layout_landscape_large":["https:\/\/www.megastitch.eu\/wp-content\/uploads\/2019\/02\/mal1-22.png",298,298,false],"ultp_layout_landscape":["https:\/\/www.megastitch.eu\/wp-content\/uploads\/2019\/02\/mal1-22.png",298,298,false],"ultp_layout_portrait":["https:\/\/www.megastitch.eu\/wp-content\/uploads\/2019\/02\/mal1-22.png",298,298,false],"ultp_layout_square":["https:\/\/www.megastitch.eu\/wp-content\/uploads\/2019\/02\/mal1-22.png",298,298,false],"molla_post-grid":["https:\/\/www.megastitch.eu\/wp-content\/uploads\/2019\/02\/mal1-22.png",267,267,false],"woocommerce_thumbnail":["https:\/\/www.megastitch.eu\/wp-content\/uploads\/2019\/02\/mal1-22.png",298,298,false],"woocommerce_single":["https:\/\/www.megastitch.eu\/wp-content\/uploads\/2019\/02\/mal1-22.png",298,298,false],"woocommerce_gallery_thumbnail":["https:\/\/www.megastitch.eu\/wp-content\/uploads\/2019\/02\/mal1-22-100x100.png",100,100,true]},"post_excerpt_stackable":"<p>Magnetick\u00e1 ihelni\u010dka s ma\u013eovan\u00fdm obr\u00e1zkom okien s modr\u00fdmi okenicami lemovan\u00fdmi rozkvitnut\u00fdmi kvetmi v\u00e1s prenesie do pr\u00edmorsk\u00e9ho meste\u010dka d\u00fdchaj\u00faceho dovolenkovou atmosf\u00e9rou. Ako na dovolenke sa budete c\u00edti\u0165 aj v\u010faka jej pomoci s ihlami a no\u017eni\u010dkami. Pevn\u00fd neodymov\u00fd magnet ich udr\u017e\u00ed na svojom mieste.<\/p>\n","category_list":"","author_info":{"name":"","url":""},"comments_num":"0 comments","featured_image_urls_v2":{"full":["https:\/\/www.megastitch.eu\/wp-content\/uploads\/2019\/02\/mal1-22.png",298,298,false],"thumbnail":["https:\/\/www.megastitch.eu\/wp-content\/uploads\/2019\/02\/mal1-22-150x150.png",150,150,true],"medium":["https:\/\/www.megastitch.eu\/wp-content\/uploads\/2019\/02\/mal1-22.png",298,298,false],"medium_large":["https:\/\/www.megastitch.eu\/wp-content\/uploads\/2019\/02\/mal1-22.png",298,298,false],"large":["https:\/\/www.megastitch.eu\/wp-content\/uploads\/2019\/02\/mal1-22.png",298,298,false],"1536x1536":["https:\/\/www.megastitch.eu\/wp-content\/uploads\/2019\/02\/mal1-22.png",298,298,false],"2048x2048":["https:\/\/www.megastitch.eu\/wp-content\/uploads\/2019\/02\/mal1-22.png",298,298,false],"ultp_layout_landscape_large":["https:\/\/www.megastitch.eu\/wp-content\/uploads\/2019\/02\/mal1-22.png",298,298,false],"ultp_layout_landscape":["https:\/\/www.megastitch.eu\/wp-content\/uploads\/2019\/02\/mal1-22.png",298,298,false],"ultp_layout_portrait":["https:\/\/www.megastitch.eu\/wp-content\/uploads\/2019\/02\/mal1-22.png",298,298,false],"ultp_layout_square":["https:\/\/www.megastitch.eu\/wp-content\/uploads\/2019\/02\/mal1-22.png",298,298,false],"molla_post-grid":["https:\/\/www.megastitch.eu\/wp-content\/uploads\/2019\/02\/mal1-22.png",267,267,false],"woocommerce_thumbnail":["https:\/\/www.megastitch.eu\/wp-content\/uploads\/2019\/02\/mal1-22.png",298,298,false],"woocommerce_single":["https:\/\/www.megastitch.eu\/wp-content\/uploads\/2019\/02\/mal1-22.png",298,298,false],"woocommerce_gallery_thumbnail":["https:\/\/www.megastitch.eu\/wp-content\/uploads\/2019\/02\/mal1-22-100x100.png",100,100,true]},"post_excerpt_stackable_v2":"<p>Magnetick\u00e1 ihelni\u010dka s ma\u013eovan\u00fdm obr\u00e1zkom okien s modr\u00fdmi okenicami lemovan\u00fdmi rozkvitnut\u00fdmi kvetmi v\u00e1s prenesie do pr\u00edmorsk\u00e9ho meste\u010dka d\u00fdchaj\u00faceho dovolenkovou atmosf\u00e9rou. Ako na dovolenke sa budete c\u00edti\u0165 aj v\u010faka jej pomoci s ihlami a no\u017eni\u010dkami. Pevn\u00fd neodymov\u00fd magnet ich udr\u017e\u00ed na svojom mieste.<\/p>\n","category_list_v2":"","author_info_v2":{"name":"","url":""},"comments_num_v2":"0 comments","uagb_featured_image_src":{"full":["https:\/\/www.megastitch.eu\/wp-content\/uploads\/2019\/02\/mal1-22.png",298,298,false],"thumbnail":["https:\/\/www.megastitch.eu\/wp-content\/uploads\/2019\/02\/mal1-22-150x150.png",150,150,true],"medium":["https:\/\/www.megastitch.eu\/wp-content\/uploads\/2019\/02\/mal1-22.png",298,298,false],"medium_large":["https:\/\/www.megastitch.eu\/wp-content\/uploads\/2019\/02\/mal1-22.png",298,298,false],"large":["https:\/\/www.megastitch.eu\/wp-content\/uploads\/2019\/02\/mal1-22.png",298,298,false],"1536x1536":["https:\/\/www.megastitch.eu\/wp-content\/uploads\/2019\/02\/mal1-22.png",298,298,false],"2048x2048":["https:\/\/www.megastitch.eu\/wp-content\/uploads\/2019\/02\/mal1-22.png",298,298,false],"ultp_layout_landscape_large":["https:\/\/www.megastitch.eu\/wp-content\/uploads\/2019\/02\/mal1-22.png",298,298,false],"ultp_layout_landscape":["https:\/\/www.megastitch.eu\/wp-content\/uploads\/2019\/02\/mal1-22.png",298,298,false],"ultp_layout_portrait":["https:\/\/www.megastitch.eu\/wp-content\/uploads\/2019\/02\/mal1-22.png",298,298,false],"ultp_layout_square":["https:\/\/www.megastitch.eu\/wp-content\/uploads\/2019\/02\/mal1-22.png",298,298,false],"molla_post-grid":["https:\/\/www.megastitch.eu\/wp-content\/uploads\/2019\/02\/mal1-22.png",267,267,false],"woocommerce_thumbnail":["https:\/\/www.megastitch.eu\/wp-content\/uploads\/2019\/02\/mal1-22.png",298,298,false],"woocommerce_single":["https:\/\/www.megastitch.eu\/wp-content\/uploads\/2019\/02\/mal1-22.png",298,298,false],"woocommerce_gallery_thumbnail":["https:\/\/www.megastitch.eu\/wp-content\/uploads\/2019\/02\/mal1-22-100x100.png",100,100,true]},"uagb_author_info":{"display_name":"Ludmila Mikusikova","author_link":"https:\/\/www.megastitch.eu\/cs\/author\/"},"uagb_comment_info":0,"uagb_excerpt":"Magnetick\u00e1 ihelni\u010dka s ma\u013eovan\u00fdm obr\u00e1zkom okien s modr\u00fdmi okenicami lemovan\u00fdmi rozkvitnut\u00fdmi kvetmi v\u00e1s prenesie do pr\u00edmorsk\u00e9ho meste\u010dka d\u00fdchaj\u00faceho dovolenkovou atmosf\u00e9rou. Ako na dovolenke sa budete c\u00edti\u0165 aj v\u010faka jej pomoci s ihlami a no\u017eni\u010dkami. Pevn\u00fd neodymov\u00fd magnet ich udr\u017e\u00ed na svojom mieste.","_links":{"self":[{"href":"https:\/\/www.megastitch.eu\/cs\/wp-json\/wp\/v2\/product\/1550"}],"collection":[{"href":"https:\/\/www.megastitch.eu\/cs\/wp-json\/wp\/v2\/product"}],"about":[{"href":"https:\/\/www.megastitch.eu\/cs\/wp-json\/wp\/v2\/types\/product"}],"replies":[{"embeddable":true,"href":"https:\/\/www.megastitch.eu\/cs\/wp-json\/wp\/v2\/comments?post=1550"}],"wp:featuredmedia":[{"embeddable":true,"href":"https:\/\/www.megastitch.eu\/cs\/wp-json\/wp\/v2\/media\/1085"}],"wp:attachment":[{"href":"https:\/\/www.megastitch.eu\/cs\/wp-json\/wp\/v2\/media?parent=1550"}],"wp:term":[{"taxonomy":"product_cat","embeddable":true,"href":"https:\/\/www.megastitch.eu\/cs\/wp-json\/wp\/v2\/product_cat?post=1550"},{"taxonomy":"product_tag","embeddable":true,"href":"https:\/\/www.megastitch.eu\/cs\/wp-json\/wp\/v2\/product_tag?post=1550"}],"curies":[{"name":"wp","href":"https:\/\/api.w.org\/{rel}","templated":true}]}}