	{"id":1556,"date":"2019-02-01T19:42:44","date_gmt":"2019-02-01T18:42:44","guid":{"rendered":"https:\/\/www.megastitch.eu\/obchod\/nezarazene\/tykev-a-kvetiny\/"},"modified":"2019-11-16T20:56:19","modified_gmt":"2019-11-16T19:56:19","slug":"tykev-a-kvetiny","status":"publish","type":"product","link":"https:\/\/www.megastitch.eu\/cs\/obchod\/magnetky-cs\/rostliny\/tykev-a-kvetiny\/","title":{"rendered":"Tykev a kv\u011btiny"},"content":{"rendered":"<div class=\"nolwrap\"><p>Dizajn tejto magnetky na dr\u017eanie ihly pri vy\u0161\u00edvan\u00ed pote\u0161\u00ed v\u0161etky z\u00e1hradk\u00e1rky. Tekvi\u010dky a kvetiny, plody va\u0161ej pr\u00e1ce, v\u00e1m pripomen\u00fa va\u0161u vytrvalos\u0165 pri staroslivosti o z\u00e1hradku aj pri pr\u00e1ci na kr\u00e1snych v\u00fd\u0161ivk\u00e1ch. Pevn\u00fd neodymov\u00fd magnet urob\u00ed tie\u017e svoju spr\u00e1cu a udr\u017e\u00ed va\u0161e ihly a no\u017eni\u010dky pevne na mieste.<\/p>\n<\/div>","protected":false},"excerpt":{"rendered":"<p>Dizajn tejto magnetky na dr\u017eanie ihly pri vy\u0161\u00edvan\u00ed pote\u0161\u00ed v\u0161etky z\u00e1hradk\u00e1rky. Tekvi\u010dky a kvetiny, plody va\u0161ej pr\u00e1ce, v\u00e1m pripomen\u00fa va\u0161u vytrvalos\u0165 pri staroslivosti o z\u00e1hradku aj pri pr\u00e1ci na kr\u00e1snych v\u00fd\u0161ivk\u00e1ch. Pevn\u00fd neodymov\u00fd magnet urob\u00ed tie\u017e svoju spr\u00e1cu a udr\u017e\u00ed va\u0161e ihly a no\u017eni\u010dky pevne na mieste.<\/p>\n","protected":false},"featured_media":1073,"comment_status":"closed","ping_status":"closed","template":"","meta":{"_uag_custom_page_level_css":"","ngg_post_thumbnail":0},"product_cat":[94,87,92,93,69],"product_tag":[81],"aioseo_notices":[],"featured_image_urls":{"full":["https:\/\/www.megastitch.eu\/wp-content\/uploads\/2019\/02\/mal1-16.png",298,298,false],"thumbnail":["https:\/\/www.megastitch.eu\/wp-content\/uploads\/2019\/02\/mal1-16-150x150.png",150,150,true],"medium":["https:\/\/www.megastitch.eu\/wp-content\/uploads\/2019\/02\/mal1-16.png",298,298,false],"medium_large":["https:\/\/www.megastitch.eu\/wp-content\/uploads\/2019\/02\/mal1-16.png",298,298,false],"large":["https:\/\/www.megastitch.eu\/wp-content\/uploads\/2019\/02\/mal1-16.png",298,298,false],"1536x1536":["https:\/\/www.megastitch.eu\/wp-content\/uploads\/2019\/02\/mal1-16.png",298,298,false],"2048x2048":["https:\/\/www.megastitch.eu\/wp-content\/uploads\/2019\/02\/mal1-16.png",298,298,false],"ultp_layout_landscape_large":["https:\/\/www.megastitch.eu\/wp-content\/uploads\/2019\/02\/mal1-16.png",298,298,false],"ultp_layout_landscape":["https:\/\/www.megastitch.eu\/wp-content\/uploads\/2019\/02\/mal1-16.png",298,298,false],"ultp_layout_portrait":["https:\/\/www.megastitch.eu\/wp-content\/uploads\/2019\/02\/mal1-16.png",298,298,false],"ultp_layout_square":["https:\/\/www.megastitch.eu\/wp-content\/uploads\/2019\/02\/mal1-16.png",298,298,false],"molla_post-grid":["https:\/\/www.megastitch.eu\/wp-content\/uploads\/2019\/02\/mal1-16.png",267,267,false],"woocommerce_thumbnail":["https:\/\/www.megastitch.eu\/wp-content\/uploads\/2019\/02\/mal1-16.png",298,298,false],"woocommerce_single":["https:\/\/www.megastitch.eu\/wp-content\/uploads\/2019\/02\/mal1-16.png",298,298,false],"woocommerce_gallery_thumbnail":["https:\/\/www.megastitch.eu\/wp-content\/uploads\/2019\/02\/mal1-16-100x100.png",100,100,true]},"post_excerpt_stackable":"<p>Dizajn tejto magnetky na dr\u017eanie ihly pri vy\u0161\u00edvan\u00ed pote\u0161\u00ed v\u0161etky z\u00e1hradk\u00e1rky. Tekvi\u010dky a kvetiny, plody va\u0161ej pr\u00e1ce, v\u00e1m pripomen\u00fa va\u0161u vytrvalos\u0165 pri staroslivosti o z\u00e1hradku aj pri pr\u00e1ci na kr\u00e1snych v\u00fd\u0161ivk\u00e1ch. Pevn\u00fd neodymov\u00fd magnet urob\u00ed tie\u017e svoju spr\u00e1cu a udr\u017e\u00ed va\u0161e ihly a no\u017eni\u010dky pevne na mieste.<\/p>\n","category_list":"","author_info":{"name":"","url":""},"comments_num":"0 comments","featured_image_urls_v2":{"full":["https:\/\/www.megastitch.eu\/wp-content\/uploads\/2019\/02\/mal1-16.png",298,298,false],"thumbnail":["https:\/\/www.megastitch.eu\/wp-content\/uploads\/2019\/02\/mal1-16-150x150.png",150,150,true],"medium":["https:\/\/www.megastitch.eu\/wp-content\/uploads\/2019\/02\/mal1-16.png",298,298,false],"medium_large":["https:\/\/www.megastitch.eu\/wp-content\/uploads\/2019\/02\/mal1-16.png",298,298,false],"large":["https:\/\/www.megastitch.eu\/wp-content\/uploads\/2019\/02\/mal1-16.png",298,298,false],"1536x1536":["https:\/\/www.megastitch.eu\/wp-content\/uploads\/2019\/02\/mal1-16.png",298,298,false],"2048x2048":["https:\/\/www.megastitch.eu\/wp-content\/uploads\/2019\/02\/mal1-16.png",298,298,false],"ultp_layout_landscape_large":["https:\/\/www.megastitch.eu\/wp-content\/uploads\/2019\/02\/mal1-16.png",298,298,false],"ultp_layout_landscape":["https:\/\/www.megastitch.eu\/wp-content\/uploads\/2019\/02\/mal1-16.png",298,298,false],"ultp_layout_portrait":["https:\/\/www.megastitch.eu\/wp-content\/uploads\/2019\/02\/mal1-16.png",298,298,false],"ultp_layout_square":["https:\/\/www.megastitch.eu\/wp-content\/uploads\/2019\/02\/mal1-16.png",298,298,false],"molla_post-grid":["https:\/\/www.megastitch.eu\/wp-content\/uploads\/2019\/02\/mal1-16.png",267,267,false],"woocommerce_thumbnail":["https:\/\/www.megastitch.eu\/wp-content\/uploads\/2019\/02\/mal1-16.png",298,298,false],"woocommerce_single":["https:\/\/www.megastitch.eu\/wp-content\/uploads\/2019\/02\/mal1-16.png",298,298,false],"woocommerce_gallery_thumbnail":["https:\/\/www.megastitch.eu\/wp-content\/uploads\/2019\/02\/mal1-16-100x100.png",100,100,true]},"post_excerpt_stackable_v2":"<p>Dizajn tejto magnetky na dr\u017eanie ihly pri vy\u0161\u00edvan\u00ed pote\u0161\u00ed v\u0161etky z\u00e1hradk\u00e1rky. Tekvi\u010dky a kvetiny, plody va\u0161ej pr\u00e1ce, v\u00e1m pripomen\u00fa va\u0161u vytrvalos\u0165 pri staroslivosti o z\u00e1hradku aj pri pr\u00e1ci na kr\u00e1snych v\u00fd\u0161ivk\u00e1ch. Pevn\u00fd neodymov\u00fd magnet urob\u00ed tie\u017e svoju spr\u00e1cu a udr\u017e\u00ed va\u0161e ihly a no\u017eni\u010dky pevne na mieste.<\/p>\n","category_list_v2":"","author_info_v2":{"name":"","url":""},"comments_num_v2":"0 comments","uagb_featured_image_src":{"full":["https:\/\/www.megastitch.eu\/wp-content\/uploads\/2019\/02\/mal1-16.png",298,298,false],"thumbnail":["https:\/\/www.megastitch.eu\/wp-content\/uploads\/2019\/02\/mal1-16-150x150.png",150,150,true],"medium":["https:\/\/www.megastitch.eu\/wp-content\/uploads\/2019\/02\/mal1-16.png",298,298,false],"medium_large":["https:\/\/www.megastitch.eu\/wp-content\/uploads\/2019\/02\/mal1-16.png",298,298,false],"large":["https:\/\/www.megastitch.eu\/wp-content\/uploads\/2019\/02\/mal1-16.png",298,298,false],"1536x1536":["https:\/\/www.megastitch.eu\/wp-content\/uploads\/2019\/02\/mal1-16.png",298,298,false],"2048x2048":["https:\/\/www.megastitch.eu\/wp-content\/uploads\/2019\/02\/mal1-16.png",298,298,false],"ultp_layout_landscape_large":["https:\/\/www.megastitch.eu\/wp-content\/uploads\/2019\/02\/mal1-16.png",298,298,false],"ultp_layout_landscape":["https:\/\/www.megastitch.eu\/wp-content\/uploads\/2019\/02\/mal1-16.png",298,298,false],"ultp_layout_portrait":["https:\/\/www.megastitch.eu\/wp-content\/uploads\/2019\/02\/mal1-16.png",298,298,false],"ultp_layout_square":["https:\/\/www.megastitch.eu\/wp-content\/uploads\/2019\/02\/mal1-16.png",298,298,false],"molla_post-grid":["https:\/\/www.megastitch.eu\/wp-content\/uploads\/2019\/02\/mal1-16.png",267,267,false],"woocommerce_thumbnail":["https:\/\/www.megastitch.eu\/wp-content\/uploads\/2019\/02\/mal1-16.png",298,298,false],"woocommerce_single":["https:\/\/www.megastitch.eu\/wp-content\/uploads\/2019\/02\/mal1-16.png",298,298,false],"woocommerce_gallery_thumbnail":["https:\/\/www.megastitch.eu\/wp-content\/uploads\/2019\/02\/mal1-16-100x100.png",100,100,true]},"uagb_author_info":{"display_name":"Ludmila Mikusikova","author_link":"https:\/\/www.megastitch.eu\/cs\/author\/"},"uagb_comment_info":0,"uagb_excerpt":"Dizajn tejto magnetky na dr\u017eanie ihly pri vy\u0161\u00edvan\u00ed pote\u0161\u00ed v\u0161etky z\u00e1hradk\u00e1rky. Tekvi\u010dky a kvetiny, plody va\u0161ej pr\u00e1ce, v\u00e1m pripomen\u00fa va\u0161u vytrvalos\u0165 pri staroslivosti o z\u00e1hradku aj pri pr\u00e1ci na kr\u00e1snych v\u00fd\u0161ivk\u00e1ch. Pevn\u00fd neodymov\u00fd magnet urob\u00ed tie\u017e svoju spr\u00e1cu a udr\u017e\u00ed va\u0161e ihly a no\u017eni\u010dky pevne na mieste.","_links":{"self":[{"href":"https:\/\/www.megastitch.eu\/cs\/wp-json\/wp\/v2\/product\/1556"}],"collection":[{"href":"https:\/\/www.megastitch.eu\/cs\/wp-json\/wp\/v2\/product"}],"about":[{"href":"https:\/\/www.megastitch.eu\/cs\/wp-json\/wp\/v2\/types\/product"}],"replies":[{"embeddable":true,"href":"https:\/\/www.megastitch.eu\/cs\/wp-json\/wp\/v2\/comments?post=1556"}],"wp:featuredmedia":[{"embeddable":true,"href":"https:\/\/www.megastitch.eu\/cs\/wp-json\/wp\/v2\/media\/1073"}],"wp:attachment":[{"href":"https:\/\/www.megastitch.eu\/cs\/wp-json\/wp\/v2\/media?parent=1556"}],"wp:term":[{"taxonomy":"product_cat","embeddable":true,"href":"https:\/\/www.megastitch.eu\/cs\/wp-json\/wp\/v2\/product_cat?post=1556"},{"taxonomy":"product_tag","embeddable":true,"href":"https:\/\/www.megastitch.eu\/cs\/wp-json\/wp\/v2\/product_tag?post=1556"}],"curies":[{"name":"wp","href":"https:\/\/api.w.org\/{rel}","templated":true}]}}