	{"id":1558,"date":"2019-02-01T19:42:44","date_gmt":"2019-02-01T18:42:44","guid":{"rendered":"https:\/\/www.megastitch.eu\/obchod\/nezarazene\/maliny-a-cernice\/"},"modified":"2019-11-16T21:01:11","modified_gmt":"2019-11-16T20:01:11","slug":"maliny-a-cernice","status":"publish","type":"product","link":"https:\/\/www.megastitch.eu\/cs\/obchod\/magnetky-cs\/malovane-cs\/maliny-a-cernice\/","title":{"rendered":"Maliny a \u010dernice"},"content":{"rendered":"<div class=\"nolwrap\"><p>Maliny a \u010dernice pripomen\u00fa sn\u00e1\u010f ka\u017ed\u00e9mu leto v z\u00e1hrade starej mamy. Okam\u017eite sa v\u00e1m vybav\u00ed ich chu\u0165 a v\u00f4\u0148a. Mo\u017eno v\u00e1s ich farby in\u0161piruj\u00fa aj pri vytv\u00e1ran\u00ed novej v\u00fd\u0161ivky. Nezab\u00fadajte ani na silu magnetu, ktor\u00fd pevne udr\u017e\u00ed va\u0161e ihly na svojom mieste, \u010d\u00edm v\u00e1m zjednodu\u0161\u00ed a u\u013eah\u010d\u00ed pr\u00e1cu pri vy\u0161\u00edvan\u00ed.<\/p>\n<\/div>","protected":false},"excerpt":{"rendered":"<p>Maliny a \u010dernice pripomen\u00fa sn\u00e1\u010f ka\u017ed\u00e9mu leto v z\u00e1hrade starej mamy. Okam\u017eite sa v\u00e1m vybav\u00ed ich chu\u0165 a v\u00f4\u0148a. Mo\u017eno v\u00e1s ich farby in\u0161piruj\u00fa aj pri vytv\u00e1ran\u00ed novej v\u00fd\u0161ivky. Nezab\u00fadajte ani na silu magnetu, ktor\u00fd pevne udr\u017e\u00ed va\u0161e ihly na svojom mieste, \u010d\u00edm v\u00e1m zjednodu\u0161\u00ed a u\u013eah\u010d\u00ed pr\u00e1cu pri vy\u0161\u00edvan\u00ed.<\/p>\n","protected":false},"featured_media":390,"comment_status":"closed","ping_status":"closed","template":"","meta":{"_uag_custom_page_level_css":"","ngg_post_thumbnail":0},"product_cat":[87,92,93],"product_tag":[81],"aioseo_notices":[],"featured_image_urls":{"full":["https:\/\/www.megastitch.eu\/wp-content\/uploads\/2019\/02\/mal1-14.png",299,298,false],"thumbnail":["https:\/\/www.megastitch.eu\/wp-content\/uploads\/2019\/02\/mal1-14-150x150.png",150,150,true],"medium":["https:\/\/www.megastitch.eu\/wp-content\/uploads\/2019\/02\/mal1-14.png",299,298,false],"medium_large":["https:\/\/www.megastitch.eu\/wp-content\/uploads\/2019\/02\/mal1-14.png",299,298,false],"large":["https:\/\/www.megastitch.eu\/wp-content\/uploads\/2019\/02\/mal1-14.png",299,298,false],"1536x1536":["https:\/\/www.megastitch.eu\/wp-content\/uploads\/2019\/02\/mal1-14.png",299,298,false],"2048x2048":["https:\/\/www.megastitch.eu\/wp-content\/uploads\/2019\/02\/mal1-14.png",299,298,false],"ultp_layout_landscape_large":["https:\/\/www.megastitch.eu\/wp-content\/uploads\/2019\/02\/mal1-14.png",299,298,false],"ultp_layout_landscape":["https:\/\/www.megastitch.eu\/wp-content\/uploads\/2019\/02\/mal1-14.png",299,298,false],"ultp_layout_portrait":["https:\/\/www.megastitch.eu\/wp-content\/uploads\/2019\/02\/mal1-14.png",299,298,false],"ultp_layout_square":["https:\/\/www.megastitch.eu\/wp-content\/uploads\/2019\/02\/mal1-14.png",299,298,false],"molla_post-grid":["https:\/\/www.megastitch.eu\/wp-content\/uploads\/2019\/02\/mal1-14.png",268,267,false],"woocommerce_thumbnail":["https:\/\/www.megastitch.eu\/wp-content\/uploads\/2019\/02\/mal1-14.png",299,298,false],"woocommerce_single":["https:\/\/www.megastitch.eu\/wp-content\/uploads\/2019\/02\/mal1-14.png",299,298,false],"woocommerce_gallery_thumbnail":["https:\/\/www.megastitch.eu\/wp-content\/uploads\/2019\/02\/mal1-14-100x100.png",100,100,true]},"post_excerpt_stackable":"<p>Maliny a \u010dernice pripomen\u00fa sn\u00e1\u010f ka\u017ed\u00e9mu leto v z\u00e1hrade starej mamy. Okam\u017eite sa v\u00e1m vybav\u00ed ich chu\u0165 a v\u00f4\u0148a. Mo\u017eno v\u00e1s ich farby in\u0161piruj\u00fa aj pri vytv\u00e1ran\u00ed novej v\u00fd\u0161ivky. Nezab\u00fadajte ani na silu magnetu, ktor\u00fd pevne udr\u017e\u00ed va\u0161e ihly na svojom mieste, \u010d\u00edm v\u00e1m zjednodu\u0161\u00ed a u\u013eah\u010d\u00ed pr\u00e1cu pri vy\u0161\u00edvan\u00ed.<\/p>\n","category_list":"","author_info":{"name":"","url":""},"comments_num":"0 comments","featured_image_urls_v2":{"full":["https:\/\/www.megastitch.eu\/wp-content\/uploads\/2019\/02\/mal1-14.png",299,298,false],"thumbnail":["https:\/\/www.megastitch.eu\/wp-content\/uploads\/2019\/02\/mal1-14-150x150.png",150,150,true],"medium":["https:\/\/www.megastitch.eu\/wp-content\/uploads\/2019\/02\/mal1-14.png",299,298,false],"medium_large":["https:\/\/www.megastitch.eu\/wp-content\/uploads\/2019\/02\/mal1-14.png",299,298,false],"large":["https:\/\/www.megastitch.eu\/wp-content\/uploads\/2019\/02\/mal1-14.png",299,298,false],"1536x1536":["https:\/\/www.megastitch.eu\/wp-content\/uploads\/2019\/02\/mal1-14.png",299,298,false],"2048x2048":["https:\/\/www.megastitch.eu\/wp-content\/uploads\/2019\/02\/mal1-14.png",299,298,false],"ultp_layout_landscape_large":["https:\/\/www.megastitch.eu\/wp-content\/uploads\/2019\/02\/mal1-14.png",299,298,false],"ultp_layout_landscape":["https:\/\/www.megastitch.eu\/wp-content\/uploads\/2019\/02\/mal1-14.png",299,298,false],"ultp_layout_portrait":["https:\/\/www.megastitch.eu\/wp-content\/uploads\/2019\/02\/mal1-14.png",299,298,false],"ultp_layout_square":["https:\/\/www.megastitch.eu\/wp-content\/uploads\/2019\/02\/mal1-14.png",299,298,false],"molla_post-grid":["https:\/\/www.megastitch.eu\/wp-content\/uploads\/2019\/02\/mal1-14.png",268,267,false],"woocommerce_thumbnail":["https:\/\/www.megastitch.eu\/wp-content\/uploads\/2019\/02\/mal1-14.png",299,298,false],"woocommerce_single":["https:\/\/www.megastitch.eu\/wp-content\/uploads\/2019\/02\/mal1-14.png",299,298,false],"woocommerce_gallery_thumbnail":["https:\/\/www.megastitch.eu\/wp-content\/uploads\/2019\/02\/mal1-14-100x100.png",100,100,true]},"post_excerpt_stackable_v2":"<p>Maliny a \u010dernice pripomen\u00fa sn\u00e1\u010f ka\u017ed\u00e9mu leto v z\u00e1hrade starej mamy. Okam\u017eite sa v\u00e1m vybav\u00ed ich chu\u0165 a v\u00f4\u0148a. Mo\u017eno v\u00e1s ich farby in\u0161piruj\u00fa aj pri vytv\u00e1ran\u00ed novej v\u00fd\u0161ivky. Nezab\u00fadajte ani na silu magnetu, ktor\u00fd pevne udr\u017e\u00ed va\u0161e ihly na svojom mieste, \u010d\u00edm v\u00e1m zjednodu\u0161\u00ed a u\u013eah\u010d\u00ed pr\u00e1cu pri vy\u0161\u00edvan\u00ed.<\/p>\n","category_list_v2":"","author_info_v2":{"name":"","url":""},"comments_num_v2":"0 comments","uagb_featured_image_src":{"full":["https:\/\/www.megastitch.eu\/wp-content\/uploads\/2019\/02\/mal1-14.png",299,298,false],"thumbnail":["https:\/\/www.megastitch.eu\/wp-content\/uploads\/2019\/02\/mal1-14-150x150.png",150,150,true],"medium":["https:\/\/www.megastitch.eu\/wp-content\/uploads\/2019\/02\/mal1-14.png",299,298,false],"medium_large":["https:\/\/www.megastitch.eu\/wp-content\/uploads\/2019\/02\/mal1-14.png",299,298,false],"large":["https:\/\/www.megastitch.eu\/wp-content\/uploads\/2019\/02\/mal1-14.png",299,298,false],"1536x1536":["https:\/\/www.megastitch.eu\/wp-content\/uploads\/2019\/02\/mal1-14.png",299,298,false],"2048x2048":["https:\/\/www.megastitch.eu\/wp-content\/uploads\/2019\/02\/mal1-14.png",299,298,false],"ultp_layout_landscape_large":["https:\/\/www.megastitch.eu\/wp-content\/uploads\/2019\/02\/mal1-14.png",299,298,false],"ultp_layout_landscape":["https:\/\/www.megastitch.eu\/wp-content\/uploads\/2019\/02\/mal1-14.png",299,298,false],"ultp_layout_portrait":["https:\/\/www.megastitch.eu\/wp-content\/uploads\/2019\/02\/mal1-14.png",299,298,false],"ultp_layout_square":["https:\/\/www.megastitch.eu\/wp-content\/uploads\/2019\/02\/mal1-14.png",299,298,false],"molla_post-grid":["https:\/\/www.megastitch.eu\/wp-content\/uploads\/2019\/02\/mal1-14.png",268,267,false],"woocommerce_thumbnail":["https:\/\/www.megastitch.eu\/wp-content\/uploads\/2019\/02\/mal1-14.png",299,298,false],"woocommerce_single":["https:\/\/www.megastitch.eu\/wp-content\/uploads\/2019\/02\/mal1-14.png",299,298,false],"woocommerce_gallery_thumbnail":["https:\/\/www.megastitch.eu\/wp-content\/uploads\/2019\/02\/mal1-14-100x100.png",100,100,true]},"uagb_author_info":{"display_name":"Ludmila Mikusikova","author_link":"https:\/\/www.megastitch.eu\/cs\/author\/"},"uagb_comment_info":0,"uagb_excerpt":"Maliny a \u010dernice pripomen\u00fa sn\u00e1\u010f ka\u017ed\u00e9mu leto v z\u00e1hrade starej mamy. Okam\u017eite sa v\u00e1m vybav\u00ed ich chu\u0165 a v\u00f4\u0148a. Mo\u017eno v\u00e1s ich farby in\u0161piruj\u00fa aj pri vytv\u00e1ran\u00ed novej v\u00fd\u0161ivky. Nezab\u00fadajte ani na silu magnetu, ktor\u00fd pevne udr\u017e\u00ed va\u0161e ihly na svojom mieste, \u010d\u00edm v\u00e1m zjednodu\u0161\u00ed a u\u013eah\u010d\u00ed pr\u00e1cu pri vy\u0161\u00edvan\u00ed.","_links":{"self":[{"href":"https:\/\/www.megastitch.eu\/cs\/wp-json\/wp\/v2\/product\/1558"}],"collection":[{"href":"https:\/\/www.megastitch.eu\/cs\/wp-json\/wp\/v2\/product"}],"about":[{"href":"https:\/\/www.megastitch.eu\/cs\/wp-json\/wp\/v2\/types\/product"}],"replies":[{"embeddable":true,"href":"https:\/\/www.megastitch.eu\/cs\/wp-json\/wp\/v2\/comments?post=1558"}],"wp:featuredmedia":[{"embeddable":true,"href":"https:\/\/www.megastitch.eu\/cs\/wp-json\/wp\/v2\/media\/390"}],"wp:attachment":[{"href":"https:\/\/www.megastitch.eu\/cs\/wp-json\/wp\/v2\/media?parent=1558"}],"wp:term":[{"taxonomy":"product_cat","embeddable":true,"href":"https:\/\/www.megastitch.eu\/cs\/wp-json\/wp\/v2\/product_cat?post=1558"},{"taxonomy":"product_tag","embeddable":true,"href":"https:\/\/www.megastitch.eu\/cs\/wp-json\/wp\/v2\/product_tag?post=1558"}],"curies":[{"name":"wp","href":"https:\/\/api.w.org\/{rel}","templated":true}]}}