	{"id":1560,"date":"2019-02-01T19:42:44","date_gmt":"2019-02-01T18:42:44","guid":{"rendered":"https:\/\/www.megastitch.eu\/obchod\/nezarazene\/zluty-motyl\/"},"modified":"2019-11-17T17:07:51","modified_gmt":"2019-11-17T16:07:51","slug":"zluty-motyl","status":"publish","type":"product","link":"https:\/\/www.megastitch.eu\/cs\/obchod\/magnetky-cs\/zvirata\/motyli\/zluty-motyl\/","title":{"rendered":"\u017dlut\u00fd mot\u00fdl"},"content":{"rendered":"<div class=\"nolwrap\"><p>Mot\u00fdli kr\u00eddla prestavuj\u00fa slobodu. Prele\u0165te na nich do krajiny fant\u00e1zie a pote\u0161te sa \u017eiariv\u00fdmi farbami tejto ma\u013eovanej magnetky na vy\u0161\u00edvanie. Kvalitn\u00fd neodymov\u00fd magnet postr\u00e1\u017ei va\u0161e ihly a no\u017eni\u010dky pevne na svojom mieste. Vy si zatia\u013e m\u00f4\u017eete vychutn\u00e1va\u0165 v\u00fdlet do krajiny fant\u00e1zie s t\u00fdmto \u017eiv\u00fdm mot\u00fd\u013eom.<\/p>\n<\/div>","protected":false},"excerpt":{"rendered":"<p>Mot\u00fdli kr\u00eddla prestavuj\u00fa slobodu. Prele\u0165te na nich do krajiny fant\u00e1zie a pote\u0161te sa \u017eiariv\u00fdmi farbami tejto ma\u013eovanej magnetky na vy\u0161\u00edvanie. Kvalitn\u00fd neodymov\u00fd magnet postr\u00e1\u017ei va\u0161e ihly a no\u017eni\u010dky pevne na svojom mieste. Vy si zatia\u013e m\u00f4\u017eete vychutn\u00e1va\u0165 v\u00fdlet do krajiny fant\u00e1zie s t\u00fdmto \u017eiv\u00fdm mot\u00fd\u013eom.<\/p>\n","protected":false},"featured_media":388,"comment_status":"closed","ping_status":"closed","template":"","meta":{"_uag_custom_page_level_css":"","ngg_post_thumbnail":0},"product_cat":[87,92,99],"product_tag":[],"aioseo_notices":[],"featured_image_urls":{"full":["https:\/\/www.megastitch.eu\/wp-content\/uploads\/2019\/02\/mal1-13.png",299,298,false],"thumbnail":["https:\/\/www.megastitch.eu\/wp-content\/uploads\/2019\/02\/mal1-13-150x150.png",150,150,true],"medium":["https:\/\/www.megastitch.eu\/wp-content\/uploads\/2019\/02\/mal1-13.png",299,298,false],"medium_large":["https:\/\/www.megastitch.eu\/wp-content\/uploads\/2019\/02\/mal1-13.png",299,298,false],"large":["https:\/\/www.megastitch.eu\/wp-content\/uploads\/2019\/02\/mal1-13.png",299,298,false],"1536x1536":["https:\/\/www.megastitch.eu\/wp-content\/uploads\/2019\/02\/mal1-13.png",299,298,false],"2048x2048":["https:\/\/www.megastitch.eu\/wp-content\/uploads\/2019\/02\/mal1-13.png",299,298,false],"ultp_layout_landscape_large":["https:\/\/www.megastitch.eu\/wp-content\/uploads\/2019\/02\/mal1-13.png",299,298,false],"ultp_layout_landscape":["https:\/\/www.megastitch.eu\/wp-content\/uploads\/2019\/02\/mal1-13.png",299,298,false],"ultp_layout_portrait":["https:\/\/www.megastitch.eu\/wp-content\/uploads\/2019\/02\/mal1-13.png",299,298,false],"ultp_layout_square":["https:\/\/www.megastitch.eu\/wp-content\/uploads\/2019\/02\/mal1-13.png",299,298,false],"molla_post-grid":["https:\/\/www.megastitch.eu\/wp-content\/uploads\/2019\/02\/mal1-13.png",268,267,false],"woocommerce_thumbnail":["https:\/\/www.megastitch.eu\/wp-content\/uploads\/2019\/02\/mal1-13.png",299,298,false],"woocommerce_single":["https:\/\/www.megastitch.eu\/wp-content\/uploads\/2019\/02\/mal1-13.png",299,298,false],"woocommerce_gallery_thumbnail":["https:\/\/www.megastitch.eu\/wp-content\/uploads\/2019\/02\/mal1-13-100x100.png",100,100,true]},"post_excerpt_stackable":"<p>Mot\u00fdli kr\u00eddla prestavuj\u00fa slobodu. Prele\u0165te na nich do krajiny fant\u00e1zie a pote\u0161te sa \u017eiariv\u00fdmi farbami tejto ma\u013eovanej magnetky na vy\u0161\u00edvanie. Kvalitn\u00fd neodymov\u00fd magnet postr\u00e1\u017ei va\u0161e ihly a no\u017eni\u010dky pevne na svojom mieste. Vy si zatia\u013e m\u00f4\u017eete vychutn\u00e1va\u0165 v\u00fdlet do krajiny fant\u00e1zie s t\u00fdmto \u017eiv\u00fdm mot\u00fd\u013eom.<\/p>\n","category_list":"","author_info":{"name":"","url":""},"comments_num":"0 comments","featured_image_urls_v2":{"full":["https:\/\/www.megastitch.eu\/wp-content\/uploads\/2019\/02\/mal1-13.png",299,298,false],"thumbnail":["https:\/\/www.megastitch.eu\/wp-content\/uploads\/2019\/02\/mal1-13-150x150.png",150,150,true],"medium":["https:\/\/www.megastitch.eu\/wp-content\/uploads\/2019\/02\/mal1-13.png",299,298,false],"medium_large":["https:\/\/www.megastitch.eu\/wp-content\/uploads\/2019\/02\/mal1-13.png",299,298,false],"large":["https:\/\/www.megastitch.eu\/wp-content\/uploads\/2019\/02\/mal1-13.png",299,298,false],"1536x1536":["https:\/\/www.megastitch.eu\/wp-content\/uploads\/2019\/02\/mal1-13.png",299,298,false],"2048x2048":["https:\/\/www.megastitch.eu\/wp-content\/uploads\/2019\/02\/mal1-13.png",299,298,false],"ultp_layout_landscape_large":["https:\/\/www.megastitch.eu\/wp-content\/uploads\/2019\/02\/mal1-13.png",299,298,false],"ultp_layout_landscape":["https:\/\/www.megastitch.eu\/wp-content\/uploads\/2019\/02\/mal1-13.png",299,298,false],"ultp_layout_portrait":["https:\/\/www.megastitch.eu\/wp-content\/uploads\/2019\/02\/mal1-13.png",299,298,false],"ultp_layout_square":["https:\/\/www.megastitch.eu\/wp-content\/uploads\/2019\/02\/mal1-13.png",299,298,false],"molla_post-grid":["https:\/\/www.megastitch.eu\/wp-content\/uploads\/2019\/02\/mal1-13.png",268,267,false],"woocommerce_thumbnail":["https:\/\/www.megastitch.eu\/wp-content\/uploads\/2019\/02\/mal1-13.png",299,298,false],"woocommerce_single":["https:\/\/www.megastitch.eu\/wp-content\/uploads\/2019\/02\/mal1-13.png",299,298,false],"woocommerce_gallery_thumbnail":["https:\/\/www.megastitch.eu\/wp-content\/uploads\/2019\/02\/mal1-13-100x100.png",100,100,true]},"post_excerpt_stackable_v2":"<p>Mot\u00fdli kr\u00eddla prestavuj\u00fa slobodu. Prele\u0165te na nich do krajiny fant\u00e1zie a pote\u0161te sa \u017eiariv\u00fdmi farbami tejto ma\u013eovanej magnetky na vy\u0161\u00edvanie. Kvalitn\u00fd neodymov\u00fd magnet postr\u00e1\u017ei va\u0161e ihly a no\u017eni\u010dky pevne na svojom mieste. Vy si zatia\u013e m\u00f4\u017eete vychutn\u00e1va\u0165 v\u00fdlet do krajiny fant\u00e1zie s t\u00fdmto \u017eiv\u00fdm mot\u00fd\u013eom.<\/p>\n","category_list_v2":"","author_info_v2":{"name":"","url":""},"comments_num_v2":"0 comments","uagb_featured_image_src":{"full":["https:\/\/www.megastitch.eu\/wp-content\/uploads\/2019\/02\/mal1-13.png",299,298,false],"thumbnail":["https:\/\/www.megastitch.eu\/wp-content\/uploads\/2019\/02\/mal1-13-150x150.png",150,150,true],"medium":["https:\/\/www.megastitch.eu\/wp-content\/uploads\/2019\/02\/mal1-13.png",299,298,false],"medium_large":["https:\/\/www.megastitch.eu\/wp-content\/uploads\/2019\/02\/mal1-13.png",299,298,false],"large":["https:\/\/www.megastitch.eu\/wp-content\/uploads\/2019\/02\/mal1-13.png",299,298,false],"1536x1536":["https:\/\/www.megastitch.eu\/wp-content\/uploads\/2019\/02\/mal1-13.png",299,298,false],"2048x2048":["https:\/\/www.megastitch.eu\/wp-content\/uploads\/2019\/02\/mal1-13.png",299,298,false],"ultp_layout_landscape_large":["https:\/\/www.megastitch.eu\/wp-content\/uploads\/2019\/02\/mal1-13.png",299,298,false],"ultp_layout_landscape":["https:\/\/www.megastitch.eu\/wp-content\/uploads\/2019\/02\/mal1-13.png",299,298,false],"ultp_layout_portrait":["https:\/\/www.megastitch.eu\/wp-content\/uploads\/2019\/02\/mal1-13.png",299,298,false],"ultp_layout_square":["https:\/\/www.megastitch.eu\/wp-content\/uploads\/2019\/02\/mal1-13.png",299,298,false],"molla_post-grid":["https:\/\/www.megastitch.eu\/wp-content\/uploads\/2019\/02\/mal1-13.png",268,267,false],"woocommerce_thumbnail":["https:\/\/www.megastitch.eu\/wp-content\/uploads\/2019\/02\/mal1-13.png",299,298,false],"woocommerce_single":["https:\/\/www.megastitch.eu\/wp-content\/uploads\/2019\/02\/mal1-13.png",299,298,false],"woocommerce_gallery_thumbnail":["https:\/\/www.megastitch.eu\/wp-content\/uploads\/2019\/02\/mal1-13-100x100.png",100,100,true]},"uagb_author_info":{"display_name":"Ludmila Mikusikova","author_link":"https:\/\/www.megastitch.eu\/cs\/author\/"},"uagb_comment_info":0,"uagb_excerpt":"Mot\u00fdli kr\u00eddla prestavuj\u00fa slobodu. Prele\u0165te na nich do krajiny fant\u00e1zie a pote\u0161te sa \u017eiariv\u00fdmi farbami tejto ma\u013eovanej magnetky na vy\u0161\u00edvanie. Kvalitn\u00fd neodymov\u00fd magnet postr\u00e1\u017ei va\u0161e ihly a no\u017eni\u010dky pevne na svojom mieste. Vy si zatia\u013e m\u00f4\u017eete vychutn\u00e1va\u0165 v\u00fdlet do krajiny fant\u00e1zie s t\u00fdmto \u017eiv\u00fdm mot\u00fd\u013eom.","_links":{"self":[{"href":"https:\/\/www.megastitch.eu\/cs\/wp-json\/wp\/v2\/product\/1560"}],"collection":[{"href":"https:\/\/www.megastitch.eu\/cs\/wp-json\/wp\/v2\/product"}],"about":[{"href":"https:\/\/www.megastitch.eu\/cs\/wp-json\/wp\/v2\/types\/product"}],"replies":[{"embeddable":true,"href":"https:\/\/www.megastitch.eu\/cs\/wp-json\/wp\/v2\/comments?post=1560"}],"wp:featuredmedia":[{"embeddable":true,"href":"https:\/\/www.megastitch.eu\/cs\/wp-json\/wp\/v2\/media\/388"}],"wp:attachment":[{"href":"https:\/\/www.megastitch.eu\/cs\/wp-json\/wp\/v2\/media?parent=1560"}],"wp:term":[{"taxonomy":"product_cat","embeddable":true,"href":"https:\/\/www.megastitch.eu\/cs\/wp-json\/wp\/v2\/product_cat?post=1560"},{"taxonomy":"product_tag","embeddable":true,"href":"https:\/\/www.megastitch.eu\/cs\/wp-json\/wp\/v2\/product_tag?post=1560"}],"curies":[{"name":"wp","href":"https:\/\/api.w.org\/{rel}","templated":true}]}}