	{"id":1563,"date":"2019-02-01T19:42:44","date_gmt":"2019-02-01T18:42:44","guid":{"rendered":"https:\/\/www.megastitch.eu\/obchod\/nezarazene\/ovocny-dort-s-kytici-kvetu\/"},"modified":"2019-11-17T17:17:04","modified_gmt":"2019-11-17T16:17:04","slug":"ovocny-dort-s-kytici-kvetu","status":"publish","type":"product","link":"https:\/\/www.megastitch.eu\/cs\/obchod\/magnetky-cs\/rostliny\/ovocny-dort-s-kytici-kvetu\/","title":{"rendered":"Ovocn\u00fd dort s kytic\u00ed kv\u011bt\u016f"},"content":{"rendered":"<div class=\"nolwrap\"><p>Chyst\u00e1te sa na oslavu? T\u00e1to magnetka na vy\u0161\u00edvanie m\u00f4\u017ee by\u0165 zauj\u00edmav\u00fdm dar\u010dekom pre milovn\u00ed\u010dku vy\u0161\u00edvania. Tortu a kyticu u\u017e nosi\u0165 nemus\u00edte, s\u00fa nama\u013eovan\u00e9 na obr\u00e1zku magnetky. Osl\u00e1venky\u0148u i tak viac pote\u0161\u00ed samotn\u00e1 magnetick\u00e1 ihelni\u010dka, ktor\u00e1 postr\u00e1\u017ei jej vy\u0161\u00edvacie ihly.<\/p>\n<\/div>","protected":false},"excerpt":{"rendered":"<p>Chyst\u00e1te sa na oslavu? T\u00e1to magnetka na vy\u0161\u00edvanie m\u00f4\u017ee by\u0165 zauj\u00edmav\u00fdm dar\u010dekom pre milovn\u00ed\u010dku vy\u0161\u00edvania. Tortu a kyticu u\u017e nosi\u0165 nemus\u00edte, s\u00fa nama\u013eovan\u00e9 na obr\u00e1zku magnetky. Osl\u00e1venky\u0148u i tak viac pote\u0161\u00ed samotn\u00e1 magnetick\u00e1 ihelni\u010dka, ktor\u00e1 postr\u00e1\u017ei jej vy\u0161\u00edvacie ihly.<\/p>\n","protected":false},"featured_media":382,"comment_status":"closed","ping_status":"closed","template":"","meta":{"_uag_custom_page_level_css":"","ngg_post_thumbnail":0},"product_cat":[94,87,92,93,69],"product_tag":[],"aioseo_notices":[],"featured_image_urls":{"full":["https:\/\/www.megastitch.eu\/wp-content\/uploads\/2019\/02\/mal1-10.png",299,298,false],"thumbnail":["https:\/\/www.megastitch.eu\/wp-content\/uploads\/2019\/02\/mal1-10-150x150.png",150,150,true],"medium":["https:\/\/www.megastitch.eu\/wp-content\/uploads\/2019\/02\/mal1-10.png",299,298,false],"medium_large":["https:\/\/www.megastitch.eu\/wp-content\/uploads\/2019\/02\/mal1-10.png",299,298,false],"large":["https:\/\/www.megastitch.eu\/wp-content\/uploads\/2019\/02\/mal1-10.png",299,298,false],"1536x1536":["https:\/\/www.megastitch.eu\/wp-content\/uploads\/2019\/02\/mal1-10.png",299,298,false],"2048x2048":["https:\/\/www.megastitch.eu\/wp-content\/uploads\/2019\/02\/mal1-10.png",299,298,false],"ultp_layout_landscape_large":["https:\/\/www.megastitch.eu\/wp-content\/uploads\/2019\/02\/mal1-10.png",299,298,false],"ultp_layout_landscape":["https:\/\/www.megastitch.eu\/wp-content\/uploads\/2019\/02\/mal1-10.png",299,298,false],"ultp_layout_portrait":["https:\/\/www.megastitch.eu\/wp-content\/uploads\/2019\/02\/mal1-10.png",299,298,false],"ultp_layout_square":["https:\/\/www.megastitch.eu\/wp-content\/uploads\/2019\/02\/mal1-10.png",299,298,false],"molla_post-grid":["https:\/\/www.megastitch.eu\/wp-content\/uploads\/2019\/02\/mal1-10.png",268,267,false],"woocommerce_thumbnail":["https:\/\/www.megastitch.eu\/wp-content\/uploads\/2019\/02\/mal1-10.png",299,298,false],"woocommerce_single":["https:\/\/www.megastitch.eu\/wp-content\/uploads\/2019\/02\/mal1-10.png",299,298,false],"woocommerce_gallery_thumbnail":["https:\/\/www.megastitch.eu\/wp-content\/uploads\/2019\/02\/mal1-10-100x100.png",100,100,true]},"post_excerpt_stackable":"<p>Chyst\u00e1te sa na oslavu? T\u00e1to magnetka na vy\u0161\u00edvanie m\u00f4\u017ee by\u0165 zauj\u00edmav\u00fdm dar\u010dekom pre milovn\u00ed\u010dku vy\u0161\u00edvania. Tortu a kyticu u\u017e nosi\u0165 nemus\u00edte, s\u00fa nama\u013eovan\u00e9 na obr\u00e1zku magnetky. Osl\u00e1venky\u0148u i tak viac pote\u0161\u00ed samotn\u00e1 magnetick\u00e1 ihelni\u010dka, ktor\u00e1 postr\u00e1\u017ei jej vy\u0161\u00edvacie ihly.<\/p>\n","category_list":"","author_info":{"name":"","url":""},"comments_num":"0 comments","featured_image_urls_v2":{"full":["https:\/\/www.megastitch.eu\/wp-content\/uploads\/2019\/02\/mal1-10.png",299,298,false],"thumbnail":["https:\/\/www.megastitch.eu\/wp-content\/uploads\/2019\/02\/mal1-10-150x150.png",150,150,true],"medium":["https:\/\/www.megastitch.eu\/wp-content\/uploads\/2019\/02\/mal1-10.png",299,298,false],"medium_large":["https:\/\/www.megastitch.eu\/wp-content\/uploads\/2019\/02\/mal1-10.png",299,298,false],"large":["https:\/\/www.megastitch.eu\/wp-content\/uploads\/2019\/02\/mal1-10.png",299,298,false],"1536x1536":["https:\/\/www.megastitch.eu\/wp-content\/uploads\/2019\/02\/mal1-10.png",299,298,false],"2048x2048":["https:\/\/www.megastitch.eu\/wp-content\/uploads\/2019\/02\/mal1-10.png",299,298,false],"ultp_layout_landscape_large":["https:\/\/www.megastitch.eu\/wp-content\/uploads\/2019\/02\/mal1-10.png",299,298,false],"ultp_layout_landscape":["https:\/\/www.megastitch.eu\/wp-content\/uploads\/2019\/02\/mal1-10.png",299,298,false],"ultp_layout_portrait":["https:\/\/www.megastitch.eu\/wp-content\/uploads\/2019\/02\/mal1-10.png",299,298,false],"ultp_layout_square":["https:\/\/www.megastitch.eu\/wp-content\/uploads\/2019\/02\/mal1-10.png",299,298,false],"molla_post-grid":["https:\/\/www.megastitch.eu\/wp-content\/uploads\/2019\/02\/mal1-10.png",268,267,false],"woocommerce_thumbnail":["https:\/\/www.megastitch.eu\/wp-content\/uploads\/2019\/02\/mal1-10.png",299,298,false],"woocommerce_single":["https:\/\/www.megastitch.eu\/wp-content\/uploads\/2019\/02\/mal1-10.png",299,298,false],"woocommerce_gallery_thumbnail":["https:\/\/www.megastitch.eu\/wp-content\/uploads\/2019\/02\/mal1-10-100x100.png",100,100,true]},"post_excerpt_stackable_v2":"<p>Chyst\u00e1te sa na oslavu? T\u00e1to magnetka na vy\u0161\u00edvanie m\u00f4\u017ee by\u0165 zauj\u00edmav\u00fdm dar\u010dekom pre milovn\u00ed\u010dku vy\u0161\u00edvania. Tortu a kyticu u\u017e nosi\u0165 nemus\u00edte, s\u00fa nama\u013eovan\u00e9 na obr\u00e1zku magnetky. Osl\u00e1venky\u0148u i tak viac pote\u0161\u00ed samotn\u00e1 magnetick\u00e1 ihelni\u010dka, ktor\u00e1 postr\u00e1\u017ei jej vy\u0161\u00edvacie ihly.<\/p>\n","category_list_v2":"","author_info_v2":{"name":"","url":""},"comments_num_v2":"0 comments","uagb_featured_image_src":{"full":["https:\/\/www.megastitch.eu\/wp-content\/uploads\/2019\/02\/mal1-10.png",299,298,false],"thumbnail":["https:\/\/www.megastitch.eu\/wp-content\/uploads\/2019\/02\/mal1-10-150x150.png",150,150,true],"medium":["https:\/\/www.megastitch.eu\/wp-content\/uploads\/2019\/02\/mal1-10.png",299,298,false],"medium_large":["https:\/\/www.megastitch.eu\/wp-content\/uploads\/2019\/02\/mal1-10.png",299,298,false],"large":["https:\/\/www.megastitch.eu\/wp-content\/uploads\/2019\/02\/mal1-10.png",299,298,false],"1536x1536":["https:\/\/www.megastitch.eu\/wp-content\/uploads\/2019\/02\/mal1-10.png",299,298,false],"2048x2048":["https:\/\/www.megastitch.eu\/wp-content\/uploads\/2019\/02\/mal1-10.png",299,298,false],"ultp_layout_landscape_large":["https:\/\/www.megastitch.eu\/wp-content\/uploads\/2019\/02\/mal1-10.png",299,298,false],"ultp_layout_landscape":["https:\/\/www.megastitch.eu\/wp-content\/uploads\/2019\/02\/mal1-10.png",299,298,false],"ultp_layout_portrait":["https:\/\/www.megastitch.eu\/wp-content\/uploads\/2019\/02\/mal1-10.png",299,298,false],"ultp_layout_square":["https:\/\/www.megastitch.eu\/wp-content\/uploads\/2019\/02\/mal1-10.png",299,298,false],"molla_post-grid":["https:\/\/www.megastitch.eu\/wp-content\/uploads\/2019\/02\/mal1-10.png",268,267,false],"woocommerce_thumbnail":["https:\/\/www.megastitch.eu\/wp-content\/uploads\/2019\/02\/mal1-10.png",299,298,false],"woocommerce_single":["https:\/\/www.megastitch.eu\/wp-content\/uploads\/2019\/02\/mal1-10.png",299,298,false],"woocommerce_gallery_thumbnail":["https:\/\/www.megastitch.eu\/wp-content\/uploads\/2019\/02\/mal1-10-100x100.png",100,100,true]},"uagb_author_info":{"display_name":"Ludmila Mikusikova","author_link":"https:\/\/www.megastitch.eu\/cs\/author\/"},"uagb_comment_info":0,"uagb_excerpt":"Chyst\u00e1te sa na oslavu? T\u00e1to magnetka na vy\u0161\u00edvanie m\u00f4\u017ee by\u0165 zauj\u00edmav\u00fdm dar\u010dekom pre milovn\u00ed\u010dku vy\u0161\u00edvania. Tortu a kyticu u\u017e nosi\u0165 nemus\u00edte, s\u00fa nama\u013eovan\u00e9 na obr\u00e1zku magnetky. Osl\u00e1venky\u0148u i tak viac pote\u0161\u00ed samotn\u00e1 magnetick\u00e1 ihelni\u010dka, ktor\u00e1 postr\u00e1\u017ei jej vy\u0161\u00edvacie ihly.","_links":{"self":[{"href":"https:\/\/www.megastitch.eu\/cs\/wp-json\/wp\/v2\/product\/1563"}],"collection":[{"href":"https:\/\/www.megastitch.eu\/cs\/wp-json\/wp\/v2\/product"}],"about":[{"href":"https:\/\/www.megastitch.eu\/cs\/wp-json\/wp\/v2\/types\/product"}],"replies":[{"embeddable":true,"href":"https:\/\/www.megastitch.eu\/cs\/wp-json\/wp\/v2\/comments?post=1563"}],"wp:featuredmedia":[{"embeddable":true,"href":"https:\/\/www.megastitch.eu\/cs\/wp-json\/wp\/v2\/media\/382"}],"wp:attachment":[{"href":"https:\/\/www.megastitch.eu\/cs\/wp-json\/wp\/v2\/media?parent=1563"}],"wp:term":[{"taxonomy":"product_cat","embeddable":true,"href":"https:\/\/www.megastitch.eu\/cs\/wp-json\/wp\/v2\/product_cat?post=1563"},{"taxonomy":"product_tag","embeddable":true,"href":"https:\/\/www.megastitch.eu\/cs\/wp-json\/wp\/v2\/product_tag?post=1563"}],"curies":[{"name":"wp","href":"https:\/\/api.w.org\/{rel}","templated":true}]}}