	{"id":1564,"date":"2019-02-01T19:42:44","date_gmt":"2019-02-01T18:42:44","guid":{"rendered":"https:\/\/www.megastitch.eu\/obchod\/nezarazene\/krigl-piva\/"},"modified":"2019-11-17T17:19:59","modified_gmt":"2019-11-17T16:19:59","slug":"krigl-piva","status":"publish","type":"product","link":"https:\/\/www.megastitch.eu\/cs\/obchod\/magnetky-cs\/malovane-cs\/krigl-piva\/","title":{"rendered":"Kr\u00edgl piva"},"content":{"rendered":"<div class=\"nolwrap\"><p>Aj milovn\u00ed\u010dky zlat\u00e9ho moku si pr\u00eddu pri na\u0161ich magnetk\u00e1ch na svoje. D\u00f4kazom je t\u00e1to mil\u00e1 ma\u013eovan\u00e1 magnetka na vy\u0161\u00edvanie s obr\u00e1zkom kr\u00edg\u013ea piva s vysokou \u010diapo\u010dkou peny priam nab\u00e1daj\u00faca k uchlypnutiu. Cho\u010fte si nalia\u0165. Va\u0161e ihly zatia\u013e postr\u00e1\u017ei pevn\u00fd neodymov\u00fd magnet v tejto magnetickej ihelni\u010dke.<\/p>\n<\/div>","protected":false},"excerpt":{"rendered":"<p>Aj milovn\u00ed\u010dky zlat\u00e9ho moku si pr\u00eddu pri na\u0161ich magnetk\u00e1ch na svoje. D\u00f4kazom je t\u00e1to mil\u00e1 ma\u013eovan\u00e1 magnetka na vy\u0161\u00edvanie s obr\u00e1zkom kr\u00edg\u013ea piva s vysokou \u010diapo\u010dkou peny priam nab\u00e1daj\u00faca k uchlypnutiu. Cho\u010fte si nalia\u0165. Va\u0161e ihly zatia\u013e postr\u00e1\u017ei pevn\u00fd neodymov\u00fd magnet v tejto magnetickej ihelni\u010dke.<\/p>\n","protected":false},"featured_media":1059,"comment_status":"closed","ping_status":"closed","template":"","meta":{"_uag_custom_page_level_css":"","ngg_post_thumbnail":0},"product_cat":[87,92,93],"product_tag":[],"aioseo_notices":[],"featured_image_urls":{"full":["https:\/\/www.megastitch.eu\/wp-content\/uploads\/2019\/02\/mal1-9.png",298,298,false],"thumbnail":["https:\/\/www.megastitch.eu\/wp-content\/uploads\/2019\/02\/mal1-9-150x150.png",150,150,true],"medium":["https:\/\/www.megastitch.eu\/wp-content\/uploads\/2019\/02\/mal1-9.png",298,298,false],"medium_large":["https:\/\/www.megastitch.eu\/wp-content\/uploads\/2019\/02\/mal1-9.png",298,298,false],"large":["https:\/\/www.megastitch.eu\/wp-content\/uploads\/2019\/02\/mal1-9.png",298,298,false],"1536x1536":["https:\/\/www.megastitch.eu\/wp-content\/uploads\/2019\/02\/mal1-9.png",298,298,false],"2048x2048":["https:\/\/www.megastitch.eu\/wp-content\/uploads\/2019\/02\/mal1-9.png",298,298,false],"ultp_layout_landscape_large":["https:\/\/www.megastitch.eu\/wp-content\/uploads\/2019\/02\/mal1-9.png",298,298,false],"ultp_layout_landscape":["https:\/\/www.megastitch.eu\/wp-content\/uploads\/2019\/02\/mal1-9.png",298,298,false],"ultp_layout_portrait":["https:\/\/www.megastitch.eu\/wp-content\/uploads\/2019\/02\/mal1-9.png",298,298,false],"ultp_layout_square":["https:\/\/www.megastitch.eu\/wp-content\/uploads\/2019\/02\/mal1-9.png",298,298,false],"molla_post-grid":["https:\/\/www.megastitch.eu\/wp-content\/uploads\/2019\/02\/mal1-9.png",267,267,false],"woocommerce_thumbnail":["https:\/\/www.megastitch.eu\/wp-content\/uploads\/2019\/02\/mal1-9.png",298,298,false],"woocommerce_single":["https:\/\/www.megastitch.eu\/wp-content\/uploads\/2019\/02\/mal1-9.png",298,298,false],"woocommerce_gallery_thumbnail":["https:\/\/www.megastitch.eu\/wp-content\/uploads\/2019\/02\/mal1-9-100x100.png",100,100,true]},"post_excerpt_stackable":"<p>Aj milovn\u00ed\u010dky zlat\u00e9ho moku si pr\u00eddu pri na\u0161ich magnetk\u00e1ch na svoje. D\u00f4kazom je t\u00e1to mil\u00e1 ma\u013eovan\u00e1 magnetka na vy\u0161\u00edvanie s obr\u00e1zkom kr\u00edg\u013ea piva s vysokou \u010diapo\u010dkou peny priam nab\u00e1daj\u00faca k uchlypnutiu. Cho\u010fte si nalia\u0165. Va\u0161e ihly zatia\u013e postr\u00e1\u017ei pevn\u00fd neodymov\u00fd magnet v tejto magnetickej ihelni\u010dke.<\/p>\n","category_list":"","author_info":{"name":"","url":""},"comments_num":"0 comments","featured_image_urls_v2":{"full":["https:\/\/www.megastitch.eu\/wp-content\/uploads\/2019\/02\/mal1-9.png",298,298,false],"thumbnail":["https:\/\/www.megastitch.eu\/wp-content\/uploads\/2019\/02\/mal1-9-150x150.png",150,150,true],"medium":["https:\/\/www.megastitch.eu\/wp-content\/uploads\/2019\/02\/mal1-9.png",298,298,false],"medium_large":["https:\/\/www.megastitch.eu\/wp-content\/uploads\/2019\/02\/mal1-9.png",298,298,false],"large":["https:\/\/www.megastitch.eu\/wp-content\/uploads\/2019\/02\/mal1-9.png",298,298,false],"1536x1536":["https:\/\/www.megastitch.eu\/wp-content\/uploads\/2019\/02\/mal1-9.png",298,298,false],"2048x2048":["https:\/\/www.megastitch.eu\/wp-content\/uploads\/2019\/02\/mal1-9.png",298,298,false],"ultp_layout_landscape_large":["https:\/\/www.megastitch.eu\/wp-content\/uploads\/2019\/02\/mal1-9.png",298,298,false],"ultp_layout_landscape":["https:\/\/www.megastitch.eu\/wp-content\/uploads\/2019\/02\/mal1-9.png",298,298,false],"ultp_layout_portrait":["https:\/\/www.megastitch.eu\/wp-content\/uploads\/2019\/02\/mal1-9.png",298,298,false],"ultp_layout_square":["https:\/\/www.megastitch.eu\/wp-content\/uploads\/2019\/02\/mal1-9.png",298,298,false],"molla_post-grid":["https:\/\/www.megastitch.eu\/wp-content\/uploads\/2019\/02\/mal1-9.png",267,267,false],"woocommerce_thumbnail":["https:\/\/www.megastitch.eu\/wp-content\/uploads\/2019\/02\/mal1-9.png",298,298,false],"woocommerce_single":["https:\/\/www.megastitch.eu\/wp-content\/uploads\/2019\/02\/mal1-9.png",298,298,false],"woocommerce_gallery_thumbnail":["https:\/\/www.megastitch.eu\/wp-content\/uploads\/2019\/02\/mal1-9-100x100.png",100,100,true]},"post_excerpt_stackable_v2":"<p>Aj milovn\u00ed\u010dky zlat\u00e9ho moku si pr\u00eddu pri na\u0161ich magnetk\u00e1ch na svoje. D\u00f4kazom je t\u00e1to mil\u00e1 ma\u013eovan\u00e1 magnetka na vy\u0161\u00edvanie s obr\u00e1zkom kr\u00edg\u013ea piva s vysokou \u010diapo\u010dkou peny priam nab\u00e1daj\u00faca k uchlypnutiu. Cho\u010fte si nalia\u0165. Va\u0161e ihly zatia\u013e postr\u00e1\u017ei pevn\u00fd neodymov\u00fd magnet v tejto magnetickej ihelni\u010dke.<\/p>\n","category_list_v2":"","author_info_v2":{"name":"","url":""},"comments_num_v2":"0 comments","uagb_featured_image_src":{"full":["https:\/\/www.megastitch.eu\/wp-content\/uploads\/2019\/02\/mal1-9.png",298,298,false],"thumbnail":["https:\/\/www.megastitch.eu\/wp-content\/uploads\/2019\/02\/mal1-9-150x150.png",150,150,true],"medium":["https:\/\/www.megastitch.eu\/wp-content\/uploads\/2019\/02\/mal1-9.png",298,298,false],"medium_large":["https:\/\/www.megastitch.eu\/wp-content\/uploads\/2019\/02\/mal1-9.png",298,298,false],"large":["https:\/\/www.megastitch.eu\/wp-content\/uploads\/2019\/02\/mal1-9.png",298,298,false],"1536x1536":["https:\/\/www.megastitch.eu\/wp-content\/uploads\/2019\/02\/mal1-9.png",298,298,false],"2048x2048":["https:\/\/www.megastitch.eu\/wp-content\/uploads\/2019\/02\/mal1-9.png",298,298,false],"ultp_layout_landscape_large":["https:\/\/www.megastitch.eu\/wp-content\/uploads\/2019\/02\/mal1-9.png",298,298,false],"ultp_layout_landscape":["https:\/\/www.megastitch.eu\/wp-content\/uploads\/2019\/02\/mal1-9.png",298,298,false],"ultp_layout_portrait":["https:\/\/www.megastitch.eu\/wp-content\/uploads\/2019\/02\/mal1-9.png",298,298,false],"ultp_layout_square":["https:\/\/www.megastitch.eu\/wp-content\/uploads\/2019\/02\/mal1-9.png",298,298,false],"molla_post-grid":["https:\/\/www.megastitch.eu\/wp-content\/uploads\/2019\/02\/mal1-9.png",267,267,false],"woocommerce_thumbnail":["https:\/\/www.megastitch.eu\/wp-content\/uploads\/2019\/02\/mal1-9.png",298,298,false],"woocommerce_single":["https:\/\/www.megastitch.eu\/wp-content\/uploads\/2019\/02\/mal1-9.png",298,298,false],"woocommerce_gallery_thumbnail":["https:\/\/www.megastitch.eu\/wp-content\/uploads\/2019\/02\/mal1-9-100x100.png",100,100,true]},"uagb_author_info":{"display_name":"Ludmila Mikusikova","author_link":"https:\/\/www.megastitch.eu\/cs\/author\/"},"uagb_comment_info":0,"uagb_excerpt":"Aj milovn\u00ed\u010dky zlat\u00e9ho moku si pr\u00eddu pri na\u0161ich magnetk\u00e1ch na svoje. D\u00f4kazom je t\u00e1to mil\u00e1 ma\u013eovan\u00e1 magnetka na vy\u0161\u00edvanie s obr\u00e1zkom kr\u00edg\u013ea piva s vysokou \u010diapo\u010dkou peny priam nab\u00e1daj\u00faca k uchlypnutiu. Cho\u010fte si nalia\u0165. Va\u0161e ihly zatia\u013e postr\u00e1\u017ei pevn\u00fd neodymov\u00fd magnet v tejto magnetickej ihelni\u010dke.","_links":{"self":[{"href":"https:\/\/www.megastitch.eu\/cs\/wp-json\/wp\/v2\/product\/1564"}],"collection":[{"href":"https:\/\/www.megastitch.eu\/cs\/wp-json\/wp\/v2\/product"}],"about":[{"href":"https:\/\/www.megastitch.eu\/cs\/wp-json\/wp\/v2\/types\/product"}],"replies":[{"embeddable":true,"href":"https:\/\/www.megastitch.eu\/cs\/wp-json\/wp\/v2\/comments?post=1564"}],"wp:featuredmedia":[{"embeddable":true,"href":"https:\/\/www.megastitch.eu\/cs\/wp-json\/wp\/v2\/media\/1059"}],"wp:attachment":[{"href":"https:\/\/www.megastitch.eu\/cs\/wp-json\/wp\/v2\/media?parent=1564"}],"wp:term":[{"taxonomy":"product_cat","embeddable":true,"href":"https:\/\/www.megastitch.eu\/cs\/wp-json\/wp\/v2\/product_cat?post=1564"},{"taxonomy":"product_tag","embeddable":true,"href":"https:\/\/www.megastitch.eu\/cs\/wp-json\/wp\/v2\/product_tag?post=1564"}],"curies":[{"name":"wp","href":"https:\/\/api.w.org\/{rel}","templated":true}]}}