	{"id":1567,"date":"2019-02-01T19:42:44","date_gmt":"2019-02-01T18:42:44","guid":{"rendered":"https:\/\/www.megastitch.eu\/obchod\/nezarazene\/kosik-seriku\/"},"modified":"2019-11-17T17:31:01","modified_gmt":"2019-11-17T16:31:01","slug":"kosik-seriku","status":"publish","type":"product","link":"https:\/\/www.megastitch.eu\/cs\/obchod\/magnetky-cs\/rostliny\/kosik-seriku\/","title":{"rendered":"Ko\u0161\u00edk \u0161e\u0159\u00edku"},"content":{"rendered":"<div class=\"nolwrap\"><p>Jemn\u00e9 decentn\u00e9 farby tohto ma\u013eoven\u00e9ho obr\u00e1zka s ko\u0161\u00edkom pln\u00fdm fialov\u00e9ho orgov\u00e1nu pote\u0161ia va\u0161e o\u010di. Siln\u00fd neodymov\u00fd magnet zas pote\u0161\u00ed va\u0161e ruky pri pr\u00e1ci na v\u00fd\u0161ivke. U\u017e nikdy \u017eiadna straten\u00e1 vy\u0161\u00edvacia ihla, v\u0161etky bud\u00fa pevne prichyten\u00e9 na mieste, kde ste ich nechali.<\/p>\n<\/div>","protected":false},"excerpt":{"rendered":"<p>Jemn\u00e9 decentn\u00e9 farby tohto ma\u013eoven\u00e9ho obr\u00e1zka s ko\u0161\u00edkom pln\u00fdm fialov\u00e9ho orgov\u00e1nu pote\u0161ia va\u0161e o\u010di. Siln\u00fd neodymov\u00fd magnet zas pote\u0161\u00ed va\u0161e ruky pri pr\u00e1ci na v\u00fd\u0161ivke. U\u017e nikdy \u017eiadna straten\u00e1 vy\u0161\u00edvacia ihla, v\u0161etky bud\u00fa pevne prichyten\u00e9 na mieste, kde ste ich nechali.<\/p>\n","protected":false},"featured_media":1053,"comment_status":"closed","ping_status":"closed","template":"","meta":{"_uag_custom_page_level_css":"","ngg_post_thumbnail":0},"product_cat":[94,87,92,69],"product_tag":[81],"aioseo_notices":[],"featured_image_urls":{"full":["https:\/\/www.megastitch.eu\/wp-content\/uploads\/2019\/02\/mal1-6.png",298,298,false],"thumbnail":["https:\/\/www.megastitch.eu\/wp-content\/uploads\/2019\/02\/mal1-6-150x150.png",150,150,true],"medium":["https:\/\/www.megastitch.eu\/wp-content\/uploads\/2019\/02\/mal1-6.png",298,298,false],"medium_large":["https:\/\/www.megastitch.eu\/wp-content\/uploads\/2019\/02\/mal1-6.png",298,298,false],"large":["https:\/\/www.megastitch.eu\/wp-content\/uploads\/2019\/02\/mal1-6.png",298,298,false],"1536x1536":["https:\/\/www.megastitch.eu\/wp-content\/uploads\/2019\/02\/mal1-6.png",298,298,false],"2048x2048":["https:\/\/www.megastitch.eu\/wp-content\/uploads\/2019\/02\/mal1-6.png",298,298,false],"ultp_layout_landscape_large":["https:\/\/www.megastitch.eu\/wp-content\/uploads\/2019\/02\/mal1-6.png",298,298,false],"ultp_layout_landscape":["https:\/\/www.megastitch.eu\/wp-content\/uploads\/2019\/02\/mal1-6.png",298,298,false],"ultp_layout_portrait":["https:\/\/www.megastitch.eu\/wp-content\/uploads\/2019\/02\/mal1-6.png",298,298,false],"ultp_layout_square":["https:\/\/www.megastitch.eu\/wp-content\/uploads\/2019\/02\/mal1-6.png",298,298,false],"molla_post-grid":["https:\/\/www.megastitch.eu\/wp-content\/uploads\/2019\/02\/mal1-6.png",267,267,false],"woocommerce_thumbnail":["https:\/\/www.megastitch.eu\/wp-content\/uploads\/2019\/02\/mal1-6.png",298,298,false],"woocommerce_single":["https:\/\/www.megastitch.eu\/wp-content\/uploads\/2019\/02\/mal1-6.png",298,298,false],"woocommerce_gallery_thumbnail":["https:\/\/www.megastitch.eu\/wp-content\/uploads\/2019\/02\/mal1-6-100x100.png",100,100,true]},"post_excerpt_stackable":"<p>Jemn\u00e9 decentn\u00e9 farby tohto ma\u013eoven\u00e9ho obr\u00e1zka s ko\u0161\u00edkom pln\u00fdm fialov\u00e9ho orgov\u00e1nu pote\u0161ia va\u0161e o\u010di. Siln\u00fd neodymov\u00fd magnet zas pote\u0161\u00ed va\u0161e ruky pri pr\u00e1ci na v\u00fd\u0161ivke. U\u017e nikdy \u017eiadna straten\u00e1 vy\u0161\u00edvacia ihla, v\u0161etky bud\u00fa pevne prichyten\u00e9 na mieste, kde ste ich nechali.<\/p>\n","category_list":"","author_info":{"name":"","url":""},"comments_num":"0 comments","featured_image_urls_v2":{"full":["https:\/\/www.megastitch.eu\/wp-content\/uploads\/2019\/02\/mal1-6.png",298,298,false],"thumbnail":["https:\/\/www.megastitch.eu\/wp-content\/uploads\/2019\/02\/mal1-6-150x150.png",150,150,true],"medium":["https:\/\/www.megastitch.eu\/wp-content\/uploads\/2019\/02\/mal1-6.png",298,298,false],"medium_large":["https:\/\/www.megastitch.eu\/wp-content\/uploads\/2019\/02\/mal1-6.png",298,298,false],"large":["https:\/\/www.megastitch.eu\/wp-content\/uploads\/2019\/02\/mal1-6.png",298,298,false],"1536x1536":["https:\/\/www.megastitch.eu\/wp-content\/uploads\/2019\/02\/mal1-6.png",298,298,false],"2048x2048":["https:\/\/www.megastitch.eu\/wp-content\/uploads\/2019\/02\/mal1-6.png",298,298,false],"ultp_layout_landscape_large":["https:\/\/www.megastitch.eu\/wp-content\/uploads\/2019\/02\/mal1-6.png",298,298,false],"ultp_layout_landscape":["https:\/\/www.megastitch.eu\/wp-content\/uploads\/2019\/02\/mal1-6.png",298,298,false],"ultp_layout_portrait":["https:\/\/www.megastitch.eu\/wp-content\/uploads\/2019\/02\/mal1-6.png",298,298,false],"ultp_layout_square":["https:\/\/www.megastitch.eu\/wp-content\/uploads\/2019\/02\/mal1-6.png",298,298,false],"molla_post-grid":["https:\/\/www.megastitch.eu\/wp-content\/uploads\/2019\/02\/mal1-6.png",267,267,false],"woocommerce_thumbnail":["https:\/\/www.megastitch.eu\/wp-content\/uploads\/2019\/02\/mal1-6.png",298,298,false],"woocommerce_single":["https:\/\/www.megastitch.eu\/wp-content\/uploads\/2019\/02\/mal1-6.png",298,298,false],"woocommerce_gallery_thumbnail":["https:\/\/www.megastitch.eu\/wp-content\/uploads\/2019\/02\/mal1-6-100x100.png",100,100,true]},"post_excerpt_stackable_v2":"<p>Jemn\u00e9 decentn\u00e9 farby tohto ma\u013eoven\u00e9ho obr\u00e1zka s ko\u0161\u00edkom pln\u00fdm fialov\u00e9ho orgov\u00e1nu pote\u0161ia va\u0161e o\u010di. Siln\u00fd neodymov\u00fd magnet zas pote\u0161\u00ed va\u0161e ruky pri pr\u00e1ci na v\u00fd\u0161ivke. U\u017e nikdy \u017eiadna straten\u00e1 vy\u0161\u00edvacia ihla, v\u0161etky bud\u00fa pevne prichyten\u00e9 na mieste, kde ste ich nechali.<\/p>\n","category_list_v2":"","author_info_v2":{"name":"","url":""},"comments_num_v2":"0 comments","uagb_featured_image_src":{"full":["https:\/\/www.megastitch.eu\/wp-content\/uploads\/2019\/02\/mal1-6.png",298,298,false],"thumbnail":["https:\/\/www.megastitch.eu\/wp-content\/uploads\/2019\/02\/mal1-6-150x150.png",150,150,true],"medium":["https:\/\/www.megastitch.eu\/wp-content\/uploads\/2019\/02\/mal1-6.png",298,298,false],"medium_large":["https:\/\/www.megastitch.eu\/wp-content\/uploads\/2019\/02\/mal1-6.png",298,298,false],"large":["https:\/\/www.megastitch.eu\/wp-content\/uploads\/2019\/02\/mal1-6.png",298,298,false],"1536x1536":["https:\/\/www.megastitch.eu\/wp-content\/uploads\/2019\/02\/mal1-6.png",298,298,false],"2048x2048":["https:\/\/www.megastitch.eu\/wp-content\/uploads\/2019\/02\/mal1-6.png",298,298,false],"ultp_layout_landscape_large":["https:\/\/www.megastitch.eu\/wp-content\/uploads\/2019\/02\/mal1-6.png",298,298,false],"ultp_layout_landscape":["https:\/\/www.megastitch.eu\/wp-content\/uploads\/2019\/02\/mal1-6.png",298,298,false],"ultp_layout_portrait":["https:\/\/www.megastitch.eu\/wp-content\/uploads\/2019\/02\/mal1-6.png",298,298,false],"ultp_layout_square":["https:\/\/www.megastitch.eu\/wp-content\/uploads\/2019\/02\/mal1-6.png",298,298,false],"molla_post-grid":["https:\/\/www.megastitch.eu\/wp-content\/uploads\/2019\/02\/mal1-6.png",267,267,false],"woocommerce_thumbnail":["https:\/\/www.megastitch.eu\/wp-content\/uploads\/2019\/02\/mal1-6.png",298,298,false],"woocommerce_single":["https:\/\/www.megastitch.eu\/wp-content\/uploads\/2019\/02\/mal1-6.png",298,298,false],"woocommerce_gallery_thumbnail":["https:\/\/www.megastitch.eu\/wp-content\/uploads\/2019\/02\/mal1-6-100x100.png",100,100,true]},"uagb_author_info":{"display_name":"Ludmila Mikusikova","author_link":"https:\/\/www.megastitch.eu\/cs\/author\/"},"uagb_comment_info":0,"uagb_excerpt":"Jemn\u00e9 decentn\u00e9 farby tohto ma\u013eoven\u00e9ho obr\u00e1zka s ko\u0161\u00edkom pln\u00fdm fialov\u00e9ho orgov\u00e1nu pote\u0161ia va\u0161e o\u010di. Siln\u00fd neodymov\u00fd magnet zas pote\u0161\u00ed va\u0161e ruky pri pr\u00e1ci na v\u00fd\u0161ivke. U\u017e nikdy \u017eiadna straten\u00e1 vy\u0161\u00edvacia ihla, v\u0161etky bud\u00fa pevne prichyten\u00e9 na mieste, kde ste ich nechali.","_links":{"self":[{"href":"https:\/\/www.megastitch.eu\/cs\/wp-json\/wp\/v2\/product\/1567"}],"collection":[{"href":"https:\/\/www.megastitch.eu\/cs\/wp-json\/wp\/v2\/product"}],"about":[{"href":"https:\/\/www.megastitch.eu\/cs\/wp-json\/wp\/v2\/types\/product"}],"replies":[{"embeddable":true,"href":"https:\/\/www.megastitch.eu\/cs\/wp-json\/wp\/v2\/comments?post=1567"}],"wp:featuredmedia":[{"embeddable":true,"href":"https:\/\/www.megastitch.eu\/cs\/wp-json\/wp\/v2\/media\/1053"}],"wp:attachment":[{"href":"https:\/\/www.megastitch.eu\/cs\/wp-json\/wp\/v2\/media?parent=1567"}],"wp:term":[{"taxonomy":"product_cat","embeddable":true,"href":"https:\/\/www.megastitch.eu\/cs\/wp-json\/wp\/v2\/product_cat?post=1567"},{"taxonomy":"product_tag","embeddable":true,"href":"https:\/\/www.megastitch.eu\/cs\/wp-json\/wp\/v2\/product_tag?post=1567"}],"curies":[{"name":"wp","href":"https:\/\/api.w.org\/{rel}","templated":true}]}}