	{"id":1570,"date":"2019-02-01T19:42:28","date_gmt":"2019-02-01T18:42:28","guid":{"rendered":"https:\/\/www.megastitch.eu\/obchod\/nezarazene\/kytice-fialovych-kvetu\/"},"modified":"2019-11-17T17:43:27","modified_gmt":"2019-11-17T16:43:27","slug":"kytice-fialovych-kvetu","status":"publish","type":"product","link":"https:\/\/www.megastitch.eu\/cs\/obchod\/magnetky-cs\/rostliny\/kytice-fialovych-kvetu\/","title":{"rendered":"Kytice fialov\u00fdch kv\u011bt\u016f"},"content":{"rendered":"<div class=\"nolwrap\"><p>Dizajn tejto magnetickej ihelni\u010dky je naozaj vydaren\u00fd. Kytica fialov\u00fdch kvetov pote\u0161\u00ed poh\u013ead ka\u017edej milovn\u00ed\u010dky kvet\u00edn. Je to naozaj pekn\u00fd magnet, ktor\u00fd v\u00e1s pote\u0161\u00ed aj svojou funkciou. Pevn\u00fd neodymov\u00fd magnet bude dr\u017ea\u0165 nielen va\u0161e ihly, ale aj no\u017eni\u010dky neomylne na svojom mieste.<\/p>\n<\/div>","protected":false},"excerpt":{"rendered":"<p>Dizajn tejto magnetickej ihelni\u010dky je naozaj vydaren\u00fd. Kytica fialov\u00fdch kvetov pote\u0161\u00ed poh\u013ead ka\u017edej milovn\u00ed\u010dky kvet\u00edn. Je to naozaj pekn\u00fd magnet, ktor\u00fd v\u00e1s pote\u0161\u00ed aj svojou funkciou. Pevn\u00fd neodymov\u00fd magnet bude dr\u017ea\u0165 nielen va\u0161e ihly, ale aj no\u017eni\u010dky neomylne na svojom mieste.<\/p>\n","protected":false},"featured_media":368,"comment_status":"closed","ping_status":"closed","template":"","meta":{"_uag_custom_page_level_css":"","ngg_post_thumbnail":0},"product_cat":[94,87,92,69],"product_tag":[81],"aioseo_notices":[],"featured_image_urls":{"full":["https:\/\/www.megastitch.eu\/wp-content\/uploads\/2019\/02\/mal1-3.png",299,298,false],"thumbnail":["https:\/\/www.megastitch.eu\/wp-content\/uploads\/2019\/02\/mal1-3-150x150.png",150,150,true],"medium":["https:\/\/www.megastitch.eu\/wp-content\/uploads\/2019\/02\/mal1-3.png",299,298,false],"medium_large":["https:\/\/www.megastitch.eu\/wp-content\/uploads\/2019\/02\/mal1-3.png",299,298,false],"large":["https:\/\/www.megastitch.eu\/wp-content\/uploads\/2019\/02\/mal1-3.png",299,298,false],"1536x1536":["https:\/\/www.megastitch.eu\/wp-content\/uploads\/2019\/02\/mal1-3.png",299,298,false],"2048x2048":["https:\/\/www.megastitch.eu\/wp-content\/uploads\/2019\/02\/mal1-3.png",299,298,false],"ultp_layout_landscape_large":["https:\/\/www.megastitch.eu\/wp-content\/uploads\/2019\/02\/mal1-3.png",299,298,false],"ultp_layout_landscape":["https:\/\/www.megastitch.eu\/wp-content\/uploads\/2019\/02\/mal1-3.png",299,298,false],"ultp_layout_portrait":["https:\/\/www.megastitch.eu\/wp-content\/uploads\/2019\/02\/mal1-3.png",299,298,false],"ultp_layout_square":["https:\/\/www.megastitch.eu\/wp-content\/uploads\/2019\/02\/mal1-3.png",299,298,false],"molla_post-grid":["https:\/\/www.megastitch.eu\/wp-content\/uploads\/2019\/02\/mal1-3.png",268,267,false],"woocommerce_thumbnail":["https:\/\/www.megastitch.eu\/wp-content\/uploads\/2019\/02\/mal1-3.png",299,298,false],"woocommerce_single":["https:\/\/www.megastitch.eu\/wp-content\/uploads\/2019\/02\/mal1-3.png",299,298,false],"woocommerce_gallery_thumbnail":["https:\/\/www.megastitch.eu\/wp-content\/uploads\/2019\/02\/mal1-3-100x100.png",100,100,true]},"post_excerpt_stackable":"<p>Dizajn tejto magnetickej ihelni\u010dky je naozaj vydaren\u00fd. Kytica fialov\u00fdch kvetov pote\u0161\u00ed poh\u013ead ka\u017edej milovn\u00ed\u010dky kvet\u00edn. Je to naozaj pekn\u00fd magnet, ktor\u00fd v\u00e1s pote\u0161\u00ed aj svojou funkciou. Pevn\u00fd neodymov\u00fd magnet bude dr\u017ea\u0165 nielen va\u0161e ihly, ale aj no\u017eni\u010dky neomylne na svojom mieste.<\/p>\n","category_list":"","author_info":{"name":"","url":""},"comments_num":"0 comments","featured_image_urls_v2":{"full":["https:\/\/www.megastitch.eu\/wp-content\/uploads\/2019\/02\/mal1-3.png",299,298,false],"thumbnail":["https:\/\/www.megastitch.eu\/wp-content\/uploads\/2019\/02\/mal1-3-150x150.png",150,150,true],"medium":["https:\/\/www.megastitch.eu\/wp-content\/uploads\/2019\/02\/mal1-3.png",299,298,false],"medium_large":["https:\/\/www.megastitch.eu\/wp-content\/uploads\/2019\/02\/mal1-3.png",299,298,false],"large":["https:\/\/www.megastitch.eu\/wp-content\/uploads\/2019\/02\/mal1-3.png",299,298,false],"1536x1536":["https:\/\/www.megastitch.eu\/wp-content\/uploads\/2019\/02\/mal1-3.png",299,298,false],"2048x2048":["https:\/\/www.megastitch.eu\/wp-content\/uploads\/2019\/02\/mal1-3.png",299,298,false],"ultp_layout_landscape_large":["https:\/\/www.megastitch.eu\/wp-content\/uploads\/2019\/02\/mal1-3.png",299,298,false],"ultp_layout_landscape":["https:\/\/www.megastitch.eu\/wp-content\/uploads\/2019\/02\/mal1-3.png",299,298,false],"ultp_layout_portrait":["https:\/\/www.megastitch.eu\/wp-content\/uploads\/2019\/02\/mal1-3.png",299,298,false],"ultp_layout_square":["https:\/\/www.megastitch.eu\/wp-content\/uploads\/2019\/02\/mal1-3.png",299,298,false],"molla_post-grid":["https:\/\/www.megastitch.eu\/wp-content\/uploads\/2019\/02\/mal1-3.png",268,267,false],"woocommerce_thumbnail":["https:\/\/www.megastitch.eu\/wp-content\/uploads\/2019\/02\/mal1-3.png",299,298,false],"woocommerce_single":["https:\/\/www.megastitch.eu\/wp-content\/uploads\/2019\/02\/mal1-3.png",299,298,false],"woocommerce_gallery_thumbnail":["https:\/\/www.megastitch.eu\/wp-content\/uploads\/2019\/02\/mal1-3-100x100.png",100,100,true]},"post_excerpt_stackable_v2":"<p>Dizajn tejto magnetickej ihelni\u010dky je naozaj vydaren\u00fd. Kytica fialov\u00fdch kvetov pote\u0161\u00ed poh\u013ead ka\u017edej milovn\u00ed\u010dky kvet\u00edn. Je to naozaj pekn\u00fd magnet, ktor\u00fd v\u00e1s pote\u0161\u00ed aj svojou funkciou. Pevn\u00fd neodymov\u00fd magnet bude dr\u017ea\u0165 nielen va\u0161e ihly, ale aj no\u017eni\u010dky neomylne na svojom mieste.<\/p>\n","category_list_v2":"","author_info_v2":{"name":"","url":""},"comments_num_v2":"0 comments","uagb_featured_image_src":{"full":["https:\/\/www.megastitch.eu\/wp-content\/uploads\/2019\/02\/mal1-3.png",299,298,false],"thumbnail":["https:\/\/www.megastitch.eu\/wp-content\/uploads\/2019\/02\/mal1-3-150x150.png",150,150,true],"medium":["https:\/\/www.megastitch.eu\/wp-content\/uploads\/2019\/02\/mal1-3.png",299,298,false],"medium_large":["https:\/\/www.megastitch.eu\/wp-content\/uploads\/2019\/02\/mal1-3.png",299,298,false],"large":["https:\/\/www.megastitch.eu\/wp-content\/uploads\/2019\/02\/mal1-3.png",299,298,false],"1536x1536":["https:\/\/www.megastitch.eu\/wp-content\/uploads\/2019\/02\/mal1-3.png",299,298,false],"2048x2048":["https:\/\/www.megastitch.eu\/wp-content\/uploads\/2019\/02\/mal1-3.png",299,298,false],"ultp_layout_landscape_large":["https:\/\/www.megastitch.eu\/wp-content\/uploads\/2019\/02\/mal1-3.png",299,298,false],"ultp_layout_landscape":["https:\/\/www.megastitch.eu\/wp-content\/uploads\/2019\/02\/mal1-3.png",299,298,false],"ultp_layout_portrait":["https:\/\/www.megastitch.eu\/wp-content\/uploads\/2019\/02\/mal1-3.png",299,298,false],"ultp_layout_square":["https:\/\/www.megastitch.eu\/wp-content\/uploads\/2019\/02\/mal1-3.png",299,298,false],"molla_post-grid":["https:\/\/www.megastitch.eu\/wp-content\/uploads\/2019\/02\/mal1-3.png",268,267,false],"woocommerce_thumbnail":["https:\/\/www.megastitch.eu\/wp-content\/uploads\/2019\/02\/mal1-3.png",299,298,false],"woocommerce_single":["https:\/\/www.megastitch.eu\/wp-content\/uploads\/2019\/02\/mal1-3.png",299,298,false],"woocommerce_gallery_thumbnail":["https:\/\/www.megastitch.eu\/wp-content\/uploads\/2019\/02\/mal1-3-100x100.png",100,100,true]},"uagb_author_info":{"display_name":"Ludmila Mikusikova","author_link":"https:\/\/www.megastitch.eu\/cs\/author\/"},"uagb_comment_info":0,"uagb_excerpt":"Dizajn tejto magnetickej ihelni\u010dky je naozaj vydaren\u00fd. Kytica fialov\u00fdch kvetov pote\u0161\u00ed poh\u013ead ka\u017edej milovn\u00ed\u010dky kvet\u00edn. Je to naozaj pekn\u00fd magnet, ktor\u00fd v\u00e1s pote\u0161\u00ed aj svojou funkciou. Pevn\u00fd neodymov\u00fd magnet bude dr\u017ea\u0165 nielen va\u0161e ihly, ale aj no\u017eni\u010dky neomylne na svojom mieste.","_links":{"self":[{"href":"https:\/\/www.megastitch.eu\/cs\/wp-json\/wp\/v2\/product\/1570"}],"collection":[{"href":"https:\/\/www.megastitch.eu\/cs\/wp-json\/wp\/v2\/product"}],"about":[{"href":"https:\/\/www.megastitch.eu\/cs\/wp-json\/wp\/v2\/types\/product"}],"replies":[{"embeddable":true,"href":"https:\/\/www.megastitch.eu\/cs\/wp-json\/wp\/v2\/comments?post=1570"}],"wp:featuredmedia":[{"embeddable":true,"href":"https:\/\/www.megastitch.eu\/cs\/wp-json\/wp\/v2\/media\/368"}],"wp:attachment":[{"href":"https:\/\/www.megastitch.eu\/cs\/wp-json\/wp\/v2\/media?parent=1570"}],"wp:term":[{"taxonomy":"product_cat","embeddable":true,"href":"https:\/\/www.megastitch.eu\/cs\/wp-json\/wp\/v2\/product_cat?post=1570"},{"taxonomy":"product_tag","embeddable":true,"href":"https:\/\/www.megastitch.eu\/cs\/wp-json\/wp\/v2\/product_tag?post=1570"}],"curies":[{"name":"wp","href":"https:\/\/api.w.org\/{rel}","templated":true}]}}