	{"id":1573,"date":"2019-02-01T19:42:28","date_gmt":"2019-02-01T18:42:28","guid":{"rendered":"https:\/\/www.megastitch.eu\/obchod\/nezarazene\/lezici-whippet\/"},"modified":"2022-12-18T15:08:06","modified_gmt":"2022-12-18T14:08:06","slug":"lezici-whippet","status":"publish","type":"product","link":"https:\/\/www.megastitch.eu\/cs\/obchod\/magnetky-cs\/zvirata\/psi\/lezici-whippet\/","title":{"rendered":"Le\u017e\u00edc\u00ed whippet"},"content":{"rendered":"<div class=\"nolwrap\"><p>Milovn\u00edci psov si pr\u00eddu pri tejto magnetke na vy\u0161\u00edvanie na svoje. Whippet na tomto magnete p\u00f4sob\u00ed naozaj milo a priate\u013esky. Pevn\u00fd neodymov\u00fd magnet spln\u00ed svoju \u00falohu dokonale a vy u\u017e nebudete ma\u0165 staros\u0165 o svoje ihly a no\u017eni\u010dky. M\u00f4\u017eete sa plne s\u00fastredi\u0165 na svoju pr\u00e1cu a te\u0161i\u0165 sa na jej v\u00fdsledok.<\/p>\n<\/div>","protected":false},"excerpt":{"rendered":"<p>Milovn\u00edci psov si pr\u00eddu pri tejto magnetke na vy\u0161\u00edvanie na svoje. Whippet na tomto magnete p\u00f4sob\u00ed naozaj milo a priate\u013esky. Pevn\u00fd neodymov\u00fd magnet spln\u00ed svoju \u00falohu dokonale a vy u\u017e nebudete ma\u0165 staros\u0165 o svoje ihly a no\u017eni\u010dky. M\u00f4\u017eete sa plne s\u00fastredi\u0165 na svoju pr\u00e1cu a te\u0161i\u0165 sa na jej v\u00fdsledok.<\/p>\n","protected":false},"featured_media":611,"comment_status":"closed","ping_status":"closed","template":"","meta":{"_uag_custom_page_level_css":"","ngg_post_thumbnail":0},"product_cat":[91,87,102,96],"product_tag":[79],"aioseo_notices":[],"featured_image_urls":{"full":["https:\/\/www.megastitch.eu\/wp-content\/uploads\/2019\/02\/pesJK.jpg",415,415,false],"thumbnail":["https:\/\/www.megastitch.eu\/wp-content\/uploads\/2019\/02\/pesJK-150x150.jpg",150,150,true],"medium":["https:\/\/www.megastitch.eu\/wp-content\/uploads\/2019\/02\/pesJK-300x300.jpg",300,300,true],"medium_large":["https:\/\/www.megastitch.eu\/wp-content\/uploads\/2019\/02\/pesJK.jpg",415,415,false],"large":["https:\/\/www.megastitch.eu\/wp-content\/uploads\/2019\/02\/pesJK.jpg",415,415,false],"1536x1536":["https:\/\/www.megastitch.eu\/wp-content\/uploads\/2019\/02\/pesJK.jpg",415,415,false],"2048x2048":["https:\/\/www.megastitch.eu\/wp-content\/uploads\/2019\/02\/pesJK.jpg",415,415,false],"ultp_layout_landscape_large":["https:\/\/www.megastitch.eu\/wp-content\/uploads\/2019\/02\/pesJK.jpg",415,415,false],"ultp_layout_landscape":["https:\/\/www.megastitch.eu\/wp-content\/uploads\/2019\/02\/pesJK.jpg",415,415,false],"ultp_layout_portrait":["https:\/\/www.megastitch.eu\/wp-content\/uploads\/2019\/02\/pesJK.jpg",415,415,false],"ultp_layout_square":["https:\/\/www.megastitch.eu\/wp-content\/uploads\/2019\/02\/pesJK.jpg",415,415,false],"molla_post-grid":["https:\/\/www.megastitch.eu\/wp-content\/uploads\/2019\/02\/pesJK.jpg",267,267,false],"woocommerce_thumbnail":["https:\/\/www.megastitch.eu\/wp-content\/uploads\/2019\/02\/pesJK-300x300.jpg",300,300,true],"woocommerce_single":["https:\/\/www.megastitch.eu\/wp-content\/uploads\/2019\/02\/pesJK.jpg",415,415,false],"woocommerce_gallery_thumbnail":["https:\/\/www.megastitch.eu\/wp-content\/uploads\/2019\/02\/pesJK-100x100.jpg",100,100,true]},"post_excerpt_stackable":"<p>Milovn\u00edci psov si pr\u00eddu pri tejto magnetke na vy\u0161\u00edvanie na svoje. Whippet na tomto magnete p\u00f4sob\u00ed naozaj milo a priate\u013esky. Pevn\u00fd neodymov\u00fd magnet spln\u00ed svoju \u00falohu dokonale a vy u\u017e nebudete ma\u0165 staros\u0165 o svoje ihly a no\u017eni\u010dky. M\u00f4\u017eete sa plne s\u00fastredi\u0165 na svoju pr\u00e1cu a te\u0161i\u0165 sa na jej v\u00fdsledok.<\/p>\n","category_list":"","author_info":{"name":"","url":""},"comments_num":"0 comments","featured_image_urls_v2":{"full":["https:\/\/www.megastitch.eu\/wp-content\/uploads\/2019\/02\/pesJK.jpg",415,415,false],"thumbnail":["https:\/\/www.megastitch.eu\/wp-content\/uploads\/2019\/02\/pesJK-150x150.jpg",150,150,true],"medium":["https:\/\/www.megastitch.eu\/wp-content\/uploads\/2019\/02\/pesJK-300x300.jpg",300,300,true],"medium_large":["https:\/\/www.megastitch.eu\/wp-content\/uploads\/2019\/02\/pesJK.jpg",415,415,false],"large":["https:\/\/www.megastitch.eu\/wp-content\/uploads\/2019\/02\/pesJK.jpg",415,415,false],"1536x1536":["https:\/\/www.megastitch.eu\/wp-content\/uploads\/2019\/02\/pesJK.jpg",415,415,false],"2048x2048":["https:\/\/www.megastitch.eu\/wp-content\/uploads\/2019\/02\/pesJK.jpg",415,415,false],"ultp_layout_landscape_large":["https:\/\/www.megastitch.eu\/wp-content\/uploads\/2019\/02\/pesJK.jpg",415,415,false],"ultp_layout_landscape":["https:\/\/www.megastitch.eu\/wp-content\/uploads\/2019\/02\/pesJK.jpg",415,415,false],"ultp_layout_portrait":["https:\/\/www.megastitch.eu\/wp-content\/uploads\/2019\/02\/pesJK.jpg",415,415,false],"ultp_layout_square":["https:\/\/www.megastitch.eu\/wp-content\/uploads\/2019\/02\/pesJK.jpg",415,415,false],"molla_post-grid":["https:\/\/www.megastitch.eu\/wp-content\/uploads\/2019\/02\/pesJK.jpg",267,267,false],"woocommerce_thumbnail":["https:\/\/www.megastitch.eu\/wp-content\/uploads\/2019\/02\/pesJK-300x300.jpg",300,300,true],"woocommerce_single":["https:\/\/www.megastitch.eu\/wp-content\/uploads\/2019\/02\/pesJK.jpg",415,415,false],"woocommerce_gallery_thumbnail":["https:\/\/www.megastitch.eu\/wp-content\/uploads\/2019\/02\/pesJK-100x100.jpg",100,100,true]},"post_excerpt_stackable_v2":"<p>Milovn\u00edci psov si pr\u00eddu pri tejto magnetke na vy\u0161\u00edvanie na svoje. Whippet na tomto magnete p\u00f4sob\u00ed naozaj milo a priate\u013esky. Pevn\u00fd neodymov\u00fd magnet spln\u00ed svoju \u00falohu dokonale a vy u\u017e nebudete ma\u0165 staros\u0165 o svoje ihly a no\u017eni\u010dky. M\u00f4\u017eete sa plne s\u00fastredi\u0165 na svoju pr\u00e1cu a te\u0161i\u0165 sa na jej v\u00fdsledok.<\/p>\n","category_list_v2":"","author_info_v2":{"name":"","url":""},"comments_num_v2":"0 comments","uagb_featured_image_src":{"full":["https:\/\/www.megastitch.eu\/wp-content\/uploads\/2019\/02\/pesJK.jpg",415,415,false],"thumbnail":["https:\/\/www.megastitch.eu\/wp-content\/uploads\/2019\/02\/pesJK-150x150.jpg",150,150,true],"medium":["https:\/\/www.megastitch.eu\/wp-content\/uploads\/2019\/02\/pesJK-300x300.jpg",300,300,true],"medium_large":["https:\/\/www.megastitch.eu\/wp-content\/uploads\/2019\/02\/pesJK.jpg",415,415,false],"large":["https:\/\/www.megastitch.eu\/wp-content\/uploads\/2019\/02\/pesJK.jpg",415,415,false],"1536x1536":["https:\/\/www.megastitch.eu\/wp-content\/uploads\/2019\/02\/pesJK.jpg",415,415,false],"2048x2048":["https:\/\/www.megastitch.eu\/wp-content\/uploads\/2019\/02\/pesJK.jpg",415,415,false],"ultp_layout_landscape_large":["https:\/\/www.megastitch.eu\/wp-content\/uploads\/2019\/02\/pesJK.jpg",415,415,false],"ultp_layout_landscape":["https:\/\/www.megastitch.eu\/wp-content\/uploads\/2019\/02\/pesJK.jpg",415,415,false],"ultp_layout_portrait":["https:\/\/www.megastitch.eu\/wp-content\/uploads\/2019\/02\/pesJK.jpg",415,415,false],"ultp_layout_square":["https:\/\/www.megastitch.eu\/wp-content\/uploads\/2019\/02\/pesJK.jpg",415,415,false],"molla_post-grid":["https:\/\/www.megastitch.eu\/wp-content\/uploads\/2019\/02\/pesJK.jpg",267,267,false],"woocommerce_thumbnail":["https:\/\/www.megastitch.eu\/wp-content\/uploads\/2019\/02\/pesJK-300x300.jpg",300,300,true],"woocommerce_single":["https:\/\/www.megastitch.eu\/wp-content\/uploads\/2019\/02\/pesJK.jpg",415,415,false],"woocommerce_gallery_thumbnail":["https:\/\/www.megastitch.eu\/wp-content\/uploads\/2019\/02\/pesJK-100x100.jpg",100,100,true]},"uagb_author_info":{"display_name":"Ludmila Mikusikova","author_link":"https:\/\/www.megastitch.eu\/cs\/author\/"},"uagb_comment_info":0,"uagb_excerpt":"Milovn\u00edci psov si pr\u00eddu pri tejto magnetke na vy\u0161\u00edvanie na svoje. Whippet na tomto magnete p\u00f4sob\u00ed naozaj milo a priate\u013esky. Pevn\u00fd neodymov\u00fd magnet spln\u00ed svoju \u00falohu dokonale a vy u\u017e nebudete ma\u0165 staros\u0165 o svoje ihly a no\u017eni\u010dky. M\u00f4\u017eete sa plne s\u00fastredi\u0165 na svoju pr\u00e1cu a te\u0161i\u0165 sa na jej v\u00fdsledok.","_links":{"self":[{"href":"https:\/\/www.megastitch.eu\/cs\/wp-json\/wp\/v2\/product\/1573"}],"collection":[{"href":"https:\/\/www.megastitch.eu\/cs\/wp-json\/wp\/v2\/product"}],"about":[{"href":"https:\/\/www.megastitch.eu\/cs\/wp-json\/wp\/v2\/types\/product"}],"replies":[{"embeddable":true,"href":"https:\/\/www.megastitch.eu\/cs\/wp-json\/wp\/v2\/comments?post=1573"}],"wp:featuredmedia":[{"embeddable":true,"href":"https:\/\/www.megastitch.eu\/cs\/wp-json\/wp\/v2\/media\/611"}],"wp:attachment":[{"href":"https:\/\/www.megastitch.eu\/cs\/wp-json\/wp\/v2\/media?parent=1573"}],"wp:term":[{"taxonomy":"product_cat","embeddable":true,"href":"https:\/\/www.megastitch.eu\/cs\/wp-json\/wp\/v2\/product_cat?post=1573"},{"taxonomy":"product_tag","embeddable":true,"href":"https:\/\/www.megastitch.eu\/cs\/wp-json\/wp\/v2\/product_tag?post=1573"}],"curies":[{"name":"wp","href":"https:\/\/api.w.org\/{rel}","templated":true}]}}