	{"id":1574,"date":"2019-02-01T19:42:28","date_gmt":"2019-02-01T18:42:28","guid":{"rendered":"https:\/\/www.megastitch.eu\/obchod\/nezarazene\/sovicka-na-vetvi\/"},"modified":"2022-12-18T15:08:06","modified_gmt":"2022-12-18T14:08:06","slug":"sovicka-na-vetvi","status":"publish","type":"product","link":"https:\/\/www.megastitch.eu\/cs\/obchod\/magnetky-cs\/zvirata\/ptaci\/sovicka-na-vetvi\/","title":{"rendered":"Sovi\u010dka na v\u011btvi"},"content":{"rendered":"<div class=\"nolwrap\"><p>T\u00e1to drobn\u00e1 sovi\u010dka na zasne\u017eenom kon\u00e1ri vyzer\u00e1, \u017ee potrebuje starostlivos\u0165. Vezmite si ju domov a bude te\u0161i\u0165 v\u00e1\u0161 poh\u013ead v\u017edy, ke\u010f sa na \u0148u pozriete. Pevn\u00fd neodymov\u00fd magnet v tejto magnetickej ihelni\u010dke bude dr\u017ea\u0165 va\u0161e ihly, ale aj no\u017eni\u010dky neomylne na svojom mieste.<\/p>\n<\/div>","protected":false},"excerpt":{"rendered":"<p>T\u00e1to drobn\u00e1 sovi\u010dka na zasne\u017eenom kon\u00e1ri vyzer\u00e1, \u017ee potrebuje starostlivos\u0165. Vezmite si ju domov a bude te\u0161i\u0165 v\u00e1\u0161 poh\u013ead v\u017edy, ke\u010f sa na \u0148u pozriete. Pevn\u00fd neodymov\u00fd magnet v tejto magnetickej ihelni\u010dke bude dr\u017ea\u0165 va\u0161e ihly, ale aj no\u017eni\u010dky neomylne na svojom mieste.<\/p>\n","protected":false},"featured_media":361,"comment_status":"closed","ping_status":"closed","template":"","meta":{"_uag_custom_page_level_css":"","ngg_post_thumbnail":0},"product_cat":[91,87,104,96],"product_tag":[80],"aioseo_notices":[],"featured_image_urls":{"full":["https:\/\/www.megastitch.eu\/wp-content\/uploads\/2019\/02\/s11.png",712,712,false],"thumbnail":["https:\/\/www.megastitch.eu\/wp-content\/uploads\/2019\/02\/s11-150x150.png",150,150,true],"medium":["https:\/\/www.megastitch.eu\/wp-content\/uploads\/2019\/02\/s11-300x300.png",300,300,true],"medium_large":["https:\/\/www.megastitch.eu\/wp-content\/uploads\/2019\/02\/s11.png",712,712,false],"large":["https:\/\/www.megastitch.eu\/wp-content\/uploads\/2019\/02\/s11.png",712,712,false],"1536x1536":["https:\/\/www.megastitch.eu\/wp-content\/uploads\/2019\/02\/s11.png",712,712,false],"2048x2048":["https:\/\/www.megastitch.eu\/wp-content\/uploads\/2019\/02\/s11.png",712,712,false],"ultp_layout_landscape_large":["https:\/\/www.megastitch.eu\/wp-content\/uploads\/2019\/02\/s11.png",712,712,false],"ultp_layout_landscape":["https:\/\/www.megastitch.eu\/wp-content\/uploads\/2019\/02\/s11.png",570,570,false],"ultp_layout_portrait":["https:\/\/www.megastitch.eu\/wp-content\/uploads\/2019\/02\/s11.png",600,600,false],"ultp_layout_square":["https:\/\/www.megastitch.eu\/wp-content\/uploads\/2019\/02\/s11.png",600,600,false],"molla_post-grid":["https:\/\/www.megastitch.eu\/wp-content\/uploads\/2019\/02\/s11.png",267,267,false],"woocommerce_thumbnail":["https:\/\/www.megastitch.eu\/wp-content\/uploads\/2019\/02\/s11-300x300.png",300,300,true],"woocommerce_single":["https:\/\/www.megastitch.eu\/wp-content\/uploads\/2019\/02\/s11-600x600.png",600,600,true],"woocommerce_gallery_thumbnail":["https:\/\/www.megastitch.eu\/wp-content\/uploads\/2019\/02\/s11-100x100.png",100,100,true]},"post_excerpt_stackable":"<p>T\u00e1to drobn\u00e1 sovi\u010dka na zasne\u017eenom kon\u00e1ri vyzer\u00e1, \u017ee potrebuje starostlivos\u0165. Vezmite si ju domov a bude te\u0161i\u0165 v\u00e1\u0161 poh\u013ead v\u017edy, ke\u010f sa na \u0148u pozriete. Pevn\u00fd neodymov\u00fd magnet v tejto magnetickej ihelni\u010dke bude dr\u017ea\u0165 va\u0161e ihly, ale aj no\u017eni\u010dky neomylne na svojom mieste.<\/p>\n","category_list":"","author_info":{"name":"","url":""},"comments_num":"0 comments","featured_image_urls_v2":{"full":["https:\/\/www.megastitch.eu\/wp-content\/uploads\/2019\/02\/s11.png",712,712,false],"thumbnail":["https:\/\/www.megastitch.eu\/wp-content\/uploads\/2019\/02\/s11-150x150.png",150,150,true],"medium":["https:\/\/www.megastitch.eu\/wp-content\/uploads\/2019\/02\/s11-300x300.png",300,300,true],"medium_large":["https:\/\/www.megastitch.eu\/wp-content\/uploads\/2019\/02\/s11.png",712,712,false],"large":["https:\/\/www.megastitch.eu\/wp-content\/uploads\/2019\/02\/s11.png",712,712,false],"1536x1536":["https:\/\/www.megastitch.eu\/wp-content\/uploads\/2019\/02\/s11.png",712,712,false],"2048x2048":["https:\/\/www.megastitch.eu\/wp-content\/uploads\/2019\/02\/s11.png",712,712,false],"ultp_layout_landscape_large":["https:\/\/www.megastitch.eu\/wp-content\/uploads\/2019\/02\/s11.png",712,712,false],"ultp_layout_landscape":["https:\/\/www.megastitch.eu\/wp-content\/uploads\/2019\/02\/s11.png",570,570,false],"ultp_layout_portrait":["https:\/\/www.megastitch.eu\/wp-content\/uploads\/2019\/02\/s11.png",600,600,false],"ultp_layout_square":["https:\/\/www.megastitch.eu\/wp-content\/uploads\/2019\/02\/s11.png",600,600,false],"molla_post-grid":["https:\/\/www.megastitch.eu\/wp-content\/uploads\/2019\/02\/s11.png",267,267,false],"woocommerce_thumbnail":["https:\/\/www.megastitch.eu\/wp-content\/uploads\/2019\/02\/s11-300x300.png",300,300,true],"woocommerce_single":["https:\/\/www.megastitch.eu\/wp-content\/uploads\/2019\/02\/s11-600x600.png",600,600,true],"woocommerce_gallery_thumbnail":["https:\/\/www.megastitch.eu\/wp-content\/uploads\/2019\/02\/s11-100x100.png",100,100,true]},"post_excerpt_stackable_v2":"<p>T\u00e1to drobn\u00e1 sovi\u010dka na zasne\u017eenom kon\u00e1ri vyzer\u00e1, \u017ee potrebuje starostlivos\u0165. Vezmite si ju domov a bude te\u0161i\u0165 v\u00e1\u0161 poh\u013ead v\u017edy, ke\u010f sa na \u0148u pozriete. Pevn\u00fd neodymov\u00fd magnet v tejto magnetickej ihelni\u010dke bude dr\u017ea\u0165 va\u0161e ihly, ale aj no\u017eni\u010dky neomylne na svojom mieste.<\/p>\n","category_list_v2":"","author_info_v2":{"name":"","url":""},"comments_num_v2":"0 comments","uagb_featured_image_src":{"full":["https:\/\/www.megastitch.eu\/wp-content\/uploads\/2019\/02\/s11.png",712,712,false],"thumbnail":["https:\/\/www.megastitch.eu\/wp-content\/uploads\/2019\/02\/s11-150x150.png",150,150,true],"medium":["https:\/\/www.megastitch.eu\/wp-content\/uploads\/2019\/02\/s11-300x300.png",300,300,true],"medium_large":["https:\/\/www.megastitch.eu\/wp-content\/uploads\/2019\/02\/s11.png",712,712,false],"large":["https:\/\/www.megastitch.eu\/wp-content\/uploads\/2019\/02\/s11.png",712,712,false],"1536x1536":["https:\/\/www.megastitch.eu\/wp-content\/uploads\/2019\/02\/s11.png",712,712,false],"2048x2048":["https:\/\/www.megastitch.eu\/wp-content\/uploads\/2019\/02\/s11.png",712,712,false],"ultp_layout_landscape_large":["https:\/\/www.megastitch.eu\/wp-content\/uploads\/2019\/02\/s11.png",712,712,false],"ultp_layout_landscape":["https:\/\/www.megastitch.eu\/wp-content\/uploads\/2019\/02\/s11.png",570,570,false],"ultp_layout_portrait":["https:\/\/www.megastitch.eu\/wp-content\/uploads\/2019\/02\/s11.png",600,600,false],"ultp_layout_square":["https:\/\/www.megastitch.eu\/wp-content\/uploads\/2019\/02\/s11.png",600,600,false],"molla_post-grid":["https:\/\/www.megastitch.eu\/wp-content\/uploads\/2019\/02\/s11.png",267,267,false],"woocommerce_thumbnail":["https:\/\/www.megastitch.eu\/wp-content\/uploads\/2019\/02\/s11-300x300.png",300,300,true],"woocommerce_single":["https:\/\/www.megastitch.eu\/wp-content\/uploads\/2019\/02\/s11-600x600.png",600,600,true],"woocommerce_gallery_thumbnail":["https:\/\/www.megastitch.eu\/wp-content\/uploads\/2019\/02\/s11-100x100.png",100,100,true]},"uagb_author_info":{"display_name":"Ludmila Mikusikova","author_link":"https:\/\/www.megastitch.eu\/cs\/author\/"},"uagb_comment_info":0,"uagb_excerpt":"T\u00e1to drobn\u00e1 sovi\u010dka na zasne\u017eenom kon\u00e1ri vyzer\u00e1, \u017ee potrebuje starostlivos\u0165. Vezmite si ju domov a bude te\u0161i\u0165 v\u00e1\u0161 poh\u013ead v\u017edy, ke\u010f sa na \u0148u pozriete. Pevn\u00fd neodymov\u00fd magnet v tejto magnetickej ihelni\u010dke bude dr\u017ea\u0165 va\u0161e ihly, ale aj no\u017eni\u010dky neomylne na svojom mieste.","_links":{"self":[{"href":"https:\/\/www.megastitch.eu\/cs\/wp-json\/wp\/v2\/product\/1574"}],"collection":[{"href":"https:\/\/www.megastitch.eu\/cs\/wp-json\/wp\/v2\/product"}],"about":[{"href":"https:\/\/www.megastitch.eu\/cs\/wp-json\/wp\/v2\/types\/product"}],"replies":[{"embeddable":true,"href":"https:\/\/www.megastitch.eu\/cs\/wp-json\/wp\/v2\/comments?post=1574"}],"wp:featuredmedia":[{"embeddable":true,"href":"https:\/\/www.megastitch.eu\/cs\/wp-json\/wp\/v2\/media\/361"}],"wp:attachment":[{"href":"https:\/\/www.megastitch.eu\/cs\/wp-json\/wp\/v2\/media?parent=1574"}],"wp:term":[{"taxonomy":"product_cat","embeddable":true,"href":"https:\/\/www.megastitch.eu\/cs\/wp-json\/wp\/v2\/product_cat?post=1574"},{"taxonomy":"product_tag","embeddable":true,"href":"https:\/\/www.megastitch.eu\/cs\/wp-json\/wp\/v2\/product_tag?post=1574"}],"curies":[{"name":"wp","href":"https:\/\/api.w.org\/{rel}","templated":true}]}}