	{"id":1578,"date":"2019-02-01T19:42:28","date_gmt":"2019-02-01T18:42:28","guid":{"rendered":"https:\/\/www.megastitch.eu\/obchod\/nezarazene\/sova-v-zime\/"},"modified":"2022-12-18T15:08:06","modified_gmt":"2022-12-18T14:08:06","slug":"sova-v-zime","status":"publish","type":"product","link":"https:\/\/www.megastitch.eu\/cs\/obchod\/magnetky-cs\/zvirata\/ptaci\/sova-v-zime\/","title":{"rendered":"Sova v zim\u011b"},"content":{"rendered":"<div class=\"nolwrap\"><p>Sova na obr\u00e1zku tejto magnetickej ihelni\u010dky zrejme drieme, no napriek jej v\u00fdrazu p\u00f4sob\u00ed obr\u00e1zok ve\u013emi autenticky a doslova v\u00e1s prenesie do zimnej krajiny, kde budete obkolosen\u00ed len stromami a lesnou zverou. Pevn\u00fd magnet udr\u017e\u00ed va\u0161e ihly na mieste a kr\u00e1sny obr\u00e1zok pote\u0161\u00ed v\u00e1\u0161 poh\u013ead.<\/p>\n<\/div>","protected":false},"excerpt":{"rendered":"<p>Sova na obr\u00e1zku tejto magnetickej ihelni\u010dky zrejme drieme, no napriek jej v\u00fdrazu p\u00f4sob\u00ed obr\u00e1zok ve\u013emi autenticky a doslova v\u00e1s prenesie do zimnej krajiny, kde budete obkolosen\u00ed len stromami a lesnou zverou. Pevn\u00fd magnet udr\u017e\u00ed va\u0161e ihly na mieste a kr\u00e1sny obr\u00e1zok pote\u0161\u00ed v\u00e1\u0161 poh\u013ead.<\/p>\n","protected":false},"featured_media":353,"comment_status":"closed","ping_status":"closed","template":"","meta":{"_uag_custom_page_level_css":"","ngg_post_thumbnail":0},"product_cat":[91,87,104,96],"product_tag":[80],"aioseo_notices":[],"featured_image_urls":{"full":["https:\/\/www.megastitch.eu\/wp-content\/uploads\/2019\/02\/s7.png",712,712,false],"thumbnail":["https:\/\/www.megastitch.eu\/wp-content\/uploads\/2019\/02\/s7-150x150.png",150,150,true],"medium":["https:\/\/www.megastitch.eu\/wp-content\/uploads\/2019\/02\/s7-300x300.png",300,300,true],"medium_large":["https:\/\/www.megastitch.eu\/wp-content\/uploads\/2019\/02\/s7.png",712,712,false],"large":["https:\/\/www.megastitch.eu\/wp-content\/uploads\/2019\/02\/s7.png",712,712,false],"1536x1536":["https:\/\/www.megastitch.eu\/wp-content\/uploads\/2019\/02\/s7.png",712,712,false],"2048x2048":["https:\/\/www.megastitch.eu\/wp-content\/uploads\/2019\/02\/s7.png",712,712,false],"ultp_layout_landscape_large":["https:\/\/www.megastitch.eu\/wp-content\/uploads\/2019\/02\/s7.png",712,712,false],"ultp_layout_landscape":["https:\/\/www.megastitch.eu\/wp-content\/uploads\/2019\/02\/s7.png",570,570,false],"ultp_layout_portrait":["https:\/\/www.megastitch.eu\/wp-content\/uploads\/2019\/02\/s7.png",600,600,false],"ultp_layout_square":["https:\/\/www.megastitch.eu\/wp-content\/uploads\/2019\/02\/s7.png",600,600,false],"molla_post-grid":["https:\/\/www.megastitch.eu\/wp-content\/uploads\/2019\/02\/s7.png",267,267,false],"woocommerce_thumbnail":["https:\/\/www.megastitch.eu\/wp-content\/uploads\/2019\/02\/s7-300x300.png",300,300,true],"woocommerce_single":["https:\/\/www.megastitch.eu\/wp-content\/uploads\/2019\/02\/s7-600x600.png",600,600,true],"woocommerce_gallery_thumbnail":["https:\/\/www.megastitch.eu\/wp-content\/uploads\/2019\/02\/s7-100x100.png",100,100,true]},"post_excerpt_stackable":"<p>Sova na obr\u00e1zku tejto magnetickej ihelni\u010dky zrejme drieme, no napriek jej v\u00fdrazu p\u00f4sob\u00ed obr\u00e1zok ve\u013emi autenticky a doslova v\u00e1s prenesie do zimnej krajiny, kde budete obkolosen\u00ed len stromami a lesnou zverou. Pevn\u00fd magnet udr\u017e\u00ed va\u0161e ihly na mieste a kr\u00e1sny obr\u00e1zok pote\u0161\u00ed v\u00e1\u0161 poh\u013ead.<\/p>\n","category_list":"","author_info":{"name":"","url":""},"comments_num":"0 comments","featured_image_urls_v2":{"full":["https:\/\/www.megastitch.eu\/wp-content\/uploads\/2019\/02\/s7.png",712,712,false],"thumbnail":["https:\/\/www.megastitch.eu\/wp-content\/uploads\/2019\/02\/s7-150x150.png",150,150,true],"medium":["https:\/\/www.megastitch.eu\/wp-content\/uploads\/2019\/02\/s7-300x300.png",300,300,true],"medium_large":["https:\/\/www.megastitch.eu\/wp-content\/uploads\/2019\/02\/s7.png",712,712,false],"large":["https:\/\/www.megastitch.eu\/wp-content\/uploads\/2019\/02\/s7.png",712,712,false],"1536x1536":["https:\/\/www.megastitch.eu\/wp-content\/uploads\/2019\/02\/s7.png",712,712,false],"2048x2048":["https:\/\/www.megastitch.eu\/wp-content\/uploads\/2019\/02\/s7.png",712,712,false],"ultp_layout_landscape_large":["https:\/\/www.megastitch.eu\/wp-content\/uploads\/2019\/02\/s7.png",712,712,false],"ultp_layout_landscape":["https:\/\/www.megastitch.eu\/wp-content\/uploads\/2019\/02\/s7.png",570,570,false],"ultp_layout_portrait":["https:\/\/www.megastitch.eu\/wp-content\/uploads\/2019\/02\/s7.png",600,600,false],"ultp_layout_square":["https:\/\/www.megastitch.eu\/wp-content\/uploads\/2019\/02\/s7.png",600,600,false],"molla_post-grid":["https:\/\/www.megastitch.eu\/wp-content\/uploads\/2019\/02\/s7.png",267,267,false],"woocommerce_thumbnail":["https:\/\/www.megastitch.eu\/wp-content\/uploads\/2019\/02\/s7-300x300.png",300,300,true],"woocommerce_single":["https:\/\/www.megastitch.eu\/wp-content\/uploads\/2019\/02\/s7-600x600.png",600,600,true],"woocommerce_gallery_thumbnail":["https:\/\/www.megastitch.eu\/wp-content\/uploads\/2019\/02\/s7-100x100.png",100,100,true]},"post_excerpt_stackable_v2":"<p>Sova na obr\u00e1zku tejto magnetickej ihelni\u010dky zrejme drieme, no napriek jej v\u00fdrazu p\u00f4sob\u00ed obr\u00e1zok ve\u013emi autenticky a doslova v\u00e1s prenesie do zimnej krajiny, kde budete obkolosen\u00ed len stromami a lesnou zverou. Pevn\u00fd magnet udr\u017e\u00ed va\u0161e ihly na mieste a kr\u00e1sny obr\u00e1zok pote\u0161\u00ed v\u00e1\u0161 poh\u013ead.<\/p>\n","category_list_v2":"","author_info_v2":{"name":"","url":""},"comments_num_v2":"0 comments","uagb_featured_image_src":{"full":["https:\/\/www.megastitch.eu\/wp-content\/uploads\/2019\/02\/s7.png",712,712,false],"thumbnail":["https:\/\/www.megastitch.eu\/wp-content\/uploads\/2019\/02\/s7-150x150.png",150,150,true],"medium":["https:\/\/www.megastitch.eu\/wp-content\/uploads\/2019\/02\/s7-300x300.png",300,300,true],"medium_large":["https:\/\/www.megastitch.eu\/wp-content\/uploads\/2019\/02\/s7.png",712,712,false],"large":["https:\/\/www.megastitch.eu\/wp-content\/uploads\/2019\/02\/s7.png",712,712,false],"1536x1536":["https:\/\/www.megastitch.eu\/wp-content\/uploads\/2019\/02\/s7.png",712,712,false],"2048x2048":["https:\/\/www.megastitch.eu\/wp-content\/uploads\/2019\/02\/s7.png",712,712,false],"ultp_layout_landscape_large":["https:\/\/www.megastitch.eu\/wp-content\/uploads\/2019\/02\/s7.png",712,712,false],"ultp_layout_landscape":["https:\/\/www.megastitch.eu\/wp-content\/uploads\/2019\/02\/s7.png",570,570,false],"ultp_layout_portrait":["https:\/\/www.megastitch.eu\/wp-content\/uploads\/2019\/02\/s7.png",600,600,false],"ultp_layout_square":["https:\/\/www.megastitch.eu\/wp-content\/uploads\/2019\/02\/s7.png",600,600,false],"molla_post-grid":["https:\/\/www.megastitch.eu\/wp-content\/uploads\/2019\/02\/s7.png",267,267,false],"woocommerce_thumbnail":["https:\/\/www.megastitch.eu\/wp-content\/uploads\/2019\/02\/s7-300x300.png",300,300,true],"woocommerce_single":["https:\/\/www.megastitch.eu\/wp-content\/uploads\/2019\/02\/s7-600x600.png",600,600,true],"woocommerce_gallery_thumbnail":["https:\/\/www.megastitch.eu\/wp-content\/uploads\/2019\/02\/s7-100x100.png",100,100,true]},"uagb_author_info":{"display_name":"Ludmila Mikusikova","author_link":"https:\/\/www.megastitch.eu\/cs\/author\/"},"uagb_comment_info":0,"uagb_excerpt":"Sova na obr\u00e1zku tejto magnetickej ihelni\u010dky zrejme drieme, no napriek jej v\u00fdrazu p\u00f4sob\u00ed obr\u00e1zok ve\u013emi autenticky a doslova v\u00e1s prenesie do zimnej krajiny, kde budete obkolosen\u00ed len stromami a lesnou zverou. Pevn\u00fd magnet udr\u017e\u00ed va\u0161e ihly na mieste a kr\u00e1sny obr\u00e1zok pote\u0161\u00ed v\u00e1\u0161 poh\u013ead.","_links":{"self":[{"href":"https:\/\/www.megastitch.eu\/cs\/wp-json\/wp\/v2\/product\/1578"}],"collection":[{"href":"https:\/\/www.megastitch.eu\/cs\/wp-json\/wp\/v2\/product"}],"about":[{"href":"https:\/\/www.megastitch.eu\/cs\/wp-json\/wp\/v2\/types\/product"}],"replies":[{"embeddable":true,"href":"https:\/\/www.megastitch.eu\/cs\/wp-json\/wp\/v2\/comments?post=1578"}],"wp:featuredmedia":[{"embeddable":true,"href":"https:\/\/www.megastitch.eu\/cs\/wp-json\/wp\/v2\/media\/353"}],"wp:attachment":[{"href":"https:\/\/www.megastitch.eu\/cs\/wp-json\/wp\/v2\/media?parent=1578"}],"wp:term":[{"taxonomy":"product_cat","embeddable":true,"href":"https:\/\/www.megastitch.eu\/cs\/wp-json\/wp\/v2\/product_cat?post=1578"},{"taxonomy":"product_tag","embeddable":true,"href":"https:\/\/www.megastitch.eu\/cs\/wp-json\/wp\/v2\/product_tag?post=1578"}],"curies":[{"name":"wp","href":"https:\/\/api.w.org\/{rel}","templated":true}]}}