	{"id":1584,"date":"2019-02-01T19:42:28","date_gmt":"2019-02-01T18:42:28","guid":{"rendered":"https:\/\/www.megastitch.eu\/obchod\/nezarazene\/cernobila-sova-s-hnedyma-ocima\/"},"modified":"2019-11-17T18:25:03","modified_gmt":"2019-11-17T17:25:03","slug":"cernobila-sova-s-hnedyma-ocima","status":"publish","type":"product","link":"https:\/\/www.megastitch.eu\/cs\/obchod\/magnetky-cs\/zvirata\/ptaci\/cernobila-sova-s-hnedyma-ocima\/","title":{"rendered":"\u010cernob\u00edl\u00e1 sova s hn\u011bd\u00fdma o\u010dima"},"content":{"rendered":"<div class=\"nolwrap\"><p>Dizajn tejto magnetickej ihelni\u010dky s obr\u00e1zkom hlavy sovy nenech\u00e1 nikoho chladn\u00fdm. Jej tlmen\u00e9 farby a v\u00fdrazn\u00e9 o\u010di v\u00e1s isto o\u010daria. Pevn\u00fd neodymov\u00fd magnet bude va\u0161im praktick\u00fdm pomocn\u00edkom pri vy\u0161\u00edvan\u00ed, preto\u017ee udr\u017e\u00ed va\u0161e ihly, ale aj no\u017enice pevne na svojom mieste.<\/p>\n<\/div>","protected":false},"excerpt":{"rendered":"<p>Dizajn tejto magnetickej ihelni\u010dky s obr\u00e1zkom hlavy sovy nenech\u00e1 nikoho chladn\u00fdm. Jej tlmen\u00e9 farby a v\u00fdrazn\u00e9 o\u010di v\u00e1s isto o\u010daria. Pevn\u00fd neodymov\u00fd magnet bude va\u0161im praktick\u00fdm pomocn\u00edkom pri vy\u0161\u00edvan\u00ed, preto\u017ee udr\u017e\u00ed va\u0161e ihly, ale aj no\u017enice pevne na svojom mieste.<\/p>\n","protected":false},"featured_media":341,"comment_status":"closed","ping_status":"closed","template":"","meta":{"_uag_custom_page_level_css":"","ngg_post_thumbnail":0},"product_cat":[91,87,104,96],"product_tag":[80],"aioseo_notices":[],"featured_image_urls":{"full":["https:\/\/www.megastitch.eu\/wp-content\/uploads\/2019\/02\/s1.png",711,711,false],"thumbnail":["https:\/\/www.megastitch.eu\/wp-content\/uploads\/2019\/02\/s1-150x150.png",150,150,true],"medium":["https:\/\/www.megastitch.eu\/wp-content\/uploads\/2019\/02\/s1-300x300.png",300,300,true],"medium_large":["https:\/\/www.megastitch.eu\/wp-content\/uploads\/2019\/02\/s1.png",711,711,false],"large":["https:\/\/www.megastitch.eu\/wp-content\/uploads\/2019\/02\/s1.png",711,711,false],"1536x1536":["https:\/\/www.megastitch.eu\/wp-content\/uploads\/2019\/02\/s1.png",711,711,false],"2048x2048":["https:\/\/www.megastitch.eu\/wp-content\/uploads\/2019\/02\/s1.png",711,711,false],"ultp_layout_landscape_large":["https:\/\/www.megastitch.eu\/wp-content\/uploads\/2019\/02\/s1.png",711,711,false],"ultp_layout_landscape":["https:\/\/www.megastitch.eu\/wp-content\/uploads\/2019\/02\/s1.png",570,570,false],"ultp_layout_portrait":["https:\/\/www.megastitch.eu\/wp-content\/uploads\/2019\/02\/s1.png",600,600,false],"ultp_layout_square":["https:\/\/www.megastitch.eu\/wp-content\/uploads\/2019\/02\/s1.png",600,600,false],"molla_post-grid":["https:\/\/www.megastitch.eu\/wp-content\/uploads\/2019\/02\/s1.png",267,267,false],"woocommerce_thumbnail":["https:\/\/www.megastitch.eu\/wp-content\/uploads\/2019\/02\/s1-300x300.png",300,300,true],"woocommerce_single":["https:\/\/www.megastitch.eu\/wp-content\/uploads\/2019\/02\/s1-600x600.png",600,600,true],"woocommerce_gallery_thumbnail":["https:\/\/www.megastitch.eu\/wp-content\/uploads\/2019\/02\/s1-100x100.png",100,100,true]},"post_excerpt_stackable":"<p>Dizajn tejto magnetickej ihelni\u010dky s obr\u00e1zkom hlavy sovy nenech\u00e1 nikoho chladn\u00fdm. Jej tlmen\u00e9 farby a v\u00fdrazn\u00e9 o\u010di v\u00e1s isto o\u010daria. Pevn\u00fd neodymov\u00fd magnet bude va\u0161im praktick\u00fdm pomocn\u00edkom pri vy\u0161\u00edvan\u00ed, preto\u017ee udr\u017e\u00ed va\u0161e ihly, ale aj no\u017enice pevne na svojom mieste.<\/p>\n","category_list":"","author_info":{"name":"","url":""},"comments_num":"0 comments","featured_image_urls_v2":{"full":["https:\/\/www.megastitch.eu\/wp-content\/uploads\/2019\/02\/s1.png",711,711,false],"thumbnail":["https:\/\/www.megastitch.eu\/wp-content\/uploads\/2019\/02\/s1-150x150.png",150,150,true],"medium":["https:\/\/www.megastitch.eu\/wp-content\/uploads\/2019\/02\/s1-300x300.png",300,300,true],"medium_large":["https:\/\/www.megastitch.eu\/wp-content\/uploads\/2019\/02\/s1.png",711,711,false],"large":["https:\/\/www.megastitch.eu\/wp-content\/uploads\/2019\/02\/s1.png",711,711,false],"1536x1536":["https:\/\/www.megastitch.eu\/wp-content\/uploads\/2019\/02\/s1.png",711,711,false],"2048x2048":["https:\/\/www.megastitch.eu\/wp-content\/uploads\/2019\/02\/s1.png",711,711,false],"ultp_layout_landscape_large":["https:\/\/www.megastitch.eu\/wp-content\/uploads\/2019\/02\/s1.png",711,711,false],"ultp_layout_landscape":["https:\/\/www.megastitch.eu\/wp-content\/uploads\/2019\/02\/s1.png",570,570,false],"ultp_layout_portrait":["https:\/\/www.megastitch.eu\/wp-content\/uploads\/2019\/02\/s1.png",600,600,false],"ultp_layout_square":["https:\/\/www.megastitch.eu\/wp-content\/uploads\/2019\/02\/s1.png",600,600,false],"molla_post-grid":["https:\/\/www.megastitch.eu\/wp-content\/uploads\/2019\/02\/s1.png",267,267,false],"woocommerce_thumbnail":["https:\/\/www.megastitch.eu\/wp-content\/uploads\/2019\/02\/s1-300x300.png",300,300,true],"woocommerce_single":["https:\/\/www.megastitch.eu\/wp-content\/uploads\/2019\/02\/s1-600x600.png",600,600,true],"woocommerce_gallery_thumbnail":["https:\/\/www.megastitch.eu\/wp-content\/uploads\/2019\/02\/s1-100x100.png",100,100,true]},"post_excerpt_stackable_v2":"<p>Dizajn tejto magnetickej ihelni\u010dky s obr\u00e1zkom hlavy sovy nenech\u00e1 nikoho chladn\u00fdm. Jej tlmen\u00e9 farby a v\u00fdrazn\u00e9 o\u010di v\u00e1s isto o\u010daria. Pevn\u00fd neodymov\u00fd magnet bude va\u0161im praktick\u00fdm pomocn\u00edkom pri vy\u0161\u00edvan\u00ed, preto\u017ee udr\u017e\u00ed va\u0161e ihly, ale aj no\u017enice pevne na svojom mieste.<\/p>\n","category_list_v2":"","author_info_v2":{"name":"","url":""},"comments_num_v2":"0 comments","uagb_featured_image_src":{"full":["https:\/\/www.megastitch.eu\/wp-content\/uploads\/2019\/02\/s1.png",711,711,false],"thumbnail":["https:\/\/www.megastitch.eu\/wp-content\/uploads\/2019\/02\/s1-150x150.png",150,150,true],"medium":["https:\/\/www.megastitch.eu\/wp-content\/uploads\/2019\/02\/s1-300x300.png",300,300,true],"medium_large":["https:\/\/www.megastitch.eu\/wp-content\/uploads\/2019\/02\/s1.png",711,711,false],"large":["https:\/\/www.megastitch.eu\/wp-content\/uploads\/2019\/02\/s1.png",711,711,false],"1536x1536":["https:\/\/www.megastitch.eu\/wp-content\/uploads\/2019\/02\/s1.png",711,711,false],"2048x2048":["https:\/\/www.megastitch.eu\/wp-content\/uploads\/2019\/02\/s1.png",711,711,false],"ultp_layout_landscape_large":["https:\/\/www.megastitch.eu\/wp-content\/uploads\/2019\/02\/s1.png",711,711,false],"ultp_layout_landscape":["https:\/\/www.megastitch.eu\/wp-content\/uploads\/2019\/02\/s1.png",570,570,false],"ultp_layout_portrait":["https:\/\/www.megastitch.eu\/wp-content\/uploads\/2019\/02\/s1.png",600,600,false],"ultp_layout_square":["https:\/\/www.megastitch.eu\/wp-content\/uploads\/2019\/02\/s1.png",600,600,false],"molla_post-grid":["https:\/\/www.megastitch.eu\/wp-content\/uploads\/2019\/02\/s1.png",267,267,false],"woocommerce_thumbnail":["https:\/\/www.megastitch.eu\/wp-content\/uploads\/2019\/02\/s1-300x300.png",300,300,true],"woocommerce_single":["https:\/\/www.megastitch.eu\/wp-content\/uploads\/2019\/02\/s1-600x600.png",600,600,true],"woocommerce_gallery_thumbnail":["https:\/\/www.megastitch.eu\/wp-content\/uploads\/2019\/02\/s1-100x100.png",100,100,true]},"uagb_author_info":{"display_name":"Ludmila Mikusikova","author_link":"https:\/\/www.megastitch.eu\/cs\/author\/"},"uagb_comment_info":0,"uagb_excerpt":"Dizajn tejto magnetickej ihelni\u010dky s obr\u00e1zkom hlavy sovy nenech\u00e1 nikoho chladn\u00fdm. Jej tlmen\u00e9 farby a v\u00fdrazn\u00e9 o\u010di v\u00e1s isto o\u010daria. Pevn\u00fd neodymov\u00fd magnet bude va\u0161im praktick\u00fdm pomocn\u00edkom pri vy\u0161\u00edvan\u00ed, preto\u017ee udr\u017e\u00ed va\u0161e ihly, ale aj no\u017enice pevne na svojom mieste.","_links":{"self":[{"href":"https:\/\/www.megastitch.eu\/cs\/wp-json\/wp\/v2\/product\/1584"}],"collection":[{"href":"https:\/\/www.megastitch.eu\/cs\/wp-json\/wp\/v2\/product"}],"about":[{"href":"https:\/\/www.megastitch.eu\/cs\/wp-json\/wp\/v2\/types\/product"}],"replies":[{"embeddable":true,"href":"https:\/\/www.megastitch.eu\/cs\/wp-json\/wp\/v2\/comments?post=1584"}],"wp:featuredmedia":[{"embeddable":true,"href":"https:\/\/www.megastitch.eu\/cs\/wp-json\/wp\/v2\/media\/341"}],"wp:attachment":[{"href":"https:\/\/www.megastitch.eu\/cs\/wp-json\/wp\/v2\/media?parent=1584"}],"wp:term":[{"taxonomy":"product_cat","embeddable":true,"href":"https:\/\/www.megastitch.eu\/cs\/wp-json\/wp\/v2\/product_cat?post=1584"},{"taxonomy":"product_tag","embeddable":true,"href":"https:\/\/www.megastitch.eu\/cs\/wp-json\/wp\/v2\/product_tag?post=1584"}],"curies":[{"name":"wp","href":"https:\/\/api.w.org\/{rel}","templated":true}]}}