	{"id":1585,"date":"2019-02-01T19:42:28","date_gmt":"2019-02-01T18:42:28","guid":{"rendered":"https:\/\/www.megastitch.eu\/obchod\/nezarazene\/cervena-panda-a-jeji-ocas\/"},"modified":"2019-11-17T18:27:15","modified_gmt":"2019-11-17T17:27:15","slug":"cervena-panda-a-jeji-ocas","status":"publish","type":"product","link":"https:\/\/www.megastitch.eu\/cs\/obchod\/magnetky-cs\/zvirata\/pandy-cs\/cervena-panda-a-jeji-ocas\/","title":{"rendered":"\u010cerven\u00e1 panda a jej\u00ed ocas"},"content":{"rendered":"<div class=\"nolwrap\"><p>\u010cerven\u00e1 panda a jej hu\u0148at\u00fdch chvost na obr\u00e1zku tejto magnetky na vy\u0161\u00edvanie pote\u0161\u00ed oko ka\u017edej milovn\u00ed\u010dky zvierat. Pevn\u00fd neodymov\u00fd magnet bude va\u0161im praktick\u00fdm pomocn\u00edkom pri vy\u0161\u00edvan\u00ed, preto\u017ee udr\u017e\u00ed va\u0161e ihly, ale aj no\u017enice pevne na svojom mieste a z\u00e1rove\u0148 bude kr\u00e1snou dekor\u00e1ciou pri va\u0161ej pr\u00e1ci.<\/p>\n<\/div>","protected":false},"excerpt":{"rendered":"<p>\u010cerven\u00e1 panda a jej hu\u0148at\u00fdch chvost na obr\u00e1zku tejto magnetky na vy\u0161\u00edvanie pote\u0161\u00ed oko ka\u017edej milovn\u00ed\u010dky zvierat. Pevn\u00fd neodymov\u00fd magnet bude va\u0161im praktick\u00fdm pomocn\u00edkom pri vy\u0161\u00edvan\u00ed, preto\u017ee udr\u017e\u00ed va\u0161e ihly, ale aj no\u017enice pevne na svojom mieste a z\u00e1rove\u0148 bude kr\u00e1snou dekor\u00e1ciou pri va\u0161ej pr\u00e1ci.<\/p>\n","protected":false},"featured_media":339,"comment_status":"closed","ping_status":"closed","template":"","meta":{"_uag_custom_page_level_css":"","ngg_post_thumbnail":0},"product_cat":[91,87,101,96],"product_tag":[],"aioseo_notices":[],"featured_image_urls":{"full":["https:\/\/www.megastitch.eu\/wp-content\/uploads\/2019\/02\/p10.png",712,711,false],"thumbnail":["https:\/\/www.megastitch.eu\/wp-content\/uploads\/2019\/02\/p10-150x150.png",150,150,true],"medium":["https:\/\/www.megastitch.eu\/wp-content\/uploads\/2019\/02\/p10-300x300.png",300,300,true],"medium_large":["https:\/\/www.megastitch.eu\/wp-content\/uploads\/2019\/02\/p10.png",712,711,false],"large":["https:\/\/www.megastitch.eu\/wp-content\/uploads\/2019\/02\/p10.png",712,711,false],"1536x1536":["https:\/\/www.megastitch.eu\/wp-content\/uploads\/2019\/02\/p10.png",712,711,false],"2048x2048":["https:\/\/www.megastitch.eu\/wp-content\/uploads\/2019\/02\/p10.png",712,711,false],"ultp_layout_landscape_large":["https:\/\/www.megastitch.eu\/wp-content\/uploads\/2019\/02\/p10.png",712,711,false],"ultp_layout_landscape":["https:\/\/www.megastitch.eu\/wp-content\/uploads\/2019\/02\/p10.png",571,570,false],"ultp_layout_portrait":["https:\/\/www.megastitch.eu\/wp-content\/uploads\/2019\/02\/p10.png",600,599,false],"ultp_layout_square":["https:\/\/www.megastitch.eu\/wp-content\/uploads\/2019\/02\/p10.png",600,600,false],"molla_post-grid":["https:\/\/www.megastitch.eu\/wp-content\/uploads\/2019\/02\/p10.png",267,267,false],"woocommerce_thumbnail":["https:\/\/www.megastitch.eu\/wp-content\/uploads\/2019\/02\/p10-300x300.png",300,300,true],"woocommerce_single":["https:\/\/www.megastitch.eu\/wp-content\/uploads\/2019\/02\/p10-600x599.png",600,599,true],"woocommerce_gallery_thumbnail":["https:\/\/www.megastitch.eu\/wp-content\/uploads\/2019\/02\/p10-100x100.png",100,100,true]},"post_excerpt_stackable":"<p>\u010cerven\u00e1 panda a jej hu\u0148at\u00fdch chvost na obr\u00e1zku tejto magnetky na vy\u0161\u00edvanie pote\u0161\u00ed oko ka\u017edej milovn\u00ed\u010dky zvierat. Pevn\u00fd neodymov\u00fd magnet bude va\u0161im praktick\u00fdm pomocn\u00edkom pri vy\u0161\u00edvan\u00ed, preto\u017ee udr\u017e\u00ed va\u0161e ihly, ale aj no\u017enice pevne na svojom mieste a z\u00e1rove\u0148 bude kr\u00e1snou dekor\u00e1ciou pri va\u0161ej pr\u00e1ci.<\/p>\n","category_list":"","author_info":{"name":"","url":""},"comments_num":"0 comments","featured_image_urls_v2":{"full":["https:\/\/www.megastitch.eu\/wp-content\/uploads\/2019\/02\/p10.png",712,711,false],"thumbnail":["https:\/\/www.megastitch.eu\/wp-content\/uploads\/2019\/02\/p10-150x150.png",150,150,true],"medium":["https:\/\/www.megastitch.eu\/wp-content\/uploads\/2019\/02\/p10-300x300.png",300,300,true],"medium_large":["https:\/\/www.megastitch.eu\/wp-content\/uploads\/2019\/02\/p10.png",712,711,false],"large":["https:\/\/www.megastitch.eu\/wp-content\/uploads\/2019\/02\/p10.png",712,711,false],"1536x1536":["https:\/\/www.megastitch.eu\/wp-content\/uploads\/2019\/02\/p10.png",712,711,false],"2048x2048":["https:\/\/www.megastitch.eu\/wp-content\/uploads\/2019\/02\/p10.png",712,711,false],"ultp_layout_landscape_large":["https:\/\/www.megastitch.eu\/wp-content\/uploads\/2019\/02\/p10.png",712,711,false],"ultp_layout_landscape":["https:\/\/www.megastitch.eu\/wp-content\/uploads\/2019\/02\/p10.png",571,570,false],"ultp_layout_portrait":["https:\/\/www.megastitch.eu\/wp-content\/uploads\/2019\/02\/p10.png",600,599,false],"ultp_layout_square":["https:\/\/www.megastitch.eu\/wp-content\/uploads\/2019\/02\/p10.png",600,600,false],"molla_post-grid":["https:\/\/www.megastitch.eu\/wp-content\/uploads\/2019\/02\/p10.png",267,267,false],"woocommerce_thumbnail":["https:\/\/www.megastitch.eu\/wp-content\/uploads\/2019\/02\/p10-300x300.png",300,300,true],"woocommerce_single":["https:\/\/www.megastitch.eu\/wp-content\/uploads\/2019\/02\/p10-600x599.png",600,599,true],"woocommerce_gallery_thumbnail":["https:\/\/www.megastitch.eu\/wp-content\/uploads\/2019\/02\/p10-100x100.png",100,100,true]},"post_excerpt_stackable_v2":"<p>\u010cerven\u00e1 panda a jej hu\u0148at\u00fdch chvost na obr\u00e1zku tejto magnetky na vy\u0161\u00edvanie pote\u0161\u00ed oko ka\u017edej milovn\u00ed\u010dky zvierat. Pevn\u00fd neodymov\u00fd magnet bude va\u0161im praktick\u00fdm pomocn\u00edkom pri vy\u0161\u00edvan\u00ed, preto\u017ee udr\u017e\u00ed va\u0161e ihly, ale aj no\u017enice pevne na svojom mieste a z\u00e1rove\u0148 bude kr\u00e1snou dekor\u00e1ciou pri va\u0161ej pr\u00e1ci.<\/p>\n","category_list_v2":"","author_info_v2":{"name":"","url":""},"comments_num_v2":"0 comments","uagb_featured_image_src":{"full":["https:\/\/www.megastitch.eu\/wp-content\/uploads\/2019\/02\/p10.png",712,711,false],"thumbnail":["https:\/\/www.megastitch.eu\/wp-content\/uploads\/2019\/02\/p10-150x150.png",150,150,true],"medium":["https:\/\/www.megastitch.eu\/wp-content\/uploads\/2019\/02\/p10-300x300.png",300,300,true],"medium_large":["https:\/\/www.megastitch.eu\/wp-content\/uploads\/2019\/02\/p10.png",712,711,false],"large":["https:\/\/www.megastitch.eu\/wp-content\/uploads\/2019\/02\/p10.png",712,711,false],"1536x1536":["https:\/\/www.megastitch.eu\/wp-content\/uploads\/2019\/02\/p10.png",712,711,false],"2048x2048":["https:\/\/www.megastitch.eu\/wp-content\/uploads\/2019\/02\/p10.png",712,711,false],"ultp_layout_landscape_large":["https:\/\/www.megastitch.eu\/wp-content\/uploads\/2019\/02\/p10.png",712,711,false],"ultp_layout_landscape":["https:\/\/www.megastitch.eu\/wp-content\/uploads\/2019\/02\/p10.png",571,570,false],"ultp_layout_portrait":["https:\/\/www.megastitch.eu\/wp-content\/uploads\/2019\/02\/p10.png",600,599,false],"ultp_layout_square":["https:\/\/www.megastitch.eu\/wp-content\/uploads\/2019\/02\/p10.png",600,600,false],"molla_post-grid":["https:\/\/www.megastitch.eu\/wp-content\/uploads\/2019\/02\/p10.png",267,267,false],"woocommerce_thumbnail":["https:\/\/www.megastitch.eu\/wp-content\/uploads\/2019\/02\/p10-300x300.png",300,300,true],"woocommerce_single":["https:\/\/www.megastitch.eu\/wp-content\/uploads\/2019\/02\/p10-600x599.png",600,599,true],"woocommerce_gallery_thumbnail":["https:\/\/www.megastitch.eu\/wp-content\/uploads\/2019\/02\/p10-100x100.png",100,100,true]},"uagb_author_info":{"display_name":"Ludmila Mikusikova","author_link":"https:\/\/www.megastitch.eu\/cs\/author\/"},"uagb_comment_info":0,"uagb_excerpt":"\u010cerven\u00e1 panda a jej hu\u0148at\u00fdch chvost na obr\u00e1zku tejto magnetky na vy\u0161\u00edvanie pote\u0161\u00ed oko ka\u017edej milovn\u00ed\u010dky zvierat. Pevn\u00fd neodymov\u00fd magnet bude va\u0161im praktick\u00fdm pomocn\u00edkom pri vy\u0161\u00edvan\u00ed, preto\u017ee udr\u017e\u00ed va\u0161e ihly, ale aj no\u017enice pevne na svojom mieste a z\u00e1rove\u0148 bude kr\u00e1snou dekor\u00e1ciou pri va\u0161ej pr\u00e1ci.","_links":{"self":[{"href":"https:\/\/www.megastitch.eu\/cs\/wp-json\/wp\/v2\/product\/1585"}],"collection":[{"href":"https:\/\/www.megastitch.eu\/cs\/wp-json\/wp\/v2\/product"}],"about":[{"href":"https:\/\/www.megastitch.eu\/cs\/wp-json\/wp\/v2\/types\/product"}],"replies":[{"embeddable":true,"href":"https:\/\/www.megastitch.eu\/cs\/wp-json\/wp\/v2\/comments?post=1585"}],"wp:featuredmedia":[{"embeddable":true,"href":"https:\/\/www.megastitch.eu\/cs\/wp-json\/wp\/v2\/media\/339"}],"wp:attachment":[{"href":"https:\/\/www.megastitch.eu\/cs\/wp-json\/wp\/v2\/media?parent=1585"}],"wp:term":[{"taxonomy":"product_cat","embeddable":true,"href":"https:\/\/www.megastitch.eu\/cs\/wp-json\/wp\/v2\/product_cat?post=1585"},{"taxonomy":"product_tag","embeddable":true,"href":"https:\/\/www.megastitch.eu\/cs\/wp-json\/wp\/v2\/product_tag?post=1585"}],"curies":[{"name":"wp","href":"https:\/\/api.w.org\/{rel}","templated":true}]}}