	{"id":1586,"date":"2019-02-01T19:42:28","date_gmt":"2019-02-01T18:42:28","guid":{"rendered":"https:\/\/www.megastitch.eu\/obchod\/nezarazene\/cervena-panda-na-prochazce\/"},"modified":"2022-12-18T15:08:06","modified_gmt":"2022-12-18T14:08:06","slug":"cervena-panda-na-prochazce","status":"publish","type":"product","link":"https:\/\/www.megastitch.eu\/cs\/obchod\/magnetky-cs\/zvirata\/pandy-cs\/cervena-panda-na-prochazce\/","title":{"rendered":"\u010cerven\u00e1 panda na proch\u00e1zce"},"content":{"rendered":"<div class=\"nolwrap\"><p>Dizajn tejto magnetickej ihelni\u010dky je naozaj vydaren\u00fd. \u010cerven\u00e1 panda na vych\u00e1dzke pote\u0161\u00ed poh\u013eady v\u0161etk\u00fdch milovn\u00edkov zvierat. Je to naozaj pekn\u00fd magnet, ktor\u00fd v\u00e1s pote\u0161\u00ed nielen svojim vzh\u013eadom, ale aj svojou funkciou. Pevn\u00fd neodymov\u00fd magnet bude dr\u017ea\u0165 va\u0161e ihly a no\u017eni\u010dky neomylne na svojom mieste.<\/p>\n<\/div>","protected":false},"excerpt":{"rendered":"<p>Dizajn tejto magnetickej ihelni\u010dky je naozaj vydaren\u00fd. \u010cerven\u00e1 panda na vych\u00e1dzke pote\u0161\u00ed poh\u013eady v\u0161etk\u00fdch milovn\u00edkov zvierat. Je to naozaj pekn\u00fd magnet, ktor\u00fd v\u00e1s pote\u0161\u00ed nielen svojim vzh\u013eadom, ale aj svojou funkciou. Pevn\u00fd neodymov\u00fd magnet bude dr\u017ea\u0165 va\u0161e ihly a no\u017eni\u010dky neomylne na svojom mieste.<\/p>\n","protected":false},"featured_media":337,"comment_status":"closed","ping_status":"closed","template":"","meta":{"_uag_custom_page_level_css":"","ngg_post_thumbnail":0},"product_cat":[91,87,101,96],"product_tag":[],"aioseo_notices":[],"featured_image_urls":{"full":["https:\/\/www.megastitch.eu\/wp-content\/uploads\/2019\/02\/p9.png",712,712,false],"thumbnail":["https:\/\/www.megastitch.eu\/wp-content\/uploads\/2019\/02\/p9-150x150.png",150,150,true],"medium":["https:\/\/www.megastitch.eu\/wp-content\/uploads\/2019\/02\/p9-300x300.png",300,300,true],"medium_large":["https:\/\/www.megastitch.eu\/wp-content\/uploads\/2019\/02\/p9.png",712,712,false],"large":["https:\/\/www.megastitch.eu\/wp-content\/uploads\/2019\/02\/p9.png",712,712,false],"1536x1536":["https:\/\/www.megastitch.eu\/wp-content\/uploads\/2019\/02\/p9.png",712,712,false],"2048x2048":["https:\/\/www.megastitch.eu\/wp-content\/uploads\/2019\/02\/p9.png",712,712,false],"ultp_layout_landscape_large":["https:\/\/www.megastitch.eu\/wp-content\/uploads\/2019\/02\/p9.png",712,712,false],"ultp_layout_landscape":["https:\/\/www.megastitch.eu\/wp-content\/uploads\/2019\/02\/p9.png",570,570,false],"ultp_layout_portrait":["https:\/\/www.megastitch.eu\/wp-content\/uploads\/2019\/02\/p9.png",600,600,false],"ultp_layout_square":["https:\/\/www.megastitch.eu\/wp-content\/uploads\/2019\/02\/p9.png",600,600,false],"molla_post-grid":["https:\/\/www.megastitch.eu\/wp-content\/uploads\/2019\/02\/p9.png",267,267,false],"woocommerce_thumbnail":["https:\/\/www.megastitch.eu\/wp-content\/uploads\/2019\/02\/p9-300x300.png",300,300,true],"woocommerce_single":["https:\/\/www.megastitch.eu\/wp-content\/uploads\/2019\/02\/p9-600x600.png",600,600,true],"woocommerce_gallery_thumbnail":["https:\/\/www.megastitch.eu\/wp-content\/uploads\/2019\/02\/p9-100x100.png",100,100,true]},"post_excerpt_stackable":"<p>Dizajn tejto magnetickej ihelni\u010dky je naozaj vydaren\u00fd. \u010cerven\u00e1 panda na vych\u00e1dzke pote\u0161\u00ed poh\u013eady v\u0161etk\u00fdch milovn\u00edkov zvierat. Je to naozaj pekn\u00fd magnet, ktor\u00fd v\u00e1s pote\u0161\u00ed nielen svojim vzh\u013eadom, ale aj svojou funkciou. Pevn\u00fd neodymov\u00fd magnet bude dr\u017ea\u0165 va\u0161e ihly a no\u017eni\u010dky neomylne na svojom mieste.<\/p>\n","category_list":"","author_info":{"name":"","url":""},"comments_num":"0 comments","featured_image_urls_v2":{"full":["https:\/\/www.megastitch.eu\/wp-content\/uploads\/2019\/02\/p9.png",712,712,false],"thumbnail":["https:\/\/www.megastitch.eu\/wp-content\/uploads\/2019\/02\/p9-150x150.png",150,150,true],"medium":["https:\/\/www.megastitch.eu\/wp-content\/uploads\/2019\/02\/p9-300x300.png",300,300,true],"medium_large":["https:\/\/www.megastitch.eu\/wp-content\/uploads\/2019\/02\/p9.png",712,712,false],"large":["https:\/\/www.megastitch.eu\/wp-content\/uploads\/2019\/02\/p9.png",712,712,false],"1536x1536":["https:\/\/www.megastitch.eu\/wp-content\/uploads\/2019\/02\/p9.png",712,712,false],"2048x2048":["https:\/\/www.megastitch.eu\/wp-content\/uploads\/2019\/02\/p9.png",712,712,false],"ultp_layout_landscape_large":["https:\/\/www.megastitch.eu\/wp-content\/uploads\/2019\/02\/p9.png",712,712,false],"ultp_layout_landscape":["https:\/\/www.megastitch.eu\/wp-content\/uploads\/2019\/02\/p9.png",570,570,false],"ultp_layout_portrait":["https:\/\/www.megastitch.eu\/wp-content\/uploads\/2019\/02\/p9.png",600,600,false],"ultp_layout_square":["https:\/\/www.megastitch.eu\/wp-content\/uploads\/2019\/02\/p9.png",600,600,false],"molla_post-grid":["https:\/\/www.megastitch.eu\/wp-content\/uploads\/2019\/02\/p9.png",267,267,false],"woocommerce_thumbnail":["https:\/\/www.megastitch.eu\/wp-content\/uploads\/2019\/02\/p9-300x300.png",300,300,true],"woocommerce_single":["https:\/\/www.megastitch.eu\/wp-content\/uploads\/2019\/02\/p9-600x600.png",600,600,true],"woocommerce_gallery_thumbnail":["https:\/\/www.megastitch.eu\/wp-content\/uploads\/2019\/02\/p9-100x100.png",100,100,true]},"post_excerpt_stackable_v2":"<p>Dizajn tejto magnetickej ihelni\u010dky je naozaj vydaren\u00fd. \u010cerven\u00e1 panda na vych\u00e1dzke pote\u0161\u00ed poh\u013eady v\u0161etk\u00fdch milovn\u00edkov zvierat. Je to naozaj pekn\u00fd magnet, ktor\u00fd v\u00e1s pote\u0161\u00ed nielen svojim vzh\u013eadom, ale aj svojou funkciou. Pevn\u00fd neodymov\u00fd magnet bude dr\u017ea\u0165 va\u0161e ihly a no\u017eni\u010dky neomylne na svojom mieste.<\/p>\n","category_list_v2":"","author_info_v2":{"name":"","url":""},"comments_num_v2":"0 comments","uagb_featured_image_src":{"full":["https:\/\/www.megastitch.eu\/wp-content\/uploads\/2019\/02\/p9.png",712,712,false],"thumbnail":["https:\/\/www.megastitch.eu\/wp-content\/uploads\/2019\/02\/p9-150x150.png",150,150,true],"medium":["https:\/\/www.megastitch.eu\/wp-content\/uploads\/2019\/02\/p9-300x300.png",300,300,true],"medium_large":["https:\/\/www.megastitch.eu\/wp-content\/uploads\/2019\/02\/p9.png",712,712,false],"large":["https:\/\/www.megastitch.eu\/wp-content\/uploads\/2019\/02\/p9.png",712,712,false],"1536x1536":["https:\/\/www.megastitch.eu\/wp-content\/uploads\/2019\/02\/p9.png",712,712,false],"2048x2048":["https:\/\/www.megastitch.eu\/wp-content\/uploads\/2019\/02\/p9.png",712,712,false],"ultp_layout_landscape_large":["https:\/\/www.megastitch.eu\/wp-content\/uploads\/2019\/02\/p9.png",712,712,false],"ultp_layout_landscape":["https:\/\/www.megastitch.eu\/wp-content\/uploads\/2019\/02\/p9.png",570,570,false],"ultp_layout_portrait":["https:\/\/www.megastitch.eu\/wp-content\/uploads\/2019\/02\/p9.png",600,600,false],"ultp_layout_square":["https:\/\/www.megastitch.eu\/wp-content\/uploads\/2019\/02\/p9.png",600,600,false],"molla_post-grid":["https:\/\/www.megastitch.eu\/wp-content\/uploads\/2019\/02\/p9.png",267,267,false],"woocommerce_thumbnail":["https:\/\/www.megastitch.eu\/wp-content\/uploads\/2019\/02\/p9-300x300.png",300,300,true],"woocommerce_single":["https:\/\/www.megastitch.eu\/wp-content\/uploads\/2019\/02\/p9-600x600.png",600,600,true],"woocommerce_gallery_thumbnail":["https:\/\/www.megastitch.eu\/wp-content\/uploads\/2019\/02\/p9-100x100.png",100,100,true]},"uagb_author_info":{"display_name":"Ludmila Mikusikova","author_link":"https:\/\/www.megastitch.eu\/cs\/author\/"},"uagb_comment_info":0,"uagb_excerpt":"Dizajn tejto magnetickej ihelni\u010dky je naozaj vydaren\u00fd. \u010cerven\u00e1 panda na vych\u00e1dzke pote\u0161\u00ed poh\u013eady v\u0161etk\u00fdch milovn\u00edkov zvierat. Je to naozaj pekn\u00fd magnet, ktor\u00fd v\u00e1s pote\u0161\u00ed nielen svojim vzh\u013eadom, ale aj svojou funkciou. Pevn\u00fd neodymov\u00fd magnet bude dr\u017ea\u0165 va\u0161e ihly a no\u017eni\u010dky neomylne na svojom mieste.","_links":{"self":[{"href":"https:\/\/www.megastitch.eu\/cs\/wp-json\/wp\/v2\/product\/1586"}],"collection":[{"href":"https:\/\/www.megastitch.eu\/cs\/wp-json\/wp\/v2\/product"}],"about":[{"href":"https:\/\/www.megastitch.eu\/cs\/wp-json\/wp\/v2\/types\/product"}],"replies":[{"embeddable":true,"href":"https:\/\/www.megastitch.eu\/cs\/wp-json\/wp\/v2\/comments?post=1586"}],"wp:featuredmedia":[{"embeddable":true,"href":"https:\/\/www.megastitch.eu\/cs\/wp-json\/wp\/v2\/media\/337"}],"wp:attachment":[{"href":"https:\/\/www.megastitch.eu\/cs\/wp-json\/wp\/v2\/media?parent=1586"}],"wp:term":[{"taxonomy":"product_cat","embeddable":true,"href":"https:\/\/www.megastitch.eu\/cs\/wp-json\/wp\/v2\/product_cat?post=1586"},{"taxonomy":"product_tag","embeddable":true,"href":"https:\/\/www.megastitch.eu\/cs\/wp-json\/wp\/v2\/product_tag?post=1586"}],"curies":[{"name":"wp","href":"https:\/\/api.w.org\/{rel}","templated":true}]}}