	{"id":1589,"date":"2019-02-01T19:42:28","date_gmt":"2019-02-01T18:42:28","guid":{"rendered":"https:\/\/www.megastitch.eu\/obchod\/nezarazene\/kreslena-panda\/"},"modified":"2022-12-18T15:08:10","modified_gmt":"2022-12-18T14:08:10","slug":"kreslena-panda","status":"publish","type":"product","link":"https:\/\/www.megastitch.eu\/cs\/obchod\/magnetky-cs\/zvirata\/pandy-cs\/kreslena-panda\/","title":{"rendered":"Kreslen\u00e1 panda"},"content":{"rendered":"<div class=\"nolwrap\"><p>Kto m\u00e1 rad\u0161ej kreslen\u00e9 obr\u00e1zky ako tie re\u00e1lne si pr\u00edde na svoje pri tejto magnetke na vy\u0161\u00edvanie s dizajnom ma\u013eovanej pandy. Dizajn tejto magnetky na vy\u0161\u00edvanie pote\u0161\u00ed va\u0161e oko a siln\u00fd neodymov\u00fd magnet bude skvel\u00fdm pomocn\u00edkom pri vy\u0161\u00edvan\u00ed, preto\u017ee dok\u00e1\u017ee pevne udr\u017ea\u0165 nielen vy\u0161\u00edvacie ihly, ale aj no\u017eni\u010dky.<\/p>\n<\/div>","protected":false},"excerpt":{"rendered":"<p>Kto m\u00e1 rad\u0161ej kreslen\u00e9 obr\u00e1zky ako tie re\u00e1lne si pr\u00edde na svoje pri tejto magnetke na vy\u0161\u00edvanie s dizajnom ma\u013eovanej pandy. Dizajn tejto magnetky na vy\u0161\u00edvanie pote\u0161\u00ed va\u0161e oko a siln\u00fd neodymov\u00fd magnet bude skvel\u00fdm pomocn\u00edkom pri vy\u0161\u00edvan\u00ed, preto\u017ee dok\u00e1\u017ee pevne udr\u017ea\u0165 nielen vy\u0161\u00edvacie ihly, ale aj no\u017eni\u010dky.<\/p>\n","protected":false},"featured_media":331,"comment_status":"closed","ping_status":"closed","template":"","meta":{"_uag_custom_page_level_css":"","ngg_post_thumbnail":0},"product_cat":[87,92,93,101,96],"product_tag":[],"aioseo_notices":[],"featured_image_urls":{"full":["https:\/\/www.megastitch.eu\/wp-content\/uploads\/2019\/02\/p6.png",712,711,false],"thumbnail":["https:\/\/www.megastitch.eu\/wp-content\/uploads\/2019\/02\/p6-150x150.png",150,150,true],"medium":["https:\/\/www.megastitch.eu\/wp-content\/uploads\/2019\/02\/p6-300x300.png",300,300,true],"medium_large":["https:\/\/www.megastitch.eu\/wp-content\/uploads\/2019\/02\/p6.png",712,711,false],"large":["https:\/\/www.megastitch.eu\/wp-content\/uploads\/2019\/02\/p6.png",712,711,false],"1536x1536":["https:\/\/www.megastitch.eu\/wp-content\/uploads\/2019\/02\/p6.png",712,711,false],"2048x2048":["https:\/\/www.megastitch.eu\/wp-content\/uploads\/2019\/02\/p6.png",712,711,false],"ultp_layout_landscape_large":["https:\/\/www.megastitch.eu\/wp-content\/uploads\/2019\/02\/p6.png",712,711,false],"ultp_layout_landscape":["https:\/\/www.megastitch.eu\/wp-content\/uploads\/2019\/02\/p6.png",571,570,false],"ultp_layout_portrait":["https:\/\/www.megastitch.eu\/wp-content\/uploads\/2019\/02\/p6.png",600,599,false],"ultp_layout_square":["https:\/\/www.megastitch.eu\/wp-content\/uploads\/2019\/02\/p6.png",600,600,false],"molla_post-grid":["https:\/\/www.megastitch.eu\/wp-content\/uploads\/2019\/02\/p6.png",267,267,false],"woocommerce_thumbnail":["https:\/\/www.megastitch.eu\/wp-content\/uploads\/2019\/02\/p6-300x300.png",300,300,true],"woocommerce_single":["https:\/\/www.megastitch.eu\/wp-content\/uploads\/2019\/02\/p6-600x599.png",600,599,true],"woocommerce_gallery_thumbnail":["https:\/\/www.megastitch.eu\/wp-content\/uploads\/2019\/02\/p6-100x100.png",100,100,true]},"post_excerpt_stackable":"<p>Kto m\u00e1 rad\u0161ej kreslen\u00e9 obr\u00e1zky ako tie re\u00e1lne si pr\u00edde na svoje pri tejto magnetke na vy\u0161\u00edvanie s dizajnom ma\u013eovanej pandy. Dizajn tejto magnetky na vy\u0161\u00edvanie pote\u0161\u00ed va\u0161e oko a siln\u00fd neodymov\u00fd magnet bude skvel\u00fdm pomocn\u00edkom pri vy\u0161\u00edvan\u00ed, preto\u017ee dok\u00e1\u017ee pevne udr\u017ea\u0165 nielen vy\u0161\u00edvacie ihly, ale aj no\u017eni\u010dky.<\/p>\n","category_list":"","author_info":{"name":"","url":""},"comments_num":"0 comments","featured_image_urls_v2":{"full":["https:\/\/www.megastitch.eu\/wp-content\/uploads\/2019\/02\/p6.png",712,711,false],"thumbnail":["https:\/\/www.megastitch.eu\/wp-content\/uploads\/2019\/02\/p6-150x150.png",150,150,true],"medium":["https:\/\/www.megastitch.eu\/wp-content\/uploads\/2019\/02\/p6-300x300.png",300,300,true],"medium_large":["https:\/\/www.megastitch.eu\/wp-content\/uploads\/2019\/02\/p6.png",712,711,false],"large":["https:\/\/www.megastitch.eu\/wp-content\/uploads\/2019\/02\/p6.png",712,711,false],"1536x1536":["https:\/\/www.megastitch.eu\/wp-content\/uploads\/2019\/02\/p6.png",712,711,false],"2048x2048":["https:\/\/www.megastitch.eu\/wp-content\/uploads\/2019\/02\/p6.png",712,711,false],"ultp_layout_landscape_large":["https:\/\/www.megastitch.eu\/wp-content\/uploads\/2019\/02\/p6.png",712,711,false],"ultp_layout_landscape":["https:\/\/www.megastitch.eu\/wp-content\/uploads\/2019\/02\/p6.png",571,570,false],"ultp_layout_portrait":["https:\/\/www.megastitch.eu\/wp-content\/uploads\/2019\/02\/p6.png",600,599,false],"ultp_layout_square":["https:\/\/www.megastitch.eu\/wp-content\/uploads\/2019\/02\/p6.png",600,600,false],"molla_post-grid":["https:\/\/www.megastitch.eu\/wp-content\/uploads\/2019\/02\/p6.png",267,267,false],"woocommerce_thumbnail":["https:\/\/www.megastitch.eu\/wp-content\/uploads\/2019\/02\/p6-300x300.png",300,300,true],"woocommerce_single":["https:\/\/www.megastitch.eu\/wp-content\/uploads\/2019\/02\/p6-600x599.png",600,599,true],"woocommerce_gallery_thumbnail":["https:\/\/www.megastitch.eu\/wp-content\/uploads\/2019\/02\/p6-100x100.png",100,100,true]},"post_excerpt_stackable_v2":"<p>Kto m\u00e1 rad\u0161ej kreslen\u00e9 obr\u00e1zky ako tie re\u00e1lne si pr\u00edde na svoje pri tejto magnetke na vy\u0161\u00edvanie s dizajnom ma\u013eovanej pandy. Dizajn tejto magnetky na vy\u0161\u00edvanie pote\u0161\u00ed va\u0161e oko a siln\u00fd neodymov\u00fd magnet bude skvel\u00fdm pomocn\u00edkom pri vy\u0161\u00edvan\u00ed, preto\u017ee dok\u00e1\u017ee pevne udr\u017ea\u0165 nielen vy\u0161\u00edvacie ihly, ale aj no\u017eni\u010dky.<\/p>\n","category_list_v2":"","author_info_v2":{"name":"","url":""},"comments_num_v2":"0 comments","uagb_featured_image_src":{"full":["https:\/\/www.megastitch.eu\/wp-content\/uploads\/2019\/02\/p6.png",712,711,false],"thumbnail":["https:\/\/www.megastitch.eu\/wp-content\/uploads\/2019\/02\/p6-150x150.png",150,150,true],"medium":["https:\/\/www.megastitch.eu\/wp-content\/uploads\/2019\/02\/p6-300x300.png",300,300,true],"medium_large":["https:\/\/www.megastitch.eu\/wp-content\/uploads\/2019\/02\/p6.png",712,711,false],"large":["https:\/\/www.megastitch.eu\/wp-content\/uploads\/2019\/02\/p6.png",712,711,false],"1536x1536":["https:\/\/www.megastitch.eu\/wp-content\/uploads\/2019\/02\/p6.png",712,711,false],"2048x2048":["https:\/\/www.megastitch.eu\/wp-content\/uploads\/2019\/02\/p6.png",712,711,false],"ultp_layout_landscape_large":["https:\/\/www.megastitch.eu\/wp-content\/uploads\/2019\/02\/p6.png",712,711,false],"ultp_layout_landscape":["https:\/\/www.megastitch.eu\/wp-content\/uploads\/2019\/02\/p6.png",571,570,false],"ultp_layout_portrait":["https:\/\/www.megastitch.eu\/wp-content\/uploads\/2019\/02\/p6.png",600,599,false],"ultp_layout_square":["https:\/\/www.megastitch.eu\/wp-content\/uploads\/2019\/02\/p6.png",600,600,false],"molla_post-grid":["https:\/\/www.megastitch.eu\/wp-content\/uploads\/2019\/02\/p6.png",267,267,false],"woocommerce_thumbnail":["https:\/\/www.megastitch.eu\/wp-content\/uploads\/2019\/02\/p6-300x300.png",300,300,true],"woocommerce_single":["https:\/\/www.megastitch.eu\/wp-content\/uploads\/2019\/02\/p6-600x599.png",600,599,true],"woocommerce_gallery_thumbnail":["https:\/\/www.megastitch.eu\/wp-content\/uploads\/2019\/02\/p6-100x100.png",100,100,true]},"uagb_author_info":{"display_name":"Ludmila Mikusikova","author_link":"https:\/\/www.megastitch.eu\/cs\/author\/"},"uagb_comment_info":0,"uagb_excerpt":"Kto m\u00e1 rad\u0161ej kreslen\u00e9 obr\u00e1zky ako tie re\u00e1lne si pr\u00edde na svoje pri tejto magnetke na vy\u0161\u00edvanie s dizajnom ma\u013eovanej pandy. Dizajn tejto magnetky na vy\u0161\u00edvanie pote\u0161\u00ed va\u0161e oko a siln\u00fd neodymov\u00fd magnet bude skvel\u00fdm pomocn\u00edkom pri vy\u0161\u00edvan\u00ed, preto\u017ee dok\u00e1\u017ee pevne udr\u017ea\u0165 nielen vy\u0161\u00edvacie ihly, ale aj no\u017eni\u010dky.","_links":{"self":[{"href":"https:\/\/www.megastitch.eu\/cs\/wp-json\/wp\/v2\/product\/1589"}],"collection":[{"href":"https:\/\/www.megastitch.eu\/cs\/wp-json\/wp\/v2\/product"}],"about":[{"href":"https:\/\/www.megastitch.eu\/cs\/wp-json\/wp\/v2\/types\/product"}],"replies":[{"embeddable":true,"href":"https:\/\/www.megastitch.eu\/cs\/wp-json\/wp\/v2\/comments?post=1589"}],"wp:featuredmedia":[{"embeddable":true,"href":"https:\/\/www.megastitch.eu\/cs\/wp-json\/wp\/v2\/media\/331"}],"wp:attachment":[{"href":"https:\/\/www.megastitch.eu\/cs\/wp-json\/wp\/v2\/media?parent=1589"}],"wp:term":[{"taxonomy":"product_cat","embeddable":true,"href":"https:\/\/www.megastitch.eu\/cs\/wp-json\/wp\/v2\/product_cat?post=1589"},{"taxonomy":"product_tag","embeddable":true,"href":"https:\/\/www.megastitch.eu\/cs\/wp-json\/wp\/v2\/product_tag?post=1589"}],"curies":[{"name":"wp","href":"https:\/\/api.w.org\/{rel}","templated":true}]}}