	{"id":1592,"date":"2019-02-01T19:42:22","date_gmt":"2019-02-01T18:42:22","guid":{"rendered":"https:\/\/www.megastitch.eu\/obchod\/nezarazene\/panda-s-bambusem\/"},"modified":"2019-11-17T18:47:35","modified_gmt":"2019-11-17T17:47:35","slug":"panda-s-bambusem","status":"publish","type":"product","link":"https:\/\/www.megastitch.eu\/cs\/obchod\/magnetky-cs\/zvirata\/pandy-cs\/panda-s-bambusem\/","title":{"rendered":"Panda s bambusem"},"content":{"rendered":"<div class=\"nolwrap\"><p>Hladn\u00e1 panda chr\u00famaj\u00faca zelen\u00e9 bambusov\u00e9 v\u00fdhonky je hlavn\u00fdm mot\u00edvom dizajnu tejto magentickej ihelni\u010dky na dr\u017eanie vy\u0161\u00edvac\u00edch ihiel. Tento mil\u00fd obr\u00e1zok pote\u0161\u00ed oko a pevn\u00fd neodymov\u00fd magnet pote\u0161\u00ed svojou silou, ktorou pevne udr\u017e\u00ed va\u0161e ihly a no\u017eni\u010dky na svojom mieste.<\/p>\n<\/div>","protected":false},"excerpt":{"rendered":"<p>Hladn\u00e1 panda chr\u00famaj\u00faca zelen\u00e9 bambusov\u00e9 v\u00fdhonky je hlavn\u00fdm mot\u00edvom dizajnu tejto magentickej ihelni\u010dky na dr\u017eanie vy\u0161\u00edvac\u00edch ihiel. Tento mil\u00fd obr\u00e1zok pote\u0161\u00ed oko a pevn\u00fd neodymov\u00fd magnet pote\u0161\u00ed svojou silou, ktorou pevne udr\u017e\u00ed va\u0161e ihly a no\u017eni\u010dky na svojom mieste.<\/p>\n","protected":false},"featured_media":325,"comment_status":"closed","ping_status":"closed","template":"","meta":{"_uag_custom_page_level_css":"","ngg_post_thumbnail":0},"product_cat":[91,87,101,96],"product_tag":[],"aioseo_notices":[],"featured_image_urls":{"full":["https:\/\/www.megastitch.eu\/wp-content\/uploads\/2019\/02\/p3.png",714,711,false],"thumbnail":["https:\/\/www.megastitch.eu\/wp-content\/uploads\/2019\/02\/p3-150x150.png",150,150,true],"medium":["https:\/\/www.megastitch.eu\/wp-content\/uploads\/2019\/02\/p3-300x300.png",300,300,true],"medium_large":["https:\/\/www.megastitch.eu\/wp-content\/uploads\/2019\/02\/p3.png",714,711,false],"large":["https:\/\/www.megastitch.eu\/wp-content\/uploads\/2019\/02\/p3.png",714,711,false],"1536x1536":["https:\/\/www.megastitch.eu\/wp-content\/uploads\/2019\/02\/p3.png",714,711,false],"2048x2048":["https:\/\/www.megastitch.eu\/wp-content\/uploads\/2019\/02\/p3.png",714,711,false],"ultp_layout_landscape_large":["https:\/\/www.megastitch.eu\/wp-content\/uploads\/2019\/02\/p3.png",714,711,false],"ultp_layout_landscape":["https:\/\/www.megastitch.eu\/wp-content\/uploads\/2019\/02\/p3.png",572,570,false],"ultp_layout_portrait":["https:\/\/www.megastitch.eu\/wp-content\/uploads\/2019\/02\/p3.png",600,597,false],"ultp_layout_square":["https:\/\/www.megastitch.eu\/wp-content\/uploads\/2019\/02\/p3.png",600,597,false],"molla_post-grid":["https:\/\/www.megastitch.eu\/wp-content\/uploads\/2019\/02\/p3.png",268,267,false],"woocommerce_thumbnail":["https:\/\/www.megastitch.eu\/wp-content\/uploads\/2019\/02\/p3-300x299.png",300,299,true],"woocommerce_single":["https:\/\/www.megastitch.eu\/wp-content\/uploads\/2019\/02\/p3-600x597.png",600,597,true],"woocommerce_gallery_thumbnail":["https:\/\/www.megastitch.eu\/wp-content\/uploads\/2019\/02\/p3-100x100.png",100,100,true]},"post_excerpt_stackable":"<p>Hladn\u00e1 panda chr\u00famaj\u00faca zelen\u00e9 bambusov\u00e9 v\u00fdhonky je hlavn\u00fdm mot\u00edvom dizajnu tejto magentickej ihelni\u010dky na dr\u017eanie vy\u0161\u00edvac\u00edch ihiel. Tento mil\u00fd obr\u00e1zok pote\u0161\u00ed oko a pevn\u00fd neodymov\u00fd magnet pote\u0161\u00ed svojou silou, ktorou pevne udr\u017e\u00ed va\u0161e ihly a no\u017eni\u010dky na svojom mieste.<\/p>\n","category_list":"","author_info":{"name":"","url":""},"comments_num":"0 comments","featured_image_urls_v2":{"full":["https:\/\/www.megastitch.eu\/wp-content\/uploads\/2019\/02\/p3.png",714,711,false],"thumbnail":["https:\/\/www.megastitch.eu\/wp-content\/uploads\/2019\/02\/p3-150x150.png",150,150,true],"medium":["https:\/\/www.megastitch.eu\/wp-content\/uploads\/2019\/02\/p3-300x300.png",300,300,true],"medium_large":["https:\/\/www.megastitch.eu\/wp-content\/uploads\/2019\/02\/p3.png",714,711,false],"large":["https:\/\/www.megastitch.eu\/wp-content\/uploads\/2019\/02\/p3.png",714,711,false],"1536x1536":["https:\/\/www.megastitch.eu\/wp-content\/uploads\/2019\/02\/p3.png",714,711,false],"2048x2048":["https:\/\/www.megastitch.eu\/wp-content\/uploads\/2019\/02\/p3.png",714,711,false],"ultp_layout_landscape_large":["https:\/\/www.megastitch.eu\/wp-content\/uploads\/2019\/02\/p3.png",714,711,false],"ultp_layout_landscape":["https:\/\/www.megastitch.eu\/wp-content\/uploads\/2019\/02\/p3.png",572,570,false],"ultp_layout_portrait":["https:\/\/www.megastitch.eu\/wp-content\/uploads\/2019\/02\/p3.png",600,597,false],"ultp_layout_square":["https:\/\/www.megastitch.eu\/wp-content\/uploads\/2019\/02\/p3.png",600,597,false],"molla_post-grid":["https:\/\/www.megastitch.eu\/wp-content\/uploads\/2019\/02\/p3.png",268,267,false],"woocommerce_thumbnail":["https:\/\/www.megastitch.eu\/wp-content\/uploads\/2019\/02\/p3-300x299.png",300,299,true],"woocommerce_single":["https:\/\/www.megastitch.eu\/wp-content\/uploads\/2019\/02\/p3-600x597.png",600,597,true],"woocommerce_gallery_thumbnail":["https:\/\/www.megastitch.eu\/wp-content\/uploads\/2019\/02\/p3-100x100.png",100,100,true]},"post_excerpt_stackable_v2":"<p>Hladn\u00e1 panda chr\u00famaj\u00faca zelen\u00e9 bambusov\u00e9 v\u00fdhonky je hlavn\u00fdm mot\u00edvom dizajnu tejto magentickej ihelni\u010dky na dr\u017eanie vy\u0161\u00edvac\u00edch ihiel. Tento mil\u00fd obr\u00e1zok pote\u0161\u00ed oko a pevn\u00fd neodymov\u00fd magnet pote\u0161\u00ed svojou silou, ktorou pevne udr\u017e\u00ed va\u0161e ihly a no\u017eni\u010dky na svojom mieste.<\/p>\n","category_list_v2":"","author_info_v2":{"name":"","url":""},"comments_num_v2":"0 comments","uagb_featured_image_src":{"full":["https:\/\/www.megastitch.eu\/wp-content\/uploads\/2019\/02\/p3.png",714,711,false],"thumbnail":["https:\/\/www.megastitch.eu\/wp-content\/uploads\/2019\/02\/p3-150x150.png",150,150,true],"medium":["https:\/\/www.megastitch.eu\/wp-content\/uploads\/2019\/02\/p3-300x300.png",300,300,true],"medium_large":["https:\/\/www.megastitch.eu\/wp-content\/uploads\/2019\/02\/p3.png",714,711,false],"large":["https:\/\/www.megastitch.eu\/wp-content\/uploads\/2019\/02\/p3.png",714,711,false],"1536x1536":["https:\/\/www.megastitch.eu\/wp-content\/uploads\/2019\/02\/p3.png",714,711,false],"2048x2048":["https:\/\/www.megastitch.eu\/wp-content\/uploads\/2019\/02\/p3.png",714,711,false],"ultp_layout_landscape_large":["https:\/\/www.megastitch.eu\/wp-content\/uploads\/2019\/02\/p3.png",714,711,false],"ultp_layout_landscape":["https:\/\/www.megastitch.eu\/wp-content\/uploads\/2019\/02\/p3.png",572,570,false],"ultp_layout_portrait":["https:\/\/www.megastitch.eu\/wp-content\/uploads\/2019\/02\/p3.png",600,597,false],"ultp_layout_square":["https:\/\/www.megastitch.eu\/wp-content\/uploads\/2019\/02\/p3.png",600,597,false],"molla_post-grid":["https:\/\/www.megastitch.eu\/wp-content\/uploads\/2019\/02\/p3.png",268,267,false],"woocommerce_thumbnail":["https:\/\/www.megastitch.eu\/wp-content\/uploads\/2019\/02\/p3-300x299.png",300,299,true],"woocommerce_single":["https:\/\/www.megastitch.eu\/wp-content\/uploads\/2019\/02\/p3-600x597.png",600,597,true],"woocommerce_gallery_thumbnail":["https:\/\/www.megastitch.eu\/wp-content\/uploads\/2019\/02\/p3-100x100.png",100,100,true]},"uagb_author_info":{"display_name":"Ludmila Mikusikova","author_link":"https:\/\/www.megastitch.eu\/cs\/author\/"},"uagb_comment_info":0,"uagb_excerpt":"Hladn\u00e1 panda chr\u00famaj\u00faca zelen\u00e9 bambusov\u00e9 v\u00fdhonky je hlavn\u00fdm mot\u00edvom dizajnu tejto magentickej ihelni\u010dky na dr\u017eanie vy\u0161\u00edvac\u00edch ihiel. Tento mil\u00fd obr\u00e1zok pote\u0161\u00ed oko a pevn\u00fd neodymov\u00fd magnet pote\u0161\u00ed svojou silou, ktorou pevne udr\u017e\u00ed va\u0161e ihly a no\u017eni\u010dky na svojom mieste.","_links":{"self":[{"href":"https:\/\/www.megastitch.eu\/cs\/wp-json\/wp\/v2\/product\/1592"}],"collection":[{"href":"https:\/\/www.megastitch.eu\/cs\/wp-json\/wp\/v2\/product"}],"about":[{"href":"https:\/\/www.megastitch.eu\/cs\/wp-json\/wp\/v2\/types\/product"}],"replies":[{"embeddable":true,"href":"https:\/\/www.megastitch.eu\/cs\/wp-json\/wp\/v2\/comments?post=1592"}],"wp:featuredmedia":[{"embeddable":true,"href":"https:\/\/www.megastitch.eu\/cs\/wp-json\/wp\/v2\/media\/325"}],"wp:attachment":[{"href":"https:\/\/www.megastitch.eu\/cs\/wp-json\/wp\/v2\/media?parent=1592"}],"wp:term":[{"taxonomy":"product_cat","embeddable":true,"href":"https:\/\/www.megastitch.eu\/cs\/wp-json\/wp\/v2\/product_cat?post=1592"},{"taxonomy":"product_tag","embeddable":true,"href":"https:\/\/www.megastitch.eu\/cs\/wp-json\/wp\/v2\/product_tag?post=1592"}],"curies":[{"name":"wp","href":"https:\/\/api.w.org\/{rel}","templated":true}]}}