	{"id":1596,"date":"2019-02-01T19:42:22","date_gmt":"2019-02-01T18:42:22","guid":{"rendered":"https:\/\/www.megastitch.eu\/obchod\/nezarazene\/chaloupka-v-horach\/"},"modified":"2022-12-18T15:08:06","modified_gmt":"2022-12-18T14:08:06","slug":"chaloupka-v-horach","status":"publish","type":"product","link":"https:\/\/www.megastitch.eu\/cs\/obchod\/magnetky-cs\/fotograficke-cs\/chaloupka-v-horach\/","title":{"rendered":"Chaloupka v hor\u00e1ch"},"content":{"rendered":"<div class=\"nolwrap\"><p>Obr\u00e1zok ako z rozpr\u00e1vky. Magnetka na dr\u017eanie vy\u0161\u00edvacej ihly s dizajnom drevenej chal\u00fapky v hor\u00e1ch pote\u0161\u00ed ka\u017ed\u00e9 oko. Siln\u00fd neodymov\u00fd magnet bude skvel\u00fdm pomocn\u00edkom pri vy\u0161\u00edvan\u00ed, preto\u017ee dok\u00e1\u017ee pevne udr\u017ea\u0165 nielen vy\u0161\u00edvacie ihly, ale aj no\u017eni\u010dky na svojom mieste.<\/p>\n<\/div>","protected":false},"excerpt":{"rendered":"<p>Obr\u00e1zok ako z rozpr\u00e1vky. Magnetka na dr\u017eanie vy\u0161\u00edvacej ihly s dizajnom drevenej chal\u00fapky v hor\u00e1ch pote\u0161\u00ed ka\u017ed\u00e9 oko. Siln\u00fd neodymov\u00fd magnet bude skvel\u00fdm pomocn\u00edkom pri vy\u0161\u00edvan\u00ed, preto\u017ee dok\u00e1\u017ee pevne udr\u017ea\u0165 nielen vy\u0161\u00edvacie ihly, ale aj no\u017eni\u010dky na svojom mieste.<\/p>\n","protected":false},"featured_media":317,"comment_status":"closed","ping_status":"closed","template":"","meta":{"_uag_custom_page_level_css":"","ngg_post_thumbnail":0},"product_cat":[91,87,92,93],"product_tag":[81],"aioseo_notices":[],"featured_image_urls":{"full":["https:\/\/www.megastitch.eu\/wp-content\/uploads\/2019\/02\/54.jpg",415,415,false],"thumbnail":["https:\/\/www.megastitch.eu\/wp-content\/uploads\/2019\/02\/54-150x150.jpg",150,150,true],"medium":["https:\/\/www.megastitch.eu\/wp-content\/uploads\/2019\/02\/54-300x300.jpg",300,300,true],"medium_large":["https:\/\/www.megastitch.eu\/wp-content\/uploads\/2019\/02\/54.jpg",415,415,false],"large":["https:\/\/www.megastitch.eu\/wp-content\/uploads\/2019\/02\/54.jpg",415,415,false],"1536x1536":["https:\/\/www.megastitch.eu\/wp-content\/uploads\/2019\/02\/54.jpg",415,415,false],"2048x2048":["https:\/\/www.megastitch.eu\/wp-content\/uploads\/2019\/02\/54.jpg",415,415,false],"ultp_layout_landscape_large":["https:\/\/www.megastitch.eu\/wp-content\/uploads\/2019\/02\/54.jpg",415,415,false],"ultp_layout_landscape":["https:\/\/www.megastitch.eu\/wp-content\/uploads\/2019\/02\/54.jpg",415,415,false],"ultp_layout_portrait":["https:\/\/www.megastitch.eu\/wp-content\/uploads\/2019\/02\/54.jpg",415,415,false],"ultp_layout_square":["https:\/\/www.megastitch.eu\/wp-content\/uploads\/2019\/02\/54.jpg",415,415,false],"molla_post-grid":["https:\/\/www.megastitch.eu\/wp-content\/uploads\/2019\/02\/54.jpg",267,267,false],"woocommerce_thumbnail":["https:\/\/www.megastitch.eu\/wp-content\/uploads\/2019\/02\/54-300x300.jpg",300,300,true],"woocommerce_single":["https:\/\/www.megastitch.eu\/wp-content\/uploads\/2019\/02\/54.jpg",415,415,false],"woocommerce_gallery_thumbnail":["https:\/\/www.megastitch.eu\/wp-content\/uploads\/2019\/02\/54-100x100.jpg",100,100,true]},"post_excerpt_stackable":"<p>Obr\u00e1zok ako z rozpr\u00e1vky. Magnetka na dr\u017eanie vy\u0161\u00edvacej ihly s dizajnom drevenej chal\u00fapky v hor\u00e1ch pote\u0161\u00ed ka\u017ed\u00e9 oko. Siln\u00fd neodymov\u00fd magnet bude skvel\u00fdm pomocn\u00edkom pri vy\u0161\u00edvan\u00ed, preto\u017ee dok\u00e1\u017ee pevne udr\u017ea\u0165 nielen vy\u0161\u00edvacie ihly, ale aj no\u017eni\u010dky na svojom mieste.<\/p>\n","category_list":"","author_info":{"name":"","url":""},"comments_num":"0 comments","featured_image_urls_v2":{"full":["https:\/\/www.megastitch.eu\/wp-content\/uploads\/2019\/02\/54.jpg",415,415,false],"thumbnail":["https:\/\/www.megastitch.eu\/wp-content\/uploads\/2019\/02\/54-150x150.jpg",150,150,true],"medium":["https:\/\/www.megastitch.eu\/wp-content\/uploads\/2019\/02\/54-300x300.jpg",300,300,true],"medium_large":["https:\/\/www.megastitch.eu\/wp-content\/uploads\/2019\/02\/54.jpg",415,415,false],"large":["https:\/\/www.megastitch.eu\/wp-content\/uploads\/2019\/02\/54.jpg",415,415,false],"1536x1536":["https:\/\/www.megastitch.eu\/wp-content\/uploads\/2019\/02\/54.jpg",415,415,false],"2048x2048":["https:\/\/www.megastitch.eu\/wp-content\/uploads\/2019\/02\/54.jpg",415,415,false],"ultp_layout_landscape_large":["https:\/\/www.megastitch.eu\/wp-content\/uploads\/2019\/02\/54.jpg",415,415,false],"ultp_layout_landscape":["https:\/\/www.megastitch.eu\/wp-content\/uploads\/2019\/02\/54.jpg",415,415,false],"ultp_layout_portrait":["https:\/\/www.megastitch.eu\/wp-content\/uploads\/2019\/02\/54.jpg",415,415,false],"ultp_layout_square":["https:\/\/www.megastitch.eu\/wp-content\/uploads\/2019\/02\/54.jpg",415,415,false],"molla_post-grid":["https:\/\/www.megastitch.eu\/wp-content\/uploads\/2019\/02\/54.jpg",267,267,false],"woocommerce_thumbnail":["https:\/\/www.megastitch.eu\/wp-content\/uploads\/2019\/02\/54-300x300.jpg",300,300,true],"woocommerce_single":["https:\/\/www.megastitch.eu\/wp-content\/uploads\/2019\/02\/54.jpg",415,415,false],"woocommerce_gallery_thumbnail":["https:\/\/www.megastitch.eu\/wp-content\/uploads\/2019\/02\/54-100x100.jpg",100,100,true]},"post_excerpt_stackable_v2":"<p>Obr\u00e1zok ako z rozpr\u00e1vky. Magnetka na dr\u017eanie vy\u0161\u00edvacej ihly s dizajnom drevenej chal\u00fapky v hor\u00e1ch pote\u0161\u00ed ka\u017ed\u00e9 oko. Siln\u00fd neodymov\u00fd magnet bude skvel\u00fdm pomocn\u00edkom pri vy\u0161\u00edvan\u00ed, preto\u017ee dok\u00e1\u017ee pevne udr\u017ea\u0165 nielen vy\u0161\u00edvacie ihly, ale aj no\u017eni\u010dky na svojom mieste.<\/p>\n","category_list_v2":"","author_info_v2":{"name":"","url":""},"comments_num_v2":"0 comments","uagb_featured_image_src":{"full":["https:\/\/www.megastitch.eu\/wp-content\/uploads\/2019\/02\/54.jpg",415,415,false],"thumbnail":["https:\/\/www.megastitch.eu\/wp-content\/uploads\/2019\/02\/54-150x150.jpg",150,150,true],"medium":["https:\/\/www.megastitch.eu\/wp-content\/uploads\/2019\/02\/54-300x300.jpg",300,300,true],"medium_large":["https:\/\/www.megastitch.eu\/wp-content\/uploads\/2019\/02\/54.jpg",415,415,false],"large":["https:\/\/www.megastitch.eu\/wp-content\/uploads\/2019\/02\/54.jpg",415,415,false],"1536x1536":["https:\/\/www.megastitch.eu\/wp-content\/uploads\/2019\/02\/54.jpg",415,415,false],"2048x2048":["https:\/\/www.megastitch.eu\/wp-content\/uploads\/2019\/02\/54.jpg",415,415,false],"ultp_layout_landscape_large":["https:\/\/www.megastitch.eu\/wp-content\/uploads\/2019\/02\/54.jpg",415,415,false],"ultp_layout_landscape":["https:\/\/www.megastitch.eu\/wp-content\/uploads\/2019\/02\/54.jpg",415,415,false],"ultp_layout_portrait":["https:\/\/www.megastitch.eu\/wp-content\/uploads\/2019\/02\/54.jpg",415,415,false],"ultp_layout_square":["https:\/\/www.megastitch.eu\/wp-content\/uploads\/2019\/02\/54.jpg",415,415,false],"molla_post-grid":["https:\/\/www.megastitch.eu\/wp-content\/uploads\/2019\/02\/54.jpg",267,267,false],"woocommerce_thumbnail":["https:\/\/www.megastitch.eu\/wp-content\/uploads\/2019\/02\/54-300x300.jpg",300,300,true],"woocommerce_single":["https:\/\/www.megastitch.eu\/wp-content\/uploads\/2019\/02\/54.jpg",415,415,false],"woocommerce_gallery_thumbnail":["https:\/\/www.megastitch.eu\/wp-content\/uploads\/2019\/02\/54-100x100.jpg",100,100,true]},"uagb_author_info":{"display_name":"Ludmila Mikusikova","author_link":"https:\/\/www.megastitch.eu\/cs\/author\/"},"uagb_comment_info":0,"uagb_excerpt":"Obr\u00e1zok ako z rozpr\u00e1vky. Magnetka na dr\u017eanie vy\u0161\u00edvacej ihly s dizajnom drevenej chal\u00fapky v hor\u00e1ch pote\u0161\u00ed ka\u017ed\u00e9 oko. Siln\u00fd neodymov\u00fd magnet bude skvel\u00fdm pomocn\u00edkom pri vy\u0161\u00edvan\u00ed, preto\u017ee dok\u00e1\u017ee pevne udr\u017ea\u0165 nielen vy\u0161\u00edvacie ihly, ale aj no\u017eni\u010dky na svojom mieste.","_links":{"self":[{"href":"https:\/\/www.megastitch.eu\/cs\/wp-json\/wp\/v2\/product\/1596"}],"collection":[{"href":"https:\/\/www.megastitch.eu\/cs\/wp-json\/wp\/v2\/product"}],"about":[{"href":"https:\/\/www.megastitch.eu\/cs\/wp-json\/wp\/v2\/types\/product"}],"replies":[{"embeddable":true,"href":"https:\/\/www.megastitch.eu\/cs\/wp-json\/wp\/v2\/comments?post=1596"}],"wp:featuredmedia":[{"embeddable":true,"href":"https:\/\/www.megastitch.eu\/cs\/wp-json\/wp\/v2\/media\/317"}],"wp:attachment":[{"href":"https:\/\/www.megastitch.eu\/cs\/wp-json\/wp\/v2\/media?parent=1596"}],"wp:term":[{"taxonomy":"product_cat","embeddable":true,"href":"https:\/\/www.megastitch.eu\/cs\/wp-json\/wp\/v2\/product_cat?post=1596"},{"taxonomy":"product_tag","embeddable":true,"href":"https:\/\/www.megastitch.eu\/cs\/wp-json\/wp\/v2\/product_tag?post=1596"}],"curies":[{"name":"wp","href":"https:\/\/api.w.org\/{rel}","templated":true}]}}