	{"id":1597,"date":"2019-02-01T19:42:22","date_gmt":"2019-02-01T18:42:22","guid":{"rendered":"https:\/\/www.megastitch.eu\/obchod\/nezarazene\/hlava-leoparda\/"},"modified":"2019-11-17T20:58:52","modified_gmt":"2019-11-17T19:58:52","slug":"hlava-leoparda","status":"publish","type":"product","link":"https:\/\/www.megastitch.eu\/cs\/obchod\/magnetky-cs\/zvirata\/selmy-cs\/hlava-leoparda\/","title":{"rendered":"Hlava leoparda"},"content":{"rendered":"<div class=\"nolwrap\"><p>Milovn\u00edci divok\u00fdch \u0161eliem pozor! T\u00e1to magnetka na vy\u0161\u00edvanie s obr\u00e1zkom spiaceho leoparda v\u00e1s isto nenech\u00e1 chladn\u00fdmi. Jeho kr\u00e1sne sfarbenie a \u017eiv\u00e9 farby pr\u00edrody v\u00e1s istotne dostan\u00fa. Touto magnetkou z\u00edskate nielen praktick\u00e9ho pomocn\u00edka pri vy\u0161\u00edvan\u00ed, ale aj kr\u00e1snu dekor\u00e1ciu lahodiacu v\u00e1\u0161mu vkusu.<\/p>\n<\/div>","protected":false},"excerpt":{"rendered":"<p>Milovn\u00edci divok\u00fdch \u0161eliem pozor! T\u00e1to magnetka na vy\u0161\u00edvanie s obr\u00e1zkom spiaceho leoparda v\u00e1s isto nenech\u00e1 chladn\u00fdmi. Jeho kr\u00e1sne sfarbenie a \u017eiv\u00e9 farby pr\u00edrody v\u00e1s istotne dostan\u00fa. Touto magnetkou z\u00edskate nielen praktick\u00e9ho pomocn\u00edka pri vy\u0161\u00edvan\u00ed, ale aj kr\u00e1snu dekor\u00e1ciu lahodiacu v\u00e1\u0161mu vkusu.<\/p>\n","protected":false},"featured_media":315,"comment_status":"closed","ping_status":"closed","template":"","meta":{"_uag_custom_page_level_css":"","ngg_post_thumbnail":0},"product_cat":[91,87,105,96],"product_tag":[80],"aioseo_notices":[],"featured_image_urls":{"full":["https:\/\/www.megastitch.eu\/wp-content\/uploads\/2019\/02\/53.jpg",415,415,false],"thumbnail":["https:\/\/www.megastitch.eu\/wp-content\/uploads\/2019\/02\/53-150x150.jpg",150,150,true],"medium":["https:\/\/www.megastitch.eu\/wp-content\/uploads\/2019\/02\/53-300x300.jpg",300,300,true],"medium_large":["https:\/\/www.megastitch.eu\/wp-content\/uploads\/2019\/02\/53.jpg",415,415,false],"large":["https:\/\/www.megastitch.eu\/wp-content\/uploads\/2019\/02\/53.jpg",415,415,false],"1536x1536":["https:\/\/www.megastitch.eu\/wp-content\/uploads\/2019\/02\/53.jpg",415,415,false],"2048x2048":["https:\/\/www.megastitch.eu\/wp-content\/uploads\/2019\/02\/53.jpg",415,415,false],"ultp_layout_landscape_large":["https:\/\/www.megastitch.eu\/wp-content\/uploads\/2019\/02\/53.jpg",415,415,false],"ultp_layout_landscape":["https:\/\/www.megastitch.eu\/wp-content\/uploads\/2019\/02\/53.jpg",415,415,false],"ultp_layout_portrait":["https:\/\/www.megastitch.eu\/wp-content\/uploads\/2019\/02\/53.jpg",415,415,false],"ultp_layout_square":["https:\/\/www.megastitch.eu\/wp-content\/uploads\/2019\/02\/53.jpg",415,415,false],"molla_post-grid":["https:\/\/www.megastitch.eu\/wp-content\/uploads\/2019\/02\/53.jpg",267,267,false],"woocommerce_thumbnail":["https:\/\/www.megastitch.eu\/wp-content\/uploads\/2019\/02\/53-300x300.jpg",300,300,true],"woocommerce_single":["https:\/\/www.megastitch.eu\/wp-content\/uploads\/2019\/02\/53.jpg",415,415,false],"woocommerce_gallery_thumbnail":["https:\/\/www.megastitch.eu\/wp-content\/uploads\/2019\/02\/53-100x100.jpg",100,100,true]},"post_excerpt_stackable":"<p>Milovn\u00edci divok\u00fdch \u0161eliem pozor! T\u00e1to magnetka na vy\u0161\u00edvanie s obr\u00e1zkom spiaceho leoparda v\u00e1s isto nenech\u00e1 chladn\u00fdmi. Jeho kr\u00e1sne sfarbenie a \u017eiv\u00e9 farby pr\u00edrody v\u00e1s istotne dostan\u00fa. Touto magnetkou z\u00edskate nielen praktick\u00e9ho pomocn\u00edka pri vy\u0161\u00edvan\u00ed, ale aj kr\u00e1snu dekor\u00e1ciu lahodiacu v\u00e1\u0161mu vkusu.<\/p>\n","category_list":"","author_info":{"name":"","url":""},"comments_num":"0 comments","featured_image_urls_v2":{"full":["https:\/\/www.megastitch.eu\/wp-content\/uploads\/2019\/02\/53.jpg",415,415,false],"thumbnail":["https:\/\/www.megastitch.eu\/wp-content\/uploads\/2019\/02\/53-150x150.jpg",150,150,true],"medium":["https:\/\/www.megastitch.eu\/wp-content\/uploads\/2019\/02\/53-300x300.jpg",300,300,true],"medium_large":["https:\/\/www.megastitch.eu\/wp-content\/uploads\/2019\/02\/53.jpg",415,415,false],"large":["https:\/\/www.megastitch.eu\/wp-content\/uploads\/2019\/02\/53.jpg",415,415,false],"1536x1536":["https:\/\/www.megastitch.eu\/wp-content\/uploads\/2019\/02\/53.jpg",415,415,false],"2048x2048":["https:\/\/www.megastitch.eu\/wp-content\/uploads\/2019\/02\/53.jpg",415,415,false],"ultp_layout_landscape_large":["https:\/\/www.megastitch.eu\/wp-content\/uploads\/2019\/02\/53.jpg",415,415,false],"ultp_layout_landscape":["https:\/\/www.megastitch.eu\/wp-content\/uploads\/2019\/02\/53.jpg",415,415,false],"ultp_layout_portrait":["https:\/\/www.megastitch.eu\/wp-content\/uploads\/2019\/02\/53.jpg",415,415,false],"ultp_layout_square":["https:\/\/www.megastitch.eu\/wp-content\/uploads\/2019\/02\/53.jpg",415,415,false],"molla_post-grid":["https:\/\/www.megastitch.eu\/wp-content\/uploads\/2019\/02\/53.jpg",267,267,false],"woocommerce_thumbnail":["https:\/\/www.megastitch.eu\/wp-content\/uploads\/2019\/02\/53-300x300.jpg",300,300,true],"woocommerce_single":["https:\/\/www.megastitch.eu\/wp-content\/uploads\/2019\/02\/53.jpg",415,415,false],"woocommerce_gallery_thumbnail":["https:\/\/www.megastitch.eu\/wp-content\/uploads\/2019\/02\/53-100x100.jpg",100,100,true]},"post_excerpt_stackable_v2":"<p>Milovn\u00edci divok\u00fdch \u0161eliem pozor! T\u00e1to magnetka na vy\u0161\u00edvanie s obr\u00e1zkom spiaceho leoparda v\u00e1s isto nenech\u00e1 chladn\u00fdmi. Jeho kr\u00e1sne sfarbenie a \u017eiv\u00e9 farby pr\u00edrody v\u00e1s istotne dostan\u00fa. Touto magnetkou z\u00edskate nielen praktick\u00e9ho pomocn\u00edka pri vy\u0161\u00edvan\u00ed, ale aj kr\u00e1snu dekor\u00e1ciu lahodiacu v\u00e1\u0161mu vkusu.<\/p>\n","category_list_v2":"","author_info_v2":{"name":"","url":""},"comments_num_v2":"0 comments","uagb_featured_image_src":{"full":["https:\/\/www.megastitch.eu\/wp-content\/uploads\/2019\/02\/53.jpg",415,415,false],"thumbnail":["https:\/\/www.megastitch.eu\/wp-content\/uploads\/2019\/02\/53-150x150.jpg",150,150,true],"medium":["https:\/\/www.megastitch.eu\/wp-content\/uploads\/2019\/02\/53-300x300.jpg",300,300,true],"medium_large":["https:\/\/www.megastitch.eu\/wp-content\/uploads\/2019\/02\/53.jpg",415,415,false],"large":["https:\/\/www.megastitch.eu\/wp-content\/uploads\/2019\/02\/53.jpg",415,415,false],"1536x1536":["https:\/\/www.megastitch.eu\/wp-content\/uploads\/2019\/02\/53.jpg",415,415,false],"2048x2048":["https:\/\/www.megastitch.eu\/wp-content\/uploads\/2019\/02\/53.jpg",415,415,false],"ultp_layout_landscape_large":["https:\/\/www.megastitch.eu\/wp-content\/uploads\/2019\/02\/53.jpg",415,415,false],"ultp_layout_landscape":["https:\/\/www.megastitch.eu\/wp-content\/uploads\/2019\/02\/53.jpg",415,415,false],"ultp_layout_portrait":["https:\/\/www.megastitch.eu\/wp-content\/uploads\/2019\/02\/53.jpg",415,415,false],"ultp_layout_square":["https:\/\/www.megastitch.eu\/wp-content\/uploads\/2019\/02\/53.jpg",415,415,false],"molla_post-grid":["https:\/\/www.megastitch.eu\/wp-content\/uploads\/2019\/02\/53.jpg",267,267,false],"woocommerce_thumbnail":["https:\/\/www.megastitch.eu\/wp-content\/uploads\/2019\/02\/53-300x300.jpg",300,300,true],"woocommerce_single":["https:\/\/www.megastitch.eu\/wp-content\/uploads\/2019\/02\/53.jpg",415,415,false],"woocommerce_gallery_thumbnail":["https:\/\/www.megastitch.eu\/wp-content\/uploads\/2019\/02\/53-100x100.jpg",100,100,true]},"uagb_author_info":{"display_name":"Ludmila Mikusikova","author_link":"https:\/\/www.megastitch.eu\/cs\/author\/"},"uagb_comment_info":0,"uagb_excerpt":"Milovn\u00edci divok\u00fdch \u0161eliem pozor! T\u00e1to magnetka na vy\u0161\u00edvanie s obr\u00e1zkom spiaceho leoparda v\u00e1s isto nenech\u00e1 chladn\u00fdmi. Jeho kr\u00e1sne sfarbenie a \u017eiv\u00e9 farby pr\u00edrody v\u00e1s istotne dostan\u00fa. Touto magnetkou z\u00edskate nielen praktick\u00e9ho pomocn\u00edka pri vy\u0161\u00edvan\u00ed, ale aj kr\u00e1snu dekor\u00e1ciu lahodiacu v\u00e1\u0161mu vkusu.","_links":{"self":[{"href":"https:\/\/www.megastitch.eu\/cs\/wp-json\/wp\/v2\/product\/1597"}],"collection":[{"href":"https:\/\/www.megastitch.eu\/cs\/wp-json\/wp\/v2\/product"}],"about":[{"href":"https:\/\/www.megastitch.eu\/cs\/wp-json\/wp\/v2\/types\/product"}],"replies":[{"embeddable":true,"href":"https:\/\/www.megastitch.eu\/cs\/wp-json\/wp\/v2\/comments?post=1597"}],"wp:featuredmedia":[{"embeddable":true,"href":"https:\/\/www.megastitch.eu\/cs\/wp-json\/wp\/v2\/media\/315"}],"wp:attachment":[{"href":"https:\/\/www.megastitch.eu\/cs\/wp-json\/wp\/v2\/media?parent=1597"}],"wp:term":[{"taxonomy":"product_cat","embeddable":true,"href":"https:\/\/www.megastitch.eu\/cs\/wp-json\/wp\/v2\/product_cat?post=1597"},{"taxonomy":"product_tag","embeddable":true,"href":"https:\/\/www.megastitch.eu\/cs\/wp-json\/wp\/v2\/product_tag?post=1597"}],"curies":[{"name":"wp","href":"https:\/\/api.w.org\/{rel}","templated":true}]}}