	{"id":1599,"date":"2019-02-01T19:42:22","date_gmt":"2019-02-01T18:42:22","guid":{"rendered":"https:\/\/www.megastitch.eu\/obchod\/nezarazene\/tygri-rodinka-na-snehu\/"},"modified":"2019-11-17T21:05:10","modified_gmt":"2019-11-17T20:05:10","slug":"tygri-rodinka-na-snehu","status":"publish","type":"product","link":"https:\/\/www.megastitch.eu\/cs\/obchod\/magnetky-cs\/zvirata\/selmy-cs\/tygri-rodinka-na-snehu\/","title":{"rendered":"Tyg\u0159\u00ed rodinka na sn\u011bhu"},"content":{"rendered":"<div class=\"nolwrap\"><p>Tigria rodinka na obr\u00e1zku tejto magnetky na vy\u0161\u00edvanie pote\u0161\u00ed oko ka\u017edej milovn\u00ed\u010dky zvierat. Pevn\u00fd neodymov\u00fd magnet udr\u017e\u00ed va\u0161e ihly aj no\u017enice pevne na svojom mieste a z\u00e1rove\u0148 bude kr\u00e1snou dekor\u00e1ciou pri va\u0161ej pr\u00e1ci. Praktick\u00fd pomocn\u00edk pre ka\u017ed\u00fa milovn\u00ed\u010dku div\u00fdch \u0161eliem.<\/p>\n<\/div>","protected":false},"excerpt":{"rendered":"<p>Tigria rodinka na obr\u00e1zku tejto magnetky na vy\u0161\u00edvanie pote\u0161\u00ed oko ka\u017edej milovn\u00ed\u010dky zvierat. Pevn\u00fd neodymov\u00fd magnet udr\u017e\u00ed va\u0161e ihly aj no\u017enice pevne na svojom mieste a z\u00e1rove\u0148 bude kr\u00e1snou dekor\u00e1ciou pri va\u0161ej pr\u00e1ci. Praktick\u00fd pomocn\u00edk pre ka\u017ed\u00fa milovn\u00ed\u010dku div\u00fdch \u0161eliem.<\/p>\n","protected":false},"featured_media":311,"comment_status":"closed","ping_status":"closed","template":"","meta":{"_uag_custom_page_level_css":"","ngg_post_thumbnail":0},"product_cat":[91,87,105,96],"product_tag":[80],"aioseo_notices":[],"featured_image_urls":{"full":["https:\/\/www.megastitch.eu\/wp-content\/uploads\/2019\/02\/51.jpg",415,415,false],"thumbnail":["https:\/\/www.megastitch.eu\/wp-content\/uploads\/2019\/02\/51-150x150.jpg",150,150,true],"medium":["https:\/\/www.megastitch.eu\/wp-content\/uploads\/2019\/02\/51-300x300.jpg",300,300,true],"medium_large":["https:\/\/www.megastitch.eu\/wp-content\/uploads\/2019\/02\/51.jpg",415,415,false],"large":["https:\/\/www.megastitch.eu\/wp-content\/uploads\/2019\/02\/51.jpg",415,415,false],"1536x1536":["https:\/\/www.megastitch.eu\/wp-content\/uploads\/2019\/02\/51.jpg",415,415,false],"2048x2048":["https:\/\/www.megastitch.eu\/wp-content\/uploads\/2019\/02\/51.jpg",415,415,false],"ultp_layout_landscape_large":["https:\/\/www.megastitch.eu\/wp-content\/uploads\/2019\/02\/51.jpg",415,415,false],"ultp_layout_landscape":["https:\/\/www.megastitch.eu\/wp-content\/uploads\/2019\/02\/51.jpg",415,415,false],"ultp_layout_portrait":["https:\/\/www.megastitch.eu\/wp-content\/uploads\/2019\/02\/51.jpg",415,415,false],"ultp_layout_square":["https:\/\/www.megastitch.eu\/wp-content\/uploads\/2019\/02\/51.jpg",415,415,false],"molla_post-grid":["https:\/\/www.megastitch.eu\/wp-content\/uploads\/2019\/02\/51.jpg",267,267,false],"woocommerce_thumbnail":["https:\/\/www.megastitch.eu\/wp-content\/uploads\/2019\/02\/51-300x300.jpg",300,300,true],"woocommerce_single":["https:\/\/www.megastitch.eu\/wp-content\/uploads\/2019\/02\/51.jpg",415,415,false],"woocommerce_gallery_thumbnail":["https:\/\/www.megastitch.eu\/wp-content\/uploads\/2019\/02\/51-100x100.jpg",100,100,true]},"post_excerpt_stackable":"<p>Tigria rodinka na obr\u00e1zku tejto magnetky na vy\u0161\u00edvanie pote\u0161\u00ed oko ka\u017edej milovn\u00ed\u010dky zvierat. Pevn\u00fd neodymov\u00fd magnet udr\u017e\u00ed va\u0161e ihly aj no\u017enice pevne na svojom mieste a z\u00e1rove\u0148 bude kr\u00e1snou dekor\u00e1ciou pri va\u0161ej pr\u00e1ci. Praktick\u00fd pomocn\u00edk pre ka\u017ed\u00fa milovn\u00ed\u010dku div\u00fdch \u0161eliem.<\/p>\n","category_list":"","author_info":{"name":"","url":""},"comments_num":"0 comments","featured_image_urls_v2":{"full":["https:\/\/www.megastitch.eu\/wp-content\/uploads\/2019\/02\/51.jpg",415,415,false],"thumbnail":["https:\/\/www.megastitch.eu\/wp-content\/uploads\/2019\/02\/51-150x150.jpg",150,150,true],"medium":["https:\/\/www.megastitch.eu\/wp-content\/uploads\/2019\/02\/51-300x300.jpg",300,300,true],"medium_large":["https:\/\/www.megastitch.eu\/wp-content\/uploads\/2019\/02\/51.jpg",415,415,false],"large":["https:\/\/www.megastitch.eu\/wp-content\/uploads\/2019\/02\/51.jpg",415,415,false],"1536x1536":["https:\/\/www.megastitch.eu\/wp-content\/uploads\/2019\/02\/51.jpg",415,415,false],"2048x2048":["https:\/\/www.megastitch.eu\/wp-content\/uploads\/2019\/02\/51.jpg",415,415,false],"ultp_layout_landscape_large":["https:\/\/www.megastitch.eu\/wp-content\/uploads\/2019\/02\/51.jpg",415,415,false],"ultp_layout_landscape":["https:\/\/www.megastitch.eu\/wp-content\/uploads\/2019\/02\/51.jpg",415,415,false],"ultp_layout_portrait":["https:\/\/www.megastitch.eu\/wp-content\/uploads\/2019\/02\/51.jpg",415,415,false],"ultp_layout_square":["https:\/\/www.megastitch.eu\/wp-content\/uploads\/2019\/02\/51.jpg",415,415,false],"molla_post-grid":["https:\/\/www.megastitch.eu\/wp-content\/uploads\/2019\/02\/51.jpg",267,267,false],"woocommerce_thumbnail":["https:\/\/www.megastitch.eu\/wp-content\/uploads\/2019\/02\/51-300x300.jpg",300,300,true],"woocommerce_single":["https:\/\/www.megastitch.eu\/wp-content\/uploads\/2019\/02\/51.jpg",415,415,false],"woocommerce_gallery_thumbnail":["https:\/\/www.megastitch.eu\/wp-content\/uploads\/2019\/02\/51-100x100.jpg",100,100,true]},"post_excerpt_stackable_v2":"<p>Tigria rodinka na obr\u00e1zku tejto magnetky na vy\u0161\u00edvanie pote\u0161\u00ed oko ka\u017edej milovn\u00ed\u010dky zvierat. Pevn\u00fd neodymov\u00fd magnet udr\u017e\u00ed va\u0161e ihly aj no\u017enice pevne na svojom mieste a z\u00e1rove\u0148 bude kr\u00e1snou dekor\u00e1ciou pri va\u0161ej pr\u00e1ci. Praktick\u00fd pomocn\u00edk pre ka\u017ed\u00fa milovn\u00ed\u010dku div\u00fdch \u0161eliem.<\/p>\n","category_list_v2":"","author_info_v2":{"name":"","url":""},"comments_num_v2":"0 comments","uagb_featured_image_src":{"full":["https:\/\/www.megastitch.eu\/wp-content\/uploads\/2019\/02\/51.jpg",415,415,false],"thumbnail":["https:\/\/www.megastitch.eu\/wp-content\/uploads\/2019\/02\/51-150x150.jpg",150,150,true],"medium":["https:\/\/www.megastitch.eu\/wp-content\/uploads\/2019\/02\/51-300x300.jpg",300,300,true],"medium_large":["https:\/\/www.megastitch.eu\/wp-content\/uploads\/2019\/02\/51.jpg",415,415,false],"large":["https:\/\/www.megastitch.eu\/wp-content\/uploads\/2019\/02\/51.jpg",415,415,false],"1536x1536":["https:\/\/www.megastitch.eu\/wp-content\/uploads\/2019\/02\/51.jpg",415,415,false],"2048x2048":["https:\/\/www.megastitch.eu\/wp-content\/uploads\/2019\/02\/51.jpg",415,415,false],"ultp_layout_landscape_large":["https:\/\/www.megastitch.eu\/wp-content\/uploads\/2019\/02\/51.jpg",415,415,false],"ultp_layout_landscape":["https:\/\/www.megastitch.eu\/wp-content\/uploads\/2019\/02\/51.jpg",415,415,false],"ultp_layout_portrait":["https:\/\/www.megastitch.eu\/wp-content\/uploads\/2019\/02\/51.jpg",415,415,false],"ultp_layout_square":["https:\/\/www.megastitch.eu\/wp-content\/uploads\/2019\/02\/51.jpg",415,415,false],"molla_post-grid":["https:\/\/www.megastitch.eu\/wp-content\/uploads\/2019\/02\/51.jpg",267,267,false],"woocommerce_thumbnail":["https:\/\/www.megastitch.eu\/wp-content\/uploads\/2019\/02\/51-300x300.jpg",300,300,true],"woocommerce_single":["https:\/\/www.megastitch.eu\/wp-content\/uploads\/2019\/02\/51.jpg",415,415,false],"woocommerce_gallery_thumbnail":["https:\/\/www.megastitch.eu\/wp-content\/uploads\/2019\/02\/51-100x100.jpg",100,100,true]},"uagb_author_info":{"display_name":"Ludmila Mikusikova","author_link":"https:\/\/www.megastitch.eu\/cs\/author\/"},"uagb_comment_info":0,"uagb_excerpt":"Tigria rodinka na obr\u00e1zku tejto magnetky na vy\u0161\u00edvanie pote\u0161\u00ed oko ka\u017edej milovn\u00ed\u010dky zvierat. Pevn\u00fd neodymov\u00fd magnet udr\u017e\u00ed va\u0161e ihly aj no\u017enice pevne na svojom mieste a z\u00e1rove\u0148 bude kr\u00e1snou dekor\u00e1ciou pri va\u0161ej pr\u00e1ci. Praktick\u00fd pomocn\u00edk pre ka\u017ed\u00fa milovn\u00ed\u010dku div\u00fdch \u0161eliem.","_links":{"self":[{"href":"https:\/\/www.megastitch.eu\/cs\/wp-json\/wp\/v2\/product\/1599"}],"collection":[{"href":"https:\/\/www.megastitch.eu\/cs\/wp-json\/wp\/v2\/product"}],"about":[{"href":"https:\/\/www.megastitch.eu\/cs\/wp-json\/wp\/v2\/types\/product"}],"replies":[{"embeddable":true,"href":"https:\/\/www.megastitch.eu\/cs\/wp-json\/wp\/v2\/comments?post=1599"}],"wp:featuredmedia":[{"embeddable":true,"href":"https:\/\/www.megastitch.eu\/cs\/wp-json\/wp\/v2\/media\/311"}],"wp:attachment":[{"href":"https:\/\/www.megastitch.eu\/cs\/wp-json\/wp\/v2\/media?parent=1599"}],"wp:term":[{"taxonomy":"product_cat","embeddable":true,"href":"https:\/\/www.megastitch.eu\/cs\/wp-json\/wp\/v2\/product_cat?post=1599"},{"taxonomy":"product_tag","embeddable":true,"href":"https:\/\/www.megastitch.eu\/cs\/wp-json\/wp\/v2\/product_tag?post=1599"}],"curies":[{"name":"wp","href":"https:\/\/api.w.org\/{rel}","templated":true}]}}