	{"id":1600,"date":"2019-02-01T19:42:22","date_gmt":"2019-02-01T18:42:22","guid":{"rendered":"https:\/\/www.megastitch.eu\/obchod\/nezarazene\/sloni-u-vody\/"},"modified":"2022-12-18T15:08:06","modified_gmt":"2022-12-18T14:08:06","slug":"sloni-u-vody","status":"publish","type":"product","link":"https:\/\/www.megastitch.eu\/cs\/obchod\/magnetky-cs\/zvirata\/sloni\/sloni-u-vody\/","title":{"rendered":"Sloni u vody"},"content":{"rendered":"<div class=\"nolwrap\"><p>Magnet na ihly pri vy\u0161\u00edvan\u00ed s obr\u00e1zkom slonej rodinky v\u00e1s pote\u0161\u00ed kedyko\u013evek sa na \u0148u pozriete. Pevn\u00fd neodymov\u00fd magnet udr\u017e\u00ed va\u0161e ihly aj no\u017enice pevne na svojom mieste a z\u00e1rove\u0148 bude kr\u00e1snou dekor\u00e1ciou pri va\u0161ej pr\u00e1ci. Praktick\u00fd pomocn\u00edk pre ka\u017ed\u00fa milovn\u00ed\u010dku vy\u0161\u00edvania aj zvierat.<\/p>\n<\/div>","protected":false},"excerpt":{"rendered":"<p>Magnet na ihly pri vy\u0161\u00edvan\u00ed s obr\u00e1zkom slonej rodinky v\u00e1s pote\u0161\u00ed kedyko\u013evek sa na \u0148u pozriete. Pevn\u00fd neodymov\u00fd magnet udr\u017e\u00ed va\u0161e ihly aj no\u017enice pevne na svojom mieste a z\u00e1rove\u0148 bude kr\u00e1snou dekor\u00e1ciou pri va\u0161ej pr\u00e1ci. Praktick\u00fd pomocn\u00edk pre ka\u017ed\u00fa milovn\u00ed\u010dku vy\u0161\u00edvania aj zvierat.<\/p>\n","protected":false},"featured_media":309,"comment_status":"closed","ping_status":"closed","template":"","meta":{"_uag_custom_page_level_css":"","ngg_post_thumbnail":0},"product_cat":[91,87,103,96],"product_tag":[],"aioseo_notices":[],"featured_image_urls":{"full":["https:\/\/www.megastitch.eu\/wp-content\/uploads\/2019\/02\/50.jpg",415,415,false],"thumbnail":["https:\/\/www.megastitch.eu\/wp-content\/uploads\/2019\/02\/50-150x150.jpg",150,150,true],"medium":["https:\/\/www.megastitch.eu\/wp-content\/uploads\/2019\/02\/50-300x300.jpg",300,300,true],"medium_large":["https:\/\/www.megastitch.eu\/wp-content\/uploads\/2019\/02\/50.jpg",415,415,false],"large":["https:\/\/www.megastitch.eu\/wp-content\/uploads\/2019\/02\/50.jpg",415,415,false],"1536x1536":["https:\/\/www.megastitch.eu\/wp-content\/uploads\/2019\/02\/50.jpg",415,415,false],"2048x2048":["https:\/\/www.megastitch.eu\/wp-content\/uploads\/2019\/02\/50.jpg",415,415,false],"ultp_layout_landscape_large":["https:\/\/www.megastitch.eu\/wp-content\/uploads\/2019\/02\/50.jpg",415,415,false],"ultp_layout_landscape":["https:\/\/www.megastitch.eu\/wp-content\/uploads\/2019\/02\/50.jpg",415,415,false],"ultp_layout_portrait":["https:\/\/www.megastitch.eu\/wp-content\/uploads\/2019\/02\/50.jpg",415,415,false],"ultp_layout_square":["https:\/\/www.megastitch.eu\/wp-content\/uploads\/2019\/02\/50.jpg",415,415,false],"molla_post-grid":["https:\/\/www.megastitch.eu\/wp-content\/uploads\/2019\/02\/50.jpg",267,267,false],"woocommerce_thumbnail":["https:\/\/www.megastitch.eu\/wp-content\/uploads\/2019\/02\/50-300x300.jpg",300,300,true],"woocommerce_single":["https:\/\/www.megastitch.eu\/wp-content\/uploads\/2019\/02\/50.jpg",415,415,false],"woocommerce_gallery_thumbnail":["https:\/\/www.megastitch.eu\/wp-content\/uploads\/2019\/02\/50-100x100.jpg",100,100,true]},"post_excerpt_stackable":"<p>Magnet na ihly pri vy\u0161\u00edvan\u00ed s obr\u00e1zkom slonej rodinky v\u00e1s pote\u0161\u00ed kedyko\u013evek sa na \u0148u pozriete. Pevn\u00fd neodymov\u00fd magnet udr\u017e\u00ed va\u0161e ihly aj no\u017enice pevne na svojom mieste a z\u00e1rove\u0148 bude kr\u00e1snou dekor\u00e1ciou pri va\u0161ej pr\u00e1ci. Praktick\u00fd pomocn\u00edk pre ka\u017ed\u00fa milovn\u00ed\u010dku vy\u0161\u00edvania aj zvierat.<\/p>\n","category_list":"","author_info":{"name":"","url":""},"comments_num":"0 comments","featured_image_urls_v2":{"full":["https:\/\/www.megastitch.eu\/wp-content\/uploads\/2019\/02\/50.jpg",415,415,false],"thumbnail":["https:\/\/www.megastitch.eu\/wp-content\/uploads\/2019\/02\/50-150x150.jpg",150,150,true],"medium":["https:\/\/www.megastitch.eu\/wp-content\/uploads\/2019\/02\/50-300x300.jpg",300,300,true],"medium_large":["https:\/\/www.megastitch.eu\/wp-content\/uploads\/2019\/02\/50.jpg",415,415,false],"large":["https:\/\/www.megastitch.eu\/wp-content\/uploads\/2019\/02\/50.jpg",415,415,false],"1536x1536":["https:\/\/www.megastitch.eu\/wp-content\/uploads\/2019\/02\/50.jpg",415,415,false],"2048x2048":["https:\/\/www.megastitch.eu\/wp-content\/uploads\/2019\/02\/50.jpg",415,415,false],"ultp_layout_landscape_large":["https:\/\/www.megastitch.eu\/wp-content\/uploads\/2019\/02\/50.jpg",415,415,false],"ultp_layout_landscape":["https:\/\/www.megastitch.eu\/wp-content\/uploads\/2019\/02\/50.jpg",415,415,false],"ultp_layout_portrait":["https:\/\/www.megastitch.eu\/wp-content\/uploads\/2019\/02\/50.jpg",415,415,false],"ultp_layout_square":["https:\/\/www.megastitch.eu\/wp-content\/uploads\/2019\/02\/50.jpg",415,415,false],"molla_post-grid":["https:\/\/www.megastitch.eu\/wp-content\/uploads\/2019\/02\/50.jpg",267,267,false],"woocommerce_thumbnail":["https:\/\/www.megastitch.eu\/wp-content\/uploads\/2019\/02\/50-300x300.jpg",300,300,true],"woocommerce_single":["https:\/\/www.megastitch.eu\/wp-content\/uploads\/2019\/02\/50.jpg",415,415,false],"woocommerce_gallery_thumbnail":["https:\/\/www.megastitch.eu\/wp-content\/uploads\/2019\/02\/50-100x100.jpg",100,100,true]},"post_excerpt_stackable_v2":"<p>Magnet na ihly pri vy\u0161\u00edvan\u00ed s obr\u00e1zkom slonej rodinky v\u00e1s pote\u0161\u00ed kedyko\u013evek sa na \u0148u pozriete. Pevn\u00fd neodymov\u00fd magnet udr\u017e\u00ed va\u0161e ihly aj no\u017enice pevne na svojom mieste a z\u00e1rove\u0148 bude kr\u00e1snou dekor\u00e1ciou pri va\u0161ej pr\u00e1ci. Praktick\u00fd pomocn\u00edk pre ka\u017ed\u00fa milovn\u00ed\u010dku vy\u0161\u00edvania aj zvierat.<\/p>\n","category_list_v2":"","author_info_v2":{"name":"","url":""},"comments_num_v2":"0 comments","uagb_featured_image_src":{"full":["https:\/\/www.megastitch.eu\/wp-content\/uploads\/2019\/02\/50.jpg",415,415,false],"thumbnail":["https:\/\/www.megastitch.eu\/wp-content\/uploads\/2019\/02\/50-150x150.jpg",150,150,true],"medium":["https:\/\/www.megastitch.eu\/wp-content\/uploads\/2019\/02\/50-300x300.jpg",300,300,true],"medium_large":["https:\/\/www.megastitch.eu\/wp-content\/uploads\/2019\/02\/50.jpg",415,415,false],"large":["https:\/\/www.megastitch.eu\/wp-content\/uploads\/2019\/02\/50.jpg",415,415,false],"1536x1536":["https:\/\/www.megastitch.eu\/wp-content\/uploads\/2019\/02\/50.jpg",415,415,false],"2048x2048":["https:\/\/www.megastitch.eu\/wp-content\/uploads\/2019\/02\/50.jpg",415,415,false],"ultp_layout_landscape_large":["https:\/\/www.megastitch.eu\/wp-content\/uploads\/2019\/02\/50.jpg",415,415,false],"ultp_layout_landscape":["https:\/\/www.megastitch.eu\/wp-content\/uploads\/2019\/02\/50.jpg",415,415,false],"ultp_layout_portrait":["https:\/\/www.megastitch.eu\/wp-content\/uploads\/2019\/02\/50.jpg",415,415,false],"ultp_layout_square":["https:\/\/www.megastitch.eu\/wp-content\/uploads\/2019\/02\/50.jpg",415,415,false],"molla_post-grid":["https:\/\/www.megastitch.eu\/wp-content\/uploads\/2019\/02\/50.jpg",267,267,false],"woocommerce_thumbnail":["https:\/\/www.megastitch.eu\/wp-content\/uploads\/2019\/02\/50-300x300.jpg",300,300,true],"woocommerce_single":["https:\/\/www.megastitch.eu\/wp-content\/uploads\/2019\/02\/50.jpg",415,415,false],"woocommerce_gallery_thumbnail":["https:\/\/www.megastitch.eu\/wp-content\/uploads\/2019\/02\/50-100x100.jpg",100,100,true]},"uagb_author_info":{"display_name":"Ludmila Mikusikova","author_link":"https:\/\/www.megastitch.eu\/cs\/author\/"},"uagb_comment_info":0,"uagb_excerpt":"Magnet na ihly pri vy\u0161\u00edvan\u00ed s obr\u00e1zkom slonej rodinky v\u00e1s pote\u0161\u00ed kedyko\u013evek sa na \u0148u pozriete. Pevn\u00fd neodymov\u00fd magnet udr\u017e\u00ed va\u0161e ihly aj no\u017enice pevne na svojom mieste a z\u00e1rove\u0148 bude kr\u00e1snou dekor\u00e1ciou pri va\u0161ej pr\u00e1ci. Praktick\u00fd pomocn\u00edk pre ka\u017ed\u00fa milovn\u00ed\u010dku vy\u0161\u00edvania aj zvierat.","_links":{"self":[{"href":"https:\/\/www.megastitch.eu\/cs\/wp-json\/wp\/v2\/product\/1600"}],"collection":[{"href":"https:\/\/www.megastitch.eu\/cs\/wp-json\/wp\/v2\/product"}],"about":[{"href":"https:\/\/www.megastitch.eu\/cs\/wp-json\/wp\/v2\/types\/product"}],"replies":[{"embeddable":true,"href":"https:\/\/www.megastitch.eu\/cs\/wp-json\/wp\/v2\/comments?post=1600"}],"wp:featuredmedia":[{"embeddable":true,"href":"https:\/\/www.megastitch.eu\/cs\/wp-json\/wp\/v2\/media\/309"}],"wp:attachment":[{"href":"https:\/\/www.megastitch.eu\/cs\/wp-json\/wp\/v2\/media?parent=1600"}],"wp:term":[{"taxonomy":"product_cat","embeddable":true,"href":"https:\/\/www.megastitch.eu\/cs\/wp-json\/wp\/v2\/product_cat?post=1600"},{"taxonomy":"product_tag","embeddable":true,"href":"https:\/\/www.megastitch.eu\/cs\/wp-json\/wp\/v2\/product_tag?post=1600"}],"curies":[{"name":"wp","href":"https:\/\/api.w.org\/{rel}","templated":true}]}}