	{"id":1604,"date":"2019-02-01T19:42:22","date_gmt":"2019-02-01T18:42:22","guid":{"rendered":"https:\/\/www.megastitch.eu\/obchod\/nezarazene\/snehove-vlocky\/"},"modified":"2019-11-17T21:20:13","modified_gmt":"2019-11-17T20:20:13","slug":"snehove-vlocky","status":"publish","type":"product","link":"https:\/\/www.megastitch.eu\/cs\/obchod\/magnetky-cs\/malovane-cs\/snehove-vlocky\/","title":{"rendered":"Sn\u011bhov\u00e9 vlo\u010dky"},"content":{"rendered":"<div class=\"nolwrap\"><p>Obr\u00e1zok snehov\u00fdch vlo\u010diek na tejto magnetickej ihelni\u010dke bude nielen praktick\u00fdm pomocn\u00edkom, ale aj kr\u00e1snym doplnkom. U\u017e nikdy viac streten\u00e1 ihla \u010di h\u013eadanie no\u017en\u00edc. V\u0161etko ostane pr\u00e1ve tam, kde potrebujete. Pevn\u00fd magnet udr\u017e\u00ed va\u0161e ihly na mieste a kr\u00e1sny obr\u00e1zok pote\u0161\u00ed v\u00e1\u0161 poh\u013ead.<\/p>\n<\/div>","protected":false},"excerpt":{"rendered":"<p>Obr\u00e1zok snehov\u00fdch vlo\u010diek na tejto magnetickej ihelni\u010dke bude nielen praktick\u00fdm pomocn\u00edkom, ale aj kr\u00e1snym doplnkom. U\u017e nikdy viac streten\u00e1 ihla \u010di h\u013eadanie no\u017en\u00edc. V\u0161etko ostane pr\u00e1ve tam, kde potrebujete. Pevn\u00fd magnet udr\u017e\u00ed va\u0161e ihly na mieste a kr\u00e1sny obr\u00e1zok pote\u0161\u00ed v\u00e1\u0161 poh\u013ead.<\/p>\n","protected":false},"featured_media":301,"comment_status":"closed","ping_status":"closed","template":"","meta":{"_uag_custom_page_level_css":"","ngg_post_thumbnail":0},"product_cat":[87,92,93],"product_tag":[81,70],"aioseo_notices":[],"featured_image_urls":{"full":["https:\/\/www.megastitch.eu\/wp-content\/uploads\/2019\/02\/46.jpg",415,415,false],"thumbnail":["https:\/\/www.megastitch.eu\/wp-content\/uploads\/2019\/02\/46-150x150.jpg",150,150,true],"medium":["https:\/\/www.megastitch.eu\/wp-content\/uploads\/2019\/02\/46-300x300.jpg",300,300,true],"medium_large":["https:\/\/www.megastitch.eu\/wp-content\/uploads\/2019\/02\/46.jpg",415,415,false],"large":["https:\/\/www.megastitch.eu\/wp-content\/uploads\/2019\/02\/46.jpg",415,415,false],"1536x1536":["https:\/\/www.megastitch.eu\/wp-content\/uploads\/2019\/02\/46.jpg",415,415,false],"2048x2048":["https:\/\/www.megastitch.eu\/wp-content\/uploads\/2019\/02\/46.jpg",415,415,false],"ultp_layout_landscape_large":["https:\/\/www.megastitch.eu\/wp-content\/uploads\/2019\/02\/46.jpg",415,415,false],"ultp_layout_landscape":["https:\/\/www.megastitch.eu\/wp-content\/uploads\/2019\/02\/46.jpg",415,415,false],"ultp_layout_portrait":["https:\/\/www.megastitch.eu\/wp-content\/uploads\/2019\/02\/46.jpg",415,415,false],"ultp_layout_square":["https:\/\/www.megastitch.eu\/wp-content\/uploads\/2019\/02\/46.jpg",415,415,false],"molla_post-grid":["https:\/\/www.megastitch.eu\/wp-content\/uploads\/2019\/02\/46.jpg",267,267,false],"woocommerce_thumbnail":["https:\/\/www.megastitch.eu\/wp-content\/uploads\/2019\/02\/46-300x300.jpg",300,300,true],"woocommerce_single":["https:\/\/www.megastitch.eu\/wp-content\/uploads\/2019\/02\/46.jpg",415,415,false],"woocommerce_gallery_thumbnail":["https:\/\/www.megastitch.eu\/wp-content\/uploads\/2019\/02\/46-100x100.jpg",100,100,true]},"post_excerpt_stackable":"<p>Obr\u00e1zok snehov\u00fdch vlo\u010diek na tejto magnetickej ihelni\u010dke bude nielen praktick\u00fdm pomocn\u00edkom, ale aj kr\u00e1snym doplnkom. U\u017e nikdy viac streten\u00e1 ihla \u010di h\u013eadanie no\u017en\u00edc. V\u0161etko ostane pr\u00e1ve tam, kde potrebujete. Pevn\u00fd magnet udr\u017e\u00ed va\u0161e ihly na mieste a kr\u00e1sny obr\u00e1zok pote\u0161\u00ed v\u00e1\u0161 poh\u013ead.<\/p>\n","category_list":"","author_info":{"name":"","url":""},"comments_num":"0 comments","featured_image_urls_v2":{"full":["https:\/\/www.megastitch.eu\/wp-content\/uploads\/2019\/02\/46.jpg",415,415,false],"thumbnail":["https:\/\/www.megastitch.eu\/wp-content\/uploads\/2019\/02\/46-150x150.jpg",150,150,true],"medium":["https:\/\/www.megastitch.eu\/wp-content\/uploads\/2019\/02\/46-300x300.jpg",300,300,true],"medium_large":["https:\/\/www.megastitch.eu\/wp-content\/uploads\/2019\/02\/46.jpg",415,415,false],"large":["https:\/\/www.megastitch.eu\/wp-content\/uploads\/2019\/02\/46.jpg",415,415,false],"1536x1536":["https:\/\/www.megastitch.eu\/wp-content\/uploads\/2019\/02\/46.jpg",415,415,false],"2048x2048":["https:\/\/www.megastitch.eu\/wp-content\/uploads\/2019\/02\/46.jpg",415,415,false],"ultp_layout_landscape_large":["https:\/\/www.megastitch.eu\/wp-content\/uploads\/2019\/02\/46.jpg",415,415,false],"ultp_layout_landscape":["https:\/\/www.megastitch.eu\/wp-content\/uploads\/2019\/02\/46.jpg",415,415,false],"ultp_layout_portrait":["https:\/\/www.megastitch.eu\/wp-content\/uploads\/2019\/02\/46.jpg",415,415,false],"ultp_layout_square":["https:\/\/www.megastitch.eu\/wp-content\/uploads\/2019\/02\/46.jpg",415,415,false],"molla_post-grid":["https:\/\/www.megastitch.eu\/wp-content\/uploads\/2019\/02\/46.jpg",267,267,false],"woocommerce_thumbnail":["https:\/\/www.megastitch.eu\/wp-content\/uploads\/2019\/02\/46-300x300.jpg",300,300,true],"woocommerce_single":["https:\/\/www.megastitch.eu\/wp-content\/uploads\/2019\/02\/46.jpg",415,415,false],"woocommerce_gallery_thumbnail":["https:\/\/www.megastitch.eu\/wp-content\/uploads\/2019\/02\/46-100x100.jpg",100,100,true]},"post_excerpt_stackable_v2":"<p>Obr\u00e1zok snehov\u00fdch vlo\u010diek na tejto magnetickej ihelni\u010dke bude nielen praktick\u00fdm pomocn\u00edkom, ale aj kr\u00e1snym doplnkom. U\u017e nikdy viac streten\u00e1 ihla \u010di h\u013eadanie no\u017en\u00edc. V\u0161etko ostane pr\u00e1ve tam, kde potrebujete. Pevn\u00fd magnet udr\u017e\u00ed va\u0161e ihly na mieste a kr\u00e1sny obr\u00e1zok pote\u0161\u00ed v\u00e1\u0161 poh\u013ead.<\/p>\n","category_list_v2":"","author_info_v2":{"name":"","url":""},"comments_num_v2":"0 comments","uagb_featured_image_src":{"full":["https:\/\/www.megastitch.eu\/wp-content\/uploads\/2019\/02\/46.jpg",415,415,false],"thumbnail":["https:\/\/www.megastitch.eu\/wp-content\/uploads\/2019\/02\/46-150x150.jpg",150,150,true],"medium":["https:\/\/www.megastitch.eu\/wp-content\/uploads\/2019\/02\/46-300x300.jpg",300,300,true],"medium_large":["https:\/\/www.megastitch.eu\/wp-content\/uploads\/2019\/02\/46.jpg",415,415,false],"large":["https:\/\/www.megastitch.eu\/wp-content\/uploads\/2019\/02\/46.jpg",415,415,false],"1536x1536":["https:\/\/www.megastitch.eu\/wp-content\/uploads\/2019\/02\/46.jpg",415,415,false],"2048x2048":["https:\/\/www.megastitch.eu\/wp-content\/uploads\/2019\/02\/46.jpg",415,415,false],"ultp_layout_landscape_large":["https:\/\/www.megastitch.eu\/wp-content\/uploads\/2019\/02\/46.jpg",415,415,false],"ultp_layout_landscape":["https:\/\/www.megastitch.eu\/wp-content\/uploads\/2019\/02\/46.jpg",415,415,false],"ultp_layout_portrait":["https:\/\/www.megastitch.eu\/wp-content\/uploads\/2019\/02\/46.jpg",415,415,false],"ultp_layout_square":["https:\/\/www.megastitch.eu\/wp-content\/uploads\/2019\/02\/46.jpg",415,415,false],"molla_post-grid":["https:\/\/www.megastitch.eu\/wp-content\/uploads\/2019\/02\/46.jpg",267,267,false],"woocommerce_thumbnail":["https:\/\/www.megastitch.eu\/wp-content\/uploads\/2019\/02\/46-300x300.jpg",300,300,true],"woocommerce_single":["https:\/\/www.megastitch.eu\/wp-content\/uploads\/2019\/02\/46.jpg",415,415,false],"woocommerce_gallery_thumbnail":["https:\/\/www.megastitch.eu\/wp-content\/uploads\/2019\/02\/46-100x100.jpg",100,100,true]},"uagb_author_info":{"display_name":"Ludmila Mikusikova","author_link":"https:\/\/www.megastitch.eu\/cs\/author\/"},"uagb_comment_info":0,"uagb_excerpt":"Obr\u00e1zok snehov\u00fdch vlo\u010diek na tejto magnetickej ihelni\u010dke bude nielen praktick\u00fdm pomocn\u00edkom, ale aj kr\u00e1snym doplnkom. U\u017e nikdy viac streten\u00e1 ihla \u010di h\u013eadanie no\u017en\u00edc. V\u0161etko ostane pr\u00e1ve tam, kde potrebujete. Pevn\u00fd magnet udr\u017e\u00ed va\u0161e ihly na mieste a kr\u00e1sny obr\u00e1zok pote\u0161\u00ed v\u00e1\u0161 poh\u013ead.","_links":{"self":[{"href":"https:\/\/www.megastitch.eu\/cs\/wp-json\/wp\/v2\/product\/1604"}],"collection":[{"href":"https:\/\/www.megastitch.eu\/cs\/wp-json\/wp\/v2\/product"}],"about":[{"href":"https:\/\/www.megastitch.eu\/cs\/wp-json\/wp\/v2\/types\/product"}],"replies":[{"embeddable":true,"href":"https:\/\/www.megastitch.eu\/cs\/wp-json\/wp\/v2\/comments?post=1604"}],"wp:featuredmedia":[{"embeddable":true,"href":"https:\/\/www.megastitch.eu\/cs\/wp-json\/wp\/v2\/media\/301"}],"wp:attachment":[{"href":"https:\/\/www.megastitch.eu\/cs\/wp-json\/wp\/v2\/media?parent=1604"}],"wp:term":[{"taxonomy":"product_cat","embeddable":true,"href":"https:\/\/www.megastitch.eu\/cs\/wp-json\/wp\/v2\/product_cat?post=1604"},{"taxonomy":"product_tag","embeddable":true,"href":"https:\/\/www.megastitch.eu\/cs\/wp-json\/wp\/v2\/product_tag?post=1604"}],"curies":[{"name":"wp","href":"https:\/\/api.w.org\/{rel}","templated":true}]}}