	{"id":1605,"date":"2019-02-01T19:42:22","date_gmt":"2019-02-01T18:42:22","guid":{"rendered":"https:\/\/www.megastitch.eu\/obchod\/nezarazene\/lassie-na-brehu-reky\/"},"modified":"2019-11-17T21:22:55","modified_gmt":"2019-11-17T20:22:55","slug":"lassie-na-brehu-reky","status":"publish","type":"product","link":"https:\/\/www.megastitch.eu\/cs\/obchod\/magnetky-cs\/zvirata\/psi\/lassie-na-brehu-reky\/","title":{"rendered":"Lassie na b\u0159ehu \u0159eky"},"content":{"rendered":"<div class=\"nolwrap\"><p>Asi neexistuje \u010dlovek, ktor\u00fd nepozn\u00e1 film Lassie. V\u010faka tejto fenke svet bli\u017e\u0161ie spoznal plemeno priate\u013eskej dlhosrstej k\u00f3lie. Obr\u00e1zok tak\u00e9hoto ps\u00edka zdob\u00ed aj t\u00fato mil\u00fa magnetku na vy\u0161\u00edvanie. O va\u0161e vy\u0161\u00edvacie ihly a no\u017eni\u010dky sa postar\u00e1 kvalitn\u00fd neodymov\u00fd magnet, ktor\u00fd ich udr\u017e\u00ed pevne na mieste.<\/p>\n<\/div>","protected":false},"excerpt":{"rendered":"<p>Asi neexistuje \u010dlovek, ktor\u00fd nepozn\u00e1 film Lassie. V\u010faka tejto fenke svet bli\u017e\u0161ie spoznal plemeno priate\u013eskej dlhosrstej k\u00f3lie. Obr\u00e1zok tak\u00e9hoto ps\u00edka zdob\u00ed aj t\u00fato mil\u00fa magnetku na vy\u0161\u00edvanie. O va\u0161e vy\u0161\u00edvacie ihly a no\u017eni\u010dky sa postar\u00e1 kvalitn\u00fd neodymov\u00fd magnet, ktor\u00fd ich udr\u017e\u00ed pevne na mieste.<\/p>\n","protected":false},"featured_media":299,"comment_status":"closed","ping_status":"closed","template":"","meta":{"_uag_custom_page_level_css":"","ngg_post_thumbnail":0},"product_cat":[87,102,96],"product_tag":[],"aioseo_notices":[],"featured_image_urls":{"full":["https:\/\/www.megastitch.eu\/wp-content\/uploads\/2019\/02\/45.jpg",415,415,false],"thumbnail":["https:\/\/www.megastitch.eu\/wp-content\/uploads\/2019\/02\/45-150x150.jpg",150,150,true],"medium":["https:\/\/www.megastitch.eu\/wp-content\/uploads\/2019\/02\/45-300x300.jpg",300,300,true],"medium_large":["https:\/\/www.megastitch.eu\/wp-content\/uploads\/2019\/02\/45.jpg",415,415,false],"large":["https:\/\/www.megastitch.eu\/wp-content\/uploads\/2019\/02\/45.jpg",415,415,false],"1536x1536":["https:\/\/www.megastitch.eu\/wp-content\/uploads\/2019\/02\/45.jpg",415,415,false],"2048x2048":["https:\/\/www.megastitch.eu\/wp-content\/uploads\/2019\/02\/45.jpg",415,415,false],"ultp_layout_landscape_large":["https:\/\/www.megastitch.eu\/wp-content\/uploads\/2019\/02\/45.jpg",415,415,false],"ultp_layout_landscape":["https:\/\/www.megastitch.eu\/wp-content\/uploads\/2019\/02\/45.jpg",415,415,false],"ultp_layout_portrait":["https:\/\/www.megastitch.eu\/wp-content\/uploads\/2019\/02\/45.jpg",415,415,false],"ultp_layout_square":["https:\/\/www.megastitch.eu\/wp-content\/uploads\/2019\/02\/45.jpg",415,415,false],"molla_post-grid":["https:\/\/www.megastitch.eu\/wp-content\/uploads\/2019\/02\/45.jpg",267,267,false],"woocommerce_thumbnail":["https:\/\/www.megastitch.eu\/wp-content\/uploads\/2019\/02\/45-300x300.jpg",300,300,true],"woocommerce_single":["https:\/\/www.megastitch.eu\/wp-content\/uploads\/2019\/02\/45.jpg",415,415,false],"woocommerce_gallery_thumbnail":["https:\/\/www.megastitch.eu\/wp-content\/uploads\/2019\/02\/45-100x100.jpg",100,100,true]},"post_excerpt_stackable":"<p>Asi neexistuje \u010dlovek, ktor\u00fd nepozn\u00e1 film Lassie. V\u010faka tejto fenke svet bli\u017e\u0161ie spoznal plemeno priate\u013eskej dlhosrstej k\u00f3lie. Obr\u00e1zok tak\u00e9hoto ps\u00edka zdob\u00ed aj t\u00fato mil\u00fa magnetku na vy\u0161\u00edvanie. O va\u0161e vy\u0161\u00edvacie ihly a no\u017eni\u010dky sa postar\u00e1 kvalitn\u00fd neodymov\u00fd magnet, ktor\u00fd ich udr\u017e\u00ed pevne na mieste.<\/p>\n","category_list":"","author_info":{"name":"","url":""},"comments_num":"0 comments","featured_image_urls_v2":{"full":["https:\/\/www.megastitch.eu\/wp-content\/uploads\/2019\/02\/45.jpg",415,415,false],"thumbnail":["https:\/\/www.megastitch.eu\/wp-content\/uploads\/2019\/02\/45-150x150.jpg",150,150,true],"medium":["https:\/\/www.megastitch.eu\/wp-content\/uploads\/2019\/02\/45-300x300.jpg",300,300,true],"medium_large":["https:\/\/www.megastitch.eu\/wp-content\/uploads\/2019\/02\/45.jpg",415,415,false],"large":["https:\/\/www.megastitch.eu\/wp-content\/uploads\/2019\/02\/45.jpg",415,415,false],"1536x1536":["https:\/\/www.megastitch.eu\/wp-content\/uploads\/2019\/02\/45.jpg",415,415,false],"2048x2048":["https:\/\/www.megastitch.eu\/wp-content\/uploads\/2019\/02\/45.jpg",415,415,false],"ultp_layout_landscape_large":["https:\/\/www.megastitch.eu\/wp-content\/uploads\/2019\/02\/45.jpg",415,415,false],"ultp_layout_landscape":["https:\/\/www.megastitch.eu\/wp-content\/uploads\/2019\/02\/45.jpg",415,415,false],"ultp_layout_portrait":["https:\/\/www.megastitch.eu\/wp-content\/uploads\/2019\/02\/45.jpg",415,415,false],"ultp_layout_square":["https:\/\/www.megastitch.eu\/wp-content\/uploads\/2019\/02\/45.jpg",415,415,false],"molla_post-grid":["https:\/\/www.megastitch.eu\/wp-content\/uploads\/2019\/02\/45.jpg",267,267,false],"woocommerce_thumbnail":["https:\/\/www.megastitch.eu\/wp-content\/uploads\/2019\/02\/45-300x300.jpg",300,300,true],"woocommerce_single":["https:\/\/www.megastitch.eu\/wp-content\/uploads\/2019\/02\/45.jpg",415,415,false],"woocommerce_gallery_thumbnail":["https:\/\/www.megastitch.eu\/wp-content\/uploads\/2019\/02\/45-100x100.jpg",100,100,true]},"post_excerpt_stackable_v2":"<p>Asi neexistuje \u010dlovek, ktor\u00fd nepozn\u00e1 film Lassie. V\u010faka tejto fenke svet bli\u017e\u0161ie spoznal plemeno priate\u013eskej dlhosrstej k\u00f3lie. Obr\u00e1zok tak\u00e9hoto ps\u00edka zdob\u00ed aj t\u00fato mil\u00fa magnetku na vy\u0161\u00edvanie. O va\u0161e vy\u0161\u00edvacie ihly a no\u017eni\u010dky sa postar\u00e1 kvalitn\u00fd neodymov\u00fd magnet, ktor\u00fd ich udr\u017e\u00ed pevne na mieste.<\/p>\n","category_list_v2":"","author_info_v2":{"name":"","url":""},"comments_num_v2":"0 comments","uagb_featured_image_src":{"full":["https:\/\/www.megastitch.eu\/wp-content\/uploads\/2019\/02\/45.jpg",415,415,false],"thumbnail":["https:\/\/www.megastitch.eu\/wp-content\/uploads\/2019\/02\/45-150x150.jpg",150,150,true],"medium":["https:\/\/www.megastitch.eu\/wp-content\/uploads\/2019\/02\/45-300x300.jpg",300,300,true],"medium_large":["https:\/\/www.megastitch.eu\/wp-content\/uploads\/2019\/02\/45.jpg",415,415,false],"large":["https:\/\/www.megastitch.eu\/wp-content\/uploads\/2019\/02\/45.jpg",415,415,false],"1536x1536":["https:\/\/www.megastitch.eu\/wp-content\/uploads\/2019\/02\/45.jpg",415,415,false],"2048x2048":["https:\/\/www.megastitch.eu\/wp-content\/uploads\/2019\/02\/45.jpg",415,415,false],"ultp_layout_landscape_large":["https:\/\/www.megastitch.eu\/wp-content\/uploads\/2019\/02\/45.jpg",415,415,false],"ultp_layout_landscape":["https:\/\/www.megastitch.eu\/wp-content\/uploads\/2019\/02\/45.jpg",415,415,false],"ultp_layout_portrait":["https:\/\/www.megastitch.eu\/wp-content\/uploads\/2019\/02\/45.jpg",415,415,false],"ultp_layout_square":["https:\/\/www.megastitch.eu\/wp-content\/uploads\/2019\/02\/45.jpg",415,415,false],"molla_post-grid":["https:\/\/www.megastitch.eu\/wp-content\/uploads\/2019\/02\/45.jpg",267,267,false],"woocommerce_thumbnail":["https:\/\/www.megastitch.eu\/wp-content\/uploads\/2019\/02\/45-300x300.jpg",300,300,true],"woocommerce_single":["https:\/\/www.megastitch.eu\/wp-content\/uploads\/2019\/02\/45.jpg",415,415,false],"woocommerce_gallery_thumbnail":["https:\/\/www.megastitch.eu\/wp-content\/uploads\/2019\/02\/45-100x100.jpg",100,100,true]},"uagb_author_info":{"display_name":"Ludmila Mikusikova","author_link":"https:\/\/www.megastitch.eu\/cs\/author\/"},"uagb_comment_info":0,"uagb_excerpt":"Asi neexistuje \u010dlovek, ktor\u00fd nepozn\u00e1 film Lassie. V\u010faka tejto fenke svet bli\u017e\u0161ie spoznal plemeno priate\u013eskej dlhosrstej k\u00f3lie. Obr\u00e1zok tak\u00e9hoto ps\u00edka zdob\u00ed aj t\u00fato mil\u00fa magnetku na vy\u0161\u00edvanie. O va\u0161e vy\u0161\u00edvacie ihly a no\u017eni\u010dky sa postar\u00e1 kvalitn\u00fd neodymov\u00fd magnet, ktor\u00fd ich udr\u017e\u00ed pevne na mieste.","_links":{"self":[{"href":"https:\/\/www.megastitch.eu\/cs\/wp-json\/wp\/v2\/product\/1605"}],"collection":[{"href":"https:\/\/www.megastitch.eu\/cs\/wp-json\/wp\/v2\/product"}],"about":[{"href":"https:\/\/www.megastitch.eu\/cs\/wp-json\/wp\/v2\/types\/product"}],"replies":[{"embeddable":true,"href":"https:\/\/www.megastitch.eu\/cs\/wp-json\/wp\/v2\/comments?post=1605"}],"wp:featuredmedia":[{"embeddable":true,"href":"https:\/\/www.megastitch.eu\/cs\/wp-json\/wp\/v2\/media\/299"}],"wp:attachment":[{"href":"https:\/\/www.megastitch.eu\/cs\/wp-json\/wp\/v2\/media?parent=1605"}],"wp:term":[{"taxonomy":"product_cat","embeddable":true,"href":"https:\/\/www.megastitch.eu\/cs\/wp-json\/wp\/v2\/product_cat?post=1605"},{"taxonomy":"product_tag","embeddable":true,"href":"https:\/\/www.megastitch.eu\/cs\/wp-json\/wp\/v2\/product_tag?post=1605"}],"curies":[{"name":"wp","href":"https:\/\/api.w.org\/{rel}","templated":true}]}}