	{"id":1608,"date":"2019-02-01T19:42:22","date_gmt":"2019-02-01T18:42:22","guid":{"rendered":"https:\/\/www.megastitch.eu\/obchod\/nezarazene\/liska-vpravo-velka\/"},"modified":"2022-12-18T15:08:11","modified_gmt":"2022-12-18T14:08:11","slug":"liska-vpravo-velka","status":"publish","type":"product","link":"https:\/\/www.megastitch.eu\/cs\/obchod\/magnetky-cs\/ostatni\/liska-vpravo-velka\/","title":{"rendered":"Li\u0161ka vpravo velk\u00e1"},"content":{"rendered":"<div class=\"nolwrap\"><p>Obr\u00e1zok l\u00ed\u0161ky na tejto magnetickej ihelni\u010dke pote\u0161\u00ed ka\u017ed\u00e9ho milovn\u00edka zvierat. S\u00fdte farby obr\u00e1zka naozaj pote\u0161ia ka\u017ed\u00e9 oko. Pri vy\u0161\u00edvan\u00ed v\u00e1s zas bude te\u0161i\u0165 skuto\u010dnos\u0165, \u017ee va\u0161e ihly ako aj no\u017eni\u010dky s\u00fa pevne uchyten\u00e9 na svojom mieste pomocou kvalitn\u00e9ho neodymov\u00e9ho magnetu.<\/p>\n<\/div>","protected":false},"excerpt":{"rendered":"<p>Obr\u00e1zok l\u00ed\u0161ky na tejto magnetickej ihelni\u010dke pote\u0161\u00ed ka\u017ed\u00e9ho milovn\u00edka zvierat. S\u00fdte farby obr\u00e1zka naozaj pote\u0161ia ka\u017ed\u00e9 oko. Pri vy\u0161\u00edvan\u00ed v\u00e1s zas bude te\u0161i\u0165 skuto\u010dnos\u0165, \u017ee va\u0161e ihly ako aj no\u017eni\u010dky s\u00fa pevne uchyten\u00e9 na svojom mieste pomocou kvalitn\u00e9ho neodymov\u00e9ho magnetu.<\/p>\n","protected":false},"featured_media":293,"comment_status":"closed","ping_status":"closed","template":"","meta":{"_uag_custom_page_level_css":"","ngg_post_thumbnail":0},"product_cat":[87,93,96],"product_tag":[80],"aioseo_notices":[],"featured_image_urls":{"full":["https:\/\/www.megastitch.eu\/wp-content\/uploads\/2019\/02\/42.jpg",415,415,false],"thumbnail":["https:\/\/www.megastitch.eu\/wp-content\/uploads\/2019\/02\/42-150x150.jpg",150,150,true],"medium":["https:\/\/www.megastitch.eu\/wp-content\/uploads\/2019\/02\/42-300x300.jpg",300,300,true],"medium_large":["https:\/\/www.megastitch.eu\/wp-content\/uploads\/2019\/02\/42.jpg",415,415,false],"large":["https:\/\/www.megastitch.eu\/wp-content\/uploads\/2019\/02\/42.jpg",415,415,false],"1536x1536":["https:\/\/www.megastitch.eu\/wp-content\/uploads\/2019\/02\/42.jpg",415,415,false],"2048x2048":["https:\/\/www.megastitch.eu\/wp-content\/uploads\/2019\/02\/42.jpg",415,415,false],"ultp_layout_landscape_large":["https:\/\/www.megastitch.eu\/wp-content\/uploads\/2019\/02\/42.jpg",415,415,false],"ultp_layout_landscape":["https:\/\/www.megastitch.eu\/wp-content\/uploads\/2019\/02\/42.jpg",415,415,false],"ultp_layout_portrait":["https:\/\/www.megastitch.eu\/wp-content\/uploads\/2019\/02\/42.jpg",415,415,false],"ultp_layout_square":["https:\/\/www.megastitch.eu\/wp-content\/uploads\/2019\/02\/42.jpg",415,415,false],"molla_post-grid":["https:\/\/www.megastitch.eu\/wp-content\/uploads\/2019\/02\/42.jpg",267,267,false],"woocommerce_thumbnail":["https:\/\/www.megastitch.eu\/wp-content\/uploads\/2019\/02\/42-300x300.jpg",300,300,true],"woocommerce_single":["https:\/\/www.megastitch.eu\/wp-content\/uploads\/2019\/02\/42.jpg",415,415,false],"woocommerce_gallery_thumbnail":["https:\/\/www.megastitch.eu\/wp-content\/uploads\/2019\/02\/42-100x100.jpg",100,100,true]},"post_excerpt_stackable":"<p>Obr\u00e1zok l\u00ed\u0161ky na tejto magnetickej ihelni\u010dke pote\u0161\u00ed ka\u017ed\u00e9ho milovn\u00edka zvierat. S\u00fdte farby obr\u00e1zka naozaj pote\u0161ia ka\u017ed\u00e9 oko. Pri vy\u0161\u00edvan\u00ed v\u00e1s zas bude te\u0161i\u0165 skuto\u010dnos\u0165, \u017ee va\u0161e ihly ako aj no\u017eni\u010dky s\u00fa pevne uchyten\u00e9 na svojom mieste pomocou kvalitn\u00e9ho neodymov\u00e9ho magnetu.<\/p>\n","category_list":"","author_info":{"name":"","url":""},"comments_num":"0 comments","featured_image_urls_v2":{"full":["https:\/\/www.megastitch.eu\/wp-content\/uploads\/2019\/02\/42.jpg",415,415,false],"thumbnail":["https:\/\/www.megastitch.eu\/wp-content\/uploads\/2019\/02\/42-150x150.jpg",150,150,true],"medium":["https:\/\/www.megastitch.eu\/wp-content\/uploads\/2019\/02\/42-300x300.jpg",300,300,true],"medium_large":["https:\/\/www.megastitch.eu\/wp-content\/uploads\/2019\/02\/42.jpg",415,415,false],"large":["https:\/\/www.megastitch.eu\/wp-content\/uploads\/2019\/02\/42.jpg",415,415,false],"1536x1536":["https:\/\/www.megastitch.eu\/wp-content\/uploads\/2019\/02\/42.jpg",415,415,false],"2048x2048":["https:\/\/www.megastitch.eu\/wp-content\/uploads\/2019\/02\/42.jpg",415,415,false],"ultp_layout_landscape_large":["https:\/\/www.megastitch.eu\/wp-content\/uploads\/2019\/02\/42.jpg",415,415,false],"ultp_layout_landscape":["https:\/\/www.megastitch.eu\/wp-content\/uploads\/2019\/02\/42.jpg",415,415,false],"ultp_layout_portrait":["https:\/\/www.megastitch.eu\/wp-content\/uploads\/2019\/02\/42.jpg",415,415,false],"ultp_layout_square":["https:\/\/www.megastitch.eu\/wp-content\/uploads\/2019\/02\/42.jpg",415,415,false],"molla_post-grid":["https:\/\/www.megastitch.eu\/wp-content\/uploads\/2019\/02\/42.jpg",267,267,false],"woocommerce_thumbnail":["https:\/\/www.megastitch.eu\/wp-content\/uploads\/2019\/02\/42-300x300.jpg",300,300,true],"woocommerce_single":["https:\/\/www.megastitch.eu\/wp-content\/uploads\/2019\/02\/42.jpg",415,415,false],"woocommerce_gallery_thumbnail":["https:\/\/www.megastitch.eu\/wp-content\/uploads\/2019\/02\/42-100x100.jpg",100,100,true]},"post_excerpt_stackable_v2":"<p>Obr\u00e1zok l\u00ed\u0161ky na tejto magnetickej ihelni\u010dke pote\u0161\u00ed ka\u017ed\u00e9ho milovn\u00edka zvierat. S\u00fdte farby obr\u00e1zka naozaj pote\u0161ia ka\u017ed\u00e9 oko. Pri vy\u0161\u00edvan\u00ed v\u00e1s zas bude te\u0161i\u0165 skuto\u010dnos\u0165, \u017ee va\u0161e ihly ako aj no\u017eni\u010dky s\u00fa pevne uchyten\u00e9 na svojom mieste pomocou kvalitn\u00e9ho neodymov\u00e9ho magnetu.<\/p>\n","category_list_v2":"","author_info_v2":{"name":"","url":""},"comments_num_v2":"0 comments","uagb_featured_image_src":{"full":["https:\/\/www.megastitch.eu\/wp-content\/uploads\/2019\/02\/42.jpg",415,415,false],"thumbnail":["https:\/\/www.megastitch.eu\/wp-content\/uploads\/2019\/02\/42-150x150.jpg",150,150,true],"medium":["https:\/\/www.megastitch.eu\/wp-content\/uploads\/2019\/02\/42-300x300.jpg",300,300,true],"medium_large":["https:\/\/www.megastitch.eu\/wp-content\/uploads\/2019\/02\/42.jpg",415,415,false],"large":["https:\/\/www.megastitch.eu\/wp-content\/uploads\/2019\/02\/42.jpg",415,415,false],"1536x1536":["https:\/\/www.megastitch.eu\/wp-content\/uploads\/2019\/02\/42.jpg",415,415,false],"2048x2048":["https:\/\/www.megastitch.eu\/wp-content\/uploads\/2019\/02\/42.jpg",415,415,false],"ultp_layout_landscape_large":["https:\/\/www.megastitch.eu\/wp-content\/uploads\/2019\/02\/42.jpg",415,415,false],"ultp_layout_landscape":["https:\/\/www.megastitch.eu\/wp-content\/uploads\/2019\/02\/42.jpg",415,415,false],"ultp_layout_portrait":["https:\/\/www.megastitch.eu\/wp-content\/uploads\/2019\/02\/42.jpg",415,415,false],"ultp_layout_square":["https:\/\/www.megastitch.eu\/wp-content\/uploads\/2019\/02\/42.jpg",415,415,false],"molla_post-grid":["https:\/\/www.megastitch.eu\/wp-content\/uploads\/2019\/02\/42.jpg",267,267,false],"woocommerce_thumbnail":["https:\/\/www.megastitch.eu\/wp-content\/uploads\/2019\/02\/42-300x300.jpg",300,300,true],"woocommerce_single":["https:\/\/www.megastitch.eu\/wp-content\/uploads\/2019\/02\/42.jpg",415,415,false],"woocommerce_gallery_thumbnail":["https:\/\/www.megastitch.eu\/wp-content\/uploads\/2019\/02\/42-100x100.jpg",100,100,true]},"uagb_author_info":{"display_name":"Ludmila Mikusikova","author_link":"https:\/\/www.megastitch.eu\/cs\/author\/"},"uagb_comment_info":0,"uagb_excerpt":"Obr\u00e1zok l\u00ed\u0161ky na tejto magnetickej ihelni\u010dke pote\u0161\u00ed ka\u017ed\u00e9ho milovn\u00edka zvierat. S\u00fdte farby obr\u00e1zka naozaj pote\u0161ia ka\u017ed\u00e9 oko. Pri vy\u0161\u00edvan\u00ed v\u00e1s zas bude te\u0161i\u0165 skuto\u010dnos\u0165, \u017ee va\u0161e ihly ako aj no\u017eni\u010dky s\u00fa pevne uchyten\u00e9 na svojom mieste pomocou kvalitn\u00e9ho neodymov\u00e9ho magnetu.","_links":{"self":[{"href":"https:\/\/www.megastitch.eu\/cs\/wp-json\/wp\/v2\/product\/1608"}],"collection":[{"href":"https:\/\/www.megastitch.eu\/cs\/wp-json\/wp\/v2\/product"}],"about":[{"href":"https:\/\/www.megastitch.eu\/cs\/wp-json\/wp\/v2\/types\/product"}],"replies":[{"embeddable":true,"href":"https:\/\/www.megastitch.eu\/cs\/wp-json\/wp\/v2\/comments?post=1608"}],"wp:featuredmedia":[{"embeddable":true,"href":"https:\/\/www.megastitch.eu\/cs\/wp-json\/wp\/v2\/media\/293"}],"wp:attachment":[{"href":"https:\/\/www.megastitch.eu\/cs\/wp-json\/wp\/v2\/media?parent=1608"}],"wp:term":[{"taxonomy":"product_cat","embeddable":true,"href":"https:\/\/www.megastitch.eu\/cs\/wp-json\/wp\/v2\/product_cat?post=1608"},{"taxonomy":"product_tag","embeddable":true,"href":"https:\/\/www.megastitch.eu\/cs\/wp-json\/wp\/v2\/product_tag?post=1608"}],"curies":[{"name":"wp","href":"https:\/\/api.w.org\/{rel}","templated":true}]}}