	{"id":1613,"date":"2019-02-01T19:42:18","date_gmt":"2019-02-01T18:42:18","guid":{"rendered":"https:\/\/www.megastitch.eu\/obchod\/nezarazene\/pavuciny-ve-slunecnim-svitu\/"},"modified":"2019-11-21T23:22:50","modified_gmt":"2019-11-21T22:22:50","slug":"pavuciny-ve-slunecnim-svitu","status":"publish","type":"product","link":"https:\/\/www.megastitch.eu\/cs\/obchod\/magnetky-cs\/fotograficke-cs\/pavuciny-ve-slunecnim-svitu\/","title":{"rendered":"Pavu\u010diny ve slune\u010dn\u00edm svitu"},"content":{"rendered":"<div class=\"nolwrap\"><p>Slne\u010dn\u00e9 l\u00fa\u010de odr\u00e1\u017eaj\u00face sa v pavu\u010dine akoby v\u00e1s preniesly do krajiny snov a fant\u00e1zie. Jemn\u00e9 tlmen\u00e9 farby tento pocit len pod\u010diarkuj\u00fa. Oddajte sa sneniu. O va\u0161e vy\u0161\u00edvacie ihly a no\u017eni\u010dky sa postar\u00e1 kvalitn\u00fd neodymov\u00fd magnet, ktor\u00fd ich udr\u017e\u00ed pevne na svojom mieste.<\/p>\n<\/div>","protected":false},"excerpt":{"rendered":"<p>Slne\u010dn\u00e9 l\u00fa\u010de odr\u00e1\u017eaj\u00face sa v pavu\u010dine akoby v\u00e1s preniesly do krajiny snov a fant\u00e1zie. Jemn\u00e9 tlmen\u00e9 farby tento pocit len pod\u010diarkuj\u00fa. Oddajte sa sneniu. O va\u0161e vy\u0161\u00edvacie ihly a no\u017eni\u010dky sa postar\u00e1 kvalitn\u00fd neodymov\u00fd magnet, ktor\u00fd ich udr\u017e\u00ed pevne na svojom mieste.<\/p>\n","protected":false},"featured_media":283,"comment_status":"closed","ping_status":"closed","template":"","meta":{"_uag_custom_page_level_css":"","ngg_post_thumbnail":0},"product_cat":[91,87,93],"product_tag":[81],"aioseo_notices":[],"featured_image_urls":{"full":["https:\/\/www.megastitch.eu\/wp-content\/uploads\/2019\/02\/37.jpg",415,415,false],"thumbnail":["https:\/\/www.megastitch.eu\/wp-content\/uploads\/2019\/02\/37-150x150.jpg",150,150,true],"medium":["https:\/\/www.megastitch.eu\/wp-content\/uploads\/2019\/02\/37-300x300.jpg",300,300,true],"medium_large":["https:\/\/www.megastitch.eu\/wp-content\/uploads\/2019\/02\/37.jpg",415,415,false],"large":["https:\/\/www.megastitch.eu\/wp-content\/uploads\/2019\/02\/37.jpg",415,415,false],"1536x1536":["https:\/\/www.megastitch.eu\/wp-content\/uploads\/2019\/02\/37.jpg",415,415,false],"2048x2048":["https:\/\/www.megastitch.eu\/wp-content\/uploads\/2019\/02\/37.jpg",415,415,false],"ultp_layout_landscape_large":["https:\/\/www.megastitch.eu\/wp-content\/uploads\/2019\/02\/37.jpg",415,415,false],"ultp_layout_landscape":["https:\/\/www.megastitch.eu\/wp-content\/uploads\/2019\/02\/37.jpg",415,415,false],"ultp_layout_portrait":["https:\/\/www.megastitch.eu\/wp-content\/uploads\/2019\/02\/37.jpg",415,415,false],"ultp_layout_square":["https:\/\/www.megastitch.eu\/wp-content\/uploads\/2019\/02\/37.jpg",415,415,false],"molla_post-grid":["https:\/\/www.megastitch.eu\/wp-content\/uploads\/2019\/02\/37.jpg",267,267,false],"woocommerce_thumbnail":["https:\/\/www.megastitch.eu\/wp-content\/uploads\/2019\/02\/37-300x300.jpg",300,300,true],"woocommerce_single":["https:\/\/www.megastitch.eu\/wp-content\/uploads\/2019\/02\/37.jpg",415,415,false],"woocommerce_gallery_thumbnail":["https:\/\/www.megastitch.eu\/wp-content\/uploads\/2019\/02\/37-100x100.jpg",100,100,true]},"post_excerpt_stackable":"<p>Slne\u010dn\u00e9 l\u00fa\u010de odr\u00e1\u017eaj\u00face sa v pavu\u010dine akoby v\u00e1s preniesly do krajiny snov a fant\u00e1zie. Jemn\u00e9 tlmen\u00e9 farby tento pocit len pod\u010diarkuj\u00fa. Oddajte sa sneniu. O va\u0161e vy\u0161\u00edvacie ihly a no\u017eni\u010dky sa postar\u00e1 kvalitn\u00fd neodymov\u00fd magnet, ktor\u00fd ich udr\u017e\u00ed pevne na svojom mieste.<\/p>\n","category_list":"","author_info":{"name":"","url":""},"comments_num":"0 comments","featured_image_urls_v2":{"full":["https:\/\/www.megastitch.eu\/wp-content\/uploads\/2019\/02\/37.jpg",415,415,false],"thumbnail":["https:\/\/www.megastitch.eu\/wp-content\/uploads\/2019\/02\/37-150x150.jpg",150,150,true],"medium":["https:\/\/www.megastitch.eu\/wp-content\/uploads\/2019\/02\/37-300x300.jpg",300,300,true],"medium_large":["https:\/\/www.megastitch.eu\/wp-content\/uploads\/2019\/02\/37.jpg",415,415,false],"large":["https:\/\/www.megastitch.eu\/wp-content\/uploads\/2019\/02\/37.jpg",415,415,false],"1536x1536":["https:\/\/www.megastitch.eu\/wp-content\/uploads\/2019\/02\/37.jpg",415,415,false],"2048x2048":["https:\/\/www.megastitch.eu\/wp-content\/uploads\/2019\/02\/37.jpg",415,415,false],"ultp_layout_landscape_large":["https:\/\/www.megastitch.eu\/wp-content\/uploads\/2019\/02\/37.jpg",415,415,false],"ultp_layout_landscape":["https:\/\/www.megastitch.eu\/wp-content\/uploads\/2019\/02\/37.jpg",415,415,false],"ultp_layout_portrait":["https:\/\/www.megastitch.eu\/wp-content\/uploads\/2019\/02\/37.jpg",415,415,false],"ultp_layout_square":["https:\/\/www.megastitch.eu\/wp-content\/uploads\/2019\/02\/37.jpg",415,415,false],"molla_post-grid":["https:\/\/www.megastitch.eu\/wp-content\/uploads\/2019\/02\/37.jpg",267,267,false],"woocommerce_thumbnail":["https:\/\/www.megastitch.eu\/wp-content\/uploads\/2019\/02\/37-300x300.jpg",300,300,true],"woocommerce_single":["https:\/\/www.megastitch.eu\/wp-content\/uploads\/2019\/02\/37.jpg",415,415,false],"woocommerce_gallery_thumbnail":["https:\/\/www.megastitch.eu\/wp-content\/uploads\/2019\/02\/37-100x100.jpg",100,100,true]},"post_excerpt_stackable_v2":"<p>Slne\u010dn\u00e9 l\u00fa\u010de odr\u00e1\u017eaj\u00face sa v pavu\u010dine akoby v\u00e1s preniesly do krajiny snov a fant\u00e1zie. Jemn\u00e9 tlmen\u00e9 farby tento pocit len pod\u010diarkuj\u00fa. Oddajte sa sneniu. O va\u0161e vy\u0161\u00edvacie ihly a no\u017eni\u010dky sa postar\u00e1 kvalitn\u00fd neodymov\u00fd magnet, ktor\u00fd ich udr\u017e\u00ed pevne na svojom mieste.<\/p>\n","category_list_v2":"","author_info_v2":{"name":"","url":""},"comments_num_v2":"0 comments","uagb_featured_image_src":{"full":["https:\/\/www.megastitch.eu\/wp-content\/uploads\/2019\/02\/37.jpg",415,415,false],"thumbnail":["https:\/\/www.megastitch.eu\/wp-content\/uploads\/2019\/02\/37-150x150.jpg",150,150,true],"medium":["https:\/\/www.megastitch.eu\/wp-content\/uploads\/2019\/02\/37-300x300.jpg",300,300,true],"medium_large":["https:\/\/www.megastitch.eu\/wp-content\/uploads\/2019\/02\/37.jpg",415,415,false],"large":["https:\/\/www.megastitch.eu\/wp-content\/uploads\/2019\/02\/37.jpg",415,415,false],"1536x1536":["https:\/\/www.megastitch.eu\/wp-content\/uploads\/2019\/02\/37.jpg",415,415,false],"2048x2048":["https:\/\/www.megastitch.eu\/wp-content\/uploads\/2019\/02\/37.jpg",415,415,false],"ultp_layout_landscape_large":["https:\/\/www.megastitch.eu\/wp-content\/uploads\/2019\/02\/37.jpg",415,415,false],"ultp_layout_landscape":["https:\/\/www.megastitch.eu\/wp-content\/uploads\/2019\/02\/37.jpg",415,415,false],"ultp_layout_portrait":["https:\/\/www.megastitch.eu\/wp-content\/uploads\/2019\/02\/37.jpg",415,415,false],"ultp_layout_square":["https:\/\/www.megastitch.eu\/wp-content\/uploads\/2019\/02\/37.jpg",415,415,false],"molla_post-grid":["https:\/\/www.megastitch.eu\/wp-content\/uploads\/2019\/02\/37.jpg",267,267,false],"woocommerce_thumbnail":["https:\/\/www.megastitch.eu\/wp-content\/uploads\/2019\/02\/37-300x300.jpg",300,300,true],"woocommerce_single":["https:\/\/www.megastitch.eu\/wp-content\/uploads\/2019\/02\/37.jpg",415,415,false],"woocommerce_gallery_thumbnail":["https:\/\/www.megastitch.eu\/wp-content\/uploads\/2019\/02\/37-100x100.jpg",100,100,true]},"uagb_author_info":{"display_name":"Ludmila Mikusikova","author_link":"https:\/\/www.megastitch.eu\/cs\/author\/"},"uagb_comment_info":0,"uagb_excerpt":"Slne\u010dn\u00e9 l\u00fa\u010de odr\u00e1\u017eaj\u00face sa v pavu\u010dine akoby v\u00e1s preniesly do krajiny snov a fant\u00e1zie. Jemn\u00e9 tlmen\u00e9 farby tento pocit len pod\u010diarkuj\u00fa. Oddajte sa sneniu. O va\u0161e vy\u0161\u00edvacie ihly a no\u017eni\u010dky sa postar\u00e1 kvalitn\u00fd neodymov\u00fd magnet, ktor\u00fd ich udr\u017e\u00ed pevne na svojom mieste.","_links":{"self":[{"href":"https:\/\/www.megastitch.eu\/cs\/wp-json\/wp\/v2\/product\/1613"}],"collection":[{"href":"https:\/\/www.megastitch.eu\/cs\/wp-json\/wp\/v2\/product"}],"about":[{"href":"https:\/\/www.megastitch.eu\/cs\/wp-json\/wp\/v2\/types\/product"}],"replies":[{"embeddable":true,"href":"https:\/\/www.megastitch.eu\/cs\/wp-json\/wp\/v2\/comments?post=1613"}],"wp:featuredmedia":[{"embeddable":true,"href":"https:\/\/www.megastitch.eu\/cs\/wp-json\/wp\/v2\/media\/283"}],"wp:attachment":[{"href":"https:\/\/www.megastitch.eu\/cs\/wp-json\/wp\/v2\/media?parent=1613"}],"wp:term":[{"taxonomy":"product_cat","embeddable":true,"href":"https:\/\/www.megastitch.eu\/cs\/wp-json\/wp\/v2\/product_cat?post=1613"},{"taxonomy":"product_tag","embeddable":true,"href":"https:\/\/www.megastitch.eu\/cs\/wp-json\/wp\/v2\/product_tag?post=1613"}],"curies":[{"name":"wp","href":"https:\/\/api.w.org\/{rel}","templated":true}]}}