	{"id":1614,"date":"2019-02-01T19:42:18","date_gmt":"2019-02-01T18:42:18","guid":{"rendered":"https:\/\/www.megastitch.eu\/obchod\/nezarazene\/cernobila-lvi-hlava\/"},"modified":"2022-12-18T15:08:07","modified_gmt":"2022-12-18T14:08:07","slug":"cernobila-lvi-hlava","status":"publish","type":"product","link":"https:\/\/www.megastitch.eu\/cs\/obchod\/magnetky-cs\/zvirata\/selmy-cs\/cernobila-lvi-hlava\/","title":{"rendered":"\u010cernob\u00edl\u00e1 lv\u00ed hlava"},"content":{"rendered":"<div class=\"nolwrap\"><p>Lev na tejto magnetke p\u00f4sob\u00ed pokojne, no aj napriek tomu z neho vy\u017earuje sila, ktorou tieto \u0161elmy opl\u00fdvaj\u00fa. Podobn\u00fa silu m\u00e1 aj neodymov\u00fd magnet, pou\u017eit\u00fd v tejto magnetickej ihelni\u010dke. Va\u0161e ihly udr\u017e\u00ed pevne na svojom mieste a vy sa m\u00f4\u017eete venova\u0165 svojej v\u00fd\u0161ivke ako aj kochaniu sa obr\u00e1zkom tohto leva.<\/p>\n<\/div>","protected":false},"excerpt":{"rendered":"<p>Lev na tejto magnetke p\u00f4sob\u00ed pokojne, no aj napriek tomu z neho vy\u017earuje sila, ktorou tieto \u0161elmy opl\u00fdvaj\u00fa. Podobn\u00fa silu m\u00e1 aj neodymov\u00fd magnet, pou\u017eit\u00fd v tejto magnetickej ihelni\u010dke. Va\u0161e ihly udr\u017e\u00ed pevne na svojom mieste a vy sa m\u00f4\u017eete venova\u0165 svojej v\u00fd\u0161ivke ako aj kochaniu sa obr\u00e1zkom tohto leva.<\/p>\n","protected":false},"featured_media":281,"comment_status":"closed","ping_status":"closed","template":"","meta":{"_uag_custom_page_level_css":"","ngg_post_thumbnail":0},"product_cat":[91,87,105,96],"product_tag":[80],"aioseo_notices":[],"featured_image_urls":{"full":["https:\/\/www.megastitch.eu\/wp-content\/uploads\/2019\/02\/36.jpg",415,415,false],"thumbnail":["https:\/\/www.megastitch.eu\/wp-content\/uploads\/2019\/02\/36-150x150.jpg",150,150,true],"medium":["https:\/\/www.megastitch.eu\/wp-content\/uploads\/2019\/02\/36-300x300.jpg",300,300,true],"medium_large":["https:\/\/www.megastitch.eu\/wp-content\/uploads\/2019\/02\/36.jpg",415,415,false],"large":["https:\/\/www.megastitch.eu\/wp-content\/uploads\/2019\/02\/36.jpg",415,415,false],"1536x1536":["https:\/\/www.megastitch.eu\/wp-content\/uploads\/2019\/02\/36.jpg",415,415,false],"2048x2048":["https:\/\/www.megastitch.eu\/wp-content\/uploads\/2019\/02\/36.jpg",415,415,false],"ultp_layout_landscape_large":["https:\/\/www.megastitch.eu\/wp-content\/uploads\/2019\/02\/36.jpg",415,415,false],"ultp_layout_landscape":["https:\/\/www.megastitch.eu\/wp-content\/uploads\/2019\/02\/36.jpg",415,415,false],"ultp_layout_portrait":["https:\/\/www.megastitch.eu\/wp-content\/uploads\/2019\/02\/36.jpg",415,415,false],"ultp_layout_square":["https:\/\/www.megastitch.eu\/wp-content\/uploads\/2019\/02\/36.jpg",415,415,false],"molla_post-grid":["https:\/\/www.megastitch.eu\/wp-content\/uploads\/2019\/02\/36.jpg",267,267,false],"woocommerce_thumbnail":["https:\/\/www.megastitch.eu\/wp-content\/uploads\/2019\/02\/36-300x300.jpg",300,300,true],"woocommerce_single":["https:\/\/www.megastitch.eu\/wp-content\/uploads\/2019\/02\/36.jpg",415,415,false],"woocommerce_gallery_thumbnail":["https:\/\/www.megastitch.eu\/wp-content\/uploads\/2019\/02\/36-100x100.jpg",100,100,true]},"post_excerpt_stackable":"<p>Lev na tejto magnetke p\u00f4sob\u00ed pokojne, no aj napriek tomu z neho vy\u017earuje sila, ktorou tieto \u0161elmy opl\u00fdvaj\u00fa. Podobn\u00fa silu m\u00e1 aj neodymov\u00fd magnet, pou\u017eit\u00fd v tejto magnetickej ihelni\u010dke. Va\u0161e ihly udr\u017e\u00ed pevne na svojom mieste a vy sa m\u00f4\u017eete venova\u0165 svojej v\u00fd\u0161ivke ako aj kochaniu sa obr\u00e1zkom tohto leva.<\/p>\n","category_list":"","author_info":{"name":"","url":""},"comments_num":"0 comments","featured_image_urls_v2":{"full":["https:\/\/www.megastitch.eu\/wp-content\/uploads\/2019\/02\/36.jpg",415,415,false],"thumbnail":["https:\/\/www.megastitch.eu\/wp-content\/uploads\/2019\/02\/36-150x150.jpg",150,150,true],"medium":["https:\/\/www.megastitch.eu\/wp-content\/uploads\/2019\/02\/36-300x300.jpg",300,300,true],"medium_large":["https:\/\/www.megastitch.eu\/wp-content\/uploads\/2019\/02\/36.jpg",415,415,false],"large":["https:\/\/www.megastitch.eu\/wp-content\/uploads\/2019\/02\/36.jpg",415,415,false],"1536x1536":["https:\/\/www.megastitch.eu\/wp-content\/uploads\/2019\/02\/36.jpg",415,415,false],"2048x2048":["https:\/\/www.megastitch.eu\/wp-content\/uploads\/2019\/02\/36.jpg",415,415,false],"ultp_layout_landscape_large":["https:\/\/www.megastitch.eu\/wp-content\/uploads\/2019\/02\/36.jpg",415,415,false],"ultp_layout_landscape":["https:\/\/www.megastitch.eu\/wp-content\/uploads\/2019\/02\/36.jpg",415,415,false],"ultp_layout_portrait":["https:\/\/www.megastitch.eu\/wp-content\/uploads\/2019\/02\/36.jpg",415,415,false],"ultp_layout_square":["https:\/\/www.megastitch.eu\/wp-content\/uploads\/2019\/02\/36.jpg",415,415,false],"molla_post-grid":["https:\/\/www.megastitch.eu\/wp-content\/uploads\/2019\/02\/36.jpg",267,267,false],"woocommerce_thumbnail":["https:\/\/www.megastitch.eu\/wp-content\/uploads\/2019\/02\/36-300x300.jpg",300,300,true],"woocommerce_single":["https:\/\/www.megastitch.eu\/wp-content\/uploads\/2019\/02\/36.jpg",415,415,false],"woocommerce_gallery_thumbnail":["https:\/\/www.megastitch.eu\/wp-content\/uploads\/2019\/02\/36-100x100.jpg",100,100,true]},"post_excerpt_stackable_v2":"<p>Lev na tejto magnetke p\u00f4sob\u00ed pokojne, no aj napriek tomu z neho vy\u017earuje sila, ktorou tieto \u0161elmy opl\u00fdvaj\u00fa. Podobn\u00fa silu m\u00e1 aj neodymov\u00fd magnet, pou\u017eit\u00fd v tejto magnetickej ihelni\u010dke. Va\u0161e ihly udr\u017e\u00ed pevne na svojom mieste a vy sa m\u00f4\u017eete venova\u0165 svojej v\u00fd\u0161ivke ako aj kochaniu sa obr\u00e1zkom tohto leva.<\/p>\n","category_list_v2":"","author_info_v2":{"name":"","url":""},"comments_num_v2":"0 comments","uagb_featured_image_src":{"full":["https:\/\/www.megastitch.eu\/wp-content\/uploads\/2019\/02\/36.jpg",415,415,false],"thumbnail":["https:\/\/www.megastitch.eu\/wp-content\/uploads\/2019\/02\/36-150x150.jpg",150,150,true],"medium":["https:\/\/www.megastitch.eu\/wp-content\/uploads\/2019\/02\/36-300x300.jpg",300,300,true],"medium_large":["https:\/\/www.megastitch.eu\/wp-content\/uploads\/2019\/02\/36.jpg",415,415,false],"large":["https:\/\/www.megastitch.eu\/wp-content\/uploads\/2019\/02\/36.jpg",415,415,false],"1536x1536":["https:\/\/www.megastitch.eu\/wp-content\/uploads\/2019\/02\/36.jpg",415,415,false],"2048x2048":["https:\/\/www.megastitch.eu\/wp-content\/uploads\/2019\/02\/36.jpg",415,415,false],"ultp_layout_landscape_large":["https:\/\/www.megastitch.eu\/wp-content\/uploads\/2019\/02\/36.jpg",415,415,false],"ultp_layout_landscape":["https:\/\/www.megastitch.eu\/wp-content\/uploads\/2019\/02\/36.jpg",415,415,false],"ultp_layout_portrait":["https:\/\/www.megastitch.eu\/wp-content\/uploads\/2019\/02\/36.jpg",415,415,false],"ultp_layout_square":["https:\/\/www.megastitch.eu\/wp-content\/uploads\/2019\/02\/36.jpg",415,415,false],"molla_post-grid":["https:\/\/www.megastitch.eu\/wp-content\/uploads\/2019\/02\/36.jpg",267,267,false],"woocommerce_thumbnail":["https:\/\/www.megastitch.eu\/wp-content\/uploads\/2019\/02\/36-300x300.jpg",300,300,true],"woocommerce_single":["https:\/\/www.megastitch.eu\/wp-content\/uploads\/2019\/02\/36.jpg",415,415,false],"woocommerce_gallery_thumbnail":["https:\/\/www.megastitch.eu\/wp-content\/uploads\/2019\/02\/36-100x100.jpg",100,100,true]},"uagb_author_info":{"display_name":"Ludmila Mikusikova","author_link":"https:\/\/www.megastitch.eu\/cs\/author\/"},"uagb_comment_info":0,"uagb_excerpt":"Lev na tejto magnetke p\u00f4sob\u00ed pokojne, no aj napriek tomu z neho vy\u017earuje sila, ktorou tieto \u0161elmy opl\u00fdvaj\u00fa. Podobn\u00fa silu m\u00e1 aj neodymov\u00fd magnet, pou\u017eit\u00fd v tejto magnetickej ihelni\u010dke. Va\u0161e ihly udr\u017e\u00ed pevne na svojom mieste a vy sa m\u00f4\u017eete venova\u0165 svojej v\u00fd\u0161ivke ako aj kochaniu sa obr\u00e1zkom tohto leva.","_links":{"self":[{"href":"https:\/\/www.megastitch.eu\/cs\/wp-json\/wp\/v2\/product\/1614"}],"collection":[{"href":"https:\/\/www.megastitch.eu\/cs\/wp-json\/wp\/v2\/product"}],"about":[{"href":"https:\/\/www.megastitch.eu\/cs\/wp-json\/wp\/v2\/types\/product"}],"replies":[{"embeddable":true,"href":"https:\/\/www.megastitch.eu\/cs\/wp-json\/wp\/v2\/comments?post=1614"}],"wp:featuredmedia":[{"embeddable":true,"href":"https:\/\/www.megastitch.eu\/cs\/wp-json\/wp\/v2\/media\/281"}],"wp:attachment":[{"href":"https:\/\/www.megastitch.eu\/cs\/wp-json\/wp\/v2\/media?parent=1614"}],"wp:term":[{"taxonomy":"product_cat","embeddable":true,"href":"https:\/\/www.megastitch.eu\/cs\/wp-json\/wp\/v2\/product_cat?post=1614"},{"taxonomy":"product_tag","embeddable":true,"href":"https:\/\/www.megastitch.eu\/cs\/wp-json\/wp\/v2\/product_tag?post=1614"}],"curies":[{"name":"wp","href":"https:\/\/api.w.org\/{rel}","templated":true}]}}