	{"id":1618,"date":"2019-02-01T19:42:18","date_gmt":"2019-02-01T18:42:18","guid":{"rendered":"https:\/\/www.megastitch.eu\/obchod\/nezarazene\/borovicove-sisky\/"},"modified":"2022-12-18T15:08:07","modified_gmt":"2022-12-18T14:08:07","slug":"borovicove-sisky","status":"publish","type":"product","link":"https:\/\/www.megastitch.eu\/cs\/obchod\/magnetky-cs\/rostliny\/borovicove-sisky\/","title":{"rendered":"Borovicov\u00e9 \u0161i\u0161ky"},"content":{"rendered":"<div class=\"nolwrap\"><p>Zelen\u00e1 farba na tejto magnetky na dr\u017eanie ihiel pri vy\u0161\u00edvan\u00ed p\u00f4sob\u00ed uk\u013eud\u0148uj\u00faco a m\u00e1 ve\u013emi dobr\u00fd vplyv na va\u0161e o\u010di, ktor\u00e9 s\u00fa vy\u0161\u00edvan\u00edm ur\u010dite dos\u0165 nam\u00e1han\u00e9. \u010eal\u0161\u00edm benefitom tejto magnetickej ihelni\u010dky je kvalitn\u00fd neodymov\u00fd magnet, ktor\u00fd udr\u017e\u00ed va\u0161e vy\u0161\u00edvacie ihly aj no\u017enice pevne na svojom mieste.<\/p>\n<\/div>","protected":false},"excerpt":{"rendered":"<p>Zelen\u00e1 farba na tejto magnetky na dr\u017eanie ihiel pri vy\u0161\u00edvan\u00ed p\u00f4sob\u00ed uk\u013eud\u0148uj\u00faco a m\u00e1 ve\u013emi dobr\u00fd vplyv na va\u0161e o\u010di, ktor\u00e9 s\u00fa vy\u0161\u00edvan\u00edm ur\u010dite dos\u0165 nam\u00e1han\u00e9. \u010eal\u0161\u00edm benefitom tejto magnetickej ihelni\u010dky je kvalitn\u00fd neodymov\u00fd magnet, ktor\u00fd udr\u017e\u00ed va\u0161e vy\u0161\u00edvacie ihly aj no\u017enice pevne na svojom mieste.<\/p>\n","protected":false},"featured_media":273,"comment_status":"closed","ping_status":"closed","template":"","meta":{"_uag_custom_page_level_css":"","ngg_post_thumbnail":0},"product_cat":[91,87,69,95],"product_tag":[81],"aioseo_notices":[],"featured_image_urls":{"full":["https:\/\/www.megastitch.eu\/wp-content\/uploads\/2019\/02\/32.jpg",415,415,false],"thumbnail":["https:\/\/www.megastitch.eu\/wp-content\/uploads\/2019\/02\/32-150x150.jpg",150,150,true],"medium":["https:\/\/www.megastitch.eu\/wp-content\/uploads\/2019\/02\/32-300x300.jpg",300,300,true],"medium_large":["https:\/\/www.megastitch.eu\/wp-content\/uploads\/2019\/02\/32.jpg",415,415,false],"large":["https:\/\/www.megastitch.eu\/wp-content\/uploads\/2019\/02\/32.jpg",415,415,false],"1536x1536":["https:\/\/www.megastitch.eu\/wp-content\/uploads\/2019\/02\/32.jpg",415,415,false],"2048x2048":["https:\/\/www.megastitch.eu\/wp-content\/uploads\/2019\/02\/32.jpg",415,415,false],"ultp_layout_landscape_large":["https:\/\/www.megastitch.eu\/wp-content\/uploads\/2019\/02\/32.jpg",415,415,false],"ultp_layout_landscape":["https:\/\/www.megastitch.eu\/wp-content\/uploads\/2019\/02\/32.jpg",415,415,false],"ultp_layout_portrait":["https:\/\/www.megastitch.eu\/wp-content\/uploads\/2019\/02\/32.jpg",415,415,false],"ultp_layout_square":["https:\/\/www.megastitch.eu\/wp-content\/uploads\/2019\/02\/32.jpg",415,415,false],"molla_post-grid":["https:\/\/www.megastitch.eu\/wp-content\/uploads\/2019\/02\/32.jpg",267,267,false],"woocommerce_thumbnail":["https:\/\/www.megastitch.eu\/wp-content\/uploads\/2019\/02\/32-300x300.jpg",300,300,true],"woocommerce_single":["https:\/\/www.megastitch.eu\/wp-content\/uploads\/2019\/02\/32.jpg",415,415,false],"woocommerce_gallery_thumbnail":["https:\/\/www.megastitch.eu\/wp-content\/uploads\/2019\/02\/32-100x100.jpg",100,100,true]},"post_excerpt_stackable":"<p>Zelen\u00e1 farba na tejto magnetky na dr\u017eanie ihiel pri vy\u0161\u00edvan\u00ed p\u00f4sob\u00ed uk\u013eud\u0148uj\u00faco a m\u00e1 ve\u013emi dobr\u00fd vplyv na va\u0161e o\u010di, ktor\u00e9 s\u00fa vy\u0161\u00edvan\u00edm ur\u010dite dos\u0165 nam\u00e1han\u00e9. \u010eal\u0161\u00edm benefitom tejto magnetickej ihelni\u010dky je kvalitn\u00fd neodymov\u00fd magnet, ktor\u00fd udr\u017e\u00ed va\u0161e vy\u0161\u00edvacie ihly aj no\u017enice pevne na svojom mieste.<\/p>\n","category_list":"","author_info":{"name":"","url":""},"comments_num":"0 comments","featured_image_urls_v2":{"full":["https:\/\/www.megastitch.eu\/wp-content\/uploads\/2019\/02\/32.jpg",415,415,false],"thumbnail":["https:\/\/www.megastitch.eu\/wp-content\/uploads\/2019\/02\/32-150x150.jpg",150,150,true],"medium":["https:\/\/www.megastitch.eu\/wp-content\/uploads\/2019\/02\/32-300x300.jpg",300,300,true],"medium_large":["https:\/\/www.megastitch.eu\/wp-content\/uploads\/2019\/02\/32.jpg",415,415,false],"large":["https:\/\/www.megastitch.eu\/wp-content\/uploads\/2019\/02\/32.jpg",415,415,false],"1536x1536":["https:\/\/www.megastitch.eu\/wp-content\/uploads\/2019\/02\/32.jpg",415,415,false],"2048x2048":["https:\/\/www.megastitch.eu\/wp-content\/uploads\/2019\/02\/32.jpg",415,415,false],"ultp_layout_landscape_large":["https:\/\/www.megastitch.eu\/wp-content\/uploads\/2019\/02\/32.jpg",415,415,false],"ultp_layout_landscape":["https:\/\/www.megastitch.eu\/wp-content\/uploads\/2019\/02\/32.jpg",415,415,false],"ultp_layout_portrait":["https:\/\/www.megastitch.eu\/wp-content\/uploads\/2019\/02\/32.jpg",415,415,false],"ultp_layout_square":["https:\/\/www.megastitch.eu\/wp-content\/uploads\/2019\/02\/32.jpg",415,415,false],"molla_post-grid":["https:\/\/www.megastitch.eu\/wp-content\/uploads\/2019\/02\/32.jpg",267,267,false],"woocommerce_thumbnail":["https:\/\/www.megastitch.eu\/wp-content\/uploads\/2019\/02\/32-300x300.jpg",300,300,true],"woocommerce_single":["https:\/\/www.megastitch.eu\/wp-content\/uploads\/2019\/02\/32.jpg",415,415,false],"woocommerce_gallery_thumbnail":["https:\/\/www.megastitch.eu\/wp-content\/uploads\/2019\/02\/32-100x100.jpg",100,100,true]},"post_excerpt_stackable_v2":"<p>Zelen\u00e1 farba na tejto magnetky na dr\u017eanie ihiel pri vy\u0161\u00edvan\u00ed p\u00f4sob\u00ed uk\u013eud\u0148uj\u00faco a m\u00e1 ve\u013emi dobr\u00fd vplyv na va\u0161e o\u010di, ktor\u00e9 s\u00fa vy\u0161\u00edvan\u00edm ur\u010dite dos\u0165 nam\u00e1han\u00e9. \u010eal\u0161\u00edm benefitom tejto magnetickej ihelni\u010dky je kvalitn\u00fd neodymov\u00fd magnet, ktor\u00fd udr\u017e\u00ed va\u0161e vy\u0161\u00edvacie ihly aj no\u017enice pevne na svojom mieste.<\/p>\n","category_list_v2":"","author_info_v2":{"name":"","url":""},"comments_num_v2":"0 comments","uagb_featured_image_src":{"full":["https:\/\/www.megastitch.eu\/wp-content\/uploads\/2019\/02\/32.jpg",415,415,false],"thumbnail":["https:\/\/www.megastitch.eu\/wp-content\/uploads\/2019\/02\/32-150x150.jpg",150,150,true],"medium":["https:\/\/www.megastitch.eu\/wp-content\/uploads\/2019\/02\/32-300x300.jpg",300,300,true],"medium_large":["https:\/\/www.megastitch.eu\/wp-content\/uploads\/2019\/02\/32.jpg",415,415,false],"large":["https:\/\/www.megastitch.eu\/wp-content\/uploads\/2019\/02\/32.jpg",415,415,false],"1536x1536":["https:\/\/www.megastitch.eu\/wp-content\/uploads\/2019\/02\/32.jpg",415,415,false],"2048x2048":["https:\/\/www.megastitch.eu\/wp-content\/uploads\/2019\/02\/32.jpg",415,415,false],"ultp_layout_landscape_large":["https:\/\/www.megastitch.eu\/wp-content\/uploads\/2019\/02\/32.jpg",415,415,false],"ultp_layout_landscape":["https:\/\/www.megastitch.eu\/wp-content\/uploads\/2019\/02\/32.jpg",415,415,false],"ultp_layout_portrait":["https:\/\/www.megastitch.eu\/wp-content\/uploads\/2019\/02\/32.jpg",415,415,false],"ultp_layout_square":["https:\/\/www.megastitch.eu\/wp-content\/uploads\/2019\/02\/32.jpg",415,415,false],"molla_post-grid":["https:\/\/www.megastitch.eu\/wp-content\/uploads\/2019\/02\/32.jpg",267,267,false],"woocommerce_thumbnail":["https:\/\/www.megastitch.eu\/wp-content\/uploads\/2019\/02\/32-300x300.jpg",300,300,true],"woocommerce_single":["https:\/\/www.megastitch.eu\/wp-content\/uploads\/2019\/02\/32.jpg",415,415,false],"woocommerce_gallery_thumbnail":["https:\/\/www.megastitch.eu\/wp-content\/uploads\/2019\/02\/32-100x100.jpg",100,100,true]},"uagb_author_info":{"display_name":"Ludmila Mikusikova","author_link":"https:\/\/www.megastitch.eu\/cs\/author\/"},"uagb_comment_info":0,"uagb_excerpt":"Zelen\u00e1 farba na tejto magnetky na dr\u017eanie ihiel pri vy\u0161\u00edvan\u00ed p\u00f4sob\u00ed uk\u013eud\u0148uj\u00faco a m\u00e1 ve\u013emi dobr\u00fd vplyv na va\u0161e o\u010di, ktor\u00e9 s\u00fa vy\u0161\u00edvan\u00edm ur\u010dite dos\u0165 nam\u00e1han\u00e9. \u010eal\u0161\u00edm benefitom tejto magnetickej ihelni\u010dky je kvalitn\u00fd neodymov\u00fd magnet, ktor\u00fd udr\u017e\u00ed va\u0161e vy\u0161\u00edvacie ihly aj no\u017enice pevne na svojom mieste.","_links":{"self":[{"href":"https:\/\/www.megastitch.eu\/cs\/wp-json\/wp\/v2\/product\/1618"}],"collection":[{"href":"https:\/\/www.megastitch.eu\/cs\/wp-json\/wp\/v2\/product"}],"about":[{"href":"https:\/\/www.megastitch.eu\/cs\/wp-json\/wp\/v2\/types\/product"}],"replies":[{"embeddable":true,"href":"https:\/\/www.megastitch.eu\/cs\/wp-json\/wp\/v2\/comments?post=1618"}],"wp:featuredmedia":[{"embeddable":true,"href":"https:\/\/www.megastitch.eu\/cs\/wp-json\/wp\/v2\/media\/273"}],"wp:attachment":[{"href":"https:\/\/www.megastitch.eu\/cs\/wp-json\/wp\/v2\/media?parent=1618"}],"wp:term":[{"taxonomy":"product_cat","embeddable":true,"href":"https:\/\/www.megastitch.eu\/cs\/wp-json\/wp\/v2\/product_cat?post=1618"},{"taxonomy":"product_tag","embeddable":true,"href":"https:\/\/www.megastitch.eu\/cs\/wp-json\/wp\/v2\/product_tag?post=1618"}],"curies":[{"name":"wp","href":"https:\/\/api.w.org\/{rel}","templated":true}]}}