	{"id":1619,"date":"2019-02-01T19:42:18","date_gmt":"2019-02-01T18:42:18","guid":{"rendered":"https:\/\/www.megastitch.eu\/obchod\/nezarazene\/myvali-rodinka-u-vody\/"},"modified":"2019-11-18T18:58:26","modified_gmt":"2019-11-18T17:58:26","slug":"myvali-rodinka-u-vody","status":"publish","type":"product","link":"https:\/\/www.megastitch.eu\/cs\/obchod\/magnetky-cs\/zvirata\/ostatni-cs\/myvali-rodinka-u-vody\/","title":{"rendered":"M\u00fdval\u00ed rodinka u vody"},"content":{"rendered":"<div class=\"nolwrap\"><p>Magnetka pre dr\u017eanie ihly pri vy\u0161\u00edvan\u00ed s obrazkom m\u00fdvalej rodinky pri vode pre milovn\u00edkov zvierat. Pevn\u00fd neodymov\u00fd magnet na ihly pln\u00ed svoju \u00falohu perfektne. Zadr\u017e\u00ed nielen ihly, ale aj no\u017enice na svojom mieste. Vy sa m\u00f4\u017eete te\u0161i\u0165 z kr\u00e1sneho obr\u00e1zka na magnetke a s\u00fastredi\u0165 sa na svoju vy\u0161\u00edvaciu pr\u00e1cu.<\/p>\n<\/div>","protected":false},"excerpt":{"rendered":"<p>Magnetka pre dr\u017eanie ihly pri vy\u0161\u00edvan\u00ed s obrazkom m\u00fdvalej rodinky pri vode pre milovn\u00edkov zvierat. Pevn\u00fd neodymov\u00fd magnet na ihly pln\u00ed svoju \u00falohu perfektne. Zadr\u017e\u00ed nielen ihly, ale aj no\u017enice na svojom mieste. Vy sa m\u00f4\u017eete te\u0161i\u0165 z kr\u00e1sneho obr\u00e1zka na magnetke a s\u00fastredi\u0165 sa na svoju vy\u0161\u00edvaciu pr\u00e1cu.<\/p>\n","protected":false},"featured_media":271,"comment_status":"closed","ping_status":"closed","template":"","meta":{"_uag_custom_page_level_css":"","ngg_post_thumbnail":0},"product_cat":[91,87,100,96],"product_tag":[],"aioseo_notices":[],"featured_image_urls":{"full":["https:\/\/www.megastitch.eu\/wp-content\/uploads\/2019\/02\/31.jpg",415,415,false],"thumbnail":["https:\/\/www.megastitch.eu\/wp-content\/uploads\/2019\/02\/31-150x150.jpg",150,150,true],"medium":["https:\/\/www.megastitch.eu\/wp-content\/uploads\/2019\/02\/31-300x300.jpg",300,300,true],"medium_large":["https:\/\/www.megastitch.eu\/wp-content\/uploads\/2019\/02\/31.jpg",415,415,false],"large":["https:\/\/www.megastitch.eu\/wp-content\/uploads\/2019\/02\/31.jpg",415,415,false],"1536x1536":["https:\/\/www.megastitch.eu\/wp-content\/uploads\/2019\/02\/31.jpg",415,415,false],"2048x2048":["https:\/\/www.megastitch.eu\/wp-content\/uploads\/2019\/02\/31.jpg",415,415,false],"ultp_layout_landscape_large":["https:\/\/www.megastitch.eu\/wp-content\/uploads\/2019\/02\/31.jpg",415,415,false],"ultp_layout_landscape":["https:\/\/www.megastitch.eu\/wp-content\/uploads\/2019\/02\/31.jpg",415,415,false],"ultp_layout_portrait":["https:\/\/www.megastitch.eu\/wp-content\/uploads\/2019\/02\/31.jpg",415,415,false],"ultp_layout_square":["https:\/\/www.megastitch.eu\/wp-content\/uploads\/2019\/02\/31.jpg",415,415,false],"molla_post-grid":["https:\/\/www.megastitch.eu\/wp-content\/uploads\/2019\/02\/31.jpg",267,267,false],"woocommerce_thumbnail":["https:\/\/www.megastitch.eu\/wp-content\/uploads\/2019\/02\/31-300x300.jpg",300,300,true],"woocommerce_single":["https:\/\/www.megastitch.eu\/wp-content\/uploads\/2019\/02\/31.jpg",415,415,false],"woocommerce_gallery_thumbnail":["https:\/\/www.megastitch.eu\/wp-content\/uploads\/2019\/02\/31-100x100.jpg",100,100,true]},"post_excerpt_stackable":"<p>Magnetka pre dr\u017eanie ihly pri vy\u0161\u00edvan\u00ed s obrazkom m\u00fdvalej rodinky pri vode pre milovn\u00edkov zvierat. Pevn\u00fd neodymov\u00fd magnet na ihly pln\u00ed svoju \u00falohu perfektne. Zadr\u017e\u00ed nielen ihly, ale aj no\u017enice na svojom mieste. Vy sa m\u00f4\u017eete te\u0161i\u0165 z kr\u00e1sneho obr\u00e1zka na magnetke a s\u00fastredi\u0165 sa na svoju vy\u0161\u00edvaciu pr\u00e1cu.<\/p>\n","category_list":"","author_info":{"name":"","url":""},"comments_num":"0 comments","featured_image_urls_v2":{"full":["https:\/\/www.megastitch.eu\/wp-content\/uploads\/2019\/02\/31.jpg",415,415,false],"thumbnail":["https:\/\/www.megastitch.eu\/wp-content\/uploads\/2019\/02\/31-150x150.jpg",150,150,true],"medium":["https:\/\/www.megastitch.eu\/wp-content\/uploads\/2019\/02\/31-300x300.jpg",300,300,true],"medium_large":["https:\/\/www.megastitch.eu\/wp-content\/uploads\/2019\/02\/31.jpg",415,415,false],"large":["https:\/\/www.megastitch.eu\/wp-content\/uploads\/2019\/02\/31.jpg",415,415,false],"1536x1536":["https:\/\/www.megastitch.eu\/wp-content\/uploads\/2019\/02\/31.jpg",415,415,false],"2048x2048":["https:\/\/www.megastitch.eu\/wp-content\/uploads\/2019\/02\/31.jpg",415,415,false],"ultp_layout_landscape_large":["https:\/\/www.megastitch.eu\/wp-content\/uploads\/2019\/02\/31.jpg",415,415,false],"ultp_layout_landscape":["https:\/\/www.megastitch.eu\/wp-content\/uploads\/2019\/02\/31.jpg",415,415,false],"ultp_layout_portrait":["https:\/\/www.megastitch.eu\/wp-content\/uploads\/2019\/02\/31.jpg",415,415,false],"ultp_layout_square":["https:\/\/www.megastitch.eu\/wp-content\/uploads\/2019\/02\/31.jpg",415,415,false],"molla_post-grid":["https:\/\/www.megastitch.eu\/wp-content\/uploads\/2019\/02\/31.jpg",267,267,false],"woocommerce_thumbnail":["https:\/\/www.megastitch.eu\/wp-content\/uploads\/2019\/02\/31-300x300.jpg",300,300,true],"woocommerce_single":["https:\/\/www.megastitch.eu\/wp-content\/uploads\/2019\/02\/31.jpg",415,415,false],"woocommerce_gallery_thumbnail":["https:\/\/www.megastitch.eu\/wp-content\/uploads\/2019\/02\/31-100x100.jpg",100,100,true]},"post_excerpt_stackable_v2":"<p>Magnetka pre dr\u017eanie ihly pri vy\u0161\u00edvan\u00ed s obrazkom m\u00fdvalej rodinky pri vode pre milovn\u00edkov zvierat. Pevn\u00fd neodymov\u00fd magnet na ihly pln\u00ed svoju \u00falohu perfektne. Zadr\u017e\u00ed nielen ihly, ale aj no\u017enice na svojom mieste. Vy sa m\u00f4\u017eete te\u0161i\u0165 z kr\u00e1sneho obr\u00e1zka na magnetke a s\u00fastredi\u0165 sa na svoju vy\u0161\u00edvaciu pr\u00e1cu.<\/p>\n","category_list_v2":"","author_info_v2":{"name":"","url":""},"comments_num_v2":"0 comments","uagb_featured_image_src":{"full":["https:\/\/www.megastitch.eu\/wp-content\/uploads\/2019\/02\/31.jpg",415,415,false],"thumbnail":["https:\/\/www.megastitch.eu\/wp-content\/uploads\/2019\/02\/31-150x150.jpg",150,150,true],"medium":["https:\/\/www.megastitch.eu\/wp-content\/uploads\/2019\/02\/31-300x300.jpg",300,300,true],"medium_large":["https:\/\/www.megastitch.eu\/wp-content\/uploads\/2019\/02\/31.jpg",415,415,false],"large":["https:\/\/www.megastitch.eu\/wp-content\/uploads\/2019\/02\/31.jpg",415,415,false],"1536x1536":["https:\/\/www.megastitch.eu\/wp-content\/uploads\/2019\/02\/31.jpg",415,415,false],"2048x2048":["https:\/\/www.megastitch.eu\/wp-content\/uploads\/2019\/02\/31.jpg",415,415,false],"ultp_layout_landscape_large":["https:\/\/www.megastitch.eu\/wp-content\/uploads\/2019\/02\/31.jpg",415,415,false],"ultp_layout_landscape":["https:\/\/www.megastitch.eu\/wp-content\/uploads\/2019\/02\/31.jpg",415,415,false],"ultp_layout_portrait":["https:\/\/www.megastitch.eu\/wp-content\/uploads\/2019\/02\/31.jpg",415,415,false],"ultp_layout_square":["https:\/\/www.megastitch.eu\/wp-content\/uploads\/2019\/02\/31.jpg",415,415,false],"molla_post-grid":["https:\/\/www.megastitch.eu\/wp-content\/uploads\/2019\/02\/31.jpg",267,267,false],"woocommerce_thumbnail":["https:\/\/www.megastitch.eu\/wp-content\/uploads\/2019\/02\/31-300x300.jpg",300,300,true],"woocommerce_single":["https:\/\/www.megastitch.eu\/wp-content\/uploads\/2019\/02\/31.jpg",415,415,false],"woocommerce_gallery_thumbnail":["https:\/\/www.megastitch.eu\/wp-content\/uploads\/2019\/02\/31-100x100.jpg",100,100,true]},"uagb_author_info":{"display_name":"Ludmila Mikusikova","author_link":"https:\/\/www.megastitch.eu\/cs\/author\/"},"uagb_comment_info":0,"uagb_excerpt":"Magnetka pre dr\u017eanie ihly pri vy\u0161\u00edvan\u00ed s obrazkom m\u00fdvalej rodinky pri vode pre milovn\u00edkov zvierat. Pevn\u00fd neodymov\u00fd magnet na ihly pln\u00ed svoju \u00falohu perfektne. Zadr\u017e\u00ed nielen ihly, ale aj no\u017enice na svojom mieste. Vy sa m\u00f4\u017eete te\u0161i\u0165 z kr\u00e1sneho obr\u00e1zka na magnetke a s\u00fastredi\u0165 sa na svoju vy\u0161\u00edvaciu pr\u00e1cu.","_links":{"self":[{"href":"https:\/\/www.megastitch.eu\/cs\/wp-json\/wp\/v2\/product\/1619"}],"collection":[{"href":"https:\/\/www.megastitch.eu\/cs\/wp-json\/wp\/v2\/product"}],"about":[{"href":"https:\/\/www.megastitch.eu\/cs\/wp-json\/wp\/v2\/types\/product"}],"replies":[{"embeddable":true,"href":"https:\/\/www.megastitch.eu\/cs\/wp-json\/wp\/v2\/comments?post=1619"}],"wp:featuredmedia":[{"embeddable":true,"href":"https:\/\/www.megastitch.eu\/cs\/wp-json\/wp\/v2\/media\/271"}],"wp:attachment":[{"href":"https:\/\/www.megastitch.eu\/cs\/wp-json\/wp\/v2\/media?parent=1619"}],"wp:term":[{"taxonomy":"product_cat","embeddable":true,"href":"https:\/\/www.megastitch.eu\/cs\/wp-json\/wp\/v2\/product_cat?post=1619"},{"taxonomy":"product_tag","embeddable":true,"href":"https:\/\/www.megastitch.eu\/cs\/wp-json\/wp\/v2\/product_tag?post=1619"}],"curies":[{"name":"wp","href":"https:\/\/api.w.org\/{rel}","templated":true}]}}