	{"id":1620,"date":"2019-02-01T19:42:18","date_gmt":"2019-02-01T18:42:18","guid":{"rendered":"https:\/\/www.megastitch.eu\/obchod\/nezarazene\/lavicka-na-brehu-reky\/"},"modified":"2019-11-18T19:00:38","modified_gmt":"2019-11-18T18:00:38","slug":"lavicka-na-brehu-reky","status":"publish","type":"product","link":"https:\/\/www.megastitch.eu\/cs\/obchod\/magnetky-cs\/rostliny\/lavicka-na-brehu-reky\/","title":{"rendered":"Lavi\u010dka na b\u0159ehu \u0159eky"},"content":{"rendered":"<div class=\"nolwrap\"><p>T\u00e1to magnetka na vy\u0161\u00edvanie p\u00f4sob\u00ed naozaj pr\u00edjemne a doslova z nej vy\u017earuje pokoj. Kto si nechce posedie\u0165 v tieni stromov na lavi\u010dke pri brehu rieky a venova\u0165 sa tomu, \u010do ho bav\u00ed najviac na svete &#8211; vy\u0161\u00edvaniu? S pou\u017eit\u00edm tejto magnetky pri v\u00fd\u0161\u00edvan\u00ed bud\u00fa pokoj a dokonal\u00fd oddych zaru\u010den\u00e9.<\/p>\n<\/div>","protected":false},"excerpt":{"rendered":"<p>T\u00e1to magnetka na vy\u0161\u00edvanie p\u00f4sob\u00ed naozaj pr\u00edjemne a doslova z nej vy\u017earuje pokoj. Kto si nechce posedie\u0165 v tieni stromov na lavi\u010dke pri brehu rieky a venova\u0165 sa tomu, \u010do ho bav\u00ed najviac na svete &#8211; vy\u0161\u00edvaniu? S pou\u017eit\u00edm tejto magnetky pri v\u00fd\u0161\u00edvan\u00ed bud\u00fa pokoj a dokonal\u00fd oddych zaru\u010den\u00e9.<\/p>\n","protected":false},"featured_media":269,"comment_status":"closed","ping_status":"closed","template":"","meta":{"_uag_custom_page_level_css":"","ngg_post_thumbnail":0},"product_cat":[91,87,93,69,95],"product_tag":[81],"aioseo_notices":[],"featured_image_urls":{"full":["https:\/\/www.megastitch.eu\/wp-content\/uploads\/2019\/02\/30.jpg",415,415,false],"thumbnail":["https:\/\/www.megastitch.eu\/wp-content\/uploads\/2019\/02\/30-150x150.jpg",150,150,true],"medium":["https:\/\/www.megastitch.eu\/wp-content\/uploads\/2019\/02\/30-300x300.jpg",300,300,true],"medium_large":["https:\/\/www.megastitch.eu\/wp-content\/uploads\/2019\/02\/30.jpg",415,415,false],"large":["https:\/\/www.megastitch.eu\/wp-content\/uploads\/2019\/02\/30.jpg",415,415,false],"1536x1536":["https:\/\/www.megastitch.eu\/wp-content\/uploads\/2019\/02\/30.jpg",415,415,false],"2048x2048":["https:\/\/www.megastitch.eu\/wp-content\/uploads\/2019\/02\/30.jpg",415,415,false],"ultp_layout_landscape_large":["https:\/\/www.megastitch.eu\/wp-content\/uploads\/2019\/02\/30.jpg",415,415,false],"ultp_layout_landscape":["https:\/\/www.megastitch.eu\/wp-content\/uploads\/2019\/02\/30.jpg",415,415,false],"ultp_layout_portrait":["https:\/\/www.megastitch.eu\/wp-content\/uploads\/2019\/02\/30.jpg",415,415,false],"ultp_layout_square":["https:\/\/www.megastitch.eu\/wp-content\/uploads\/2019\/02\/30.jpg",415,415,false],"molla_post-grid":["https:\/\/www.megastitch.eu\/wp-content\/uploads\/2019\/02\/30.jpg",267,267,false],"woocommerce_thumbnail":["https:\/\/www.megastitch.eu\/wp-content\/uploads\/2019\/02\/30-300x300.jpg",300,300,true],"woocommerce_single":["https:\/\/www.megastitch.eu\/wp-content\/uploads\/2019\/02\/30.jpg",415,415,false],"woocommerce_gallery_thumbnail":["https:\/\/www.megastitch.eu\/wp-content\/uploads\/2019\/02\/30-100x100.jpg",100,100,true]},"post_excerpt_stackable":"<p>T\u00e1to magnetka na vy\u0161\u00edvanie p\u00f4sob\u00ed naozaj pr\u00edjemne a doslova z nej vy\u017earuje pokoj. Kto si nechce posedie\u0165 v tieni stromov na lavi\u010dke pri brehu rieky a venova\u0165 sa tomu, \u010do ho bav\u00ed najviac na svete &#8211; vy\u0161\u00edvaniu? S pou\u017eit\u00edm tejto magnetky pri v\u00fd\u0161\u00edvan\u00ed bud\u00fa pokoj a dokonal\u00fd oddych zaru\u010den\u00e9.<\/p>\n","category_list":"","author_info":{"name":"","url":""},"comments_num":"0 comments","featured_image_urls_v2":{"full":["https:\/\/www.megastitch.eu\/wp-content\/uploads\/2019\/02\/30.jpg",415,415,false],"thumbnail":["https:\/\/www.megastitch.eu\/wp-content\/uploads\/2019\/02\/30-150x150.jpg",150,150,true],"medium":["https:\/\/www.megastitch.eu\/wp-content\/uploads\/2019\/02\/30-300x300.jpg",300,300,true],"medium_large":["https:\/\/www.megastitch.eu\/wp-content\/uploads\/2019\/02\/30.jpg",415,415,false],"large":["https:\/\/www.megastitch.eu\/wp-content\/uploads\/2019\/02\/30.jpg",415,415,false],"1536x1536":["https:\/\/www.megastitch.eu\/wp-content\/uploads\/2019\/02\/30.jpg",415,415,false],"2048x2048":["https:\/\/www.megastitch.eu\/wp-content\/uploads\/2019\/02\/30.jpg",415,415,false],"ultp_layout_landscape_large":["https:\/\/www.megastitch.eu\/wp-content\/uploads\/2019\/02\/30.jpg",415,415,false],"ultp_layout_landscape":["https:\/\/www.megastitch.eu\/wp-content\/uploads\/2019\/02\/30.jpg",415,415,false],"ultp_layout_portrait":["https:\/\/www.megastitch.eu\/wp-content\/uploads\/2019\/02\/30.jpg",415,415,false],"ultp_layout_square":["https:\/\/www.megastitch.eu\/wp-content\/uploads\/2019\/02\/30.jpg",415,415,false],"molla_post-grid":["https:\/\/www.megastitch.eu\/wp-content\/uploads\/2019\/02\/30.jpg",267,267,false],"woocommerce_thumbnail":["https:\/\/www.megastitch.eu\/wp-content\/uploads\/2019\/02\/30-300x300.jpg",300,300,true],"woocommerce_single":["https:\/\/www.megastitch.eu\/wp-content\/uploads\/2019\/02\/30.jpg",415,415,false],"woocommerce_gallery_thumbnail":["https:\/\/www.megastitch.eu\/wp-content\/uploads\/2019\/02\/30-100x100.jpg",100,100,true]},"post_excerpt_stackable_v2":"<p>T\u00e1to magnetka na vy\u0161\u00edvanie p\u00f4sob\u00ed naozaj pr\u00edjemne a doslova z nej vy\u017earuje pokoj. Kto si nechce posedie\u0165 v tieni stromov na lavi\u010dke pri brehu rieky a venova\u0165 sa tomu, \u010do ho bav\u00ed najviac na svete &#8211; vy\u0161\u00edvaniu? S pou\u017eit\u00edm tejto magnetky pri v\u00fd\u0161\u00edvan\u00ed bud\u00fa pokoj a dokonal\u00fd oddych zaru\u010den\u00e9.<\/p>\n","category_list_v2":"","author_info_v2":{"name":"","url":""},"comments_num_v2":"0 comments","uagb_featured_image_src":{"full":["https:\/\/www.megastitch.eu\/wp-content\/uploads\/2019\/02\/30.jpg",415,415,false],"thumbnail":["https:\/\/www.megastitch.eu\/wp-content\/uploads\/2019\/02\/30-150x150.jpg",150,150,true],"medium":["https:\/\/www.megastitch.eu\/wp-content\/uploads\/2019\/02\/30-300x300.jpg",300,300,true],"medium_large":["https:\/\/www.megastitch.eu\/wp-content\/uploads\/2019\/02\/30.jpg",415,415,false],"large":["https:\/\/www.megastitch.eu\/wp-content\/uploads\/2019\/02\/30.jpg",415,415,false],"1536x1536":["https:\/\/www.megastitch.eu\/wp-content\/uploads\/2019\/02\/30.jpg",415,415,false],"2048x2048":["https:\/\/www.megastitch.eu\/wp-content\/uploads\/2019\/02\/30.jpg",415,415,false],"ultp_layout_landscape_large":["https:\/\/www.megastitch.eu\/wp-content\/uploads\/2019\/02\/30.jpg",415,415,false],"ultp_layout_landscape":["https:\/\/www.megastitch.eu\/wp-content\/uploads\/2019\/02\/30.jpg",415,415,false],"ultp_layout_portrait":["https:\/\/www.megastitch.eu\/wp-content\/uploads\/2019\/02\/30.jpg",415,415,false],"ultp_layout_square":["https:\/\/www.megastitch.eu\/wp-content\/uploads\/2019\/02\/30.jpg",415,415,false],"molla_post-grid":["https:\/\/www.megastitch.eu\/wp-content\/uploads\/2019\/02\/30.jpg",267,267,false],"woocommerce_thumbnail":["https:\/\/www.megastitch.eu\/wp-content\/uploads\/2019\/02\/30-300x300.jpg",300,300,true],"woocommerce_single":["https:\/\/www.megastitch.eu\/wp-content\/uploads\/2019\/02\/30.jpg",415,415,false],"woocommerce_gallery_thumbnail":["https:\/\/www.megastitch.eu\/wp-content\/uploads\/2019\/02\/30-100x100.jpg",100,100,true]},"uagb_author_info":{"display_name":"Ludmila Mikusikova","author_link":"https:\/\/www.megastitch.eu\/cs\/author\/"},"uagb_comment_info":0,"uagb_excerpt":"T\u00e1to magnetka na vy\u0161\u00edvanie p\u00f4sob\u00ed naozaj pr\u00edjemne a doslova z nej vy\u017earuje pokoj. Kto si nechce posedie\u0165 v tieni stromov na lavi\u010dke pri brehu rieky a venova\u0165 sa tomu, \u010do ho bav\u00ed najviac na svete &#8211; vy\u0161\u00edvaniu? S pou\u017eit\u00edm tejto magnetky pri v\u00fd\u0161\u00edvan\u00ed bud\u00fa pokoj a dokonal\u00fd oddych zaru\u010den\u00e9.","_links":{"self":[{"href":"https:\/\/www.megastitch.eu\/cs\/wp-json\/wp\/v2\/product\/1620"}],"collection":[{"href":"https:\/\/www.megastitch.eu\/cs\/wp-json\/wp\/v2\/product"}],"about":[{"href":"https:\/\/www.megastitch.eu\/cs\/wp-json\/wp\/v2\/types\/product"}],"replies":[{"embeddable":true,"href":"https:\/\/www.megastitch.eu\/cs\/wp-json\/wp\/v2\/comments?post=1620"}],"wp:featuredmedia":[{"embeddable":true,"href":"https:\/\/www.megastitch.eu\/cs\/wp-json\/wp\/v2\/media\/269"}],"wp:attachment":[{"href":"https:\/\/www.megastitch.eu\/cs\/wp-json\/wp\/v2\/media?parent=1620"}],"wp:term":[{"taxonomy":"product_cat","embeddable":true,"href":"https:\/\/www.megastitch.eu\/cs\/wp-json\/wp\/v2\/product_cat?post=1620"},{"taxonomy":"product_tag","embeddable":true,"href":"https:\/\/www.megastitch.eu\/cs\/wp-json\/wp\/v2\/product_tag?post=1620"}],"curies":[{"name":"wp","href":"https:\/\/api.w.org\/{rel}","templated":true}]}}